{"id":18300,"date":"2025-10-20T18:03:19","date_gmt":"2025-10-20T10:03:19","guid":{"rendered":"https:\/\/green-grasshopper-921422.hostingersite.com\/?post_type=product&#038;p=18300"},"modified":"2025-12-31T22:59:16","modified_gmt":"2025-12-31T14:59:16","slug":"bimo-30k-puffar-engangsbruk","status":"publish","type":"product","link":"https:\/\/agoravape.com\/sv\/product\/bimo-30k-puffs-disposable\/","title":{"rendered":"BIMO 30K Puffs Eng\u00e5ngsvape med H\u00f6g Kapacitet | 30ml | L\u00e5ngvarig Smak, Inget Kraftigt"},"content":{"rendered":"<h2 data-v-md-heading=\"bimo-30k-large-capacity-disposable-vape-what-s-special-about-30ml\" data-v-md-line=\"3\"><img loading=\"lazy\" decoding=\"async\" class=\"aligncenter size-full wp-image-18283\" src=\"https:\/\/agoravape.com\/wp-content\/uploads\/2025\/10\/BIMO-30K-Puffs-High-Capacity-Disposable-Vape-30ml_Agora_vape-1.webp\" alt=\"\" width=\"1920\" height=\"900\" srcset=\"https:\/\/agoravape.com\/wp-content\/uploads\/2025\/10\/BIMO-30K-Puffs-High-Capacity-Disposable-Vape-30ml_Agora_vape-1.webp 1920w, https:\/\/agoravape.com\/wp-content\/uploads\/2025\/10\/BIMO-30K-Puffs-High-Capacity-Disposable-Vape-30ml_Agora_vape-1-1200x563.webp 1200w, https:\/\/agoravape.com\/wp-content\/uploads\/2025\/10\/BIMO-30K-Puffs-High-Capacity-Disposable-Vape-30ml_Agora_vape-1-300x141.webp 300w, https:\/\/agoravape.com\/wp-content\/uploads\/2025\/10\/BIMO-30K-Puffs-High-Capacity-Disposable-Vape-30ml_Agora_vape-1-1024x480.webp 1024w, https:\/\/agoravape.com\/wp-content\/uploads\/2025\/10\/BIMO-30K-Puffs-High-Capacity-Disposable-Vape-30ml_Agora_vape-1-768x360.webp 768w, https:\/\/agoravape.com\/wp-content\/uploads\/2025\/10\/BIMO-30K-Puffs-High-Capacity-Disposable-Vape-30ml_Agora_vape-1-1536x720.webp 1536w\" sizes=\"auto, (max-width: 1920px) 100vw, 1920px\" \/> <img loading=\"lazy\" decoding=\"async\" class=\"aligncenter size-full wp-image-18289\" src=\"https:\/\/agoravape.com\/wp-content\/uploads\/2025\/10\/BIMO-30K-Puffs-High-Capacity-Disposable-Vape-30ml_Agora_vape-7.webp\" alt=\"\" width=\"1920\" height=\"900\" srcset=\"https:\/\/agoravape.com\/wp-content\/uploads\/2025\/10\/BIMO-30K-Puffs-High-Capacity-Disposable-Vape-30ml_Agora_vape-7.webp 1920w, https:\/\/agoravape.com\/wp-content\/uploads\/2025\/10\/BIMO-30K-Puffs-High-Capacity-Disposable-Vape-30ml_Agora_vape-7-1200x563.webp 1200w, https:\/\/agoravape.com\/wp-content\/uploads\/2025\/10\/BIMO-30K-Puffs-High-Capacity-Disposable-Vape-30ml_Agora_vape-7-300x141.webp 300w, https:\/\/agoravape.com\/wp-content\/uploads\/2025\/10\/BIMO-30K-Puffs-High-Capacity-Disposable-Vape-30ml_Agora_vape-7-1024x480.webp 1024w, https:\/\/agoravape.com\/wp-content\/uploads\/2025\/10\/BIMO-30K-Puffs-High-Capacity-Disposable-Vape-30ml_Agora_vape-7-768x360.webp 768w, https:\/\/agoravape.com\/wp-content\/uploads\/2025\/10\/BIMO-30K-Puffs-High-Capacity-Disposable-Vape-30ml_Agora_vape-7-1536x720.webp 1536w\" sizes=\"auto, (max-width: 1920px) 100vw, 1920px\" \/> <img loading=\"lazy\" decoding=\"async\" class=\"aligncenter size-full wp-image-18288\" src=\"https:\/\/agoravape.com\/wp-content\/uploads\/2025\/10\/BIMO-30K-Puffs-High-Capacity-Disposable-Vape-30ml_Agora_vape-6.webp\" alt=\"\" width=\"1920\" height=\"900\" srcset=\"https:\/\/agoravape.com\/wp-content\/uploads\/2025\/10\/BIMO-30K-Puffs-High-Capacity-Disposable-Vape-30ml_Agora_vape-6.webp 1920w, https:\/\/agoravape.com\/wp-content\/uploads\/2025\/10\/BIMO-30K-Puffs-High-Capacity-Disposable-Vape-30ml_Agora_vape-6-1200x563.webp 1200w, https:\/\/agoravape.com\/wp-content\/uploads\/2025\/10\/BIMO-30K-Puffs-High-Capacity-Disposable-Vape-30ml_Agora_vape-6-300x141.webp 300w, https:\/\/agoravape.com\/wp-content\/uploads\/2025\/10\/BIMO-30K-Puffs-High-Capacity-Disposable-Vape-30ml_Agora_vape-6-1024x480.webp 1024w, https:\/\/agoravape.com\/wp-content\/uploads\/2025\/10\/BIMO-30K-Puffs-High-Capacity-Disposable-Vape-30ml_Agora_vape-6-768x360.webp 768w, https:\/\/agoravape.com\/wp-content\/uploads\/2025\/10\/BIMO-30K-Puffs-High-Capacity-Disposable-Vape-30ml_Agora_vape-6-1536x720.webp 1536w\" sizes=\"auto, (max-width: 1920px) 100vw, 1920px\" \/> <img loading=\"lazy\" decoding=\"async\" class=\"aligncenter size-full wp-image-18287\" src=\"https:\/\/agoravape.com\/wp-content\/uploads\/2025\/10\/BIMO-30K-Puffs-High-Capacity-Disposable-Vape-30ml_Agora_vape-5.webp\" alt=\"\" width=\"1920\" height=\"900\" srcset=\"https:\/\/agoravape.com\/wp-content\/uploads\/2025\/10\/BIMO-30K-Puffs-High-Capacity-Disposable-Vape-30ml_Agora_vape-5.webp 1920w, https:\/\/agoravape.com\/wp-content\/uploads\/2025\/10\/BIMO-30K-Puffs-High-Capacity-Disposable-Vape-30ml_Agora_vape-5-1200x563.webp 1200w, https:\/\/agoravape.com\/wp-content\/uploads\/2025\/10\/BIMO-30K-Puffs-High-Capacity-Disposable-Vape-30ml_Agora_vape-5-300x141.webp 300w, https:\/\/agoravape.com\/wp-content\/uploads\/2025\/10\/BIMO-30K-Puffs-High-Capacity-Disposable-Vape-30ml_Agora_vape-5-1024x480.webp 1024w, https:\/\/agoravape.com\/wp-content\/uploads\/2025\/10\/BIMO-30K-Puffs-High-Capacity-Disposable-Vape-30ml_Agora_vape-5-768x360.webp 768w, https:\/\/agoravape.com\/wp-content\/uploads\/2025\/10\/BIMO-30K-Puffs-High-Capacity-Disposable-Vape-30ml_Agora_vape-5-1536x720.webp 1536w\" sizes=\"auto, (max-width: 1920px) 100vw, 1920px\" \/> <img loading=\"lazy\" decoding=\"async\" class=\"aligncenter size-full wp-image-18286\" src=\"https:\/\/agoravape.com\/wp-content\/uploads\/2025\/10\/BIMO-30K-Puffs-High-Capacity-Disposable-Vape-30ml_Agora_vape-4.webp\" alt=\"\" width=\"1920\" height=\"900\" srcset=\"https:\/\/agoravape.com\/wp-content\/uploads\/2025\/10\/BIMO-30K-Puffs-High-Capacity-Disposable-Vape-30ml_Agora_vape-4.webp 1920w, https:\/\/agoravape.com\/wp-content\/uploads\/2025\/10\/BIMO-30K-Puffs-High-Capacity-Disposable-Vape-30ml_Agora_vape-4-1200x563.webp 1200w, https:\/\/agoravape.com\/wp-content\/uploads\/2025\/10\/BIMO-30K-Puffs-High-Capacity-Disposable-Vape-30ml_Agora_vape-4-300x141.webp 300w, https:\/\/agoravape.com\/wp-content\/uploads\/2025\/10\/BIMO-30K-Puffs-High-Capacity-Disposable-Vape-30ml_Agora_vape-4-1024x480.webp 1024w, https:\/\/agoravape.com\/wp-content\/uploads\/2025\/10\/BIMO-30K-Puffs-High-Capacity-Disposable-Vape-30ml_Agora_vape-4-768x360.webp 768w, https:\/\/agoravape.com\/wp-content\/uploads\/2025\/10\/BIMO-30K-Puffs-High-Capacity-Disposable-Vape-30ml_Agora_vape-4-1536x720.webp 1536w\" sizes=\"auto, (max-width: 1920px) 100vw, 1920px\" \/> <img loading=\"lazy\" decoding=\"async\" class=\"aligncenter size-full wp-image-18285\" src=\"https:\/\/agoravape.com\/wp-content\/uploads\/2025\/10\/BIMO-30K-Puffs-High-Capacity-Disposable-Vape-30ml_Agora_vape-3.webp\" alt=\"\" width=\"1920\" height=\"900\" srcset=\"https:\/\/agoravape.com\/wp-content\/uploads\/2025\/10\/BIMO-30K-Puffs-High-Capacity-Disposable-Vape-30ml_Agora_vape-3.webp 1920w, https:\/\/agoravape.com\/wp-content\/uploads\/2025\/10\/BIMO-30K-Puffs-High-Capacity-Disposable-Vape-30ml_Agora_vape-3-1200x563.webp 1200w, https:\/\/agoravape.com\/wp-content\/uploads\/2025\/10\/BIMO-30K-Puffs-High-Capacity-Disposable-Vape-30ml_Agora_vape-3-300x141.webp 300w, https:\/\/agoravape.com\/wp-content\/uploads\/2025\/10\/BIMO-30K-Puffs-High-Capacity-Disposable-Vape-30ml_Agora_vape-3-1024x480.webp 1024w, https:\/\/agoravape.com\/wp-content\/uploads\/2025\/10\/BIMO-30K-Puffs-High-Capacity-Disposable-Vape-30ml_Agora_vape-3-768x360.webp 768w, https:\/\/agoravape.com\/wp-content\/uploads\/2025\/10\/BIMO-30K-Puffs-High-Capacity-Disposable-Vape-30ml_Agora_vape-3-1536x720.webp 1536w\" sizes=\"auto, (max-width: 1920px) 100vw, 1920px\" \/> <img loading=\"lazy\" decoding=\"async\" class=\"aligncenter size-full wp-image-18284\" src=\"https:\/\/agoravape.com\/wp-content\/uploads\/2025\/10\/BIMO-30K-Puffs-High-Capacity-Disposable-Vape-30ml_Agora_vape-2.webp\" alt=\"\" width=\"1920\" height=\"900\" srcset=\"https:\/\/agoravape.com\/wp-content\/uploads\/2025\/10\/BIMO-30K-Puffs-High-Capacity-Disposable-Vape-30ml_Agora_vape-2.webp 1920w, https:\/\/agoravape.com\/wp-content\/uploads\/2025\/10\/BIMO-30K-Puffs-High-Capacity-Disposable-Vape-30ml_Agora_vape-2-1200x563.webp 1200w, https:\/\/agoravape.com\/wp-content\/uploads\/2025\/10\/BIMO-30K-Puffs-High-Capacity-Disposable-Vape-30ml_Agora_vape-2-300x141.webp 300w, https:\/\/agoravape.com\/wp-content\/uploads\/2025\/10\/BIMO-30K-Puffs-High-Capacity-Disposable-Vape-30ml_Agora_vape-2-1024x480.webp 1024w, https:\/\/agoravape.com\/wp-content\/uploads\/2025\/10\/BIMO-30K-Puffs-High-Capacity-Disposable-Vape-30ml_Agora_vape-2-768x360.webp 768w, https:\/\/agoravape.com\/wp-content\/uploads\/2025\/10\/BIMO-30K-Puffs-High-Capacity-Disposable-Vape-30ml_Agora_vape-2-1536x720.webp 1536w\" sizes=\"auto, (max-width: 1920px) 100vw, 1920px\" \/><\/h2>\n<h2 data-v-md-heading=\"bimo-30k-large-capacity-disposable-vape-what-s-special-about-30ml\" data-v-md-line=\"3\">BIMO 30K stor kapacitet eng\u00e5ngsvape | Vad \u00e4r speciellt med 30 ml?<\/h2>\n<p data-v-md-line=\"4\">Om du \u00e4r tr\u00f6tt p\u00e5 att byta ut eng\u00e5ngsvapor med n\u00e5gra dagars mellanrum kanske du vill ta en titt p\u00e5 den h\u00e4r produkten. BIMO 30K har en kapacitet p\u00e5 upp till 30 000 portar och en stor lagringstank p\u00e5 30 milliliter, vilket ger dig mer tid att njuta av uts\u00f6kt mat utan att beh\u00f6va l\u00e4gga tid p\u00e5 att byta utrustning.<\/p>\n<p data-v-md-line=\"6\">Den passar alla vape-anv\u00e4ndare som vill ha enkelhet, tillf\u00f6rlitlighet och tillr\u00e4cklig batteritid. Ingen anledning att oroa sig. V\u00e4lj bara din \u00f6nskade smak och nikotinkoncentration, s\u00e5 kan du b\u00f6rja anv\u00e4nda den. Du kanske tycker att den h\u00e4r enheten med h\u00f6g kapacitet \u00e4r skrymmande, men du kommer att bli \u00f6verraskad av dess \u00f6verkomliga pris.<\/p>\n<h2 data-v-md-heading=\"excellent-performance-easy-and-convenient\" data-v-md-line=\"8\">Utm\u00e4rkt prestanda, enkelt och bekv\u00e4mt<\/h2>\n<p data-v-md-line=\"9\">BIMO anv\u00e4nder n\u00e4tspiraler f\u00f6r att bibeh\u00e5lla en j\u00e4mn och stabil smak hela tiden. Snabb svettabsorption, j\u00e4mn uppv\u00e4rmning, uppfriskande smak, inte l\u00e4tt flyktig. Inbyggt laddningsbart 700mAh-batteri som kan laddas via en USB-laddningsport, s\u00e5 att du kan utnyttja varje droppe 30 ml vatten fullt ut. N\u00e4r laddning beh\u00f6vs, anslut bara str\u00f6mk\u00e4llan s\u00e5 kan den anv\u00e4ndas. Enkelt och bekv\u00e4mt.<\/p>\n<h2 data-v-md-heading=\"specification-introduction\" data-v-md-line=\"11\">Specification Introduction<\/h2>\n<ul data-v-md-line=\"12\">\n<li>E-v\u00e4tskekapacitet: 30 milliliter<\/li>\n<li>Suction frequency: up to 30000 times<\/li>\n<li>Nikotinhalt: Beroende p\u00e5 marknaden och lokala f\u00f6reskrifter kan den v\u00e4ljas till 2 % eller 5 %<\/li>\n<li>Working principle: Activated by inhalation<\/li>\n<li>Atomiserande k\u00e4rna: n\u00e4tliknande<\/li>\n<li>Batteri: 700 mAh uppladdningsbart batteri<\/li>\n<li>Laddningsmetod: USB-laddningsgr\u00e4nssnitt<\/li>\n<li>Status: Klar att anv\u00e4nda vid uppackning<\/li>\n<\/ul>\n<h2 data-v-md-heading=\"multiple-flavor-options\" data-v-md-line=\"21\">Flera smakalternativ<\/h2>\n<ul data-v-md-line=\"22\">\n<li>Passionsfrukt, kiwifrukt, guava<\/li>\n<li>Kall mint<\/li>\n<li>Mangomilkshake<\/li>\n<li>K\u00f6rsb\u00e4rscola<\/li>\n<li>Jordgubbsdruvor<\/li>\n<li>Bl\u00e5b\u00e4rssmoothie<\/li>\n<li>Blackberry Wave<\/li>\n<li>Jordgubbssmoothie<\/li>\n<li>Vattenmelonsmoothie<\/li>\n<li>Drakfrukt, banan, k\u00f6rsb\u00e4r<\/li>\n<\/ul>\n<h2 data-v-md-heading=\"for-you-and-your-business\" data-v-md-line=\"33\">For you and your business<\/h2>\n<p data-v-md-line=\"34\">Om du vill ha en produkt med h\u00f6g kapacitet och l\u00e5ga underh\u00e5llskostnader, v\u00e4lj BIMO 30K. Om du k\u00f6per till en butik eller butikskedja kan vi ocks\u00e5 m\u00f6ta dina behov. Partihandelsl\u00e5dor har 10 stycken per l\u00e5da, och standardl\u00e5dor har 120 stycken per l\u00e5da, vilket g\u00f6r hyllor och prognoser enkelt och smidigt.<\/p>\n<p data-v-md-line=\"36\">Vi erbjuder DDP-leveranser inom Europa via betrodda partners som UPS, DPD och DHL, vilket inneb\u00e4r tydliga leveranstider och inga ov\u00e4ntade tullproblem. Allt lager \u00e4r \u00e4kta och korrekt f\u00f6rvarat f\u00f6r att s\u00e4kerst\u00e4lla att du f\u00e5r f\u00e4rsk och h\u00e5llbar e-v\u00e4tska.<\/p>\n<h2 data-v-md-heading=\"why-do-you-like-it\" data-v-md-line=\"38\">Why do you like it<\/h2>\n<ul data-v-md-line=\"39\">\n<li>Superstor kapacitet: upp till 30 000 portar, inget behov av att ofta k\u00f6pa nya produkter.<\/li>\n<li>Val av nikotinhalt: V\u00e4lj en nikotinhalt p\u00e5 2 % eller 5 % baserat p\u00e5 dina behov och lokala f\u00f6reskrifter.<\/li>\n<li>Uppladdningsbar: Du kan utnyttja 30 ml-kapaciteten fullt ut.<\/li>\n<li>K\u00e4rna i mesh-f\u00f6r\u00e5ngaren: kontinuerlig och rik smak, alltid tillfredsst\u00e4llande.<\/li>\n<li>Noll knapptryckning: Andas enkelt in utan att trycka p\u00e5 n\u00e5gra knappar, njut av en ren och bekymmersfri upplevelse.<\/li>\n<\/ul>\n<h2 data-v-md-heading=\"why-choose-to-collaborate-with-agoravape\" data-v-md-line=\"45\">Varf\u00f6r v\u00e4lja att samarbeta med AgoraVape?<\/h2>\n<p data-v-md-line=\"46\">Vi s\u00e4ljer endast 100 % \u00e4kta produkter och ansvarar f\u00f6r deras kvalitet. Som en av de betrodda vape-distribut\u00f6rerna i Europa kan du dra nytta av rabatterade grossistpriser, omfattande kundsupport och snabba DDP-leveranser f\u00f6r BIMO 30K Puffs h\u00f6gkapacitets eng\u00e5ngsvapor (30 ml). V\u00e4lkommen att diskutera smakkombinationer och p\u00e5fyllningsplaner med oss, s\u00e5 att dina hyllor alltid har de produkter som kunderna verkligen beh\u00f6ver.<\/p>","protected":false},"excerpt":{"rendered":"<p>&nbsp;<\/p>","protected":false},"featured_media":18299,"comment_status":"open","ping_status":"closed","template":"","meta":[],"product_brand":[241],"product_cat":[124,185,189,176,168,174,175,193,191,173,186,180,190],"product_tag":[],"class_list":{"0":"post-18300","1":"product","2":"type-product","3":"status-publish","4":"has-post-thumbnail","6":"product_brand-bimo","7":"product_cat-vape-by-brand","8":"product_cat-10000-puffs-high-capacity","9":"product_cat-20mg-standard-nicotine-vapes","10":"product_cat-beverage","11":"product_cat-bimo","12":"product_cat-fruit-flavors","13":"product_cat-icy-mint","14":"product_cat-mesh-coil","15":"product_cat-rechargeable-disposables","16":"product_cat-vape-by-flavor-profile","17":"product_cat-vape-by-nicotine-strength","18":"product_cat-vape-by-puff-count","19":"product_cat-vape-by-feature-or-type","21":"first","22":"instock","23":"shipping-taxable","24":"purchasable","25":"product-type-variable","26":"has-default-attributes"},"tiered_pricing_type":"percentage","tiered_pricing_fixed_rules":[],"tiered_pricing_product_settings":{"layout":"default","base_unit_name":{"singular":null,"plural":null},"default_variation":null},"tiered_pricing_minimum_quantity":10,"tiered_pricing_roles_data":[],"tiered_pricing_percentage_rules":{"30":"29","50":"35","100":"40","200":"44","500":"47","1000":"49"},"tiered_pricing_maximum_quantity":null,"tiered_pricing_quantity_step":"10","_links":{"self":[{"href":"https:\/\/agoravape.com\/sv\/wp-json\/wp\/v2\/product\/18300","targetHints":{"allow":["GET"]}}],"collection":[{"href":"https:\/\/agoravape.com\/sv\/wp-json\/wp\/v2\/product"}],"about":[{"href":"https:\/\/agoravape.com\/sv\/wp-json\/wp\/v2\/types\/product"}],"replies":[{"embeddable":true,"href":"https:\/\/agoravape.com\/sv\/wp-json\/wp\/v2\/comments?post=18300"}],"version-history":[{"count":0,"href":"https:\/\/agoravape.com\/sv\/wp-json\/wp\/v2\/product\/18300\/revisions"}],"wp:featuredmedia":[{"embeddable":true,"href":"https:\/\/agoravape.com\/sv\/wp-json\/wp\/v2\/media\/18299"}],"wp:attachment":[{"href":"https:\/\/agoravape.com\/sv\/wp-json\/wp\/v2\/media?parent=18300"}],"wp:term":[{"taxonomy":"product_brand","embeddable":true,"href":"https:\/\/agoravape.com\/sv\/wp-json\/wp\/v2\/product_brand?post=18300"},{"taxonomy":"product_cat","embeddable":true,"href":"https:\/\/agoravape.com\/sv\/wp-json\/wp\/v2\/product_cat?post=18300"},{"taxonomy":"product_tag","embeddable":true,"href":"https:\/\/agoravape.com\/sv\/wp-json\/wp\/v2\/product_tag?post=18300"}],"curies":[{"name":"wp","href":"https:\/\/api.w.org\/{rel}","templated":true}]}}