{"id":18348,"date":"2025-10-20T18:16:09","date_gmt":"2025-10-20T10:16:09","guid":{"rendered":"https:\/\/green-grasshopper-921422.hostingersite.com\/?post_type=product&#038;p=18348"},"modified":"2026-01-12T13:50:21","modified_gmt":"2026-01-12T05:50:21","slug":"uwin-randm-tornado-60k-trippel-smak-vape","status":"publish","type":"product","link":"https:\/\/agoravape.com\/sv\/product\/uwin-randm-tornado-60k-triple-flavor-vape\/","title":{"rendered":"Uwin RandM Tornado 60K Puffs 3-i-1 Eng\u00e5ngsvape | Tre smaker, Upp till 60K Puffs"},"content":{"rendered":"<h2 data-v-md-heading=\"what-is-special-about-the-uwin-randm-tornado-60k-disposable-vape\" data-v-md-line=\"3\">Vad \u00e4r speciellt med Uwin RandM Tornado 60K eng\u00e5ngsvape?<\/h2>\n<p data-v-md-line=\"4\">Om du \u00e4r tr\u00f6tt p\u00e5 den monotona smaken dag efter dag, kan den h\u00e4r produkten perfekt l\u00f6sa problemet. Uwin RandM Tornado 60K integrerar tre smaker i en enhet, med en maximal kapacitet p\u00e5 60 000 tuggor. Njut av en m\u00e4ngd olika smaker utan anstr\u00e4ngning. Inget behov av att anv\u00e4nda e-v\u00e4tskeflaskor, inget behov av att byta patroner.<\/p>\n<p data-v-md-line=\"6\">Den passar alla som str\u00e4var efter r\u00e4ckvidd och en avslappnad livsstil. Oavsett om det \u00e4r dagliga vape-anv\u00e4ndare, pendlare eller resen\u00e4rer. Du kanske tror att s\u00e5 m\u00e5nga bloss av vape skulle g\u00f6ra den klumpig, men Tornado 60K f\u00e5r l\u00e4tt plats i en ficka och k\u00e4nns bekv\u00e4m att h\u00e5lla i handen.<\/p>\n<h2 data-v-md-heading=\"excellent-performance-easy-and-convenient\" data-v-md-line=\"8\">Utm\u00e4rkt prestanda, enkelt och bekv\u00e4mt<\/h2>\n<p data-v-md-line=\"9\">N\u00e4tspolen \u00e4r placerad i sin centrala position, vilket s\u00e4kerst\u00e4ller en j\u00e4mn och stark sugning fr\u00e5n b\u00f6rjan till slut. N\u00e4r batteriet \u00e4r l\u00e5gt, anslut bara Type-C-datakabeln f\u00f6r att snabbt ladda. B\u00e5de batteri- och e-v\u00e4tskeniv\u00e5erna har tydliga indikatorlampor, vilket g\u00f6r det enkelt f\u00f6r dig att se dem med en snabb blick.<\/p>\n<h2 data-v-md-heading=\"specification-introduction\" data-v-md-line=\"11\">Specification Introduction<\/h2>\n<ul data-v-md-line=\"12\">\n<li>Sugfrekvens: upp till 60000 g\u00e5nger<\/li>\n<li>Nikotinhalt: 0 %, 2 %, 3 % eller 5 %<\/li>\n<li>Funktionsprincip: Aktiveras med bara ett bloss<\/li>\n<li>Laddningsmetod: Standard USB-gr\u00e4nssnitt av typ C<\/li>\n<li>Status: Klar att anv\u00e4nda direkt ur l\u00e5dan<\/li>\n<li>Atomiserande k\u00e4rna: n\u00e4tliknande<\/li>\n<li>Batteri: 650 mAh uppladdningsbart koboltbatteri<\/li>\n<li>Storlek: 47 \u00d7 47 \u00d7 116 millimeter<\/li>\n<li>Indikatorlampor: batteriniv\u00e5indikatorlampa och e-v\u00e4tskeniv\u00e5indikatorlampa<\/li>\n<li>Trippel i ett: Tre smakkombinationer<\/li>\n<\/ul>\n<h2 data-v-md-heading=\"complete-flavor-series\" data-v-md-line=\"23\">Komplett smakserie<\/h2>\n<p data-v-md-line=\"24\">Varje apparat \u00e4r utrustad med tre smaker. Tio smakset att v\u00e4lja mellan:<\/p>\n<ul data-v-md-line=\"25\">\n<li>K\u00f6rsb\u00e4rsis\/Jordgubb Red Bull\/Bl\u00e5b\u00e4r Hallon<\/li>\n<li>Bl\u00e5b\u00e4rsglass\/Jordgubbs- och vattenmelonglass\/Jordgubbs- och hallon- och k\u00f6rsb\u00e4rsglass<\/li>\n<li>Rosa lemonad\/vaniljglass\/jordgubbs- och hallongodis<\/li>\n<li>Jordgubbskiwi\/Love 66 (passionsfruktsmelon)\/bl\u00e5b\u00e4rsglass<\/li>\n<li>Citron, lime, jordgubb, banan, blandad frukt<\/li>\n<li>Vattenmelonglass\/Colaglass\/Mr. Blue<\/li>\n<li>Sommarpersikais\/Bl\u00e5b\u00e4r\/Hallon\/Jordgubb Red Bull<\/li>\n<li>Kiwi passionsfrukt guava\/persika mango\/hallon vattenmelon<\/li>\n<li>Red Bull\/K\u00f6rsb\u00e4rsglass\/Citronlime<\/li>\n<li>Jordgubbsglass\/Sommarpersikoglass\/Druvglass<\/li>\n<\/ul>\n<h2 data-v-md-heading=\"for-you-and-your-business\" data-v-md-line=\"36\">For you and your business<\/h2>\n<p data-v-md-line=\"37\">Om du vill ha en p\u00e5litlig, h\u00e5llbar, l\u00e4ttladdad och m\u00e5ngsidig vape, v\u00e4lj Uwin. <a class=\"wpil_keyword_link\" title=\"RandM\" href=\"https:\/\/agoravape.com\/sv\/vape-efter-varumarke\/randm\/\" data-wpil-keyword-link=\"linked\" data-wpil-monitor-id=\"7\">RandM<\/a> Tornado 60K. Det g\u00f6r allt enkelt och g\u00f6r att du kan forts\u00e4tta anv\u00e4nda det.<\/p>\n<p data-v-md-line=\"39\">Att f\u00f6rbereda sig f\u00f6r butiker eller lounger \u00e4r lika enkelt. 10 stycken per grossistl\u00e5da och 160 stycken per standardl\u00e5da. Vi erbjuder DDP-leveranser \u00f6ver hela Europa via betrodda partners som UPS, DPD och DHL, vilket s\u00e4kerst\u00e4ller att du f\u00e5r tydliga priser och undviker \u00f6verraskningar fr\u00e5n tullmyndigheten.<\/p>\n<h2 data-v-md-heading=\"why-do-you-like-it\" data-v-md-line=\"41\">Why do you like it<\/h2>\n<ul data-v-md-line=\"42\">\n<li>Massiv sugkraft: upp till 60 000 bloss, vilket inneb\u00e4r f\u00e4rre upprepade best\u00e4llningar och avbrott.<\/li>\n<li>Alternativ f\u00f6r nikotinhalt: 0 %, 2 %, 3 % eller 5 %, du kan v\u00e4lja den nikotinhalt som passar dig b\u00e4st.<\/li>\n<li>Uppladdningsbar: Typ-C-laddning hj\u00e4lper dig att anv\u00e4nda upp varenda droppe e-v\u00e4tska.<\/li>\n<li>N\u00e4tspiral: J\u00e4mn och tillfredsst\u00e4llande smak kan erh\u00e5llas med varje sug.<\/li>\n<li>Trippelsmaker: En enhet har tre smaker, inget behov av att byta ut kitet, h\u00e5lls fr\u00e4sch.<\/li>\n<li>Tydliga indikatorlampor: Batteri- och e-v\u00e4tskeniv\u00e5erna \u00e4r tydliga med en blick, vilket sparar besv\u00e4ret med att gissa.<\/li>\n<\/ul>\n<h2 data-v-md-heading=\"why-choose-to-collaborate-with-agoravape\" data-v-md-line=\"49\">Varf\u00f6r v\u00e4lja att samarbeta med AgoraVape?<\/h2>\n<p data-v-md-line=\"50\">Vi levererar 100 % \u00e4kta produkter till rabatterade grossistpriser och erbjuder p\u00e5litlig support. Vi erbjuder snabba och p\u00e5litliga DDP-leveranser \u00f6ver hela Europa, vilket s\u00e4kerst\u00e4ller att ditt lager \u00e4r tillr\u00e4ckligt och kostnaderna \u00e4r kontrollerbara. V\u00e4lkommen att diskutera Uwin RandM Tornado 60K Puffs tre-i-ett-eng\u00e5ngsvape med oss, vilket skapar en mycket hyllad och efterl\u00e4ngtad vape-produkt som lockar kunder.<\/p>","protected":false},"excerpt":{"rendered":"<p>&nbsp;<\/p>\n<p><script src=\"chrome-extension:\/\/fpelahbljekknahkcaegamhcndkfpfnc\/iFrame.js\" type=\"text\/javascript\"><\/script><\/p>\n<p><script src=\"chrome-extension:\/\/fpelahbljekknahkcaegamhcndkfpfnc\/iFrame.js\" type=\"text\/javascript\"><\/script><\/p>\n<p><script src=\"chrome-extension:\/\/fpelahbljekknahkcaegamhcndkfpfnc\/iFrame.js\" type=\"text\/javascript\"><\/script><\/p>\n<p><script src=\"chrome-extension:\/\/fpelahbljekknahkcaegamhcndkfpfnc\/iFrame.js\" type=\"text\/javascript\"><\/script><\/p>\n<p><script src=\"chrome-extension:\/\/fpelahbljekknahkcaegamhcndkfpfnc\/iFrame.js\" type=\"text\/javascript\"><\/script><\/p>\n<p><script src=\"chrome-extension:\/\/fpelahbljekknahkcaegamhcndkfpfnc\/iFrame.js\" type=\"text\/javascript\"><\/script><\/p>\n<p><script src=\"chrome-extension:\/\/fpelahbljekknahkcaegamhcndkfpfnc\/iFrame.js\" type=\"text\/javascript\"><\/script><\/p>\n<p><script src=\"chrome-extension:\/\/fpelahbljekknahkcaegamhcndkfpfnc\/iFrame.js\" type=\"text\/javascript\"><\/script><\/p>\n<p><script src=\"chrome-extension:\/\/fpelahbljekknahkcaegamhcndkfpfnc\/iFrame.js\" type=\"text\/javascript\"><\/script><\/p>\n<p><script src=\"chrome-extension:\/\/fpelahbljekknahkcaegamhcndkfpfnc\/iFrame.js\" type=\"text\/javascript\"><\/script><\/p>\n<p><script src=\"chrome-extension:\/\/fpelahbljekknahkcaegamhcndkfpfnc\/iFrame.js\" type=\"text\/javascript\"><\/script><\/p>\n<p><script src=\"chrome-extension:\/\/fpelahbljekknahkcaegamhcndkfpfnc\/iFrame.js\" type=\"text\/javascript\"><\/script><\/p>\n<p><script src=\"chrome-extension:\/\/fpelahbljekknahkcaegamhcndkfpfnc\/iFrame.js\" type=\"text\/javascript\"><\/script><\/p>\n<p><script src=\"chrome-extension:\/\/fpelahbljekknahkcaegamhcndkfpfnc\/iFrame.js\" type=\"text\/javascript\"><\/script><\/p>\n<p><script src=\"chrome-extension:\/\/fpelahbljekknahkcaegamhcndkfpfnc\/iFrame.js\" type=\"text\/javascript\"><\/script><\/p>\n<p><script src=\"chrome-extension:\/\/fpelahbljekknahkcaegamhcndkfpfnc\/iFrame.js\" type=\"text\/javascript\"><\/script><\/p>\n<p><script src=\"chrome-extension:\/\/fpelahbljekknahkcaegamhcndkfpfnc\/iFrame.js\" type=\"text\/javascript\"><\/script><\/p>\n<p><script src=\"chrome-extension:\/\/fpelahbljekknahkcaegamhcndkfpfnc\/iFrame.js\" type=\"text\/javascript\"><\/script><\/p>\n<p><script src=\"chrome-extension:\/\/fpelahbljekknahkcaegamhcndkfpfnc\/iFrame.js\" type=\"text\/javascript\"><\/script><\/p>","protected":false},"featured_media":18347,"comment_status":"open","ping_status":"closed","template":"","meta":[],"product_brand":[244],"product_cat":[124,187,185,189,195,174,175,193,191,179,171,173,186,180,190,192],"product_tag":[],"class_list":{"0":"post-18348","1":"product","2":"type-product","3":"status-publish","4":"has-post-thumbnail","6":"product_brand-uwin","7":"product_cat-vape-by-brand","8":"product_cat-0mg-nicotine-free-vapes","9":"product_cat-10000-puffs-high-capacity","10":"product_cat-20mg-standard-nicotine-vapes","11":"product_cat-dual-flavor-switch","12":"product_cat-fruit-flavors","13":"product_cat-icy-mint","14":"product_cat-mesh-coil","15":"product_cat-rechargeable-disposables","16":"product_cat-unique-blends","17":"product_cat-uwin","18":"product_cat-vape-by-flavor-profile","19":"product_cat-vape-by-nicotine-strength","20":"product_cat-vape-by-puff-count","21":"product_cat-vape-by-feature-or-type","22":"product_cat-vapes-with-screens","24":"first","25":"instock","26":"shipping-taxable","27":"purchasable","28":"product-type-variable","29":"has-default-attributes"},"tiered_pricing_type":"percentage","tiered_pricing_fixed_rules":[],"tiered_pricing_product_settings":{"layout":"default","base_unit_name":{"singular":null,"plural":null},"default_variation":null},"tiered_pricing_minimum_quantity":100,"tiered_pricing_roles_data":[],"tiered_pricing_percentage_rules":{"200":"44","500":"47","1000":"49"},"tiered_pricing_maximum_quantity":null,"tiered_pricing_quantity_step":"10","_links":{"self":[{"href":"https:\/\/agoravape.com\/sv\/wp-json\/wp\/v2\/product\/18348","targetHints":{"allow":["GET"]}}],"collection":[{"href":"https:\/\/agoravape.com\/sv\/wp-json\/wp\/v2\/product"}],"about":[{"href":"https:\/\/agoravape.com\/sv\/wp-json\/wp\/v2\/types\/product"}],"replies":[{"embeddable":true,"href":"https:\/\/agoravape.com\/sv\/wp-json\/wp\/v2\/comments?post=18348"}],"version-history":[{"count":0,"href":"https:\/\/agoravape.com\/sv\/wp-json\/wp\/v2\/product\/18348\/revisions"}],"wp:featuredmedia":[{"embeddable":true,"href":"https:\/\/agoravape.com\/sv\/wp-json\/wp\/v2\/media\/18347"}],"wp:attachment":[{"href":"https:\/\/agoravape.com\/sv\/wp-json\/wp\/v2\/media?parent=18348"}],"wp:term":[{"taxonomy":"product_brand","embeddable":true,"href":"https:\/\/agoravape.com\/sv\/wp-json\/wp\/v2\/product_brand?post=18348"},{"taxonomy":"product_cat","embeddable":true,"href":"https:\/\/agoravape.com\/sv\/wp-json\/wp\/v2\/product_cat?post=18348"},{"taxonomy":"product_tag","embeddable":true,"href":"https:\/\/agoravape.com\/sv\/wp-json\/wp\/v2\/product_tag?post=18348"}],"curies":[{"name":"wp","href":"https:\/\/api.w.org\/{rel}","templated":true}]}}