{"id":18364,"date":"2025-10-20T18:36:01","date_gmt":"2025-10-20T10:36:01","guid":{"rendered":"https:\/\/green-grasshopper-921422.hostingersite.com\/?post_type=product&#038;p=18364"},"modified":"2026-01-30T17:09:26","modified_gmt":"2026-01-30T09:09:26","slug":"uwin-shisha-vattenpipa-kristall-20000-vape","status":"publish","type":"product","link":"https:\/\/agoravape.com\/sv\/product\/uwin-shisha-hookah-crystal-20000-vape\/","title":{"rendered":"Uwin Shisha Hookah Crystal 20K DTL Eng\u00e5ngsvape | Massiva DTL-moln. Inget kr\u00e5ngel."},"content":{"rendered":"<h2 data-v-md-heading=\"what-is-special-about-the-uwin-crystal-20k-dtl-disposable-vape\" data-v-md-line=\"3\">Vad \u00e4r speciellt med Uwin Crystal 20K DTL eng\u00e5ngsvapen?<\/h2>\n<p data-v-md-line=\"4\">Om du vill ha en h\u00e5llbar och l\u00e5ngvarig vape \u00e4r den h\u00e4r produkten v\u00e4rd att \u00f6verv\u00e4ga. Uwin Crystal 20K \u00e4r en eng\u00e5ngsvape som inhaleras direkt i lungorna. Den har en rik smak, full r\u00f6k och autentisk vattenpipa-stil. Inga inst\u00e4llningar kr\u00e4vs, inga knappar beh\u00f6vs, bara inhalera f\u00f6r att njuta.<\/p>\n<p data-v-md-line=\"6\">Den passar alla som vill ha en smidig DTL-sugupplevelse utan att beh\u00f6va b\u00e4ra med sig en extra apparat. Om du gillar smaken av vattenpipa och vill ha en j\u00e4mn smak fr\u00e5n f\u00f6rsta till sista klunken, d\u00e5 \u00e4r det ocks\u00e5 ditt perfekta val.<\/p>\n<h2 data-v-md-heading=\"excellent-performance-easy-and-convenient\" data-v-md-line=\"8\">Utm\u00e4rkt prestanda, enkelt och bekv\u00e4mt<\/h2>\n<p data-v-md-line=\"9\">K\u00e4rnan i Crystal 20K anv\u00e4nder en mesh-spiral f\u00f6r att s\u00e4kerst\u00e4lla att varje tugga har en ren och j\u00e4mn smak. Det uppladdningsbara batteriet p\u00e5 850 mAh kan tillgodose lagringsbehovet f\u00f6r en stor m\u00e4ngd e-v\u00e4tska, s\u00e5 att du inte sl\u00f6sar en droppe. N\u00e4r batteriet \u00e4r l\u00e5gt kan du anv\u00e4nda din befintliga Type-C-datakabel f\u00f6r att fylla p\u00e5 det. Du kanske tror att en DTL-enhet med s\u00e5 m\u00e5nga sugcykler kr\u00e4ver komplexa inst\u00e4llningar, men i verkligheten \u00e4r det inte s\u00e5. Bara sugkraft att anv\u00e4nda.<\/p>\n<h2 data-v-md-heading=\"specification-introduction\" data-v-md-line=\"11\">Specification Introduction<\/h2>\n<ul data-v-md-line=\"12\">\n<li>Sugfrekvens: upp till 20000 g\u00e5nger<\/li>\n<li>Nikotinhalt: 0 %, 2 %, 3 % eller 5 %<\/li>\n<li>Funktionsprincip: Aktiveras med bara ett bloss<\/li>\n<li>Laddning: Standard USB-gr\u00e4nssnitt av typ C<\/li>\n<li>Status: Klar att anv\u00e4nda direkt ur l\u00e5dan<\/li>\n<\/ul>\n<h2 data-v-md-heading=\"full-range-of-flavors\" data-v-md-line=\"18\">Fullt utbud av smaker<\/h2>\n<ul data-v-md-line=\"19\">\n<li>Iced Blueberries<\/li>\n<li>Kiwi, passionsfrukt, guava<\/li>\n<li>Jordgubb, kiwi<\/li>\n<li>Blandade b\u00e4r<\/li>\n<li>Jordgubbsvattenmelon<\/li>\n<li>Druvis<\/li>\n<li>Vattenmelonis<\/li>\n<li>K\u00f6rsb\u00e4rsglass<\/li>\n<li>Jordgubbsglass<\/li>\n<li>Persikois<\/li>\n<li>Bl\u00e5b\u00e4r och hallon<\/li>\n<li>Love 66 (Passionsfruktsmelon-is)<\/li>\n<\/ul>\n<p><img loading=\"lazy\" decoding=\"async\" class=\"aligncenter size-full wp-image-18363\" src=\"https:\/\/agoravape.com\/wp-content\/uploads\/2025\/10\/Uwin-SHISHA-HOOKAH-Crystal-20k-Puffs-DTL-Disposable-Vape_Agora_vape-1-scaled.webp\" alt=\"\" width=\"2560\" height=\"2047\" srcset=\"https:\/\/agoravape.com\/wp-content\/uploads\/2025\/10\/Uwin-SHISHA-HOOKAH-Crystal-20k-Puffs-DTL-Disposable-Vape_Agora_vape-1-scaled.webp 2560w, https:\/\/agoravape.com\/wp-content\/uploads\/2025\/10\/Uwin-SHISHA-HOOKAH-Crystal-20k-Puffs-DTL-Disposable-Vape_Agora_vape-1-scaled-1200x960.webp 1200w, https:\/\/agoravape.com\/wp-content\/uploads\/2025\/10\/Uwin-SHISHA-HOOKAH-Crystal-20k-Puffs-DTL-Disposable-Vape_Agora_vape-1-300x240.webp 300w, https:\/\/agoravape.com\/wp-content\/uploads\/2025\/10\/Uwin-SHISHA-HOOKAH-Crystal-20k-Puffs-DTL-Disposable-Vape_Agora_vape-1-1024x819.webp 1024w, https:\/\/agoravape.com\/wp-content\/uploads\/2025\/10\/Uwin-SHISHA-HOOKAH-Crystal-20k-Puffs-DTL-Disposable-Vape_Agora_vape-1-768x614.webp 768w, https:\/\/agoravape.com\/wp-content\/uploads\/2025\/10\/Uwin-SHISHA-HOOKAH-Crystal-20k-Puffs-DTL-Disposable-Vape_Agora_vape-1-1536x1228.webp 1536w, https:\/\/agoravape.com\/wp-content\/uploads\/2025\/10\/Uwin-SHISHA-HOOKAH-Crystal-20k-Puffs-DTL-Disposable-Vape_Agora_vape-1-2048x1638.webp 2048w\" sizes=\"auto, (max-width: 2560px) 100vw, 2560px\" \/><\/p>\n<h2 data-v-md-heading=\"to-create-for-you-and-your-business\" data-v-md-line=\"32\">Att skapa f\u00f6r dig och ditt f\u00f6retag<\/h2>\n<p data-v-md-line=\"33\">Att k\u00f6pa sj\u00e4lv \u00e4r v\u00e4ldigt enkelt. V\u00e4lj din f\u00f6redragna smak och nikotinkoncentration, ladda sedan efter behov f\u00f6r att njuta av veckor av DTL-njutning.<\/p>\n<p data-v-md-line=\"35\">Att f\u00f6rbereda sig f\u00f6r din butik \u00e4r lika enkelt. Uwin Shisha Hookah Crystal 20K DTL eng\u00e5ngsvapes, 10 per l\u00e5da, 200 per l\u00e5da. Vi skickar DDP via betrodda transport\u00f6rer som UPS, DPD och DHL, s\u00e5 att tullar kan behandlas i f\u00f6rv\u00e4g f\u00f6r att undvika tullolyckor.<\/p>\n<h2 data-v-md-heading=\"why-do-you-like-it\" data-v-md-line=\"37\">Why do you like it<\/h2>\n<ul data-v-md-line=\"38\">\n<li>Stor sugkapacitet: upp till 20K, vilket minskar utbytesfrekvensen.<\/li>\n<li>Val av nikotinhalt: Fr\u00e5n 0 % till 5 % kan du v\u00e4lja den nikotinhalt som passar dig b\u00e4st.<\/li>\n<li>Laddningsbar: Typ-C-laddning inneb\u00e4r att du kan anv\u00e4nda alla k\u00f6pta e-v\u00e4tskor.<\/li>\n<li>Mesh coil: Len DTL-smak, vilket g\u00f6r att du kan bibeh\u00e5lla en stabil smak varje g\u00e5ng.<\/li>\n<li>Enkel sugaktivering: Inga knappar eller menyer kr\u00e4vs, enkel att anv\u00e4nda.<\/li>\n<\/ul>\n<h2 data-v-md-heading=\"why-choose-to-collaborate-with-agoravape\" data-v-md-line=\"44\">Varf\u00f6r v\u00e4lja att samarbeta med AgoraVape?<\/h2>\n<p data-v-md-line=\"45\">Vi s\u00e4ljer endast 100 % \u00e4kta produkter och h\u00e5ller v\u00e5rt engagemang f\u00f6r detta. F\u00f6retagskunder kan dra nytta av rabatterade grossistpriser, p\u00e5litlig support och snabba och p\u00e5litliga leveranser. Om du vill ha tillr\u00e4ckligt med lager och kontinuerliga \u00e5terkommande kunder, v\u00e4nligen kontakta oss.<\/p>","protected":false},"excerpt":{"rendered":"<p>&nbsp;<\/p>\n<p><script src=\"chrome-extension:\/\/fpelahbljekknahkcaegamhcndkfpfnc\/iFrame.js\" type=\"text\/javascript\"><\/script><\/p>\n<p><script src=\"chrome-extension:\/\/fpelahbljekknahkcaegamhcndkfpfnc\/iFrame.js\" type=\"text\/javascript\"><\/script><\/p>\n<p><script src=\"chrome-extension:\/\/fpelahbljekknahkcaegamhcndkfpfnc\/iFrame.js\" type=\"text\/javascript\"><\/script><\/p>\n<p><script src=\"chrome-extension:\/\/fpelahbljekknahkcaegamhcndkfpfnc\/iFrame.js\" type=\"text\/javascript\"><\/script><\/p>\n<p><script src=\"chrome-extension:\/\/fpelahbljekknahkcaegamhcndkfpfnc\/iFrame.js\" type=\"text\/javascript\"><\/script><\/p>\n<p><script src=\"chrome-extension:\/\/fpelahbljekknahkcaegamhcndkfpfnc\/iFrame.js\" type=\"text\/javascript\"><\/script><\/p>\n<p><script src=\"chrome-extension:\/\/fpelahbljekknahkcaegamhcndkfpfnc\/iFrame.js\" type=\"text\/javascript\"><\/script><\/p>\n<p><script src=\"chrome-extension:\/\/fpelahbljekknahkcaegamhcndkfpfnc\/iFrame.js\" type=\"text\/javascript\"><\/script><\/p>\n<p><script src=\"chrome-extension:\/\/fpelahbljekknahkcaegamhcndkfpfnc\/iFrame.js\" type=\"text\/javascript\"><\/script><\/p>\n<p><script src=\"chrome-extension:\/\/fpelahbljekknahkcaegamhcndkfpfnc\/iFrame.js\" type=\"text\/javascript\"><\/script><\/p>\n<p><script src=\"chrome-extension:\/\/fpelahbljekknahkcaegamhcndkfpfnc\/iFrame.js\" type=\"text\/javascript\"><\/script><\/p>\n<p><script src=\"chrome-extension:\/\/fpelahbljekknahkcaegamhcndkfpfnc\/iFrame.js\" type=\"text\/javascript\"><\/script><\/p>\n<p><script src=\"chrome-extension:\/\/fpelahbljekknahkcaegamhcndkfpfnc\/iFrame.js\" type=\"text\/javascript\"><\/script><\/p>\n<p><script src=\"chrome-extension:\/\/fpelahbljekknahkcaegamhcndkfpfnc\/iFrame.js\" type=\"text\/javascript\"><\/script><\/p>\n<p><script src=\"chrome-extension:\/\/fpelahbljekknahkcaegamhcndkfpfnc\/iFrame.js\" type=\"text\/javascript\"><\/script><\/p>\n<p><script src=\"chrome-extension:\/\/fpelahbljekknahkcaegamhcndkfpfnc\/iFrame.js\" type=\"text\/javascript\"><\/script><\/p>\n<p><script src=\"chrome-extension:\/\/fpelahbljekknahkcaegamhcndkfpfnc\/iFrame.js\" type=\"text\/javascript\"><\/script><\/p>\n<p><script src=\"chrome-extension:\/\/fpelahbljekknahkcaegamhcndkfpfnc\/iFrame.js\" type=\"text\/javascript\"><\/script><\/p>\n<p><script src=\"chrome-extension:\/\/fpelahbljekknahkcaegamhcndkfpfnc\/iFrame.js\" type=\"text\/javascript\"><\/script><\/p>","protected":false},"featured_media":18389,"comment_status":"open","ping_status":"closed","template":"","meta":[],"product_brand":[244],"product_cat":[124,187,185,1636,189,174,175,193,191,179,171,173,186,180,190],"product_tag":[],"class_list":{"0":"post-18364","1":"product","2":"type-product","3":"status-publish","4":"has-post-thumbnail","6":"product_brand-uwin","7":"product_cat-vape-by-brand","8":"product_cat-0mg-nicotine-free-vapes","9":"product_cat-10000-puffs-high-capacity","10":"product_cat-20000-puffs","11":"product_cat-20mg-standard-nicotine-vapes","12":"product_cat-fruit-flavors","13":"product_cat-icy-mint","14":"product_cat-mesh-coil","15":"product_cat-rechargeable-disposables","16":"product_cat-unique-blends","17":"product_cat-uwin","18":"product_cat-vape-by-flavor-profile","19":"product_cat-vape-by-nicotine-strength","20":"product_cat-vape-by-puff-count","21":"product_cat-vape-by-feature-or-type","23":"first","24":"instock","25":"shipping-taxable","26":"purchasable","27":"product-type-variable","28":"has-default-attributes"},"tiered_pricing_type":"percentage","tiered_pricing_fixed_rules":[],"tiered_pricing_product_settings":{"layout":"default","base_unit_name":{"singular":null,"plural":null},"default_variation":null},"tiered_pricing_minimum_quantity":10,"tiered_pricing_roles_data":[],"tiered_pricing_percentage_rules":{"30":"29","50":"35","100":"40","200":"44","500":"47","1000":"49"},"tiered_pricing_maximum_quantity":null,"tiered_pricing_quantity_step":"10","_links":{"self":[{"href":"https:\/\/agoravape.com\/sv\/wp-json\/wp\/v2\/product\/18364","targetHints":{"allow":["GET"]}}],"collection":[{"href":"https:\/\/agoravape.com\/sv\/wp-json\/wp\/v2\/product"}],"about":[{"href":"https:\/\/agoravape.com\/sv\/wp-json\/wp\/v2\/types\/product"}],"replies":[{"embeddable":true,"href":"https:\/\/agoravape.com\/sv\/wp-json\/wp\/v2\/comments?post=18364"}],"version-history":[{"count":0,"href":"https:\/\/agoravape.com\/sv\/wp-json\/wp\/v2\/product\/18364\/revisions"}],"wp:featuredmedia":[{"embeddable":true,"href":"https:\/\/agoravape.com\/sv\/wp-json\/wp\/v2\/media\/18389"}],"wp:attachment":[{"href":"https:\/\/agoravape.com\/sv\/wp-json\/wp\/v2\/media?parent=18364"}],"wp:term":[{"taxonomy":"product_brand","embeddable":true,"href":"https:\/\/agoravape.com\/sv\/wp-json\/wp\/v2\/product_brand?post=18364"},{"taxonomy":"product_cat","embeddable":true,"href":"https:\/\/agoravape.com\/sv\/wp-json\/wp\/v2\/product_cat?post=18364"},{"taxonomy":"product_tag","embeddable":true,"href":"https:\/\/agoravape.com\/sv\/wp-json\/wp\/v2\/product_tag?post=18364"}],"curies":[{"name":"wp","href":"https:\/\/api.w.org\/{rel}","templated":true}]}}