{"id":18392,"date":"2025-10-20T18:47:21","date_gmt":"2025-10-20T10:47:21","guid":{"rendered":"https:\/\/green-grasshopper-921422.hostingersite.com\/?post_type=product&#038;p=18392"},"modified":"2025-12-15T21:29:59","modified_gmt":"2025-12-15T13:29:59","slug":"uwin-kristall-10k-puffar-rgb","status":"publish","type":"product","link":"https:\/\/agoravape.com\/sv\/product\/uwin-crystal-10k-puffs-rgb\/","title":{"rendered":"Uwin Crystal 10K Puffs RGB Light Eng\u00e5ngsvape | L\u00e5ngvariga puffar, inget kr\u00e5ngel"},"content":{"rendered":"<h2 data-v-md-heading=\"what-are-the-highlights-of-uwin-crystal-10k-rgb-disposable-vape-30-e-liquids\" data-v-md-line=\"3\"><img loading=\"lazy\" decoding=\"async\" class=\"aligncenter size-full wp-image-18413\" src=\"https:\/\/agoravape.com\/wp-content\/uploads\/2025\/10\/Uwin-Crystal-10K-Puffs-RGB-Light-Disposable-Vape-30-Flaros_Agora_vape-8-scaled.webp\" alt=\"\" width=\"2560\" height=\"1922\" srcset=\"https:\/\/agoravape.com\/wp-content\/uploads\/2025\/10\/Uwin-Crystal-10K-Puffs-RGB-Light-Disposable-Vape-30-Flaros_Agora_vape-8-scaled.webp 2560w, https:\/\/agoravape.com\/wp-content\/uploads\/2025\/10\/Uwin-Crystal-10K-Puffs-RGB-Light-Disposable-Vape-30-Flaros_Agora_vape-8-scaled-1200x901.webp 1200w, https:\/\/agoravape.com\/wp-content\/uploads\/2025\/10\/Uwin-Crystal-10K-Puffs-RGB-Light-Disposable-Vape-30-Flaros_Agora_vape-8-300x225.webp 300w, https:\/\/agoravape.com\/wp-content\/uploads\/2025\/10\/Uwin-Crystal-10K-Puffs-RGB-Light-Disposable-Vape-30-Flaros_Agora_vape-8-1024x769.webp 1024w, https:\/\/agoravape.com\/wp-content\/uploads\/2025\/10\/Uwin-Crystal-10K-Puffs-RGB-Light-Disposable-Vape-30-Flaros_Agora_vape-8-768x577.webp 768w, https:\/\/agoravape.com\/wp-content\/uploads\/2025\/10\/Uwin-Crystal-10K-Puffs-RGB-Light-Disposable-Vape-30-Flaros_Agora_vape-8-1536x1153.webp 1536w, https:\/\/agoravape.com\/wp-content\/uploads\/2025\/10\/Uwin-Crystal-10K-Puffs-RGB-Light-Disposable-Vape-30-Flaros_Agora_vape-8-2048x1537.webp 2048w\" sizes=\"auto, (max-width: 2560px) 100vw, 2560px\" \/><\/h2>\n<h2 data-v-md-heading=\"what-are-the-highlights-of-uwin-crystal-10k-rgb-disposable-vape-30-e-liquids\" data-v-md-line=\"3\">Vilka \u00e4r h\u00f6jdpunkterna hos Uwin Crystal 10K RGB eng\u00e5ngsvape | 30 e-v\u00e4tskor?<\/h2>\n<p data-v-md-line=\"4\">Om du \u00e4r tr\u00f6tt p\u00e5 att byta apparat med n\u00e5gra dagars mellanrum \u00e4r den h\u00e4r produkten v\u00e4rd att ta en titt p\u00e5. Uwin Crystal 10K har \u00e5tagit sig att skapa en enkel och p\u00e5litlig vape-upplevelse, med l\u00e5ng batteritid och en ren och skarp r\u00f6kupplevelse. Inget behov av meny, ingen anledning att oroa dig. V\u00e4lj bara smaken s\u00e5 kan du enkelt inhalera den.<\/p>\n<p data-v-md-line=\"6\">Om du vill ha en h\u00e5llbar och bekymmersfri eng\u00e5ngsvape, d\u00e5 \u00e4r den h\u00e4r produkten det perfekta valet. Ljusa RGB-lampor blinkar n\u00e4r du inhalerar, vilket ger en touch av mode utan att vara i v\u00e4gen. Du kanske tror att en 10K-vape k\u00e4nns som en tegelsten, men den h\u00e4r produkten \u00e4r v\u00e4ldigt bekv\u00e4m att h\u00e5lla i handen och f\u00e5r l\u00e4tt plats i fickan.<\/p>\n<h2 data-v-md-heading=\"excellent-performance-easy-and-convenient\" data-v-md-line=\"8\">Utm\u00e4rkt prestanda, enkelt och bekv\u00e4mt<\/h2>\n<p data-v-md-line=\"9\">Den h\u00e4r enheten har en effektiv f\u00f6rstoftningsk\u00e4rna och en t\u00e4t luftintagsdesign, vilket s\u00e4kerst\u00e4ller en stabil smak fr\u00e5n f\u00f6rsta till sista tuggan. J\u00e4mn sugkraft, l\u00e5ngvarig stabilitet. N\u00e4r batteriet \u00e4r l\u00e5gt kan du ladda den via det inbyggda USB-gr\u00e4nssnittet f\u00f6r att fullt utnyttja all e-v\u00e4tska du har k\u00f6pt. Enkelt och bekv\u00e4mt.<\/p>\n<h2 data-v-md-heading=\"specification-overview\" data-v-md-line=\"11\">Specifikations\u00f6versikt<\/h2>\n<ul data-v-md-line=\"12\">\n<li>Sugfrekvens: upp till 10000 g\u00e5nger<\/li>\n<li>Nikotinhalt: Olika marknadsalternativ kan variera. TPD-regioner till\u00e5ter vanligtvis ett maximalt nikotininneh\u00e5ll p\u00e5 20 milligram, och kan \u00e4ven erbjuda ett alternativ utan nikotin. Se aktuellt urval<\/li>\n<li>Working principle: Activated by inhalation<\/li>\n<li>Laddningsmetod: USB-laddning (m\u00e5nga enheter anv\u00e4nder Type-C-gr\u00e4nssnitt)<\/li>\n<li>Status: Klar att anv\u00e4nda direkt ur l\u00e5dan<\/li>\n<\/ul>\n<h2 data-v-md-heading=\"for-you-and-your-business\" data-v-md-line=\"18\">For you and your business<\/h2>\n<p data-v-md-line=\"19\">K\u00f6per du till dig sj\u00e4lv? V\u00e4lj din favoritsmak bland 30 alternativ. K\u00f6per du till butiken? Vi erbjuder flexibla grossistalternativ som g\u00f6r att du kan k\u00f6pa enligt dina kunders faktiska behov. V\u00e4lkommen att kontakta oss f\u00f6r att f\u00e5 veta mer om cigarettf\u00f6rpackningsstorlekar, smakkombinationer och optimala bulkpriser.<\/p>\n<p data-v-md-line=\"21\">Vi skickar e-v\u00e4tskor till de flesta europeiska destinationer via UPS, DPD och DHL. Det inneb\u00e4r att tullar kommer att f\u00f6rbehandlas f\u00f6r att undvika ov\u00e4ntade tullincidenter. Best\u00e4llningen kommer att f\u00f6rpackas s\u00e4kert och sp\u00e5rningstj\u00e4nster kommer att tillhandah\u00e5llas.<\/p>\n<h2 data-v-md-heading=\"why-do-you-like-it\" data-v-md-line=\"23\">Why do you like it<\/h2>\n<ul data-v-md-line=\"24\">\n<li>Stor kaliber: H\u00e5llbar och l\u00e5ngvarig, inget behov av att k\u00f6pa nya cigaretter ofta<\/li>\n<li>Nikotinval: V\u00e4lj nikotin som passar dina dagliga vanor och lokala f\u00f6reskrifter<\/li>\n<li>Uppladdningsbar: Du kan ladda batteriet och t\u00f6mma e-v\u00e4tskan<\/li>\n<li>J\u00e4mn smak: spole och insugssystem ger en stabil och tillfredsst\u00e4llande sugupplevelse<\/li>\n<\/ul>\n<h2 data-v-md-heading=\"brief-explanation-on-compliance-and-authenticity\" data-v-md-line=\"29\">Kort f\u00f6rklaring av efterlevnad och \u00e4kthet<\/h2>\n<ul data-v-md-line=\"30\">\n<li>EU\/UK TPD: P\u00e5 m\u00e5nga EU-marknader m\u00e5ste nikotinprodukter uppfylla begr\u00e4nsningar p\u00e5 2 milliliter och h\u00f6gst 20 milligram. Storkalibriga apparater levereras vanligtvis med noll nikotin eller \u00e4r riktade mot specifika regioner. Innan du g\u00f6r en best\u00e4llning, v\u00e4nligen kontrollera produktalternativen och lokala best\u00e4mmelser.<\/li>\n<li>\u00c4kta lager: Vi k\u00f6per in autentiska produkter fr\u00e5n betrodda leverant\u00f6rer och utf\u00f6r batchsp\u00e5rning. Om du beh\u00f6ver information om leveransverifiering, v\u00e4nligen kontakta v\u00e5rt team.<\/li>\n<\/ul>\n<h2 data-v-md-heading=\"why-choose-to-collaborate-with-agoravape\" data-v-md-line=\"33\">Varf\u00f6r v\u00e4lja att samarbeta med AgoraVape?<\/h2>\n<p data-v-md-line=\"34\">Vi \u00e4r en av de mest betrodda vape-distribut\u00f6rerna i Europa, s\u00e5 vi s\u00e4ljer endast 100 % \u00e4kta produkter. F\u00f6r kommersiella kunder inneb\u00e4r detta rabatterade grossistpriser, genuint st\u00f6d fr\u00e5n branschexperter och snabba, p\u00e5litliga och momsbelagda leveranstj\u00e4nster f\u00f6r Uwin Crystal 10K Puffs RGB Light eng\u00e5ngsvapor | 30 Flaros. Kontakta oss f\u00f6r att f\u00e5 en h\u00e5llbar eng\u00e5ngsprodukt v\u00e4rd att \u00e5terl\u00e4mna till dina kunder.<\/p>\n<p><script src=\"chrome-extension:\/\/fpelahbljekknahkcaegamhcndkfpfnc\/iFrame.js\" type=\"text\/javascript\"><\/script><\/p>","protected":false},"excerpt":{"rendered":"<p>&nbsp;<\/p>\n<p><script src=\"chrome-extension:\/\/fpelahbljekknahkcaegamhcndkfpfnc\/iFrame.js\" type=\"text\/javascript\"><\/script><\/p>\n<p><script src=\"chrome-extension:\/\/fpelahbljekknahkcaegamhcndkfpfnc\/iFrame.js\" type=\"text\/javascript\"><\/script><\/p>\n<p><script src=\"chrome-extension:\/\/fpelahbljekknahkcaegamhcndkfpfnc\/iFrame.js\" type=\"text\/javascript\"><\/script><\/p>\n<p><script src=\"chrome-extension:\/\/fpelahbljekknahkcaegamhcndkfpfnc\/iFrame.js\" type=\"text\/javascript\"><\/script><\/p>\n<p><script src=\"chrome-extension:\/\/fpelahbljekknahkcaegamhcndkfpfnc\/iFrame.js\" type=\"text\/javascript\"><\/script><\/p>\n<p><script src=\"chrome-extension:\/\/fpelahbljekknahkcaegamhcndkfpfnc\/iFrame.js\" type=\"text\/javascript\"><\/script><\/p>\n<p><script src=\"chrome-extension:\/\/fpelahbljekknahkcaegamhcndkfpfnc\/iFrame.js\" type=\"text\/javascript\"><\/script><\/p>\n<p><script src=\"chrome-extension:\/\/fpelahbljekknahkcaegamhcndkfpfnc\/iFrame.js\" type=\"text\/javascript\"><\/script><\/p>\n<p><script src=\"chrome-extension:\/\/fpelahbljekknahkcaegamhcndkfpfnc\/iFrame.js\" type=\"text\/javascript\"><\/script><\/p>\n<p><script src=\"chrome-extension:\/\/fpelahbljekknahkcaegamhcndkfpfnc\/iFrame.js\" type=\"text\/javascript\"><\/script><\/p>\n<p><script src=\"chrome-extension:\/\/fpelahbljekknahkcaegamhcndkfpfnc\/iFrame.js\" type=\"text\/javascript\"><\/script><\/p>\n<p><script src=\"chrome-extension:\/\/fpelahbljekknahkcaegamhcndkfpfnc\/iFrame.js\" type=\"text\/javascript\"><\/script><\/p>\n<p><script src=\"chrome-extension:\/\/fpelahbljekknahkcaegamhcndkfpfnc\/iFrame.js\" type=\"text\/javascript\"><\/script><\/p>\n<p><script src=\"chrome-extension:\/\/fpelahbljekknahkcaegamhcndkfpfnc\/iFrame.js\" type=\"text\/javascript\"><\/script><\/p>\n<p><script src=\"chrome-extension:\/\/fpelahbljekknahkcaegamhcndkfpfnc\/iFrame.js\" type=\"text\/javascript\"><\/script><\/p>\n<p><script src=\"chrome-extension:\/\/fpelahbljekknahkcaegamhcndkfpfnc\/iFrame.js\" type=\"text\/javascript\"><\/script><\/p>\n<p><script src=\"chrome-extension:\/\/fpelahbljekknahkcaegamhcndkfpfnc\/iFrame.js\" type=\"text\/javascript\"><\/script><\/p>\n<p><script src=\"chrome-extension:\/\/fpelahbljekknahkcaegamhcndkfpfnc\/iFrame.js\" type=\"text\/javascript\"><\/script><\/p>\n<p><script src=\"chrome-extension:\/\/fpelahbljekknahkcaegamhcndkfpfnc\/iFrame.js\" type=\"text\/javascript\"><\/script><\/p>","protected":false},"featured_media":18420,"comment_status":"open","ping_status":"closed","template":"","meta":[],"product_brand":[244],"product_cat":[124,187,185,189,174,175,193,191,179,171,173,186,180,190],"product_tag":[],"class_list":{"0":"post-18392","1":"product","2":"type-product","3":"status-publish","4":"has-post-thumbnail","6":"product_brand-uwin","7":"product_cat-vape-by-brand","8":"product_cat-0mg-nicotine-free-vapes","9":"product_cat-10000-puffs-high-capacity","10":"product_cat-20mg-standard-nicotine-vapes","11":"product_cat-fruit-flavors","12":"product_cat-icy-mint","13":"product_cat-mesh-coil","14":"product_cat-rechargeable-disposables","15":"product_cat-unique-blends","16":"product_cat-uwin","17":"product_cat-vape-by-flavor-profile","18":"product_cat-vape-by-nicotine-strength","19":"product_cat-vape-by-puff-count","20":"product_cat-vape-by-feature-or-type","22":"first","23":"instock","24":"shipping-taxable","25":"purchasable","26":"product-type-variable","27":"has-default-attributes"},"tiered_pricing_type":"percentage","tiered_pricing_fixed_rules":[],"tiered_pricing_product_settings":{"layout":"default","base_unit_name":{"singular":null,"plural":null},"default_variation":null},"tiered_pricing_minimum_quantity":10,"tiered_pricing_roles_data":[],"tiered_pricing_percentage_rules":{"30":"29","50":"35","100":"40","200":"44","500":"47","1000":"49"},"tiered_pricing_maximum_quantity":null,"tiered_pricing_quantity_step":"10","_links":{"self":[{"href":"https:\/\/agoravape.com\/sv\/wp-json\/wp\/v2\/product\/18392","targetHints":{"allow":["GET"]}}],"collection":[{"href":"https:\/\/agoravape.com\/sv\/wp-json\/wp\/v2\/product"}],"about":[{"href":"https:\/\/agoravape.com\/sv\/wp-json\/wp\/v2\/types\/product"}],"replies":[{"embeddable":true,"href":"https:\/\/agoravape.com\/sv\/wp-json\/wp\/v2\/comments?post=18392"}],"version-history":[{"count":0,"href":"https:\/\/agoravape.com\/sv\/wp-json\/wp\/v2\/product\/18392\/revisions"}],"wp:featuredmedia":[{"embeddable":true,"href":"https:\/\/agoravape.com\/sv\/wp-json\/wp\/v2\/media\/18420"}],"wp:attachment":[{"href":"https:\/\/agoravape.com\/sv\/wp-json\/wp\/v2\/media?parent=18392"}],"wp:term":[{"taxonomy":"product_brand","embeddable":true,"href":"https:\/\/agoravape.com\/sv\/wp-json\/wp\/v2\/product_brand?post=18392"},{"taxonomy":"product_cat","embeddable":true,"href":"https:\/\/agoravape.com\/sv\/wp-json\/wp\/v2\/product_cat?post=18392"},{"taxonomy":"product_tag","embeddable":true,"href":"https:\/\/agoravape.com\/sv\/wp-json\/wp\/v2\/product_tag?post=18392"}],"curies":[{"name":"wp","href":"https:\/\/api.w.org\/{rel}","templated":true}]}}