{"id":18456,"date":"2025-10-20T19:07:47","date_gmt":"2025-10-20T11:07:47","guid":{"rendered":"https:\/\/green-grasshopper-921422.hostingersite.com\/?post_type=product&#038;p=18456"},"modified":"2026-02-14T17:33:10","modified_gmt":"2026-02-14T16:33:10","slug":"uwin-twins-crystal-40k-dual-flavor","status":"publish","type":"product","link":"https:\/\/agoravape.com\/sv\/product\/uwin-twins-crystal-40k-dual-flavor\/","title":{"rendered":"Uwin Twins Crystal 40K Puffs Eng\u00e5ngsvape med Dubbel Smak | Tv\u00e5 Smaker, Stor Uth\u00e5llighet"},"content":{"rendered":"<h2 data-v-md-heading=\"what-is-special-about-the-uwin-twins-crystal-40k-suction-dual-flavored-disposable-vape\" data-v-md-line=\"3\"><img loading=\"lazy\" decoding=\"async\" class=\"aligncenter size-full wp-image-18455\" src=\"https:\/\/agoravape.com\/wp-content\/uploads\/2025\/10\/Uwin-Twins-Crystal-40K-Puffs-Dual-Flavor-Disposable-Vape_Agora_vape-2.webp\" alt=\"\" width=\"1474\" height=\"1020\" srcset=\"https:\/\/agoravape.com\/wp-content\/uploads\/2025\/10\/Uwin-Twins-Crystal-40K-Puffs-Dual-Flavor-Disposable-Vape_Agora_vape-2.webp 1474w, https:\/\/agoravape.com\/wp-content\/uploads\/2025\/10\/Uwin-Twins-Crystal-40K-Puffs-Dual-Flavor-Disposable-Vape_Agora_vape-2-1200x830.webp 1200w, https:\/\/agoravape.com\/wp-content\/uploads\/2025\/10\/Uwin-Twins-Crystal-40K-Puffs-Dual-Flavor-Disposable-Vape_Agora_vape-2-300x208.webp 300w, https:\/\/agoravape.com\/wp-content\/uploads\/2025\/10\/Uwin-Twins-Crystal-40K-Puffs-Dual-Flavor-Disposable-Vape_Agora_vape-2-1024x709.webp 1024w, https:\/\/agoravape.com\/wp-content\/uploads\/2025\/10\/Uwin-Twins-Crystal-40K-Puffs-Dual-Flavor-Disposable-Vape_Agora_vape-2-768x531.webp 768w\" sizes=\"auto, (max-width: 1474px) 100vw, 1474px\" \/><\/h2>\n<h2 data-v-md-heading=\"what-is-special-about-the-uwin-twins-crystal-40k-suction-dual-flavored-disposable-vape\" data-v-md-line=\"3\">Vad \u00e4r speciellt med Uwin Twins Crystal 40K sugkopp med dubbel smak och eng\u00e5ngsvape?<\/h2>\n<p data-v-md-line=\"4\">Om du \u00e4r tr\u00f6tt p\u00e5 att ofta byta apparater f\u00f6r smakf\u00f6r\u00e4ndringar kan den h\u00e4r produkten hj\u00e4lpa dig att spara dig mycket besv\u00e4r. Uwin Twins Crystal kombinerar tv\u00e5 smaker i en apparat, vilket g\u00f6r att du kan njuta av en blandning av smaker som passar ditt hum\u00f6r och som h\u00e5ller l\u00e4nge.<\/p>\n<p data-v-md-line=\"6\">Om du vill ha en uppladdningsbar eng\u00e5ngsvape som \u00e4r h\u00e5llbar och ger stabila smaker utan komplicerade inst\u00e4llningar, d\u00e5 \u00e4r den h\u00e4r produkten det perfekta valet. Ta bara en klunk f\u00f6r att anv\u00e4nda. Inget behov av att trycka p\u00e5 knappar, inget behov av att l\u00e4ra sig menyer.<\/p>\n<h2 data-v-md-heading=\"excellent-performance-without-any-complex-operations\" data-v-md-line=\"8\">Utm\u00e4rkt prestanda utan komplicerade operationer<\/h2>\n<p data-v-md-line=\"9\">0,6 \u03a9 mesh-spolen sitter i k\u00e4rnan av Twins Crystal, vilket s\u00e4kerst\u00e4ller j\u00e4mn \u00e5nga och fyllig smak fr\u00e5n f\u00f6rsta till sista tuggan. N\u00e4r batteriet \u00e4r l\u00e5gt kan du ladda den via Type-C-gr\u00e4nssnittet f\u00f6r att anv\u00e4nda alla e-v\u00e4tskor du har k\u00f6pt. Anslutningskabeln \u00e4r enkel och laddningen \u00e4r bekv\u00e4m.<\/p>\n<h2 data-v-md-heading=\"specification-introduction\" data-v-md-line=\"11\">Specification Introduction<\/h2>\n<ul data-v-md-line=\"12\">\n<li>Sugfrekvens: upp till 40000 g\u00e5nger<\/li>\n<li>Nikotin: Finns i fyra koncentrationer: 0 %, 2 %, 3 % och 5 % (specifikt utbud varierar beroende p\u00e5 marknad)<\/li>\n<li>E-v\u00e4tskekapacitet: 30 milliliter<\/li>\n<li>Batteri: 850 mAh uppladdningsbart batteri<\/li>\n<li>Atomiseringsk\u00e4rna: 0,6 \u03a9 mesh<\/li>\n<li>Funktionsprincip: Aktiveras med bara ett bloss<\/li>\n<li>Laddning: USB-gr\u00e4nssnitt av typ C<\/li>\n<li>Status: Klar att anv\u00e4nda direkt ur l\u00e5dan<\/li>\n<li>Format: Varje enhet inneh\u00e5ller tv\u00e5 smakkombinationer<\/li>\n<\/ul>\n<h2 data-v-md-heading=\"complete-flavor-lineup\" data-v-md-line=\"22\">Komplett smakutbud<\/h2>\n<ul data-v-md-line=\"23\">\n<li>Isbl\u00e5b\u00e4r\/sommarpersikoglass<\/li>\n<li>Kiwi passionsfrukt guava\/bl\u00e5b\u00e4r hallon<\/li>\n<li>Jordgubb, kiwi\/druvglass<\/li>\n<li>Kiwi passionsfrukt guava\/dubbelt \u00e4pple<\/li>\n<li>Jordgubb\/Vattenmelon\/Citronlime<\/li>\n<li>Bl\u00e5b\u00e4rs- och hallonglass\/k\u00f6rsb\u00e4rsglass<\/li>\n<li>Jordgubb Hallon K\u00f6rsb\u00e4r\/Mr. Blue<\/li>\n<li>Persika, Mango, Ananas\/Red Bull<\/li>\n<li>Vattenmelonis\/Blandade b\u00e4r<\/li>\n<li>Jordgubb Banan\/K\u00e4rlek 66 (Passionsfruktsmelon-is)<\/li>\n<\/ul>\n<p><img loading=\"lazy\" decoding=\"async\" class=\"aligncenter size-full wp-image-18454\" src=\"https:\/\/agoravape.com\/wp-content\/uploads\/2025\/10\/Uwin-Twins-Crystal-40K-Puffs-Dual-Flavor-Disposable-Vape_Agora_vape-1.webp\" alt=\"\" width=\"1200\" height=\"1200\" srcset=\"https:\/\/agoravape.com\/wp-content\/uploads\/2025\/10\/Uwin-Twins-Crystal-40K-Puffs-Dual-Flavor-Disposable-Vape_Agora_vape-1.webp 1200w, https:\/\/agoravape.com\/wp-content\/uploads\/2025\/10\/Uwin-Twins-Crystal-40K-Puffs-Dual-Flavor-Disposable-Vape_Agora_vape-1-600x600.webp 600w, https:\/\/agoravape.com\/wp-content\/uploads\/2025\/10\/Uwin-Twins-Crystal-40K-Puffs-Dual-Flavor-Disposable-Vape_Agora_vape-1-300x300.webp 300w, https:\/\/agoravape.com\/wp-content\/uploads\/2025\/10\/Uwin-Twins-Crystal-40K-Puffs-Dual-Flavor-Disposable-Vape_Agora_vape-1-1024x1024.webp 1024w, https:\/\/agoravape.com\/wp-content\/uploads\/2025\/10\/Uwin-Twins-Crystal-40K-Puffs-Dual-Flavor-Disposable-Vape_Agora_vape-1-150x150.webp 150w, https:\/\/agoravape.com\/wp-content\/uploads\/2025\/10\/Uwin-Twins-Crystal-40K-Puffs-Dual-Flavor-Disposable-Vape_Agora_vape-1-768x768.webp 768w\" sizes=\"auto, (max-width: 1200px) 100vw, 1200px\" \/><\/p>\n<h2 data-v-md-heading=\"for-you-and-for-your-business-as-well\" data-v-md-line=\"34\">F\u00f6r dig, och \u00e4ven f\u00f6r ditt f\u00f6retag<\/h2>\n<p data-v-md-line=\"35\">Du kan k\u00f6pa en separat f\u00f6r eget bruk eller fylla p\u00e5 lagret till din butik. Grossistf\u00f6rpackningen \u00e4r 10 stycken per l\u00e5da, med 160 stycken per l\u00e5da, vilket g\u00f6r det enkelt att fylla p\u00e5 lagret. Vikten p\u00e5 varje l\u00e5da \u00e4r 18,5 kilogram. Best\u00e4llningar av blandade smaker skickas slumpm\u00e4ssigt var 10:e enhet, s\u00e5 vi kan inte garantera att varje l\u00e5da har en specifik smak.<\/p>\n<p data-v-md-line=\"37\">Vi samarbetar med p\u00e5litliga partners som UPS, DPD och DHL f\u00f6r att tillhandah\u00e5lla DDP-frakttj\u00e4nster som betalar skatter i hela Europa, vilket s\u00e4kerst\u00e4ller att du inte st\u00f6ter p\u00e5 n\u00e5gra olyckor vid tullen. Meddelande om efterlevnad: Twins Crystal har en kapacitet p\u00e5 upp till 30 milliliter och erbjuder m\u00f6jligheten till h\u00f6gre nikotinhalt. Om du \u00e4r verksam p\u00e5 en marknad som regleras av TPD, v\u00e4nligen kontrollera lokala best\u00e4mmelser. I m\u00e5nga EU-l\u00e4nder \u00e4r en nikotinkoncentration p\u00e5 0 % vanligtvis en kompatibel f\u00f6rs\u00e4ljningsv\u00e4g, medan nikotinkoncentrationer \u00f6ver 0 % och stora volymer nikotin kanske inte \u00e4r till\u00e5tna.<\/p>\n<h2 data-v-md-heading=\"why-do-you-like-it\" data-v-md-line=\"39\">Why do you like it<\/h2>\n<ul data-v-md-line=\"40\">\n<li>Massiv sugkraft: F\u00e4rre utbytestider och mindre problem.<\/li>\n<li>Val av nikotinkoncentration: V\u00e4lj en koncentration som passar dina dagliga vanor.<\/li>\n<li>Uppladdningsbar: N\u00e4r batteriet \u00e4r urladdat kommer det inte att sl\u00f6sas bort e-v\u00e4tska.<\/li>\n<li>N\u00e4tspole: bibeh\u00e5ller en j\u00e4mn smak och tillfredsst\u00e4ller varje sug.<\/li>\n<li>Dubbel smakinst\u00e4llning: En enhet erbjuder tv\u00e5 konfigurationer som kan v\u00e4xlas utan att \u00e4ndra vapen.<\/li>\n<\/ul>\n<h2 data-v-md-heading=\"why-collaborate-with-agoravape\" data-v-md-line=\"46\">Why collaborate with AgoraVape?<\/h2>\n<p data-v-md-line=\"47\">Vi k\u00f6per och s\u00e4ljer endast 100 % \u00e4kta produkter f\u00f6r att s\u00e4kerst\u00e4lla kundn\u00f6jdhet och st\u00e4rka ditt rykte. Med Uwin Twins Crystal 40K eng\u00e5ngsvape med dubbla smaker f\u00e5r du rabatterade grossistpriser, stark support och snabb leverans via DDP. Om du beh\u00f6ver ett lager med bra f\u00f6rs\u00e4ljning och smak, v\u00e4nligen kontakta oss.<\/p>","protected":false},"excerpt":{"rendered":"<p>&nbsp;<\/p>","protected":false},"featured_media":18498,"comment_status":"open","ping_status":"closed","template":"","meta":[],"product_brand":[244],"product_cat":[124,187,185,189,176,1674,174,175,193,191,171,173,186,180,190],"product_tag":[],"class_list":{"0":"post-18456","1":"product","2":"type-product","3":"status-publish","4":"has-post-thumbnail","6":"product_brand-uwin","7":"product_cat-vape-by-brand","8":"product_cat-0mg-nicotine-free-vapes","9":"product_cat-10000-puffs-high-capacity","10":"product_cat-20mg-standard-nicotine-vapes","11":"product_cat-beverage","12":"product_cat-eu-warehouse","13":"product_cat-fruit-flavors","14":"product_cat-icy-mint","15":"product_cat-mesh-coil","16":"product_cat-rechargeable-disposables","17":"product_cat-uwin","18":"product_cat-vape-by-flavor-profile","19":"product_cat-vape-by-nicotine-strength","20":"product_cat-vape-by-puff-count","21":"product_cat-vape-by-feature-or-type","23":"first","24":"instock","25":"shipping-taxable","26":"purchasable","27":"product-type-variable","28":"has-default-attributes"},"tiered_pricing_type":"percentage","tiered_pricing_fixed_rules":[],"tiered_pricing_product_settings":{"layout":"default","base_unit_name":{"singular":null,"plural":null},"default_variation":null},"tiered_pricing_minimum_quantity":10,"tiered_pricing_roles_data":[],"tiered_pricing_percentage_rules":{"30":"29","50":"35","100":"40","200":"44","500":"47","1000":"49"},"tiered_pricing_maximum_quantity":null,"tiered_pricing_quantity_step":"10","_links":{"self":[{"href":"https:\/\/agoravape.com\/sv\/wp-json\/wp\/v2\/product\/18456","targetHints":{"allow":["GET"]}}],"collection":[{"href":"https:\/\/agoravape.com\/sv\/wp-json\/wp\/v2\/product"}],"about":[{"href":"https:\/\/agoravape.com\/sv\/wp-json\/wp\/v2\/types\/product"}],"replies":[{"embeddable":true,"href":"https:\/\/agoravape.com\/sv\/wp-json\/wp\/v2\/comments?post=18456"}],"version-history":[{"count":0,"href":"https:\/\/agoravape.com\/sv\/wp-json\/wp\/v2\/product\/18456\/revisions"}],"wp:featuredmedia":[{"embeddable":true,"href":"https:\/\/agoravape.com\/sv\/wp-json\/wp\/v2\/media\/18498"}],"wp:attachment":[{"href":"https:\/\/agoravape.com\/sv\/wp-json\/wp\/v2\/media?parent=18456"}],"wp:term":[{"taxonomy":"product_brand","embeddable":true,"href":"https:\/\/agoravape.com\/sv\/wp-json\/wp\/v2\/product_brand?post=18456"},{"taxonomy":"product_cat","embeddable":true,"href":"https:\/\/agoravape.com\/sv\/wp-json\/wp\/v2\/product_cat?post=18456"},{"taxonomy":"product_tag","embeddable":true,"href":"https:\/\/agoravape.com\/sv\/wp-json\/wp\/v2\/product_tag?post=18456"}],"curies":[{"name":"wp","href":"https:\/\/api.w.org\/{rel}","templated":true}]}}