{"id":19258,"date":"2025-10-29T15:14:53","date_gmt":"2025-10-29T07:14:53","guid":{"rendered":"https:\/\/agoravape.com\/?post_type=product&#038;p=19258"},"modified":"2026-03-26T13:22:49","modified_gmt":"2026-03-26T12:22:49","slug":"bang-28000-puffar-mesh-vape","status":"publish","type":"product","link":"https:\/\/agoravape.com\/sv\/product\/bang-28000-puffs-mesh-vape\/","title":{"rendered":"Bang 28000 Puffs Eng\u00e5ngsvape | Riktigt l\u00e5ngvarig smak"},"content":{"rendered":"<h2 data-v-md-heading=\"what-s-special-about-bang-28000\" data-v-md-line=\"3\">Vad \u00e4r speciellt med Bang 28000?<\/h2>\n<p data-v-md-line=\"5\">Om du \u00e4r tr\u00f6tt p\u00e5 eng\u00e5ngsvapor som f\u00e5r slut p\u00e5 batteri inom en vecka, d\u00e5 m\u00e5ste du ta en titt p\u00e5 den h\u00e4r produkten. Designfilosofin bakom Bang 28000 \u00e4r bara en: h\u00e5llbarhet. Den har en batteritid p\u00e5 upp till 28000 bloss, vilket g\u00f6r att du kan njuta av o\u00e4ndliga r\u00f6kupplevelser. Du kanske tror att en s\u00e5 h\u00e5llbar vape skulle vara klumpig, men du kommer att bli positivt \u00f6verraskad \u00f6ver att den \u00e4r v\u00e4ldigt bekv\u00e4m. F\u00f6r vape-anv\u00e4ndare som bara vill ha p\u00e5litlighet, utm\u00e4rkt smak och enkel anv\u00e4ndning \u00e4r det ett idealiskt val.<\/p>\n<h2 data-v-md-heading=\"excellent-performance-simple-and-easy-to-use\" data-v-md-line=\"7\">Excellent performance, simple and easy to use<\/h2>\n<p data-v-md-line=\"9\">Hemligheten bakom den utm\u00e4rkta smaken hos Bang 28000 ligger i dess inbyggda n\u00e4tf\u00f6rstoftande k\u00e4rna. Denna teknik s\u00e4kerst\u00e4ller en rik och j\u00e4mn smak, s\u00e5 att du kan njuta av samma underbara smak som den f\u00f6rsta tuggan med varje tugga. Inga knappar eller inst\u00e4llningar kr\u00e4vs; bara inhalera f\u00f6r att starta. N\u00e4r batteriet \u00e4r l\u00e5gt anv\u00e4nder du helt enkelt en vanlig typ-C-datakabel f\u00f6r att ladda, precis som du laddar din telefon. Enkelt och bekv\u00e4mt.<\/p>\n<h2 data-v-md-heading=\"quick-specifications\" data-v-md-line=\"11\">Snabba specifikationer<\/h2>\n<p data-v-md-line=\"13\"><strong>Antal sugportar:<\/strong>\u00a0upp till 28000.<br \/>\n<strong>Nikotinkoncentration:<\/strong>\u00a0Finns i fyra koncentrationsalternativ: 0 %, 2 %, 3 % och 5 %.<br \/>\n<strong>Working principle:<\/strong>\u00a0Andas bara in f\u00f6r att aktivera.<br \/>\n<em>Charging method:<\/em>* Standard Type-C USB interface.<br \/>\n<strong>Status:<\/strong>\u00a0Ready to use upon unboxing.<\/p>\n<h2 data-v-md-heading=\"full-range-of-flavors\" data-v-md-line=\"19\">Fullt utbud av smaker<\/h2>\n<ul data-v-md-line=\"20\">\n<li>Jordgubbsvattenmelonglass<\/li>\n<li>Bl\u00e5 isbanan<\/li>\n<li>Tigerblod (Blod och sand)<\/li>\n<li>Pineapple Coconut<\/li>\n<li>Jordgubb och banan<\/li>\n<li>Blandade frukter<\/li>\n<li>Bl\u00e5b\u00e4r och hallon<\/li>\n<li>Persikois<\/li>\n<li>Mango och persika<\/li>\n<li>Vattenmelon<\/li>\n<li>Druvis<\/li>\n<li>Jordgubb, kiwi<\/li>\n<\/ul>\n<h2 data-v-md-heading=\"for-you-for-your-business\" data-v-md-line=\"33\">F\u00f6r dig, f\u00f6r ditt f\u00f6retag<\/h2>\n<p data-v-md-line=\"34\">Vi erbjuder ett separat k\u00f6p av Bang 28000, men om du \u00e4r f\u00f6retagare kan du ocks\u00e5 fylla p\u00e5 lagret. De s\u00e4ljs till ett grossistpris p\u00e5 200 stycken per l\u00e5da, vilket g\u00f6r det enkelt f\u00f6r dig att l\u00e4gga dem p\u00e5 hyllorna. Vi skickar via betrodda DDP-partners som UPS, DPD och DHL \u00f6ver hela Europa, s\u00e5 att du kan f\u00e5 dina best\u00e4llningar snabbt och p\u00e5litligt och undvika ov\u00e4ntade situationer i tullen.<\/p>\n<h2 data-v-md-heading=\"why-do-you-like-it\" data-v-md-line=\"36\">Why do you like it<\/h2>\n<p data-v-md-line=\"37\"><strong>Extra sugkraft:<\/strong>\u00a0Det k\u00e4nns som att den sugs ner f\u00f6r alltid, s\u00e5 man beh\u00f6ver inte k\u00f6pa nya ofta.<br \/>\n<strong>Nicotine selection:<\/strong>\u00a0Du kan v\u00e4lja den nikotinkoncentration som passar dig, fr\u00e5n nikotinfritt till starkare nikotin.<br \/>\n<strong>Uppladdningsbar:<\/strong>\u00a0betyder att du kan anv\u00e4nda varje droppe e-v\u00e4tska du k\u00f6per.<br \/>\n<strong>N\u00e4tspiral:<\/strong>\u00a0Det ger en j\u00e4mn och fyllig smak varje g\u00e5ng.<\/p>\n<h2 data-v-md-heading=\"why-collaborate-with-agoravape\" data-v-md-line=\"42\">Why collaborate with AgoraVape?<\/h2>\n<p data-v-md-line=\"43\">Som en av de mest betrodda vape-distribut\u00f6rerna i Europa s\u00e4ljer vi endast 100 % \u00e4kta produkter. F\u00f6r v\u00e5ra kommersiella kunder inneb\u00e4r detta att Bang 28000 vapes har rabatterade grossistpriser, p\u00e5litlig support och snabb och p\u00e5litlig transport. Kontakta oss s\u00e5 levererar vi en produkt som v\u00e5ra kunder verkligen uppskattar.<\/p>","protected":false},"excerpt":{"rendered":"<p>What\u2019s special about Bang 28000? If you\u2019re tired of disposable vapes that run out of battery before a week, then<\/p>","protected":false},"featured_media":19280,"comment_status":"open","ping_status":"closed","template":"","meta":[],"product_brand":[197],"product_cat":[124,187,185,189,123,174,175,193,191,179,173,186,180,190],"product_tag":[],"class_list":{"0":"post-19258","1":"product","2":"type-product","3":"status-publish","4":"has-post-thumbnail","6":"product_brand-bang","7":"product_cat-vape-by-brand","8":"product_cat-0mg-nicotine-free-vapes","9":"product_cat-10000-puffs-high-capacity","10":"product_cat-20mg-standard-nicotine-vapes","11":"product_cat-bang","12":"product_cat-fruit-flavors","13":"product_cat-icy-mint","14":"product_cat-mesh-coil","15":"product_cat-rechargeable-disposables","16":"product_cat-unique-blends","17":"product_cat-vape-by-flavor-profile","18":"product_cat-vape-by-nicotine-strength","19":"product_cat-vape-by-puff-count","20":"product_cat-vape-by-feature-or-type","22":"first","23":"instock","24":"shipping-taxable","25":"purchasable","26":"product-type-variable","27":"has-default-attributes"},"tiered_pricing_type":"percentage","tiered_pricing_fixed_rules":[],"tiered_pricing_product_settings":{"layout":"default","base_unit_name":{"singular":null,"plural":null},"default_variation":null},"tiered_pricing_minimum_quantity":10,"tiered_pricing_roles_data":[],"tiered_pricing_percentage_rules":{"30":"29","50":"35","100":"40","200":"44","500":"47","1000":"49"},"tiered_pricing_maximum_quantity":null,"tiered_pricing_quantity_step":"10","_links":{"self":[{"href":"https:\/\/agoravape.com\/sv\/wp-json\/wp\/v2\/product\/19258","targetHints":{"allow":["GET"]}}],"collection":[{"href":"https:\/\/agoravape.com\/sv\/wp-json\/wp\/v2\/product"}],"about":[{"href":"https:\/\/agoravape.com\/sv\/wp-json\/wp\/v2\/types\/product"}],"replies":[{"embeddable":true,"href":"https:\/\/agoravape.com\/sv\/wp-json\/wp\/v2\/comments?post=19258"}],"version-history":[{"count":0,"href":"https:\/\/agoravape.com\/sv\/wp-json\/wp\/v2\/product\/19258\/revisions"}],"wp:featuredmedia":[{"embeddable":true,"href":"https:\/\/agoravape.com\/sv\/wp-json\/wp\/v2\/media\/19280"}],"wp:attachment":[{"href":"https:\/\/agoravape.com\/sv\/wp-json\/wp\/v2\/media?parent=19258"}],"wp:term":[{"taxonomy":"product_brand","embeddable":true,"href":"https:\/\/agoravape.com\/sv\/wp-json\/wp\/v2\/product_brand?post=19258"},{"taxonomy":"product_cat","embeddable":true,"href":"https:\/\/agoravape.com\/sv\/wp-json\/wp\/v2\/product_cat?post=19258"},{"taxonomy":"product_tag","embeddable":true,"href":"https:\/\/agoravape.com\/sv\/wp-json\/wp\/v2\/product_tag?post=19258"}],"curies":[{"name":"wp","href":"https:\/\/api.w.org\/{rel}","templated":true}]}}