{"id":19282,"date":"2025-10-29T17:00:15","date_gmt":"2025-10-29T09:00:15","guid":{"rendered":"https:\/\/agoravape.com\/?post_type=product&#038;p=19282"},"modified":"2026-03-26T13:22:49","modified_gmt":"2026-03-26T12:22:49","slug":"bang-30000-puffar-vape-med-dubbel-smak","status":"publish","type":"product","link":"https:\/\/agoravape.com\/sv\/product\/bang-30000-puffs-dual-flavor-vape\/","title":{"rendered":"Bang 30000 Puffs Dubbel Smak | Tv\u00e5 Smaker, En Enkel Apparat"},"content":{"rendered":"<h2 data-v-md-heading=\"what-s-special-about-bang-s-30000-dual-flavored-vapes\" data-v-md-line=\"3\"><img loading=\"lazy\" decoding=\"async\" class=\"size-full wp-image-19311 alignright\" src=\"https:\/\/agoravape.com\/wp-content\/uploads\/2025\/10\/Bang-30000-Puffs-Dual-Flavor-Two-Flavours-One-Simple-Device_Agora_vape-16.webp\" alt=\"\" width=\"800\" height=\"800\" srcset=\"https:\/\/agoravape.com\/wp-content\/uploads\/2025\/10\/Bang-30000-Puffs-Dual-Flavor-Two-Flavours-One-Simple-Device_Agora_vape-16.webp 800w, https:\/\/agoravape.com\/wp-content\/uploads\/2025\/10\/Bang-30000-Puffs-Dual-Flavor-Two-Flavours-One-Simple-Device_Agora_vape-16-600x600.webp 600w, https:\/\/agoravape.com\/wp-content\/uploads\/2025\/10\/Bang-30000-Puffs-Dual-Flavor-Two-Flavours-One-Simple-Device_Agora_vape-16-300x300.webp 300w, https:\/\/agoravape.com\/wp-content\/uploads\/2025\/10\/Bang-30000-Puffs-Dual-Flavor-Two-Flavours-One-Simple-Device_Agora_vape-16-150x150.webp 150w, https:\/\/agoravape.com\/wp-content\/uploads\/2025\/10\/Bang-30000-Puffs-Dual-Flavor-Two-Flavours-One-Simple-Device_Agora_vape-16-768x768.webp 768w\" sizes=\"auto, (max-width: 800px) 100vw, 800px\" \/><\/h2>\n<h2 data-v-md-heading=\"what-s-special-about-bang-s-30000-dual-flavored-vapes\" data-v-md-line=\"3\">Vad \u00e4r speciellt med Bangs 30 000 vapes med dubbla smaker?<\/h2>\n<p data-v-md-line=\"5\">Har du n\u00e5gonsin k\u00f6pt en eng\u00e5ngsvape med stor kapacitet men tr\u00f6ttnat p\u00e5 smaken innan du hade r\u00f6kt f\u00e4rdigt? Bang 30000 erbjuder en smart och enkel l\u00f6sning. Det \u00e4r inte bara en smak, utan tv\u00e5. Med bara ett l\u00e4tt tryck kan du byta smak n\u00e4r som helst, vilket verkligen \u00e4r en fantastisk funktion. Den kan h\u00e5lla din upplevelse fr\u00e4sch och intressant till sista tuggan.<\/p>\n<p data-v-md-line=\"7\">F\u00f6r dig som gillar att prova olika smaker men inte vill ha med dig tv\u00e5 olika enheter \u00e4r detta det perfekta valet. Denna vape \u00e4r designad f\u00f6r att erbjuda valuta f\u00f6r pengarna och utm\u00e4rkt smak, och \u00e4r extremt enkel att anv\u00e4nda. Du f\u00e5r en p\u00e5litlig och h\u00e5llbar vape som aldrig kommer att g\u00f6ra dig besviken.<\/p>\n<h2 data-v-md-heading=\"excellent-performance-and-simple-operation\" data-v-md-line=\"9\">Utm\u00e4rkt prestanda och enkel anv\u00e4ndning<\/h2>\n<p data-v-md-line=\"11\">Hemligheten bakom dess utm\u00e4rkta smak ligger i dess interna n\u00e4tspiraler. Den har en enhetlig v\u00e4rmedesign f\u00f6r att s\u00e4kerst\u00e4lla att e-v\u00e4tskan v\u00e4rms upp j\u00e4mnt, oavsett om du tar ditt f\u00f6rsta bloss eller tusentals bloss, kan du f\u00e5 en fyllig och stabil smak. Du kanske tror att den h\u00e4r vapen t\u00e5l s\u00e5 m\u00e5nga bloss, och att operationen borde vara v\u00e4ldigt komplicerad, men i sj\u00e4lva verket \u00e4r den f\u00f6rv\u00e5nansv\u00e4rt enkel.<\/p>\n<p data-v-md-line=\"13\">N\u00e4r batteriet \u00e4r l\u00e5gt \u00e4r den utrustad med ett standardgr\u00e4nssnitt av typ C f\u00f6r laddning. Du beh\u00f6ver bara anv\u00e4nda samma datakabel som du vanligtvis anv\u00e4nder f\u00f6r att ladda din telefon eller andra elektroniska enheter. Detta \u00e4r en liten detalj som g\u00f6r anv\u00e4ndarupplevelsen mer bekv\u00e4m.<\/p>\n<h2 data-v-md-heading=\"quick-specifications\" data-v-md-line=\"15\">Snabba specifikationer<\/h2>\n<p data-v-md-line=\"17\"><strong>Antal sugportar:<\/strong>\u00a0upp till 30 000 portar<\/p>\n<p data-v-md-line=\"19\"><strong>e-liquid capacity:<\/strong>\u00a0F\u00f6rinstallerad 36 ml e-v\u00e4tska<\/p>\n<p data-v-md-line=\"21\"><strong>Nikotinkoncentration:<\/strong>\u00a0Finns i fyra koncentrationsalternativ: 0 %, 2 %, 3 % och 5 %.<\/p>\n<p data-v-md-line=\"23\"><strong>Usage:<\/strong>\u00a0Inhale to activate<\/p>\n<p data-v-md-line=\"25\"><strong>Charging method:<\/strong>\u00a0Standard Type-C USB interface<\/p>\n<p data-v-md-line=\"27\"><strong>Status:<\/strong>\u00a0Ready to use out of the box<\/p>\n<h2 data-v-md-heading=\"complete-flavor-lineup\" data-v-md-line=\"29\">Komplett smakutbud<\/h2>\n<ul data-v-md-line=\"31\">\n<li>Vattenmelon\/Bl\u00e5b\u00e4r Pepparmynta<\/li>\n<li>Surt \u00e4pple\/bl\u00e5b\u00e4r\/hallon<\/li>\n<li>Red Bull\/Jordgubbsmango<\/li>\n<li>Druvglass\/K\u00f6rsb\u00e4rscola<\/li>\n<li>Persikois\/Jordgubbsvattenmelon<\/li>\n<li>Love66\/Jordgubbskiwi<\/li>\n<li>K\u00f6rsb\u00e4rsblommande druva\/jordgubbslichi<\/li>\n<li>Blandad frukt\/bl\u00e5b\u00e4rsglass<\/li>\n<li>Black Dragon Ice\/Jordgubb\/Banan<\/li>\n<li>Mango Persika\/Banan Is<\/li>\n<li>Dubbel \u00e4pple\/kiwi passionsfruktsguava<\/li>\n<li>Mint Ice\/Trippelb\u00e4r<\/li>\n<li>Bl\u00e5b\u00e4r, k\u00f6rsb\u00e4r, tranb\u00e4r\/vattenmelonb\u00e4r<\/li>\n<li>Ananasis\/Bl\u00e5b\u00e4r Hallon Bj\u00f6rnb\u00e4r<\/li>\n<li>Lila regn\/jordgubb hallon k\u00f6rsb\u00e4rsglass<\/li>\n<li>Bj\u00f6rnb\u00e4r bl\u00e5b\u00e4r is\/mango ananas persika<\/li>\n<\/ul>\n<h2 data-v-md-heading=\"suitable-for-you-and-your-business\" data-v-md-line=\"48\">L\u00e4mplig f\u00f6r dig och ditt f\u00f6retag<\/h2>\n<p data-v-md-line=\"50\">Vi har lanserat Bang 30000 vape-produkter med dubbla smaker, som du kan k\u00f6pa separat. Om du \u00e4r handlare kan du ocks\u00e5 g\u00f6ra bulkk\u00f6p. Vi erbjuder grossistf\u00f6rpackningar p\u00e5 200 enheter, vilket \u00e4r det perfekta valet f\u00f6r alla vape-butikers diskar.<\/p>\n<p data-v-md-line=\"52\">Vi samarbetar med betrodda logistikpartners som UPS, DPD och DHL f\u00f6r att hantera alla logistikfr\u00e5gor. Alla produkter levereras efter skatt (DDP), vilket inneb\u00e4r att priset du ser \u00e4r det slutliga priset du betalar. Du beh\u00f6ver inte oroa dig f\u00f6r att tullen tar ut n\u00e5gra extra avgifter eller skatter.<\/p>\n<h2 data-v-md-heading=\"the-reason-why-you-will-like-it\" data-v-md-line=\"54\">Anledningen till att du kommer att gilla det<\/h2>\n<p data-v-md-line=\"56\"><strong>Ultral\u00e5ng batteritid:<\/strong>\u00a0H\u00e5llbar och l\u00e5ngvarig, vilket sparar dig utgifter och minskar antalet g\u00e5nger du g\u00e5r till butiken.<\/p>\n<p data-v-md-line=\"58\"><strong>Dubbla smaker:<\/strong>\u00a0Tr\u00f6tt p\u00e5 en smak? Byt bara till ett annat alternativ. Det \u00e4r som att ha tv\u00e5 vapes.<\/p>\n<p data-v-md-line=\"60\"><strong>Nicotine selection:<\/strong>\u00a0Du kan v\u00e4lja l\u00e4mplig nikotinkoncentration efter dina egna behov, fr\u00e5n nikotinfri till starkare smak, allt finns tillg\u00e4ngligt.<\/p>\n<p data-v-md-line=\"62\"><strong>Uppladdningsbar:<\/strong>\u00a0Det betyder att du fullt ut kan utnyttja de 36 milliliter e-v\u00e4tska du k\u00f6pt.<\/p>\n<p data-v-md-line=\"64\"><strong>Mesh atomizing core:<\/strong>\u00a0Det kan ge en stabil och rik smak varje g\u00e5ng.<\/p>\n<h2 data-v-md-heading=\"why-choose-to-collaborate-with-agoravape\" data-v-md-line=\"66\">Varf\u00f6r v\u00e4lja att samarbeta med AgoraVape?<\/h2>\n<p data-v-md-line=\"68\">Som en av de mest betrodda vape-distribut\u00f6rerna i Europa s\u00e4ljer vi endast 100 % \u00e4kta produkter. F\u00f6r v\u00e5ra f\u00f6retagskunder inneb\u00e4r detta att Bang 30000 vapes med dubbla smaker kommer att ge dig mycket konkurrenskraftiga grossistpriser, p\u00e5litlig teknisk support och snabba och stabila leveranser. Kontakta oss omedelbart f\u00f6r att verkligen tacka dina kunder f\u00f6r att de tillhandah\u00e5ller denna produkt.<\/p>\n<p><script src=\"chrome-extension:\/\/fpelahbljekknahkcaegamhcndkfpfnc\/iFrame.js\" type=\"text\/javascript\"><\/script><\/p>","protected":false},"excerpt":{"rendered":"<p>&nbsp;<\/p>\n<p><script src=\"chrome-extension:\/\/fpelahbljekknahkcaegamhcndkfpfnc\/iFrame.js\" type=\"text\/javascript\"><\/script><\/p>","protected":false},"featured_media":19296,"comment_status":"open","ping_status":"closed","template":"","meta":[],"product_brand":[197],"product_cat":[124,187,185,189,123,176,195,174,175,193,191,173,186,180,190],"product_tag":[],"class_list":{"0":"post-19282","1":"product","2":"type-product","3":"status-publish","4":"has-post-thumbnail","6":"product_brand-bang","7":"product_cat-vape-by-brand","8":"product_cat-0mg-nicotine-free-vapes","9":"product_cat-10000-puffs-high-capacity","10":"product_cat-20mg-standard-nicotine-vapes","11":"product_cat-bang","12":"product_cat-beverage","13":"product_cat-dual-flavor-switch","14":"product_cat-fruit-flavors","15":"product_cat-icy-mint","16":"product_cat-mesh-coil","17":"product_cat-rechargeable-disposables","18":"product_cat-vape-by-flavor-profile","19":"product_cat-vape-by-nicotine-strength","20":"product_cat-vape-by-puff-count","21":"product_cat-vape-by-feature-or-type","23":"first","24":"instock","25":"shipping-taxable","26":"purchasable","27":"product-type-variable","28":"has-default-attributes"},"tiered_pricing_type":"percentage","tiered_pricing_fixed_rules":[],"tiered_pricing_product_settings":{"layout":"default","base_unit_name":{"singular":null,"plural":null},"default_variation":null},"tiered_pricing_minimum_quantity":10,"tiered_pricing_roles_data":[],"tiered_pricing_percentage_rules":{"30":"29","50":"35","100":"40","200":"44","500":"47","1000":"49"},"tiered_pricing_maximum_quantity":null,"tiered_pricing_quantity_step":"10","_links":{"self":[{"href":"https:\/\/agoravape.com\/sv\/wp-json\/wp\/v2\/product\/19282","targetHints":{"allow":["GET"]}}],"collection":[{"href":"https:\/\/agoravape.com\/sv\/wp-json\/wp\/v2\/product"}],"about":[{"href":"https:\/\/agoravape.com\/sv\/wp-json\/wp\/v2\/types\/product"}],"replies":[{"embeddable":true,"href":"https:\/\/agoravape.com\/sv\/wp-json\/wp\/v2\/comments?post=19282"}],"version-history":[{"count":0,"href":"https:\/\/agoravape.com\/sv\/wp-json\/wp\/v2\/product\/19282\/revisions"}],"wp:featuredmedia":[{"embeddable":true,"href":"https:\/\/agoravape.com\/sv\/wp-json\/wp\/v2\/media\/19296"}],"wp:attachment":[{"href":"https:\/\/agoravape.com\/sv\/wp-json\/wp\/v2\/media?parent=19282"}],"wp:term":[{"taxonomy":"product_brand","embeddable":true,"href":"https:\/\/agoravape.com\/sv\/wp-json\/wp\/v2\/product_brand?post=19282"},{"taxonomy":"product_cat","embeddable":true,"href":"https:\/\/agoravape.com\/sv\/wp-json\/wp\/v2\/product_cat?post=19282"},{"taxonomy":"product_tag","embeddable":true,"href":"https:\/\/agoravape.com\/sv\/wp-json\/wp\/v2\/product_tag?post=19282"}],"curies":[{"name":"wp","href":"https:\/\/api.w.org\/{rel}","templated":true}]}}