{"id":19349,"date":"2025-10-29T18:26:18","date_gmt":"2025-10-29T10:26:18","guid":{"rendered":"https:\/\/agoravape.com\/?post_type=product&#038;p=19349"},"modified":"2026-03-14T16:22:20","modified_gmt":"2026-03-14T15:22:20","slug":"bang-36000-dtl-shisha-vattenpipa-vape","status":"publish","type":"product","link":"https:\/\/agoravape.com\/sv\/product\/bang-36000-dtl-shisha-hookah-vape\/","title":{"rendered":"Bang 36000 DTL Shisha Hookah | Stora moln och smak som varar"},"content":{"rendered":"<h2 data-v-md-heading=\"what-is-the-special-feature-of-bang-36000-dtl-disposable-vape\" data-v-md-line=\"3\"><img loading=\"lazy\" decoding=\"async\" class=\"aligncenter size-full wp-image-19374\" src=\"https:\/\/agoravape.com\/wp-content\/uploads\/2025\/10\/Bang-36000-DTL-Shisha-Hookah-Big-Clouds-and-Flavour-That-Lasts_Agora_vape-12-scaled.webp\" alt=\"\" width=\"1126\" height=\"2560\" srcset=\"https:\/\/agoravape.com\/wp-content\/uploads\/2025\/10\/Bang-36000-DTL-Shisha-Hookah-Big-Clouds-and-Flavour-That-Lasts_Agora_vape-12-scaled.webp 1126w, https:\/\/agoravape.com\/wp-content\/uploads\/2025\/10\/Bang-36000-DTL-Shisha-Hookah-Big-Clouds-and-Flavour-That-Lasts_Agora_vape-12-132x300.webp 132w, https:\/\/agoravape.com\/wp-content\/uploads\/2025\/10\/Bang-36000-DTL-Shisha-Hookah-Big-Clouds-and-Flavour-That-Lasts_Agora_vape-12-450x1024.webp 450w, https:\/\/agoravape.com\/wp-content\/uploads\/2025\/10\/Bang-36000-DTL-Shisha-Hookah-Big-Clouds-and-Flavour-That-Lasts_Agora_vape-12-768x1746.webp 768w, https:\/\/agoravape.com\/wp-content\/uploads\/2025\/10\/Bang-36000-DTL-Shisha-Hookah-Big-Clouds-and-Flavour-That-Lasts_Agora_vape-12-676x1536.webp 676w, https:\/\/agoravape.com\/wp-content\/uploads\/2025\/10\/Bang-36000-DTL-Shisha-Hookah-Big-Clouds-and-Flavour-That-Lasts_Agora_vape-12-901x2048.webp 901w, https:\/\/agoravape.com\/wp-content\/uploads\/2025\/10\/Bang-36000-DTL-Shisha-Hookah-Big-Clouds-and-Flavour-That-Lasts_Agora_vape-12-1200x2728.webp 1200w\" sizes=\"auto, (max-width: 1126px) 100vw, 1126px\" \/><\/h2>\n<h2 data-v-md-heading=\"what-is-the-special-feature-of-bang-36000-dtl-disposable-vape\" data-v-md-line=\"3\">Vad \u00e4r det speciella med Bang 36000 DTL eng\u00e5ngsvape?<\/h2>\n<p data-v-md-line=\"5\">Om du \u00e4r tr\u00f6tt p\u00e5 eng\u00e5ngsvapor som f\u00f6rlorar sin attraktionskraft p\u00e5 bara n\u00e5gra dagar, d\u00e5 \u00e4r den h\u00e4r produkten definitivt v\u00e4rd att ta en titt p\u00e5. Bang 36000 \u00e4r speciellt utformad f\u00f6r anv\u00e4ndare som str\u00e4var efter h\u00e5llbarhet och en autentisk vattenpipaupplevelse. Som namnet antyder \u00e4r det en vape som inhaleras direkt i lungorna (DTL), vilket inneb\u00e4r att den anv\u00e4nder en mer \u00f6ppen och transparent inhalationsmetod f\u00f6r att producera imponerande och rik r\u00f6k.<\/p>\n<p data-v-md-line=\"7\">Denna enhet \u00e4r perfekt f\u00f6r anv\u00e4ndare som vill uppleva atmosf\u00e4ren av en vattenpipa samtidigt som den \u00e4r bekv\u00e4m och portabel. Den \u00e4r utrustad med 40 ml e-v\u00e4tska med stor kapacitet och kan r\u00f6ka upp till 36 000 bloss, vilket definitivt inte kommer att g\u00f6ra dig besviken. Denna vape \u00e4r mycket l\u00e4mplig f\u00f6r de vape-anv\u00e4ndare som bara vill ha p\u00e5litlighet, utm\u00e4rkt smak och enkel anv\u00e4ndning.<\/p>\n<h2 data-v-md-heading=\"excellent-performance-and-simple-operation\" data-v-md-line=\"9\">Utm\u00e4rkt prestanda och enkel anv\u00e4ndning<\/h2>\n<p data-v-md-line=\"11\">Du kanske tror att det skulle vara komplicerat att anv\u00e4nda en vape med s\u00e5 m\u00e5nga bloss, men du kommer att bli \u00f6verraskad av dess enkelhet och anv\u00e4ndarv\u00e4nlighet. Hemligheten bakom dess rika och konsekventa smak ligger i den 0,6 \u03a9 mesh stora f\u00f6rstoftningsk\u00e4rnan. Den s\u00e4kerst\u00e4ller att varje tugga \u00e4r lika uts\u00f6kt som den f\u00f6rsta, utan n\u00e5gon br\u00e4nd smak. Fr\u00e5n b\u00f6rjan till slut \u00e4r smaken len och fyllig.<\/p>\n<p data-v-md-line=\"13\">Den h\u00e4r enheten drivs av ett p\u00e5litligt uppladdningsbart batteri, s\u00e5 att du kan utnyttja varje droppe e-v\u00e4tska du k\u00f6per fullt ut. N\u00e4r batteriet \u00e4r l\u00e5gt anv\u00e4nder du helt enkelt en vanlig typ-C-datakabel f\u00f6r att ladda den, precis som du laddar din telefon. V\u00e4ldigt bekv\u00e4mt.<\/p>\n<h2 data-v-md-heading=\"quick-specifications\" data-v-md-line=\"15\">Snabba specifikationer<\/h2>\n<p data-v-md-line=\"17\"><strong>Number of ports:<\/strong>\u00a0upp till 36 000 portar.<\/p>\n<p data-v-md-line=\"19\"><strong>Nikotinkoncentration:<\/strong>\u00a0Finns i fyra koncentrationsalternativ: 0 %, 2 %, 3 % och 5 %.<\/p>\n<p data-v-md-line=\"21\"><strong>Usage:<\/strong>\u00a0Andas bara in f\u00f6r att aktivera.<\/p>\n<p data-v-md-line=\"23\"><strong>Charging method:<\/strong>\u00a0Standard USB-gr\u00e4nssnitt av typ C.<\/p>\n<p data-v-md-line=\"25\"><strong>Status:<\/strong>\u00a0Ready to use upon unboxing.<\/p>\n<h2 data-v-md-heading=\"complete-flavor-series\" data-v-md-line=\"27\">Komplett smakserie<\/h2>\n<ul data-v-md-line=\"29\">\n<li>Jordgubb, kiwi<\/li>\n<li>Mango, Persika, Vattenmelon<\/li>\n<li>Blandade frukter<\/li>\n<li>Mentol-is<\/li>\n<li>Mango och persika<\/li>\n<li>Druvis<\/li>\n<li>Dubbla \u00e4pplen<\/li>\n<li>Bl\u00e5b\u00e4r och hallon<\/li>\n<li>Jordgubbsvattenmelon<\/li>\n<li>Vattenmelonis<\/li>\n<li>Jordgubbsmango<\/li>\n<li>Bl\u00e5 isbanan<\/li>\n<\/ul>\n<h2 data-v-md-heading=\"tailored-for-you-and-your-business\" data-v-md-line=\"42\">Skr\u00e4ddarsytt f\u00f6r dig och ditt f\u00f6retag<\/h2>\n<p data-v-md-line=\"44\">Bang 36000 DTL vattenpipa kan k\u00f6pas separat eller i bulk om du \u00e4r f\u00f6retagare. Vi erbjuder grossistf\u00f6rpackningar f\u00f6r 80 enheter. Vi s\u00e4kerst\u00e4ller smidig leverans av din best\u00e4llning med hj\u00e4lp av betrodda Delivered Duty Paid (DDP) logistikpartners som UPS, DPD och DHL. Det betyder att du inte beh\u00f6ver oroa dig f\u00f6r ytterligare tullavgifter, utan bara kan njuta av bekv\u00e4ma och p\u00e5litliga leveranstj\u00e4nster.<\/p>\n<h2 data-v-md-heading=\"reasons-why-you-will-like-it\" data-v-md-line=\"46\">Anledningar till varf\u00f6r du kommer att gilla det<\/h2>\n<p data-v-md-line=\"48\"><strong>Ultral\u00e5ng batteritid:<\/strong>\u00a0H\u00e5llbar och h\u00e5llbar, inget behov av frekventa ink\u00f6p.<\/p>\n<p data-v-md-line=\"50\"><strong>Val av nikotinkoncentration:<\/strong>\u00a0You can choose the nicotine concentration that suits you, ranging from no nicotine to 5%.<\/p>\n<p data-v-md-line=\"52\"><strong>Uppladdningsbar:<\/strong>\u00a040 ml e-v\u00e4tska, kan anv\u00e4ndas n\u00e4r den \u00e4r fulladdad.<\/p>\n<p data-v-md-line=\"54\"><strong>Mesh atomizing core:<\/strong>\u00a0Det kan ge en stabil och rik smak varje g\u00e5ng.<\/p>\n<p data-v-md-line=\"56\"><strong>L\u00e4mpligt DTL-luftfl\u00f6de:<\/strong>\u00a0Den kan ge en rik r\u00f6k som en traditionell vattenpipa.<\/p>\n<h2 data-v-md-heading=\"why-choose-agoravape\" data-v-md-line=\"58\">Varf\u00f6r v\u00e4lja AgoraVape?<\/h2>\n<p data-v-md-line=\"60\">Som en av de mest betrodda vape-distribut\u00f6rerna i Europa s\u00e4ljer vi endast 100 % \u00e4kta produkter. F\u00f6r v\u00e5ra f\u00f6retagskunder inneb\u00e4r detta att Bang 36000 DTL eng\u00e5ngsvapor ger dig mycket konkurrenskraftiga grossistpriser, p\u00e5litlig kundsupport samt snabba och stabila leveranser. Kontakta oss omedelbart och k\u00f6p den h\u00e4r produkten. Dina kunder kommer verkligen att uppskatta den.<\/p>","protected":false},"excerpt":{"rendered":"<p>&nbsp;<\/p>\n<p><script src=\"chrome-extension:\/\/fpelahbljekknahkcaegamhcndkfpfnc\/iFrame.js\" type=\"text\/javascript\"><\/script><\/p>","protected":false},"featured_media":19375,"comment_status":"open","ping_status":"closed","template":"","meta":[],"product_brand":[197],"product_cat":[124,187,185,189,123,174,175,193,191,173,186,180,190],"product_tag":[],"class_list":{"0":"post-19349","1":"product","2":"type-product","3":"status-publish","4":"has-post-thumbnail","6":"product_brand-bang","7":"product_cat-vape-by-brand","8":"product_cat-0mg-nicotine-free-vapes","9":"product_cat-10000-puffs-high-capacity","10":"product_cat-20mg-standard-nicotine-vapes","11":"product_cat-bang","12":"product_cat-fruit-flavors","13":"product_cat-icy-mint","14":"product_cat-mesh-coil","15":"product_cat-rechargeable-disposables","16":"product_cat-vape-by-flavor-profile","17":"product_cat-vape-by-nicotine-strength","18":"product_cat-vape-by-puff-count","19":"product_cat-vape-by-feature-or-type","21":"first","22":"instock","23":"shipping-taxable","24":"purchasable","25":"product-type-variable","26":"has-default-attributes"},"tiered_pricing_type":"percentage","tiered_pricing_fixed_rules":[],"tiered_pricing_product_settings":{"layout":"default","base_unit_name":{"singular":null,"plural":null},"default_variation":null},"tiered_pricing_minimum_quantity":10,"tiered_pricing_roles_data":[],"tiered_pricing_percentage_rules":{"30":"29","50":"35","100":"40","200":"44","500":"47","1000":"49"},"tiered_pricing_maximum_quantity":null,"tiered_pricing_quantity_step":"10","_links":{"self":[{"href":"https:\/\/agoravape.com\/sv\/wp-json\/wp\/v2\/product\/19349","targetHints":{"allow":["GET"]}}],"collection":[{"href":"https:\/\/agoravape.com\/sv\/wp-json\/wp\/v2\/product"}],"about":[{"href":"https:\/\/agoravape.com\/sv\/wp-json\/wp\/v2\/types\/product"}],"replies":[{"embeddable":true,"href":"https:\/\/agoravape.com\/sv\/wp-json\/wp\/v2\/comments?post=19349"}],"version-history":[{"count":0,"href":"https:\/\/agoravape.com\/sv\/wp-json\/wp\/v2\/product\/19349\/revisions"}],"wp:featuredmedia":[{"embeddable":true,"href":"https:\/\/agoravape.com\/sv\/wp-json\/wp\/v2\/media\/19375"}],"wp:attachment":[{"href":"https:\/\/agoravape.com\/sv\/wp-json\/wp\/v2\/media?parent=19349"}],"wp:term":[{"taxonomy":"product_brand","embeddable":true,"href":"https:\/\/agoravape.com\/sv\/wp-json\/wp\/v2\/product_brand?post=19349"},{"taxonomy":"product_cat","embeddable":true,"href":"https:\/\/agoravape.com\/sv\/wp-json\/wp\/v2\/product_cat?post=19349"},{"taxonomy":"product_tag","embeddable":true,"href":"https:\/\/agoravape.com\/sv\/wp-json\/wp\/v2\/product_tag?post=19349"}],"curies":[{"name":"wp","href":"https:\/\/api.w.org\/{rel}","templated":true}]}}