{"id":19439,"date":"2025-10-30T09:44:27","date_gmt":"2025-10-30T01:44:27","guid":{"rendered":"https:\/\/agoravape.com\/?post_type=product&#038;p=19439"},"modified":"2026-01-30T17:05:52","modified_gmt":"2026-01-30T09:05:52","slug":"bang-blaze-42000-puffs-dual-mesh-vape","status":"publish","type":"product","link":"https:\/\/agoravape.com\/sv\/product\/bang-blaze-42000-puffs-dual-mesh-vape\/","title":{"rendered":"Bang Blaze 42000 Puffs | Massiv smak som varar"},"content":{"rendered":"<h2 data-v-md-heading=\"what-is-special-about-bang-blaze-42000-mouth\" data-v-md-line=\"3\"><img loading=\"lazy\" decoding=\"async\" class=\"aligncenter size-full wp-image-19455\" src=\"https:\/\/agoravape.com\/wp-content\/uploads\/2025\/10\/Bang-Blaze-42000-Puffs-Massive-Flavour-That-Lasts_Agora_vape-scaled.webp\" alt=\"\" width=\"1652\" height=\"2560\" srcset=\"https:\/\/agoravape.com\/wp-content\/uploads\/2025\/10\/Bang-Blaze-42000-Puffs-Massive-Flavour-That-Lasts_Agora_vape-scaled.webp 1652w, https:\/\/agoravape.com\/wp-content\/uploads\/2025\/10\/Bang-Blaze-42000-Puffs-Massive-Flavour-That-Lasts_Agora_vape-scaled-1200x1860.webp 1200w, https:\/\/agoravape.com\/wp-content\/uploads\/2025\/10\/Bang-Blaze-42000-Puffs-Massive-Flavour-That-Lasts_Agora_vape-194x300.webp 194w, https:\/\/agoravape.com\/wp-content\/uploads\/2025\/10\/Bang-Blaze-42000-Puffs-Massive-Flavour-That-Lasts_Agora_vape-661x1024.webp 661w, https:\/\/agoravape.com\/wp-content\/uploads\/2025\/10\/Bang-Blaze-42000-Puffs-Massive-Flavour-That-Lasts_Agora_vape-768x1190.webp 768w, https:\/\/agoravape.com\/wp-content\/uploads\/2025\/10\/Bang-Blaze-42000-Puffs-Massive-Flavour-That-Lasts_Agora_vape-991x1536.webp 991w, https:\/\/agoravape.com\/wp-content\/uploads\/2025\/10\/Bang-Blaze-42000-Puffs-Massive-Flavour-That-Lasts_Agora_vape-1321x2048.webp 1321w\" sizes=\"auto, (max-width: 1652px) 100vw, 1652px\" \/><\/h2>\n<h2 data-v-md-heading=\"what-is-special-about-bang-blaze-42000-mouth\" data-v-md-line=\"3\">Vad \u00e4r speciellt med Bang Blaze 42000 mouth?<\/h2>\n<p data-v-md-line=\"5\">Om du \u00e4r tr\u00f6tt p\u00e5 eng\u00e5ngsvapor som f\u00f6rlorar sin energi p\u00e5 bara n\u00e5gra dagar, d\u00e5 m\u00e5ste du ta en titt p\u00e5 den h\u00e4r produkten. Bang Blaze \u00e4r definitivt en h\u00e5llbar vape med en r\u00e4ckvidd p\u00e5 upp till 42000 bloss, vilket inneb\u00e4r att den \u00e4r l\u00e5ngvarig. Du kanske tror att en s\u00e5 kraftfull vape har en stor volym, men du kommer att bli \u00f6verraskad av dess komfort n\u00e4r den h\u00e5lls i handen. F\u00f6r alla som vill ha en p\u00e5litlig, uts\u00f6kt och l\u00e4ttanv\u00e4nd vape \u00e4r det det perfekta valet. Inget behov av oljeinjektion, inga behov av komplexa inst\u00e4llningar \u2013 njut av en enkel och tillfredsst\u00e4llande upplevelse fr\u00e5n b\u00f6rjan till slut.<\/p>\n<h2 data-v-md-heading=\"excellent-performance-and-easy-operation\" data-v-md-line=\"7\">Utm\u00e4rkt prestanda och enkel anv\u00e4ndning<\/h2>\n<p data-v-md-line=\"9\">Hemligheten bakom dess utm\u00e4rkta smak ligger i de inbyggda dubbeln\u00e4tsspolarna. Enkelt uttryckt kan den h\u00e4r tekniken j\u00e4mnt v\u00e4rma e-v\u00e4tskan, vilket s\u00e4kerst\u00e4ller att varje tugga \u00e4r lika uts\u00f6kt som den f\u00f6rsta. Du kommer inte att smaka br\u00e4nd som andra eng\u00e5ngsvapor n\u00e4r du n\u00e4stan \u00e4r klar med r\u00f6kningen. Den \u00e4r utrustad med ett kraftfullt 1000mAh-batteri som kan m\u00f6ta dina behov. N\u00e4r batteriet \u00e4r l\u00e5gt anv\u00e4nder du helt enkelt en vanlig typ-C-datakabel f\u00f6r att ladda den, precis som den du anv\u00e4nder f\u00f6r att ladda din telefon. V\u00e4ldigt bekv\u00e4mt.<\/p>\n<h2 data-v-md-heading=\"product-specifications\" data-v-md-line=\"11\">Produktspecifikationer<\/h2>\n<p data-v-md-line=\"13\"><strong>Smoking frequency:<\/strong>\u00a0upp till 42000 bloss<\/p>\n<p data-v-md-line=\"15\"><strong>Nikotinkoncentration:<\/strong>\u00a0Finns i fyra koncentrationsalternativ: 0 %, 2 %, 3 % och 5 %<\/p>\n<p data-v-md-line=\"17\"><strong>Usage:<\/strong>\u00a0Inhale to activate<\/p>\n<p data-v-md-line=\"19\"><strong>Charging method:<\/strong>\u00a0Standard Type-C USB interface<\/p>\n<p data-v-md-line=\"21\"><strong>Status:<\/strong>\u00a0Ready to use out of the box<\/p>\n<p data-v-md-line=\"21\"><img loading=\"lazy\" decoding=\"async\" class=\"aligncenter size-full wp-image-19454\" src=\"https:\/\/agoravape.com\/wp-content\/uploads\/2025\/10\/Bang-Blaze-42000-Puffs-Massive-Flavour-That-Lasts_Agora_vape-2-scaled.webp\" alt=\"\" width=\"1243\" height=\"2560\" srcset=\"https:\/\/agoravape.com\/wp-content\/uploads\/2025\/10\/Bang-Blaze-42000-Puffs-Massive-Flavour-That-Lasts_Agora_vape-2-scaled.webp 1243w, https:\/\/agoravape.com\/wp-content\/uploads\/2025\/10\/Bang-Blaze-42000-Puffs-Massive-Flavour-That-Lasts_Agora_vape-2-scaled-1200x2471.webp 1200w, https:\/\/agoravape.com\/wp-content\/uploads\/2025\/10\/Bang-Blaze-42000-Puffs-Massive-Flavour-That-Lasts_Agora_vape-2-146x300.webp 146w, https:\/\/agoravape.com\/wp-content\/uploads\/2025\/10\/Bang-Blaze-42000-Puffs-Massive-Flavour-That-Lasts_Agora_vape-2-497x1024.webp 497w, https:\/\/agoravape.com\/wp-content\/uploads\/2025\/10\/Bang-Blaze-42000-Puffs-Massive-Flavour-That-Lasts_Agora_vape-2-768x1581.webp 768w, https:\/\/agoravape.com\/wp-content\/uploads\/2025\/10\/Bang-Blaze-42000-Puffs-Massive-Flavour-That-Lasts_Agora_vape-2-746x1536.webp 746w, https:\/\/agoravape.com\/wp-content\/uploads\/2025\/10\/Bang-Blaze-42000-Puffs-Massive-Flavour-That-Lasts_Agora_vape-2-995x2048.webp 995w\" sizes=\"auto, (max-width: 1243px) 100vw, 1243px\" \/><\/p>\n<h2 data-v-md-heading=\"complete-flavor-lineup\" data-v-md-line=\"23\">Komplett smakutbud<\/h2>\n<ul data-v-md-line=\"25\">\n<li>Som<\/li>\n<li>Bl\u00e5b\u00e4rsmynta<\/li>\n<li>Dubbla \u00e4pplen<\/li>\n<li>Persikois<\/li>\n<li>Bl\u00e5b\u00e4r och hallon<\/li>\n<li>Bl\u00e5 isbanan<\/li>\n<li>Bl\u00e5b\u00e4r och persikor<\/li>\n<li>Vattenmelon<\/li>\n<li>Jordgubbsvattenmelon<\/li>\n<li>Jordgubbslichi<\/li>\n<li>Druvliknande<\/li>\n<li>Blandade frukter<\/li>\n<\/ul>\n<h2 data-v-md-heading=\"tailored-for-you-and-your-business\" data-v-md-line=\"38\">Skr\u00e4ddarsytt f\u00f6r dig och ditt f\u00f6retag<\/h2>\n<p data-v-md-line=\"40\">Bang Blaze 42000 finns nu tillg\u00e4ngligt f\u00f6r privatk\u00f6p, och om du \u00e4r f\u00f6retagare kan du \u00e4ven k\u00f6pa i bulk. De levereras i grossistf\u00f6rpackningar med 160 cigaretter per l\u00e5da, s\u00e5 att du kan f\u00f6rse dina kunder med en vape-produkt som de kan \u00e5terk\u00f6pa kontinuerligt. Vi samarbetar med p\u00e5litliga Delivered Duty Paid (DDP)-partners som UPS, DPD och DHL f\u00f6r att hantera alla transportfr\u00e5gor. Det betyder att du inte beh\u00f6ver oroa dig f\u00f6r ytterligare tullavgifter, och hela processen fr\u00e5n v\u00e5rt lager till din d\u00f6rr kommer att g\u00e5 smidigt och obehindrat.<\/p>\n<h2 data-v-md-heading=\"the-reason-why-you-will-like-it\" data-v-md-line=\"42\">Anledningen till att du kommer att gilla det<\/h2>\n<p data-v-md-line=\"44\"><strong>Ultral\u00e5ng batteritid:<\/strong>\u00a0L\u00e4ngre batteritid, inget behov av att k\u00f6pa nya produkter ofta.<\/p>\n<p data-v-md-line=\"46\"><strong>Val av nikotinkoncentration:<\/strong>\u00a0Du kan v\u00e4lja den nikotinkoncentration som passar dig.<\/p>\n<p data-v-md-line=\"48\"><strong>Uppladdningsbar:<\/strong>\u00a0l\u00e5ter dig anv\u00e4nda upp varenda droppe av den k\u00f6pta 30 ml e-v\u00e4tskan.<\/p>\n<p data-v-md-line=\"50\"><strong>Dubbelmaskig f\u00f6r\u00e5ngark\u00e4rna:<\/strong>\u00a0Det kan ge en stabil och rik smak varje g\u00e5ng.<\/p>\n<h2 data-v-md-heading=\"why-choose-to-collaborate-with-agoravape\" data-v-md-line=\"52\">Varf\u00f6r v\u00e4lja att samarbeta med AgoraVape?<\/h2>\n<p data-v-md-line=\"54\">Som en av de mest betrodda vape-distribut\u00f6rerna i Europa s\u00e4ljer vi endast 100 % \u00e4kta produkter. F\u00f6r v\u00e5ra f\u00f6retagskunder inneb\u00e4r detta att Bang Blaze 42000-produkterna erbjuder mycket konkurrenskraftiga grossistpriser, p\u00e5litlig eftermarknadssupport och snabba och stabila leveranstj\u00e4nster. Kontakta oss omedelbart f\u00f6r att introducera den h\u00e4r produkten, och dina kunder kommer verkligen att uppskatta den.<\/p>","protected":false},"excerpt":{"rendered":"<p>&nbsp;<\/p>\n<p><script src=\"chrome-extension:\/\/fpelahbljekknahkcaegamhcndkfpfnc\/iFrame.js\" type=\"text\/javascript\"><\/script><\/p>\n<p><script src=\"chrome-extension:\/\/fpelahbljekknahkcaegamhcndkfpfnc\/iFrame.js\" type=\"text\/javascript\"><\/script><\/p>\n<p><script src=\"chrome-extension:\/\/fpelahbljekknahkcaegamhcndkfpfnc\/iFrame.js\" type=\"text\/javascript\"><\/script><\/p>","protected":false},"featured_media":19453,"comment_status":"open","ping_status":"closed","template":"","meta":[],"product_brand":[197],"product_cat":[124,187,185,189,123,174,175,193,191,173,186,180,190],"product_tag":[],"class_list":{"0":"post-19439","1":"product","2":"type-product","3":"status-publish","4":"has-post-thumbnail","6":"product_brand-bang","7":"product_cat-vape-by-brand","8":"product_cat-0mg-nicotine-free-vapes","9":"product_cat-10000-puffs-high-capacity","10":"product_cat-20mg-standard-nicotine-vapes","11":"product_cat-bang","12":"product_cat-fruit-flavors","13":"product_cat-icy-mint","14":"product_cat-mesh-coil","15":"product_cat-rechargeable-disposables","16":"product_cat-vape-by-flavor-profile","17":"product_cat-vape-by-nicotine-strength","18":"product_cat-vape-by-puff-count","19":"product_cat-vape-by-feature-or-type","21":"first","22":"instock","23":"shipping-taxable","24":"purchasable","25":"product-type-variable","26":"has-default-attributes"},"tiered_pricing_type":"percentage","tiered_pricing_fixed_rules":[],"tiered_pricing_product_settings":{"layout":"default","base_unit_name":{"singular":null,"plural":null},"default_variation":null},"tiered_pricing_minimum_quantity":10,"tiered_pricing_roles_data":[],"tiered_pricing_percentage_rules":{"30":"29","50":"35","100":"40","200":"44","500":"47","1000":"49"},"tiered_pricing_maximum_quantity":null,"tiered_pricing_quantity_step":"10","_links":{"self":[{"href":"https:\/\/agoravape.com\/sv\/wp-json\/wp\/v2\/product\/19439","targetHints":{"allow":["GET"]}}],"collection":[{"href":"https:\/\/agoravape.com\/sv\/wp-json\/wp\/v2\/product"}],"about":[{"href":"https:\/\/agoravape.com\/sv\/wp-json\/wp\/v2\/types\/product"}],"replies":[{"embeddable":true,"href":"https:\/\/agoravape.com\/sv\/wp-json\/wp\/v2\/comments?post=19439"}],"version-history":[{"count":0,"href":"https:\/\/agoravape.com\/sv\/wp-json\/wp\/v2\/product\/19439\/revisions"}],"wp:featuredmedia":[{"embeddable":true,"href":"https:\/\/agoravape.com\/sv\/wp-json\/wp\/v2\/media\/19453"}],"wp:attachment":[{"href":"https:\/\/agoravape.com\/sv\/wp-json\/wp\/v2\/media?parent=19439"}],"wp:term":[{"taxonomy":"product_brand","embeddable":true,"href":"https:\/\/agoravape.com\/sv\/wp-json\/wp\/v2\/product_brand?post=19439"},{"taxonomy":"product_cat","embeddable":true,"href":"https:\/\/agoravape.com\/sv\/wp-json\/wp\/v2\/product_cat?post=19439"},{"taxonomy":"product_tag","embeddable":true,"href":"https:\/\/agoravape.com\/sv\/wp-json\/wp\/v2\/product_tag?post=19439"}],"curies":[{"name":"wp","href":"https:\/\/api.w.org\/{rel}","templated":true}]}}