{"id":19485,"date":"2025-10-30T10:34:52","date_gmt":"2025-10-30T02:34:52","guid":{"rendered":"https:\/\/agoravape.com\/?post_type=product&#038;p=19485"},"modified":"2026-01-13T01:03:16","modified_gmt":"2026-01-12T17:03:16","slug":"bang-blaze-bk40s-40000-puffar-dubbel-smak","status":"publish","type":"product","link":"https:\/\/agoravape.com\/sv\/product\/bang-blaze-bk40s-40000-puffs-dual-flavor\/","title":{"rendered":"Bang Blaze BK40S 40000 Puffs | Tv\u00e5 smaker i ett, inget kr\u00e5ngel"},"content":{"rendered":"<h2 data-v-md-heading=\"what-is-the-special-feature-of-bang-blaze-bk40s-40000-dual-flavored-vape\" data-v-md-line=\"3\"><img loading=\"lazy\" decoding=\"async\" class=\"size-full wp-image-19499 alignright\" src=\"https:\/\/agoravape.com\/wp-content\/uploads\/2025\/10\/Bang-Blaze-BK40S-40000-Puffs-Two-Flavours-in-One-Zero-Hassle_Agora_vape-1-scaled.webp\" alt=\"\" width=\"828\" height=\"2560\" srcset=\"https:\/\/agoravape.com\/wp-content\/uploads\/2025\/10\/Bang-Blaze-BK40S-40000-Puffs-Two-Flavours-in-One-Zero-Hassle_Agora_vape-1-scaled.webp 828w, https:\/\/agoravape.com\/wp-content\/uploads\/2025\/10\/Bang-Blaze-BK40S-40000-Puffs-Two-Flavours-in-One-Zero-Hassle_Agora_vape-1-97x300.webp 97w, https:\/\/agoravape.com\/wp-content\/uploads\/2025\/10\/Bang-Blaze-BK40S-40000-Puffs-Two-Flavours-in-One-Zero-Hassle_Agora_vape-1-331x1024.webp 331w, https:\/\/agoravape.com\/wp-content\/uploads\/2025\/10\/Bang-Blaze-BK40S-40000-Puffs-Two-Flavours-in-One-Zero-Hassle_Agora_vape-1-497x1536.webp 497w, https:\/\/agoravape.com\/wp-content\/uploads\/2025\/10\/Bang-Blaze-BK40S-40000-Puffs-Two-Flavours-in-One-Zero-Hassle_Agora_vape-1-662x2048.webp 662w, https:\/\/agoravape.com\/wp-content\/uploads\/2025\/10\/Bang-Blaze-BK40S-40000-Puffs-Two-Flavours-in-One-Zero-Hassle_Agora_vape-1-1200x3712.webp 1200w\" sizes=\"auto, (max-width: 828px) 100vw, 828px\" \/><\/h2>\n<h2 data-v-md-heading=\"what-is-the-special-feature-of-bang-blaze-bk40s-40000-dual-flavored-vape\" data-v-md-line=\"3\">Vad \u00e4r det speciella med Bang Blaze BK40S 40000 vape med dubbla smaker?<\/h2>\n<p data-v-md-line=\"5\">Okej, l\u00e5t oss prata om tristess. Du k\u00f6pte en eng\u00e5ngsvape med stor kapacitet i hopp om att den ska h\u00e5lla l\u00e4nge, men efter n\u00e5gra dagar kommer du att tr\u00f6ttna p\u00e5 samma smak. Vid det h\u00e4r laget kom Bang Blaze BK40S v\u00e4l till pass. Den h\u00e4r enheten undergr\u00e4ver den traditionella vape-upplevelsen genom att blanda tv\u00e5 helt olika och uts\u00f6kta smaker i en vape. Vill du ha en smakf\u00f6r\u00e4ndring? Tryck bara l\u00e4tt p\u00e5 knappen.<\/p>\n<p data-v-md-line=\"7\">F\u00f6r dig som gillar olika smaker men inte vill b\u00e4ra med dig tv\u00e5 enheter \u00e4r detta det perfekta valet. Om du bara vill ha en p\u00e5litlig, uts\u00f6kt och fr\u00e4sch vape, d\u00e5 \u00e4r den h\u00e4r produkten definitivt v\u00e4rd din uppm\u00e4rksamhet. Denna vape \u00e4r designad f\u00f6r h\u00e5llbarhet och kan ge en r\u00f6kupplevelse p\u00e5 upp till 40 000 bloss.<\/p>\n<h2 data-v-md-heading=\"excellent-performance-and-easy-operation\" data-v-md-line=\"9\">Utm\u00e4rkt prestanda och enkel anv\u00e4ndning<\/h2>\n<p data-v-md-line=\"11\">Du kanske tror att en vape med s\u00e5 m\u00e5nga r\u00f6kportar och tv\u00e5 smaker skulle vara komplicerat, men i verkligheten \u00e4r det v\u00e4ldigt enkelt. Mystiken ligger i designen av den dubbla mesh-spolen. Det betyder att oavsett vilken smak du v\u00e4ljer \u00e4r varje tugga lika uts\u00f6kt som den f\u00f6rsta \u2013 smaken \u00e4r konsekvent, fyllig och len, \u00e4nda till den sista tuggan.<\/p>\n<p data-v-md-line=\"13\">\u00c4ven om batteriet \u00e4r l\u00e5gt beh\u00f6ver du inte oroa dig. Anv\u00e4nd bara en vanlig typ-C-datakabel f\u00f6r att ladda, precis som du laddar din telefon. Det betyder att du kan utnyttja de 40 ml e-v\u00e4tska du k\u00f6pt fullt ut utan att l\u00e4mna en enda droppe. Allt \u00e4r t\u00e4nkt att g\u00f6ra ditt liv enklare.<\/p>\n<h2 data-v-md-heading=\"quick-specifications\" data-v-md-line=\"15\">Snabba specifikationer<\/h2>\n<p data-v-md-line=\"17\"><strong>Smoking frequency:<\/strong>\u00a0upp till 40 000 bloss<\/p>\n<p data-v-md-line=\"19\"><strong>Nikotinkoncentration:<\/strong>\u00a0Finns i tre koncentrationer: 2 %, 3 % och 5 %<\/p>\n<p data-v-md-line=\"21\"><strong>Usage:<\/strong>\u00a0Inhalationsaktivering och kan v\u00e4xlas via en enkel smakomkopplare<\/p>\n<p data-v-md-line=\"23\"><strong>Charging method:<\/strong>\u00a0Standard Type-C USB interface<\/p>\n<p data-v-md-line=\"25\"><strong>Status:<\/strong>\u00a0Ready to use out of the box<\/p>\n<h2 data-v-md-heading=\"complete-flavor-lineup\" data-v-md-line=\"27\">Komplett smakutbud<\/h2>\n<p data-v-md-line=\"29\">Sp\u00e4nningen ligger h\u00e4r. Varje enhet levereras f\u00f6rinstallerad med tv\u00e5 perfekt matchade smaker.<\/p>\n<ul data-v-md-line=\"31\">\n<li>Vattenmelon smak\/Jordgubbsvattenmelon smak<\/li>\n<li>Bl\u00e5b\u00e4rsissmak\/Bl\u00e5b\u00e4rs-hallonsmak<\/li>\n<li>Mangoissmak\/Jordgubbsmangosmak<\/li>\n<li>Vattenmelon smak\/Vattenmelon Bubble Gum smak<\/li>\n<li>Ananasissmak\/Ananas-kokossmak<\/li>\n<li>Smak av blandad frukt\/smak av tre b\u00e4r<\/li>\n<li>Persikoissmak\/Mangopersikosmak<\/li>\n<li>K\u00f6rsb\u00e4rssmak\/K\u00f6rsb\u00e4rscolasmak<\/li>\n<li>Druvsmak\/Bl\u00e5b\u00e4rsdruvsmak<\/li>\n<li>Mintsmak\/Bl\u00e5b\u00e4rsmintsmak<\/li>\n<li>Black Dragon Ice-smak\/Red Bull-smak<\/li>\n<li>Jordgubbsissmak\/Jordgubbskonstig fruktsmak<\/li>\n<\/ul>\n<h2 data-v-md-heading=\"tailored-for-you-and-your-business\" data-v-md-line=\"44\">Skr\u00e4ddarsytt f\u00f6r dig och ditt f\u00f6retag<\/h2>\n<p data-v-md-line=\"46\">Bang Blaze BK40S finns nu tillg\u00e4nglig f\u00f6r k\u00f6p av enskilda flaskor, och om du \u00e4r f\u00f6retagare kan du \u00e4ven k\u00f6pa i bulk. Vi erbjuder grossistf\u00f6rpackningar med 200 flaskor\/l\u00e5da, vilket g\u00f6r det enkelt f\u00f6r dig att ge kunderna verkligt unika produkter.<\/p>\n<p data-v-md-line=\"48\">Vi samarbetar med betrodda Delivered Duty Paid (DDP)-partners som UPS, DPD och DHL f\u00f6r att transportera produkter till olika platser i Europa. Det inneb\u00e4r att du snabbt kan ta emot best\u00e4llningar, sp\u00e5ra logistikinformation genom hela processen och inte oroa dig f\u00f6r ytterligare tullavgifter. Allt \u00e4r enkelt och tydligt, precis som de produkter vi s\u00e4ljer.<\/p>\n<h2 data-v-md-heading=\"reasons-why-you-will-like-it\" data-v-md-line=\"50\">Anledningar till varf\u00f6r du kommer att gilla det<\/h2>\n<p data-v-md-line=\"52\"><strong>Ultral\u00e5ng batteritid:<\/strong>\u00a0H\u00e5llbar och h\u00e5llbar, inget behov av frekventa ink\u00f6p.<\/p>\n<p data-v-md-line=\"54\"><strong>Dubbla smaker:<\/strong>\u00a0l\u00e5ter dig byta smak n\u00e4r som helst och s\u00e4ga adj\u00f6 till monotonin.<\/p>\n<p data-v-md-line=\"56\"><strong>Uppladdningsbar:<\/strong>\u00a0Med en batterikapacitet p\u00e5 650mAh kan du njuta av e-v\u00e4tska till fullo.<\/p>\n<p data-v-md-line=\"58\"><strong>Dubbelmaskig f\u00f6r\u00e5ngark\u00e4rna:<\/strong>\u00a0Det kan ge en stabil och rik smak varje g\u00e5ng.<\/p>\n<h2 data-v-md-heading=\"why-choose-agoravape\" data-v-md-line=\"60\">Varf\u00f6r v\u00e4lja AgoraVape?<\/h2>\n<p data-v-md-line=\"62\">Som en av de mest betrodda vape-distribut\u00f6rerna i Europa s\u00e4ljer vi endast 100 % \u00e4kta produkter. F\u00f6r v\u00e5ra f\u00f6retagskunder inneb\u00e4r detta att Bang Blaze BK40S erbjuder rabatterade grossistpriser, omfattande teknisk support och snabb och p\u00e5litlig leverans. Kontakta oss f\u00f6r att f\u00e5 dina kunder att verkligen uppskatta de produkter ni tillhandah\u00e5ller.<\/p>","protected":false},"excerpt":{"rendered":"<p>&nbsp;<\/p>\n<p><script src=\"chrome-extension:\/\/fpelahbljekknahkcaegamhcndkfpfnc\/iFrame.js\" type=\"text\/javascript\"><\/script><\/p>\n<p><script src=\"chrome-extension:\/\/fpelahbljekknahkcaegamhcndkfpfnc\/iFrame.js\" type=\"text\/javascript\"><\/script><\/p>\n<p><script src=\"chrome-extension:\/\/fpelahbljekknahkcaegamhcndkfpfnc\/iFrame.js\" type=\"text\/javascript\"><\/script><\/p>","protected":false},"featured_media":19509,"comment_status":"open","ping_status":"closed","template":"","meta":[],"product_brand":[197],"product_cat":[124,187,185,189,1639,123,176,195,174,175,193,191,173,186,180,190],"product_tag":[],"class_list":{"0":"post-19485","1":"product","2":"type-product","3":"status-publish","4":"has-post-thumbnail","6":"product_brand-bang","7":"product_cat-vape-by-brand","8":"product_cat-0mg-nicotine-free-vapes","9":"product_cat-10000-puffs-high-capacity","10":"product_cat-20mg-standard-nicotine-vapes","11":"product_cat-40000-puffs","12":"product_cat-bang","13":"product_cat-beverage","14":"product_cat-dual-flavor-switch","15":"product_cat-fruit-flavors","16":"product_cat-icy-mint","17":"product_cat-mesh-coil","18":"product_cat-rechargeable-disposables","19":"product_cat-vape-by-flavor-profile","20":"product_cat-vape-by-nicotine-strength","21":"product_cat-vape-by-puff-count","22":"product_cat-vape-by-feature-or-type","24":"first","25":"instock","26":"shipping-taxable","27":"purchasable","28":"product-type-variable","29":"has-default-attributes"},"tiered_pricing_type":"percentage","tiered_pricing_fixed_rules":[],"tiered_pricing_product_settings":{"layout":"default","base_unit_name":{"singular":null,"plural":null},"default_variation":null},"tiered_pricing_minimum_quantity":10,"tiered_pricing_roles_data":[],"tiered_pricing_percentage_rules":{"30":"29","50":"35","100":"40","200":"44","500":"47","1000":"49"},"tiered_pricing_maximum_quantity":null,"tiered_pricing_quantity_step":"10","_links":{"self":[{"href":"https:\/\/agoravape.com\/sv\/wp-json\/wp\/v2\/product\/19485","targetHints":{"allow":["GET"]}}],"collection":[{"href":"https:\/\/agoravape.com\/sv\/wp-json\/wp\/v2\/product"}],"about":[{"href":"https:\/\/agoravape.com\/sv\/wp-json\/wp\/v2\/types\/product"}],"replies":[{"embeddable":true,"href":"https:\/\/agoravape.com\/sv\/wp-json\/wp\/v2\/comments?post=19485"}],"version-history":[{"count":0,"href":"https:\/\/agoravape.com\/sv\/wp-json\/wp\/v2\/product\/19485\/revisions"}],"wp:featuredmedia":[{"embeddable":true,"href":"https:\/\/agoravape.com\/sv\/wp-json\/wp\/v2\/media\/19509"}],"wp:attachment":[{"href":"https:\/\/agoravape.com\/sv\/wp-json\/wp\/v2\/media?parent=19485"}],"wp:term":[{"taxonomy":"product_brand","embeddable":true,"href":"https:\/\/agoravape.com\/sv\/wp-json\/wp\/v2\/product_brand?post=19485"},{"taxonomy":"product_cat","embeddable":true,"href":"https:\/\/agoravape.com\/sv\/wp-json\/wp\/v2\/product_cat?post=19485"},{"taxonomy":"product_tag","embeddable":true,"href":"https:\/\/agoravape.com\/sv\/wp-json\/wp\/v2\/product_tag?post=19485"}],"curies":[{"name":"wp","href":"https:\/\/api.w.org\/{rel}","templated":true}]}}