{"id":19539,"date":"2025-10-30T11:23:46","date_gmt":"2025-10-30T03:23:46","guid":{"rendered":"https:\/\/agoravape.com\/?post_type=product&#038;p=19539"},"modified":"2026-01-30T17:04:35","modified_gmt":"2026-01-30T09:04:35","slug":"bang-blaze-60000-puffar-smak-vape","status":"publish","type":"product","link":"https:\/\/agoravape.com\/sv\/product\/bang-blaze-60000-puffs-flavor-vape\/","title":{"rendered":"Bang Blaze 60000 Puffs | Fyra smaker i en enkel apparat"},"content":{"rendered":"<h2 data-v-md-heading=\"what-s-special-about-bang-blaze-60000\" data-v-md-line=\"3\"><img loading=\"lazy\" decoding=\"async\" class=\"aligncenter size-full wp-image-19556\" src=\"https:\/\/agoravape.com\/wp-content\/uploads\/2025\/10\/Bang-Blaze-60000-Puffs-Four-Flavours-in-One-Simple-Device_Agora_vape-4-scaled.webp\" alt=\"\" width=\"2560\" height=\"1280\" srcset=\"https:\/\/agoravape.com\/wp-content\/uploads\/2025\/10\/Bang-Blaze-60000-Puffs-Four-Flavours-in-One-Simple-Device_Agora_vape-4-scaled.webp 2560w, https:\/\/agoravape.com\/wp-content\/uploads\/2025\/10\/Bang-Blaze-60000-Puffs-Four-Flavours-in-One-Simple-Device_Agora_vape-4-scaled-1200x600.webp 1200w, https:\/\/agoravape.com\/wp-content\/uploads\/2025\/10\/Bang-Blaze-60000-Puffs-Four-Flavours-in-One-Simple-Device_Agora_vape-4-300x150.webp 300w, https:\/\/agoravape.com\/wp-content\/uploads\/2025\/10\/Bang-Blaze-60000-Puffs-Four-Flavours-in-One-Simple-Device_Agora_vape-4-1024x512.webp 1024w, https:\/\/agoravape.com\/wp-content\/uploads\/2025\/10\/Bang-Blaze-60000-Puffs-Four-Flavours-in-One-Simple-Device_Agora_vape-4-768x384.webp 768w, https:\/\/agoravape.com\/wp-content\/uploads\/2025\/10\/Bang-Blaze-60000-Puffs-Four-Flavours-in-One-Simple-Device_Agora_vape-4-1536x768.webp 1536w, https:\/\/agoravape.com\/wp-content\/uploads\/2025\/10\/Bang-Blaze-60000-Puffs-Four-Flavours-in-One-Simple-Device_Agora_vape-4-2048x1024.webp 2048w\" sizes=\"auto, (max-width: 2560px) 100vw, 2560px\" \/><\/h2>\n<h2 data-v-md-heading=\"what-s-special-about-bang-blaze-60000\" data-v-md-line=\"3\">What\u2019s special about Bang Blaze 60000?<\/h2>\n<p data-v-md-line=\"5\">To be honest, it is natural for people to get tired of single flavored vapes. You may still like it this week, but next week you want to change your taste. Bang Blaze 60000 knows this well. This clever device integrates four different flavors of cigarette cartridges into one, which can be switched with just a gentle twist, allowing you to enjoy freshness anytime, anywhere.<\/p>\n<p data-v-md-line=\"7\">Normally, you need to carry four different vapes with you to experience such a rich variety of flavors, but Bang Blaze combines all the features in one. For people who enjoy trying different flavors but don\u2019t want to carry a lot of equipment, or those who have difficulty making a decision, it is the perfect choice. This device has a battery life of up to 60000 ports and is durable.<\/p>\n<h2 data-v-md-heading=\"excellent-performance-and-easy-operation\" data-v-md-line=\"9\">Utm\u00e4rkt prestanda och enkel anv\u00e4ndning<\/h2>\n<p data-v-md-line=\"11\">It has a built-in 1.0 \u03a9 mesh coil, which means every bite is as delicious as the first bite. The taste is consistent, full and rich, and there will never be a disappointing burnt taste like other vapes.<\/p>\n<p data-v-md-line=\"13\">It is equipped with a battery with a capacity of up to 650mAh, providing long-lasting endurance. When the battery is low, simply use a standard Type-C data cable to charge \u2013 just like the way you charge your phone. Simple and convenient.<\/p>\n<h2 data-v-md-heading=\"quick-specifications\" data-v-md-line=\"15\">Snabba specifikationer<\/h2>\n<p data-v-md-line=\"17\"><strong>Smoking frequency:<\/strong>\u00a0up to 60000 puffs<\/p>\n<p data-v-md-line=\"19\"><strong>Nikotinkoncentration:<\/strong>\u00a0Finns i fyra koncentrationsalternativ: 0 %, 2 %, 3 % och 5 %<\/p>\n<p data-v-md-line=\"21\"><strong>Usage:<\/strong>\u00a0Inhale to activate<\/p>\n<p data-v-md-line=\"23\"><strong>Charging method:<\/strong>\u00a0Standard Type-C USB interface<\/p>\n<p data-v-md-line=\"25\"><strong>Status:<\/strong>\u00a0Ready to use out of the box<\/p>\n<h2 data-v-md-heading=\"rich-flavor-options\" data-v-md-line=\"27\">Rika smakalternativ<\/h2>\n<p data-v-md-line=\"29\">Each device comes pre installed with four complementary flavor combinations. Just choose the combination you like to start using.<\/p>\n<p data-v-md-line=\"31\"><strong>Group 1:<\/strong>\u00a0Watermelon Ice\/Blueberry Mint\/Fuji Ice\/Lemon Romance<br \/>\n<strong>Group 2:<\/strong>\u00a0Watermelon Ice\/Blueberry Cherry\/Summer Time\/Sour Mango Pineapple<br \/>\n<strong>Group 3:<\/strong>\u00a0Blueberry Ice\/Peach Ice\/Rainbow Candy\/Lemon Lime<br \/>\n<strong>Group 4:<\/strong>\u00a0Blueberry Ice\/Peach Mango Watermelon\/Passionate Kiss\/Honeydew Apple<br \/>\n<strong>Group 5:<\/strong>\u00a0Blueberries, raspberries, mixed berries, California cherries, passion fruit mangoes<br \/>\n<strong>Group 6:<\/strong>\u00a0Blueberries, raspberries, grape ice, berry ice, aloe vera, mango, honeydew melon<br \/>\n<strong>Group 7:<\/strong>\u00a0Energy drinks\/strawberries, bananas, mangoes, peaches, apricots, passion fruit, kiwi, lime<br \/>\n<strong>Group 8:<\/strong>\u00a0Energidrycker\/bl\u00e5b\u00e4r och vattenmeloner\/sura \u00e4pplen och hallon\/gummibj\u00f6rnar<br \/>\n<strong>Grupp 9:<\/strong>\u00a0Jordgubbs-Mango\/Vattenmelon-Tuggummi\/R\u00f6d Mojito\/Love 66<br \/>\n<strong>Grupp 10:<\/strong>\u00a0Jordgubb, mango, jordgubb, kiwi, \u00e4pple, vindruva, vattenmelon, drakfrukt<br \/>\n<strong>Grupp 11:<\/strong>\u00a0Jordgubbs- och vattenmelon\/Black Dragon Water\/Trippel honungsmelon\/Tranb\u00e4rsdruva<br \/>\n<strong>Grupp 12:<\/strong>\u00a0Jordgubb Vattenmelon\/Kiwi Passionsfrukt Guava\/Mango Is\/Vattenmelon Sur Persika<\/p>\n<h2 data-v-md-heading=\"tailored-for-you-and-your-business\" data-v-md-line=\"44\">Skr\u00e4ddarsytt f\u00f6r dig och ditt f\u00f6retag<\/h2>\n<p data-v-md-line=\"46\">Bang Blaze 60000 finns nu tillg\u00e4nglig f\u00f6r k\u00f6p av enskilda flaskor, och om du \u00e4r f\u00f6retagare kan du \u00e4ven k\u00f6pa i bulk. Vi erbjuder grossistf\u00f6rpackningar p\u00e5 100 eller 200 flaskor, vilket g\u00f6r det enkelt f\u00f6r dig att fylla p\u00e5 lagret och s\u00e4kerst\u00e4lla att dina hyllor alltid \u00e4r fyllda med produkter som kunderna verkligen \u00e4lskar.<\/p>\n<p data-v-md-line=\"48\">Vi samarbetar med p\u00e5litliga Delivered Duty Paid (DDP)-partners som UPS, DPD och DHL f\u00f6r att hantera alla transport\u00e4renden. Det betyder att priset du ser \u00e4r det slutliga priset du betalar, utan att du beh\u00f6ver oroa dig f\u00f6r tullavgifter eller f\u00f6rseningar.<\/p>\n<h2 data-v-md-heading=\"reasons-why-you-will-like-it\" data-v-md-line=\"50\">Anledningar till varf\u00f6r du kommer att gilla det<\/h2>\n<p data-v-md-line=\"52\"><strong>Fyra smaker i ett:<\/strong>\u00a0Du kan byta smak n\u00e4r som helst utan att byta enhet.<\/p>\n<p data-v-md-line=\"54\"><strong>H\u00e5llbar:<\/strong>\u00a0H\u00e5llbar, inget behov av att k\u00f6pa nya patroner ofta.<\/p>\n<p data-v-md-line=\"56\"><strong>Val av nikotinkoncentration:<\/strong>\u00a0Du kan v\u00e4lja den nikotinkoncentration som passar dig.<\/p>\n<p data-v-md-line=\"58\"><strong>Uppladdningsbar:<\/strong>\u00a0betyder att du kan utnyttja varje droppe e-v\u00e4tska du k\u00f6per fullt ut.<\/p>\n<p data-v-md-line=\"60\"><strong>Mesh atomizing core:<\/strong>\u00a0Det kan ge en stabil och rik smak varje g\u00e5ng.<\/p>\n<h2 data-v-md-heading=\"why-choose-to-collaborate-with-agoravape\" data-v-md-line=\"62\">Varf\u00f6r v\u00e4lja att samarbeta med AgoraVape?<\/h2>\n<p data-v-md-line=\"64\">Som en av de mest betrodda vape-distribut\u00f6rerna i Europa s\u00e4ljer vi endast 100 % \u00e4kta produkter. F\u00f6r v\u00e5ra f\u00f6retagskunder inneb\u00e4r detta Bang Blaze 60000 grossistprisrabatter, omfattande teknisk support och snabb och p\u00e5litlig leverans. Kontakta oss f\u00f6r att f\u00e5 denna produkt som dina kunder verkligen kommer att uppskatta.<\/p>\n<p><script src=\"chrome-extension:\/\/fpelahbljekknahkcaegamhcndkfpfnc\/iFrame.js\" type=\"text\/javascript\"><\/script><\/p>","protected":false},"excerpt":{"rendered":"<p>&nbsp;<\/p>\n<p><script src=\"chrome-extension:\/\/fpelahbljekknahkcaegamhcndkfpfnc\/iFrame.js\" type=\"text\/javascript\"><\/script><\/p>\n<p><script src=\"chrome-extension:\/\/fpelahbljekknahkcaegamhcndkfpfnc\/iFrame.js\" type=\"text\/javascript\"><\/script><\/p>\n<p><script src=\"chrome-extension:\/\/fpelahbljekknahkcaegamhcndkfpfnc\/iFrame.js\" type=\"text\/javascript\"><\/script><\/p>","protected":false},"featured_media":19563,"comment_status":"open","ping_status":"closed","template":"","meta":[],"product_brand":[197],"product_cat":[124,187,185,189,1642,123,176,177,195,174,175,193,191,173,186,180,190],"product_tag":[],"class_list":{"0":"post-19539","1":"product","2":"type-product","3":"status-publish","4":"has-post-thumbnail","6":"product_brand-bang","7":"product_cat-vape-by-brand","8":"product_cat-0mg-nicotine-free-vapes","9":"product_cat-10000-puffs-high-capacity","10":"product_cat-20mg-standard-nicotine-vapes","11":"product_cat-60000-puffs","12":"product_cat-bang","13":"product_cat-beverage","14":"product_cat-dessert-sweets","15":"product_cat-dual-flavor-switch","16":"product_cat-fruit-flavors","17":"product_cat-icy-mint","18":"product_cat-mesh-coil","19":"product_cat-rechargeable-disposables","20":"product_cat-vape-by-flavor-profile","21":"product_cat-vape-by-nicotine-strength","22":"product_cat-vape-by-puff-count","23":"product_cat-vape-by-feature-or-type","25":"first","26":"instock","27":"shipping-taxable","28":"purchasable","29":"product-type-variable","30":"has-default-attributes"},"tiered_pricing_type":"percentage","tiered_pricing_fixed_rules":[],"tiered_pricing_product_settings":{"layout":"default","base_unit_name":{"singular":null,"plural":null},"default_variation":null},"tiered_pricing_minimum_quantity":10,"tiered_pricing_roles_data":[],"tiered_pricing_percentage_rules":{"30":"29","50":"35","100":"40","200":"44","500":"47","1000":"49"},"tiered_pricing_maximum_quantity":null,"tiered_pricing_quantity_step":"10","_links":{"self":[{"href":"https:\/\/agoravape.com\/sv\/wp-json\/wp\/v2\/product\/19539","targetHints":{"allow":["GET"]}}],"collection":[{"href":"https:\/\/agoravape.com\/sv\/wp-json\/wp\/v2\/product"}],"about":[{"href":"https:\/\/agoravape.com\/sv\/wp-json\/wp\/v2\/types\/product"}],"replies":[{"embeddable":true,"href":"https:\/\/agoravape.com\/sv\/wp-json\/wp\/v2\/comments?post=19539"}],"version-history":[{"count":0,"href":"https:\/\/agoravape.com\/sv\/wp-json\/wp\/v2\/product\/19539\/revisions"}],"wp:featuredmedia":[{"embeddable":true,"href":"https:\/\/agoravape.com\/sv\/wp-json\/wp\/v2\/media\/19563"}],"wp:attachment":[{"href":"https:\/\/agoravape.com\/sv\/wp-json\/wp\/v2\/media?parent=19539"}],"wp:term":[{"taxonomy":"product_brand","embeddable":true,"href":"https:\/\/agoravape.com\/sv\/wp-json\/wp\/v2\/product_brand?post=19539"},{"taxonomy":"product_cat","embeddable":true,"href":"https:\/\/agoravape.com\/sv\/wp-json\/wp\/v2\/product_cat?post=19539"},{"taxonomy":"product_tag","embeddable":true,"href":"https:\/\/agoravape.com\/sv\/wp-json\/wp\/v2\/product_tag?post=19539"}],"curies":[{"name":"wp","href":"https:\/\/api.w.org\/{rel}","templated":true}]}}