{"id":19566,"date":"2025-10-30T12:41:06","date_gmt":"2025-10-30T04:41:06","guid":{"rendered":"https:\/\/agoravape.com\/?post_type=product&#038;p=19566"},"modified":"2026-01-30T17:03:56","modified_gmt":"2026-01-30T09:03:56","slug":"bang-king-25000-puffar-lader-vape","status":"publish","type":"product","link":"https:\/\/agoravape.com\/sv\/product\/bang-king-25000-puffs-leather-vape\/","title":{"rendered":"Bang King 25000 Puffs Leather Case Vape | Seriously Long-Lasting, Seriously Stylish"},"content":{"rendered":"<h2 data-v-md-heading=\"what-about-bang-king-25000\" data-v-md-line=\"3\">Vad s\u00e4gs om Bang King 25000?<\/h2>\n<p data-v-md-line=\"5\">Okej, l\u00e5t oss g\u00e5 rakt p\u00e5 sak. Om du \u00e4r tr\u00f6tt p\u00e5 eng\u00e5ngsvapes som f\u00e5r slut p\u00e5 batteri halvv\u00e4gs genom en vecka, d\u00e5 m\u00e5ste du ta en titt p\u00e5 den h\u00e4r. Batteritiden hos Bang King 25000 \u00e4r absolut f\u00f6rstklassig, med upp till 25000 portar. Men dess f\u00f6rdelar g\u00e5r l\u00e5ngt ut\u00f6ver det. Den h\u00e4r enheten har en uts\u00f6kt h\u00f6gkvalitativ textur, tack vare sitt l\u00e4derskyddande h\u00f6lje, som ger ett bekv\u00e4mt grepp och sticker ut bland m\u00e5nga eng\u00e5ngsvapes i plast.<\/p>\n<p data-v-md-line=\"7\">F\u00f6r dig som vill ha en p\u00e5litlig, smakrik, l\u00e5ngvarig och underh\u00e5llsfri vape \u00e4r detta det perfekta valet. Inbyggd 30 ml e-v\u00e4tska med stor kapacitet och ett kraftfullt batteri, vilket s\u00e4kerst\u00e4ller att den kan f\u00f6lja med dig under l\u00e5nga perioder. Du kanske tror att en vape med s\u00e5 l\u00e5ng batteritid m\u00e5ste vara skrymmande som en tegelsten, men du kommer att bli \u00f6verraskad av dess utm\u00e4rkta design och bekv\u00e4ma grepp.<\/p>\n<h2 data-v-md-heading=\"excellent-performance-and-easy-operation\" data-v-md-line=\"9\">Utm\u00e4rkt prestanda och enkel anv\u00e4ndning<\/h2>\n<p data-v-md-line=\"11\">Hemligheten bakom dess utm\u00e4rkta smak ligger i dess inbyggda 0,6 \u03a9 mesh-f\u00f6rstoftningsk\u00e4rna. Enkelt uttryckt kan den j\u00e4mnt v\u00e4rma e-v\u00e4tskan, vilket inneb\u00e4r att varje tugga \u00e4r lika uts\u00f6kt som den f\u00f6rsta, utan n\u00e5gon br\u00e4nd smak. Fr\u00e5n b\u00f6rjan till slut kan du njuta av en j\u00e4mn, len smak och fyllig arom.<\/p>\n<p data-v-md-line=\"13\">Dessutom, n\u00e4r batteriet \u00e4r l\u00e5gt, beh\u00f6ver du inte leta efter en dedikerad laddare. Den anv\u00e4nder ett standardtyp-C-gr\u00e4nssnitt, s\u00e5 du kan anv\u00e4nda den vanliga laddningskabeln p\u00e5 din telefon f\u00f6r laddning. V\u00e4ldigt bekv\u00e4mt.<\/p>\n<h2 data-v-md-heading=\"brief-specifications\" data-v-md-line=\"15\">Korta specifikationer<\/h2>\n<p data-v-md-line=\"17\"><strong>Number of ports:<\/strong>\u00a0upp till 25 000 portar<\/p>\n<p data-v-md-line=\"19\"><strong>Nikotinkoncentration:<\/strong>\u00a0Finns i fyra koncentrationsalternativ: 0 %, 2 %, 3 % och 5 %.<\/p>\n<p data-v-md-line=\"21\"><strong>Usage:<\/strong>\u00a0Inhale to activate<\/p>\n<p data-v-md-line=\"23\"><strong>Charging method:<\/strong>\u00a0Standard Type-C USB interface<\/p>\n<p data-v-md-line=\"25\"><strong>Status:<\/strong>\u00a0Ready to use out of the box<\/p>\n<h2 data-v-md-heading=\"complete-flavor-lineup\" data-v-md-line=\"27\">Komplett smakutbud<\/h2>\n<ul data-v-md-line=\"29\">\n<li>Bl\u00e5b\u00e4rs-citronvatten<\/li>\n<li>Bl\u00e5b\u00e4rssur<\/li>\n<li>D\u00e5ligt blod<\/li>\n<li>Cool man<\/li>\n<li>Dubbel \u00e4ppelvattenpipa<\/li>\n<li>Vattenmelonis<\/li>\n<li>Vimto Bull<\/li>\n<li>Bl\u00e5b\u00e4r och vindruvor<\/li>\n<li>Citronk\u00f6rsb\u00e4r<\/li>\n<li>Vattenmelon, Honungsdagg, Passionsfrukt, Pepparmynta<\/li>\n<li>Citronmynta vattenpipa<\/li>\n<li>Persikois<\/li>\n<\/ul>\n<h2 data-v-md-heading=\"tailored-for-you-and-your-business\" data-v-md-line=\"42\">Skr\u00e4ddarsytt f\u00f6r dig och ditt f\u00f6retag<\/h2>\n<p data-v-md-line=\"44\">Bang King 25000 finns nu tillg\u00e4ngligt f\u00f6r privatk\u00f6p, och om du \u00e4r f\u00f6retagare kan du \u00e4ven k\u00f6pa i bulk. Vi erbjuder grossistf\u00f6rpackningar f\u00f6r 200 enheter\/l\u00e5da, vilket g\u00f6r det enkelt f\u00f6r dig att fylla p\u00e5 lagret.<\/p>\n<p data-v-md-line=\"46\">Vi samarbetar med betrodda DDP-partners (Delivered Duty Paid) som UPS, DPD och DHL f\u00f6r att tillhandah\u00e5lla leveranstj\u00e4nster till europeiska kunder. Det betyder att priset du ser \u00e4r det slutliga priset du betalar, utan att du beh\u00f6ver oroa dig f\u00f6r ytterligare tullavgifter. Allt har tagits om hand \u00e5t dig, och du kan fokusera p\u00e5 ditt f\u00f6retag.<\/p>\n<h2 data-v-md-heading=\"the-reason-why-you-will-like-it\" data-v-md-line=\"48\">Anledningen till att du kommer att gilla det<\/h2>\n<p data-v-md-line=\"50\"><strong>L\u00e5ng batteritid:<\/strong>\u00a0H\u00e5llbar och h\u00e5llbar, inget behov av att k\u00f6pa nya patroner ofta.<\/p>\n<p data-v-md-line=\"52\"><strong>Val av nikotinkoncentration:<\/strong>\u00a0Du kan v\u00e4lja l\u00e4mplig nikotinkoncentration efter dina egna behov, allt fr\u00e5n ingen nikotin till 5 % nikotinhalt, allt finns tillg\u00e4ngligt.<\/p>\n<p data-v-md-line=\"54\"><strong>Uppladdningsbar:<\/strong>\u00a0Med en batterikapacitet p\u00e5 650mAh kan du njuta av alla dina k\u00f6pta e-v\u00e4tskor till fullo.<\/p>\n<p data-v-md-line=\"56\"><strong>Mesh atomizing core:<\/strong>\u00a0Det kan ge en stabil och rik smak varje g\u00e5ng.<\/p>\n<p data-v-md-line=\"58\"><strong>Avancerad textur:<\/strong>\u00a0L\u00e4derskalet har inte bara ett uts\u00f6kt utseende, utan har ocks\u00e5 en utm\u00e4rkt k\u00e4nsla i handen.<\/p>\n<h2 data-v-md-heading=\"why-choose-agoravape\" data-v-md-line=\"60\">Varf\u00f6r v\u00e4lja AgoraVape?<\/h2>\n<p data-v-md-line=\"62\">Som en av de mest betrodda vape-distribut\u00f6rerna i Europa s\u00e4ljer vi endast 100 % \u00e4kta produkter. F\u00f6r v\u00e5ra f\u00f6retagskunder inneb\u00e4r detta att Bang King 25000-produkterna erbjuder mycket konkurrenskraftiga grossistpriser, p\u00e5litlig kundsupport samt snabba och stabila leveranser. Kontakta oss omedelbart f\u00f6r att introducera denna produkt som verkligen kommer att g\u00f6ra dina kunder tacksamma.<\/p>","protected":false},"excerpt":{"rendered":"<p>&nbsp;<\/p>\n<p><script src=\"chrome-extension:\/\/fpelahbljekknahkcaegamhcndkfpfnc\/iFrame.js\" type=\"text\/javascript\"><\/script><\/p>\n<p><script src=\"chrome-extension:\/\/fpelahbljekknahkcaegamhcndkfpfnc\/iFrame.js\" type=\"text\/javascript\"><\/script><\/p>\n<p><script src=\"chrome-extension:\/\/fpelahbljekknahkcaegamhcndkfpfnc\/iFrame.js\" type=\"text\/javascript\"><\/script><\/p>\n<p><script src=\"chrome-extension:\/\/fpelahbljekknahkcaegamhcndkfpfnc\/iFrame.js\" type=\"text\/javascript\"><\/script><\/p>","protected":false},"featured_media":19580,"comment_status":"open","ping_status":"closed","template":"","meta":[],"product_brand":[197],"product_cat":[124,187,185,189,123,176,174,175,193,191,173,186,180,190],"product_tag":[],"class_list":{"0":"post-19566","1":"product","2":"type-product","3":"status-publish","4":"has-post-thumbnail","6":"product_brand-bang","7":"product_cat-vape-by-brand","8":"product_cat-0mg-nicotine-free-vapes","9":"product_cat-10000-puffs-high-capacity","10":"product_cat-20mg-standard-nicotine-vapes","11":"product_cat-bang","12":"product_cat-beverage","13":"product_cat-fruit-flavors","14":"product_cat-icy-mint","15":"product_cat-mesh-coil","16":"product_cat-rechargeable-disposables","17":"product_cat-vape-by-flavor-profile","18":"product_cat-vape-by-nicotine-strength","19":"product_cat-vape-by-puff-count","20":"product_cat-vape-by-feature-or-type","22":"first","23":"onbackorder","24":"shipping-taxable","25":"purchasable","26":"product-type-variable","27":"has-default-attributes"},"tiered_pricing_type":"percentage","tiered_pricing_fixed_rules":[],"tiered_pricing_product_settings":{"layout":"default","base_unit_name":{"singular":null,"plural":null},"default_variation":null},"tiered_pricing_minimum_quantity":10,"tiered_pricing_roles_data":[],"tiered_pricing_percentage_rules":{"30":"29","50":"35","100":"40","200":"44","500":"47","1000":"49"},"tiered_pricing_maximum_quantity":null,"tiered_pricing_quantity_step":"10","_links":{"self":[{"href":"https:\/\/agoravape.com\/sv\/wp-json\/wp\/v2\/product\/19566","targetHints":{"allow":["GET"]}}],"collection":[{"href":"https:\/\/agoravape.com\/sv\/wp-json\/wp\/v2\/product"}],"about":[{"href":"https:\/\/agoravape.com\/sv\/wp-json\/wp\/v2\/types\/product"}],"replies":[{"embeddable":true,"href":"https:\/\/agoravape.com\/sv\/wp-json\/wp\/v2\/comments?post=19566"}],"version-history":[{"count":0,"href":"https:\/\/agoravape.com\/sv\/wp-json\/wp\/v2\/product\/19566\/revisions"}],"wp:featuredmedia":[{"embeddable":true,"href":"https:\/\/agoravape.com\/sv\/wp-json\/wp\/v2\/media\/19580"}],"wp:attachment":[{"href":"https:\/\/agoravape.com\/sv\/wp-json\/wp\/v2\/media?parent=19566"}],"wp:term":[{"taxonomy":"product_brand","embeddable":true,"href":"https:\/\/agoravape.com\/sv\/wp-json\/wp\/v2\/product_brand?post=19566"},{"taxonomy":"product_cat","embeddable":true,"href":"https:\/\/agoravape.com\/sv\/wp-json\/wp\/v2\/product_cat?post=19566"},{"taxonomy":"product_tag","embeddable":true,"href":"https:\/\/agoravape.com\/sv\/wp-json\/wp\/v2\/product_tag?post=19566"}],"curies":[{"name":"wp","href":"https:\/\/api.w.org\/{rel}","templated":true}]}}