{"id":19594,"date":"2025-10-30T12:52:37","date_gmt":"2025-10-30T04:52:37","guid":{"rendered":"https:\/\/agoravape.com\/?post_type=product&#038;p=19594"},"modified":"2026-01-30T17:03:30","modified_gmt":"2026-01-30T09:03:30","slug":"bang-king-30k-pro-30000-puffar-vape","status":"publish","type":"product","link":"https:\/\/agoravape.com\/sv\/product\/bang-king-30k-pro-30000-puffs-vape\/","title":{"rendered":"Bang King 30K Pro 30000 Puffs | Riktigt l\u00e5ngvarig smak"},"content":{"rendered":"<h2 data-v-md-heading=\"what-is-the-bang-king-30k-pro-like\" data-v-md-line=\"3\"><img loading=\"lazy\" decoding=\"async\" class=\"aligncenter size-full wp-image-19620\" src=\"https:\/\/agoravape.com\/wp-content\/uploads\/2025\/10\/Bang-King-30K-Pro-30000-Puffs-Seriously-Long-Lasting-Flavour_Agora_vape-13.webp\" alt=\"\" width=\"1024\" height=\"1024\" srcset=\"https:\/\/agoravape.com\/wp-content\/uploads\/2025\/10\/Bang-King-30K-Pro-30000-Puffs-Seriously-Long-Lasting-Flavour_Agora_vape-13.webp 1024w, https:\/\/agoravape.com\/wp-content\/uploads\/2025\/10\/Bang-King-30K-Pro-30000-Puffs-Seriously-Long-Lasting-Flavour_Agora_vape-13-600x600.webp 600w, https:\/\/agoravape.com\/wp-content\/uploads\/2025\/10\/Bang-King-30K-Pro-30000-Puffs-Seriously-Long-Lasting-Flavour_Agora_vape-13-300x300.webp 300w, https:\/\/agoravape.com\/wp-content\/uploads\/2025\/10\/Bang-King-30K-Pro-30000-Puffs-Seriously-Long-Lasting-Flavour_Agora_vape-13-150x150.webp 150w, https:\/\/agoravape.com\/wp-content\/uploads\/2025\/10\/Bang-King-30K-Pro-30000-Puffs-Seriously-Long-Lasting-Flavour_Agora_vape-13-768x768.webp 768w\" sizes=\"auto, (max-width: 1024px) 100vw, 1024px\" \/><\/h2>\n<h2 data-v-md-heading=\"what-is-the-bang-king-30k-pro-like\" data-v-md-line=\"3\">Hur \u00e4r Bang King 30K Pro?<\/h2>\n<p data-v-md-line=\"5\">Om du \u00e4r tr\u00f6tt p\u00e5 eng\u00e5ngsvapor som anv\u00e4nds kort efter k\u00f6pet, d\u00e5 m\u00e5ste du ta en titt p\u00e5 den h\u00e4r produkten. Bang King 30K Pro \u00e4r definitivt en h\u00e5llbar vape som kan ge upp till 30 000 bloss r\u00f6kupplevelse per enhet. Du kanske tror att en s\u00e5dan stark kraft skulle vara tung och klumpig, men du kommer att bli \u00f6verraskad av dess grepp och bekv\u00e4mlighet att b\u00e4ra.<\/p>\n<p data-v-md-line=\"7\">Den h\u00e4r enheten \u00e4r perfekt f\u00f6r anv\u00e4ndare som bara vill ha en p\u00e5litlig, uts\u00f6kt och problemfri vape-upplevelse. Den \u00e4r designad f\u00f6r l\u00e5ngvarig anv\u00e4ndning, vilket inneb\u00e4r att du inte beh\u00f6ver \u00f6verv\u00e4ga att byta ut den flera veckor i rad. Inbyggd 36 ml e-v\u00e4tska med ultrastor kapacitet, h\u00e5llbar och l\u00e5ngvarig.<\/p>\n<h2 data-v-md-heading=\"excellent-performance-convenient-experience\" data-v-md-line=\"9\">Utm\u00e4rkt prestanda, bekv\u00e4m upplevelse<\/h2>\n<p data-v-md-line=\"11\">Hemligheten bakom dess j\u00e4mna smak \u00e4r den inbyggda 1.0 \u03a9 mesh-f\u00f6rstoftningsk\u00e4rnan. Denna teknik s\u00e4kerst\u00e4ller en rik och len smak fr\u00e5n f\u00f6rsta till sista tuggan. Inte ens mot slutet kommer kvaliteten att f\u00f6rs\u00e4mras, vilket \u00e4r helt annorlunda \u00e4n de vanliga bristerna hos andra eng\u00e5ngsvapor.<\/p>\n<p data-v-md-line=\"13\">Den \u00e4r utrustad med ett batteri med en kapacitet p\u00e5 upp till 850 mAh. N\u00e4r batteriet \u00e4r l\u00e5gt kan det laddas med en vanlig typ-C-datakabel \u2013 precis som den du anv\u00e4nder f\u00f6r att ladda din telefon. Ingen s\u00e4rskild laddare beh\u00f6vs, enkelt och bekv\u00e4mt. Allt \u00e4r f\u00f6r enkelhet och bekv\u00e4mlighet.<\/p>\n<h2 data-v-md-heading=\"quick-specifications\" data-v-md-line=\"15\">Snabba specifikationer<\/h2>\n<p data-v-md-line=\"17\"><strong>Smoking frequency:<\/strong>\u00a0upp till 30 000 bloss<\/p>\n<p data-v-md-line=\"19\"><strong>Nikotinkoncentration:<\/strong>\u00a0Finns i fyra koncentrationsalternativ: 0 %, 2 %, 3 % och 5 %<\/p>\n<p data-v-md-line=\"21\"><strong>Usage:<\/strong>\u00a0Inhale to activate<\/p>\n<p data-v-md-line=\"23\"><strong>Charging method:<\/strong>\u00a0Standard Type-C USB interface<\/p>\n<p data-v-md-line=\"25\"><strong>Status:<\/strong>\u00a0Ready to use out of the box<\/p>\n<h2 data-v-md-heading=\"rich-flavor-options\" data-v-md-line=\"27\">Rika smakalternativ<\/h2>\n<p data-v-md-line=\"29\">Vi erbjuder en m\u00e4ngd olika smakalternativ, det finns alltid en som passar dig. Det nuvarande produktsortimentet inkluderar:<\/p>\n<ul data-v-md-line=\"31\">\n<li>Bl\u00e5b\u00e4r och hallon<\/li>\n<li>Jordgubbsvattenmelon<\/li>\n<li>Bl\u00e5 isbanan<\/li>\n<li>F\u00e4rsk mynta<\/li>\n<li>Jordgubbsdruvor<\/li>\n<li>Bl\u00e5b\u00e4r, tranb\u00e4r, k\u00f6rsb\u00e4r<\/li>\n<li>Vattenmelon<\/li>\n<li>Jordgubb, kiwi<\/li>\n<li>Mynta Bl\u00e5b\u00e4r Hallon (Mynta Bl\u00e5b\u00e4r Hallon)<\/li>\n<li>Triple Berry<\/li>\n<li>Vattenmelon k\u00f6rsb\u00e4r<\/li>\n<li>Hallonsvart Flash (Hallonsvart Flash)<\/li>\n<\/ul>\n<h2 data-v-md-heading=\"tailored-for-you-and-your-business\" data-v-md-line=\"44\">Skr\u00e4ddarsytt f\u00f6r dig och ditt f\u00f6retag<\/h2>\n<p data-v-md-line=\"46\">Vi har lanserat f\u00f6rs\u00e4ljning av Bang King 30K Pro som eng\u00e5ngsprodukter, och om du \u00e4r f\u00f6retagare kan du \u00e4ven k\u00f6pa i bulk. Produkten s\u00e4ljs i grossistf\u00f6rpackningar, med 200 stycken per l\u00e5da. Detta g\u00f6r det enkelt f\u00f6r dig att h\u00e5lla ett tillr\u00e4ckligt lager av b\u00e4sts\u00e4ljande produkter.<\/p>\n<p data-v-md-line=\"48\">Vi samarbetar med partners som UPS, DPD och DHL f\u00f6r att skicka till olika delar av Europa via p\u00e5litliga Delivered Duty Paid (DDP). Du kan f\u00e5 varorna snabbt utan att beh\u00f6va oroa dig f\u00f6r ytterligare tullavgifter. Hela processen fr\u00e5n v\u00e5rt lager till din d\u00f6rr \u00e4r smidig och obehindrad.<\/p>\n<h2 data-v-md-heading=\"reasons-why-you-will-like-it\" data-v-md-line=\"50\">Anledningar till varf\u00f6r du kommer att gilla det<\/h2>\n<p data-v-md-line=\"52\"><strong>L\u00e5ng batteritid:<\/strong>\u00a0H\u00e5llbar och h\u00e5llbar, inget behov av att k\u00f6pa nya patroner ofta.<\/p>\n<p data-v-md-line=\"54\"><strong>Val av nikotinkoncentration:<\/strong>\u00a0Du kan v\u00e4lja den nikotinkoncentration som passar dig, fr\u00e5n inget nikotin till stark halsk\u00e4nsla, allt finns tillg\u00e4ngligt.<\/p>\n<p data-v-md-line=\"56\"><strong>Uppladdningsbar:<\/strong>\u00a0l\u00e5ter dig anv\u00e4nda upp de 36 ml e-v\u00e4tska du k\u00f6pt.<\/p>\n<p data-v-md-line=\"58\"><strong>Mesh atomizing core:<\/strong>\u00a0Det kan ge en stabil och rik smak varje g\u00e5ng.<\/p>\n<h2 data-v-md-heading=\"why-choose-agoravape\" data-v-md-line=\"60\">Varf\u00f6r v\u00e4lja AgoraVape?<\/h2>\n<p data-v-md-line=\"62\">Som en av de mest betrodda vape-distribut\u00f6rerna i Europa s\u00e4ljer vi endast 100 % \u00e4kta produkter. F\u00f6r v\u00e5ra f\u00f6retagskunder inneb\u00e4r detta att Bang King 30K Pro erbjuder rabatterade grossistpriser, omfattande teknisk support och snabb och p\u00e5litlig leverans. Kontakta oss f\u00f6r att f\u00e5 dina kunder att verkligen uppskatta de produkter ni tillhandah\u00e5ller.<\/p>","protected":false},"excerpt":{"rendered":"<p>&nbsp;<\/p>\n<p><script src=\"chrome-extension:\/\/fpelahbljekknahkcaegamhcndkfpfnc\/iFrame.js\" type=\"text\/javascript\"><\/script><\/p>\n<p><script src=\"chrome-extension:\/\/fpelahbljekknahkcaegamhcndkfpfnc\/iFrame.js\" type=\"text\/javascript\"><\/script><\/p>\n<p><script src=\"chrome-extension:\/\/fpelahbljekknahkcaegamhcndkfpfnc\/iFrame.js\" type=\"text\/javascript\"><\/script><\/p>\n<p><script src=\"chrome-extension:\/\/fpelahbljekknahkcaegamhcndkfpfnc\/iFrame.js\" type=\"text\/javascript\"><\/script><\/p>","protected":false},"featured_media":19619,"comment_status":"open","ping_status":"closed","template":"","meta":[],"product_brand":[197],"product_cat":[124,187,185,189,123,174,175,193,191,179,173,186,180,190],"product_tag":[],"class_list":{"0":"post-19594","1":"product","2":"type-product","3":"status-publish","4":"has-post-thumbnail","6":"product_brand-bang","7":"product_cat-vape-by-brand","8":"product_cat-0mg-nicotine-free-vapes","9":"product_cat-10000-puffs-high-capacity","10":"product_cat-20mg-standard-nicotine-vapes","11":"product_cat-bang","12":"product_cat-fruit-flavors","13":"product_cat-icy-mint","14":"product_cat-mesh-coil","15":"product_cat-rechargeable-disposables","16":"product_cat-unique-blends","17":"product_cat-vape-by-flavor-profile","18":"product_cat-vape-by-nicotine-strength","19":"product_cat-vape-by-puff-count","20":"product_cat-vape-by-feature-or-type","22":"first","23":"instock","24":"shipping-taxable","25":"purchasable","26":"product-type-variable","27":"has-default-attributes"},"tiered_pricing_type":"percentage","tiered_pricing_fixed_rules":[],"tiered_pricing_product_settings":{"layout":"default","base_unit_name":{"singular":null,"plural":null},"default_variation":null},"tiered_pricing_minimum_quantity":10,"tiered_pricing_roles_data":[],"tiered_pricing_percentage_rules":{"30":"29","50":"35","100":"40","200":"44","500":"47","1000":"49"},"tiered_pricing_maximum_quantity":null,"tiered_pricing_quantity_step":"10","_links":{"self":[{"href":"https:\/\/agoravape.com\/sv\/wp-json\/wp\/v2\/product\/19594","targetHints":{"allow":["GET"]}}],"collection":[{"href":"https:\/\/agoravape.com\/sv\/wp-json\/wp\/v2\/product"}],"about":[{"href":"https:\/\/agoravape.com\/sv\/wp-json\/wp\/v2\/types\/product"}],"replies":[{"embeddable":true,"href":"https:\/\/agoravape.com\/sv\/wp-json\/wp\/v2\/comments?post=19594"}],"version-history":[{"count":0,"href":"https:\/\/agoravape.com\/sv\/wp-json\/wp\/v2\/product\/19594\/revisions"}],"wp:featuredmedia":[{"embeddable":true,"href":"https:\/\/agoravape.com\/sv\/wp-json\/wp\/v2\/media\/19619"}],"wp:attachment":[{"href":"https:\/\/agoravape.com\/sv\/wp-json\/wp\/v2\/media?parent=19594"}],"wp:term":[{"taxonomy":"product_brand","embeddable":true,"href":"https:\/\/agoravape.com\/sv\/wp-json\/wp\/v2\/product_brand?post=19594"},{"taxonomy":"product_cat","embeddable":true,"href":"https:\/\/agoravape.com\/sv\/wp-json\/wp\/v2\/product_cat?post=19594"},{"taxonomy":"product_tag","embeddable":true,"href":"https:\/\/agoravape.com\/sv\/wp-json\/wp\/v2\/product_tag?post=19594"}],"curies":[{"name":"wp","href":"https:\/\/api.w.org\/{rel}","templated":true}]}}