{"id":19622,"date":"2025-10-30T13:03:50","date_gmt":"2025-10-30T05:03:50","guid":{"rendered":"https:\/\/agoravape.com\/?post_type=product&#038;p=19622"},"modified":"2026-01-30T17:02:57","modified_gmt":"2026-01-30T09:02:57","slug":"bang-king-12000-puffs-kompakt-vape","status":"publish","type":"product","link":"https:\/\/agoravape.com\/sv\/product\/bang-king-12000-puffs-compact-vape\/","title":{"rendered":"Bang King 12000 Puffs | Massive Puff Count, Compact Design"},"content":{"rendered":"<h2 data-v-md-heading=\"what-about-bang-king-12000\" data-v-md-line=\"3\"><img loading=\"lazy\" decoding=\"async\" class=\"size-full wp-image-19637 alignright\" src=\"https:\/\/agoravape.com\/wp-content\/uploads\/2025\/10\/Bang-King-12000-Puffs-Massive-Puff-Count-Compact-Design_Agora_vape-2.webp\" alt=\"\" width=\"800\" height=\"800\" srcset=\"https:\/\/agoravape.com\/wp-content\/uploads\/2025\/10\/Bang-King-12000-Puffs-Massive-Puff-Count-Compact-Design_Agora_vape-2.webp 800w, https:\/\/agoravape.com\/wp-content\/uploads\/2025\/10\/Bang-King-12000-Puffs-Massive-Puff-Count-Compact-Design_Agora_vape-2-600x600.webp 600w, https:\/\/agoravape.com\/wp-content\/uploads\/2025\/10\/Bang-King-12000-Puffs-Massive-Puff-Count-Compact-Design_Agora_vape-2-300x300.webp 300w, https:\/\/agoravape.com\/wp-content\/uploads\/2025\/10\/Bang-King-12000-Puffs-Massive-Puff-Count-Compact-Design_Agora_vape-2-150x150.webp 150w, https:\/\/agoravape.com\/wp-content\/uploads\/2025\/10\/Bang-King-12000-Puffs-Massive-Puff-Count-Compact-Design_Agora_vape-2-768x768.webp 768w\" sizes=\"auto, (max-width: 800px) 100vw, 800px\" \/><\/h2>\n<h2 data-v-md-heading=\"what-about-bang-king-12000\" data-v-md-line=\"3\">Vad s\u00e4gs om Bang King 12000?<\/h2>\n<p data-v-md-line=\"5\">Okej, l\u00e5t oss prata om Bang King 12000. Om du \u00e4r tr\u00f6tt p\u00e5 eng\u00e5ngs elektroniska cigaretter som f\u00f6rlorar sin kraft efter bara n\u00e5gra dagars anv\u00e4ndning, d\u00e5 m\u00e5ste du ta en titt p\u00e5 den h\u00e4r. Du kanske tror att en elektronisk cigarett med 12000 stora munfullar borde vara skrymmande, men du kommer att bli f\u00f6rv\u00e5nad \u00f6ver dess lilla och b\u00e4rbara storlek.<\/p>\n<p data-v-md-line=\"7\">Den h\u00e4r enheten \u00e4r mycket l\u00e4mplig f\u00f6r anv\u00e4ndare som vill ha en enkel och p\u00e5litlig elektronisk cigarettupplevelse utan n\u00e5gra tr\u00e5kiga \u00e5tg\u00e4rder. Den har inga knappar och kr\u00e4ver inga tr\u00e5kiga sm\u00f6rjningssteg. Du beh\u00f6ver bara ta ut den ur l\u00e5dan s\u00e5 kan du anv\u00e4nda den direkt. Den \u00e4r speciellt utformad f\u00f6r upptagna m\u00e4nniskor och ger en l\u00e5ngvarig och fyllig smak, vilket g\u00f6r den till ett idealiskt val f\u00f6r daglig anv\u00e4ndning av elektroniska cigaretter.<\/p>\n<h2 data-v-md-heading=\"excellent-performance-and-easy-operation\" data-v-md-line=\"9\">Utm\u00e4rkt prestanda och enkel anv\u00e4ndning<\/h2>\n<p data-v-md-line=\"11\">S\u00e5, vilka \u00e4r dess f\u00f6rdelar? Internt anv\u00e4nds en mesh-spiral. Enkelt uttryckt \u00e4r det anledningen till att varje tugga har en j\u00e4mn smak. Den kan v\u00e4rma e-v\u00e4tskan j\u00e4mnt, vilket ger en j\u00e4mn och stabil smak fr\u00e5n b\u00f6rjan till slut. \u00c4ven om e-v\u00e4tskan n\u00e4stan \u00e4r slut kommer det inte att finnas n\u00e5gon br\u00e4nd lukt.<\/p>\n<p data-v-md-line=\"13\">Batteriet har en kapacitet p\u00e5 upp till 600 mAh och \u00e4r laddningsbart. Detta \u00e4r definitivt en stor f\u00f6rdel, vilket inneb\u00e4r att du verkligen kan njuta av en r\u00f6kupplevelse p\u00e5 12 000 bloss. N\u00e4r batteriet \u00e4r l\u00e5gt anv\u00e4nder du helt enkelt en vanlig typ-C-datakabel f\u00f6r att ladda \u2013 precis som du laddar din telefon. V\u00e4ldigt bekv\u00e4mt.<\/p>\n<h2 data-v-md-heading=\"product-specifications\" data-v-md-line=\"15\"><img loading=\"lazy\" decoding=\"async\" class=\"size-full wp-image-19641 alignright\" src=\"https:\/\/agoravape.com\/wp-content\/uploads\/2025\/10\/Bang-King-12000-Puffs-Massive-Puff-Count-Compact-Design_Agora_vape-6.webp\" alt=\"\" width=\"800\" height=\"800\" srcset=\"https:\/\/agoravape.com\/wp-content\/uploads\/2025\/10\/Bang-King-12000-Puffs-Massive-Puff-Count-Compact-Design_Agora_vape-6.webp 800w, https:\/\/agoravape.com\/wp-content\/uploads\/2025\/10\/Bang-King-12000-Puffs-Massive-Puff-Count-Compact-Design_Agora_vape-6-600x600.webp 600w, https:\/\/agoravape.com\/wp-content\/uploads\/2025\/10\/Bang-King-12000-Puffs-Massive-Puff-Count-Compact-Design_Agora_vape-6-300x300.webp 300w, https:\/\/agoravape.com\/wp-content\/uploads\/2025\/10\/Bang-King-12000-Puffs-Massive-Puff-Count-Compact-Design_Agora_vape-6-150x150.webp 150w, https:\/\/agoravape.com\/wp-content\/uploads\/2025\/10\/Bang-King-12000-Puffs-Massive-Puff-Count-Compact-Design_Agora_vape-6-768x768.webp 768w\" sizes=\"auto, (max-width: 800px) 100vw, 800px\" \/><\/h2>\n<h2 data-v-md-heading=\"product-specifications\" data-v-md-line=\"15\">Produktspecifikationer<\/h2>\n<p data-v-md-line=\"17\"><strong>Smoking frequency:<\/strong>\u00a0up to 12000 puffs<\/p>\n<p data-v-md-line=\"19\"><strong>Nikotininneh\u00e5ll:<\/strong>\u00a00%, 2%, 3%, and 5% optional<\/p>\n<p data-v-md-line=\"21\"><strong>Usage:<\/strong>\u00a0Inhale to activate<\/p>\n<p data-v-md-line=\"23\"><strong>Charging method:<\/strong>\u00a0Standard Type-C USB interface<\/p>\n<p data-v-md-line=\"25\"><strong>Status:<\/strong>\u00a0Ready to use out of the box<\/p>\n<h2 data-v-md-heading=\"complete-flavor-lineup\" data-v-md-line=\"27\">Komplett smakutbud<\/h2>\n<ul data-v-md-line=\"29\">\n<li>Vattenmelon smak<\/li>\n<li>Smak av jordgubb och vattenmelon<\/li>\n<li>Smak av bl\u00e5b\u00e4rsis<\/li>\n<li>Smak av bl\u00e5b\u00e4r och hallon<\/li>\n<li>Smak av jordgubb och mango<\/li>\n<li>Svart drake-issmak<\/li>\n<li>Smak av k\u00f6rsb\u00e4rscola<\/li>\n<li>Bl\u00e5b\u00e4rs- och druvsmak<\/li>\n<li>Trippel b\u00e4rsmak<\/li>\n<li>Jordgubbskonstig fruktsmak<\/li>\n<li>Smak av persikais<\/li>\n<li>Smak av vattenmelon och tuggummi<\/li>\n<\/ul>\n<p>&nbsp;<\/p>\n<h2 data-v-md-heading=\"tailored-for-you-and-your-business\" data-v-md-line=\"42\">Skr\u00e4ddarsytt f\u00f6r dig och ditt f\u00f6retag<\/h2>\n<p data-v-md-line=\"44\">Bang King 12000 finns tillg\u00e4ngligt f\u00f6r individuellt k\u00f6p, och om du \u00e4r f\u00f6retagare kan du \u00e4ven k\u00f6pa i bulk. De levereras i grossistdisplayl\u00e5dor om 10 enheter, medan bulkbest\u00e4llningar f\u00f6rpackas i stora kartonger om 200 enheter. Vi f\u00f6rst\u00e5r vikten av smidig logistik, s\u00e5 vi samarbetar med betrodda partners som UPS, DPD och DHL f\u00f6r att tillhandah\u00e5lla p\u00e5litliga DDP-frakttj\u00e4nster efter skatt. Det inneb\u00e4r att din best\u00e4llning kan levereras snabbt utan att du beh\u00f6ver oroa dig f\u00f6r tullklarering och andra problem.<\/p>\n<h2 data-v-md-heading=\"reasons-why-you-will-like-it\" data-v-md-line=\"46\">Anledningar till varf\u00f6r du kommer att gilla det<\/h2>\n<p data-v-md-line=\"48\"><strong>H\u00e5llbar och l\u00e5ngvarig:<\/strong>\u00a0En elektronisk cigarett kan anv\u00e4ndas under en l\u00e4ngre tid utan att man beh\u00f6ver g\u00f6ra frekventa k\u00f6p.<\/p>\n<p data-v-md-line=\"50\"><strong>Val av nikotinkoncentration:<\/strong>\u00a0Du kan v\u00e4lja den nikotinkoncentration som passar dig.<\/p>\n<p data-v-md-line=\"52\"><strong>Uppladdningsbar:<\/strong>\u00a0l\u00e5ter dig anv\u00e4nda upp all e-v\u00e4tska du k\u00f6per.<\/p>\n<p data-v-md-line=\"54\"><strong>Mesh atomizing core:<\/strong>\u00a0Det kan ge en stabil och rik smak varje g\u00e5ng.<\/p>\n<h2 data-v-md-heading=\"why-choose-to-collaborate-with-agoravape\" data-v-md-line=\"56\">Varf\u00f6r v\u00e4lja att samarbeta med AgoraVape?<\/h2>\n<p data-v-md-line=\"58\">Som en av de mest betrodda e-cigarettdistribut\u00f6rerna i Europa s\u00e4ljer vi endast 100 % \u00e4kta produkter. F\u00f6r v\u00e5ra f\u00f6retagskunder inneb\u00e4r detta att Bang King 12000 mini eng\u00e5ngs e-cigaretter erbjuder mycket konkurrenskraftiga grossistpriser, p\u00e5litlig kundsupport samt snabba och stabila leveranser. Kontakta oss omedelbart s\u00e5 kommer dina kunder verkligen att tacka dig f\u00f6r att du valde den h\u00e4r produkten.<\/p>","protected":false},"excerpt":{"rendered":"<p>&nbsp;<\/p>\n<p><script src=\"chrome-extension:\/\/fpelahbljekknahkcaegamhcndkfpfnc\/iFrame.js\" type=\"text\/javascript\"><\/script><\/p>\n<p><script src=\"chrome-extension:\/\/fpelahbljekknahkcaegamhcndkfpfnc\/iFrame.js\" type=\"text\/javascript\"><\/script><\/p>\n<p><script src=\"chrome-extension:\/\/fpelahbljekknahkcaegamhcndkfpfnc\/iFrame.js\" type=\"text\/javascript\"><\/script><\/p>\n<p><script src=\"chrome-extension:\/\/fpelahbljekknahkcaegamhcndkfpfnc\/iFrame.js\" type=\"text\/javascript\"><\/script><\/p>","protected":false},"featured_media":19646,"comment_status":"open","ping_status":"closed","template":"","meta":[],"product_brand":[197],"product_cat":[124,187,185,1634,189,123,177,174,175,193,191,173,186,180,190],"product_tag":[],"class_list":{"0":"post-19622","1":"product","2":"type-product","3":"status-publish","4":"has-post-thumbnail","6":"product_brand-bang","7":"product_cat-vape-by-brand","8":"product_cat-0mg-nicotine-free-vapes","9":"product_cat-10000-puffs-high-capacity","10":"product_cat-12000-puffs","11":"product_cat-20mg-standard-nicotine-vapes","12":"product_cat-bang","13":"product_cat-dessert-sweets","14":"product_cat-fruit-flavors","15":"product_cat-icy-mint","16":"product_cat-mesh-coil","17":"product_cat-rechargeable-disposables","18":"product_cat-vape-by-flavor-profile","19":"product_cat-vape-by-nicotine-strength","20":"product_cat-vape-by-puff-count","21":"product_cat-vape-by-feature-or-type","23":"first","24":"instock","25":"shipping-taxable","26":"purchasable","27":"product-type-variable","28":"has-default-attributes"},"tiered_pricing_type":"percentage","tiered_pricing_fixed_rules":[],"tiered_pricing_product_settings":{"layout":"default","base_unit_name":{"singular":null,"plural":null},"default_variation":null},"tiered_pricing_minimum_quantity":10,"tiered_pricing_roles_data":[],"tiered_pricing_percentage_rules":{"30":"29","50":"35","100":"40","200":"44","500":"47","1000":"49"},"tiered_pricing_maximum_quantity":null,"tiered_pricing_quantity_step":"10","_links":{"self":[{"href":"https:\/\/agoravape.com\/sv\/wp-json\/wp\/v2\/product\/19622","targetHints":{"allow":["GET"]}}],"collection":[{"href":"https:\/\/agoravape.com\/sv\/wp-json\/wp\/v2\/product"}],"about":[{"href":"https:\/\/agoravape.com\/sv\/wp-json\/wp\/v2\/types\/product"}],"replies":[{"embeddable":true,"href":"https:\/\/agoravape.com\/sv\/wp-json\/wp\/v2\/comments?post=19622"}],"version-history":[{"count":0,"href":"https:\/\/agoravape.com\/sv\/wp-json\/wp\/v2\/product\/19622\/revisions"}],"wp:featuredmedia":[{"embeddable":true,"href":"https:\/\/agoravape.com\/sv\/wp-json\/wp\/v2\/media\/19646"}],"wp:attachment":[{"href":"https:\/\/agoravape.com\/sv\/wp-json\/wp\/v2\/media?parent=19622"}],"wp:term":[{"taxonomy":"product_brand","embeddable":true,"href":"https:\/\/agoravape.com\/sv\/wp-json\/wp\/v2\/product_brand?post=19622"},{"taxonomy":"product_cat","embeddable":true,"href":"https:\/\/agoravape.com\/sv\/wp-json\/wp\/v2\/product_cat?post=19622"},{"taxonomy":"product_tag","embeddable":true,"href":"https:\/\/agoravape.com\/sv\/wp-json\/wp\/v2\/product_tag?post=19622"}],"curies":[{"name":"wp","href":"https:\/\/api.w.org\/{rel}","templated":true}]}}