{"id":19675,"date":"2025-10-30T14:10:22","date_gmt":"2025-10-30T06:10:22","guid":{"rendered":"https:\/\/agoravape.com\/?post_type=product&#038;p=19675"},"modified":"2026-01-30T17:01:28","modified_gmt":"2026-01-30T09:01:28","slug":"bang-king-15000-puffar-vape","status":"publish","type":"product","link":"https:\/\/agoravape.com\/sv\/product\/bang-king-15000-puffs-vape\/","title":{"rendered":"Bang King 15000 Puffs | Riktigt l\u00e5ng livsl\u00e4ngd, inget kr\u00e5ngel"},"content":{"rendered":"<h2 data-v-md-heading=\"what-is-the-bang-king-15000-port-mesh-coil-disposable-vape\" data-v-md-line=\"3\"><img loading=\"lazy\" decoding=\"async\" class=\"size-full wp-image-19703 alignright\" src=\"https:\/\/agoravape.com\/wp-content\/uploads\/2025\/10\/Bang-King-15000-Puffs-Serious-Longevity-Zero-Hassle_Agora_vape-16.webp\" alt=\"\" width=\"1440\" height=\"1206\" srcset=\"https:\/\/agoravape.com\/wp-content\/uploads\/2025\/10\/Bang-King-15000-Puffs-Serious-Longevity-Zero-Hassle_Agora_vape-16.webp 1440w, https:\/\/agoravape.com\/wp-content\/uploads\/2025\/10\/Bang-King-15000-Puffs-Serious-Longevity-Zero-Hassle_Agora_vape-16-1200x1005.webp 1200w, https:\/\/agoravape.com\/wp-content\/uploads\/2025\/10\/Bang-King-15000-Puffs-Serious-Longevity-Zero-Hassle_Agora_vape-16-300x251.webp 300w, https:\/\/agoravape.com\/wp-content\/uploads\/2025\/10\/Bang-King-15000-Puffs-Serious-Longevity-Zero-Hassle_Agora_vape-16-1024x858.webp 1024w, https:\/\/agoravape.com\/wp-content\/uploads\/2025\/10\/Bang-King-15000-Puffs-Serious-Longevity-Zero-Hassle_Agora_vape-16-768x643.webp 768w\" sizes=\"auto, (max-width: 1440px) 100vw, 1440px\" \/><\/h2>\n<h2 data-v-md-heading=\"what-is-the-bang-king-15000-port-mesh-coil-disposable-vape\" data-v-md-line=\"3\">Vad \u00e4r Bang King 15000-ports mesh coil eng\u00e5ngsvape?<\/h2>\n<p data-v-md-line=\"5\">Okej, l\u00e5t oss prata om denna verkligt h\u00e5llbara vape. Bang King 15000 str\u00e4var inte efter lyx eller komplexitet \u2013 den fokuserar bara p\u00e5 h\u00e5llbarhet. En enhet kan r\u00f6ka 15000 bloss, vilket inneb\u00e4r att du kan anv\u00e4nda den kontinuerligt i veckor utan att beh\u00f6va oroa dig f\u00f6r att byta patroner. Den har ocks\u00e5 en e-v\u00e4tskekapacitet p\u00e5 upp till 25 ml, f\u00f6r att vara \u00e4rlig, vilket \u00e4r st\u00f6rre \u00e4n kapaciteten hos de flesta eng\u00e5ngs-e-cigaretter p\u00e5 marknaden.<\/p>\n<p data-v-md-line=\"7\">Det jag uppskattar mest med den h\u00e4r vapen \u00e4r att den inte offrar kvalitet f\u00f6r kvantitetens skull. Man kanske tror att smaken blir l\u00e4ttare efter s\u00e5 m\u00e5nga klunkar, men mesh-coilen kan h\u00e5lla smaken fr\u00e4sch till slutet. Om du \u00e4r tr\u00f6tt p\u00e5 att st\u00e4ndigt k\u00f6pa nya e-cigaretter eller st\u00e4ndigt st\u00f6ta p\u00e5 enheter som g\u00e5r s\u00f6nder innan e-v\u00e4tskan \u00e4r slut, d\u00e5 \u00e4r den h\u00e4r produkten definitivt ditt perfekta val.<\/p>\n<h2 data-v-md-heading=\"excellent-performance-and-easy-operation\" data-v-md-line=\"9\">Utm\u00e4rkt prestanda och enkel anv\u00e4ndning<\/h2>\n<p data-v-md-line=\"11\">Tekniken bakom den h\u00e4r produkten \u00e4r enkel men smart. Den 1,0 \u03a9 mesh-f\u00f6rstoftningsk\u00e4rnan \u00e4r inte ett trick, den kan verkligen ge betydande f\u00f6rb\u00e4ttringar. Oavsett om du anv\u00e4nder den f\u00f6r f\u00f6rsta g\u00e5ngen eller redan har anv\u00e4nt den 5000 g\u00e5nger, kan varje tugga njuta av en j\u00e4mn, fyllig smak och en kraftig r\u00f6k. En batterikapacitet p\u00e5 550 mAh kanske inte l\u00e5ter stor, men med en laddningsport av typ C \u00e4r den helt tillr\u00e4cklig. N\u00e4r laddning beh\u00f6vs, anv\u00e4nd helt enkelt datakabeln du vanligtvis anv\u00e4nder f\u00f6r att ladda din telefon. Du beh\u00f6ver inte leta efter en dedikerad laddare, den \u00e4r ocks\u00e5 mycket bekv\u00e4m att anv\u00e4nda.<\/p>\n<h2 data-v-md-heading=\"product-specifications\" data-v-md-line=\"13\">Produktspecifikationer<\/h2>\n<p data-v-md-line=\"15\"><strong>Smoking frequency:<\/strong>\u00a0upp till 15 000 bloss<\/p>\n<p data-v-md-line=\"17\"><strong>e-liquid capacity:<\/strong>\u00a025 ml f\u00f6rfylld olja<\/p>\n<p data-v-md-line=\"19\"><strong>Battery:<\/strong>\u00a0550mAh uppladdningsbart batteri (typ 13350)<\/p>\n<p data-v-md-line=\"21\"><strong>Usage:<\/strong>\u00a0Inhale to activate<\/p>\n<p data-v-md-line=\"23\"><strong>Charging method:<\/strong>\u00a0Standard Type-C USB interface<\/p>\n<p data-v-md-line=\"25\"><strong>Atomizing core:<\/strong>\u00a01,0 \u03a9 mesh finf\u00f6rdelningsk\u00e4rna, vilket ger en konsekvent l\u00e4ckerhet<\/p>\n<p data-v-md-line=\"27\"><strong>Status:<\/strong>\u00a0Ready to use out of the box<\/p>\n<h2 data-v-md-heading=\"complete-flavor-lineup\" data-v-md-line=\"29\">Komplett smakutbud<\/h2>\n<ul data-v-md-line=\"31\">\n<li>Persika och mango<\/li>\n<li>Triple Berry<\/li>\n<li>Jordgubbsvattenmelon<\/li>\n<li>Krispiga jordgubbar<\/li>\n<li>Bl\u00e5b\u00e4r och hallon<\/li>\n<li>Aloe Vera-druva<\/li>\n<li>Dubbelt \u00e4pple<\/li>\n<li>Persikois<\/li>\n<li>Jordgubb, kiwi<\/li>\n<li>Blandade frukter<\/li>\n<li>Jordgubb och banan<\/li>\n<li>Kiwi, passionsfrukt, guava<\/li>\n<li>Surt \u00e4pple hallon<\/li>\n<li>Vattenmelonbubbelgummi<\/li>\n<li>Jordgubbsyoghurt<\/li>\n<li>Svart drakeis<\/li>\n<li>Rosa citronvatten<\/li>\n<li>K\u00f6rsb\u00e4rspopcorn<\/li>\n<li>Mentol-is<\/li>\n<li>Spunnet socker<\/li>\n<\/ul>\n<h2 data-v-md-heading=\"tailored-for-you-and-your-business\" data-v-md-line=\"52\">Skr\u00e4ddarsytt f\u00f6r dig och ditt f\u00f6retag<\/h2>\n<p data-v-md-line=\"54\">Vi har lanserat Bang King 15000 puffar som du kan k\u00f6pa separat. Om du driver en butik eller beh\u00f6ver k\u00f6pa i stora kvantiteter erbjuder vi professionella grossistl\u00f6sningar f\u00f6r att m\u00f6ta dina behov. Produkterna \u00e4r f\u00f6rpackade i l\u00e5dor om 100 eller 200 stycken, prydligt och ordnat, och kan skickas n\u00e4r som helst. Varje kartong \u00e4r professionellt f\u00f6rpackad (200 stycken kartonger med m\u00e5tten 55 \u00d7 29,5 \u00d7 26 centimeter och en vikt p\u00e5 cirka 18,85 kilogram, vilket g\u00f6r det enkelt f\u00f6r dig att f\u00f6rst\u00e5 produktspecifikationerna).<\/p>\n<p data-v-md-line=\"56\">\u00c4nnu viktigare \u00e4r att vi ansvarar f\u00f6r alla logistikfr\u00e5gor. Vi erbjuder DDP-frakttj\u00e4nster via UPS, DPD och DHL, och alla avgifter \u00e4r f\u00f6rbetalda. Du beh\u00f6ver inte oroa dig f\u00f6r tullavgifter eller dolda kostnader. Oavsett om du best\u00e4ller en eller hundra stycken kan vi leverera dem direkt till din d\u00f6rr.<\/p>\n<h2 data-v-md-heading=\"reasons-why-you-will-like-it\" data-v-md-line=\"58\">Anledningar till varf\u00f6r du kommer att gilla det<\/h2>\n<p data-v-md-line=\"60\"><strong>15000 bloss:<\/strong>\u00a0tillr\u00e4ckligt f\u00f6r att du ska kunna anv\u00e4nda det i flera veckor \u2013 du beh\u00f6ver inte k\u00f6pa nya bl\u00e4ckpatroner ofta<\/p>\n<p data-v-md-line=\"62\"><strong>25 ml e-v\u00e4tska:<\/strong>\u00a0St\u00f6rre e-v\u00e4tskekapacitet \u00e4n de flesta eng\u00e5ngs-e-cigaretter, valuta f\u00f6r pengarna<\/p>\n<p data-v-md-line=\"64\"><strong>Typ-C-laddning:<\/strong>\u00a0Anv\u00e4nd samma laddningskabel som de flesta moderna telefoner \u2013 bekv\u00e4mt och snabbt<\/p>\n<p data-v-md-line=\"66\"><strong>K\u00e4rna av n\u00e4tf\u00f6r\u00e5ngare:<\/strong>\u00a0garanterar en j\u00e4mn smak fr\u00e5n b\u00f6rjan till slut, inte bara de f\u00f6rsta hundra tuggorna<\/p>\n<p data-v-md-line=\"68\"><strong>20 smaker:<\/strong>\u00a0Fr\u00e5n klassisk mintglass till roliga marshmallows \u2013 det finns alltid en som passar dig<\/p>\n<h2 data-v-md-heading=\"why-choose-to-collaborate-with-agoravape\" data-v-md-line=\"70\">Varf\u00f6r v\u00e4lja att samarbeta med AgoraVape?<\/h2>\n<p data-v-md-line=\"72\">Som en av de mest betrodda e-cigarettdistribut\u00f6rerna i Europa s\u00e4ljer vi endast 100 % \u00e4kta produkter. F\u00f6r v\u00e5ra f\u00f6retagskunder inneb\u00e4r detta att Bang King 15000 e-cigaretter ger dig mycket konkurrenskraftiga grossistpriser, p\u00e5litlig teknisk support och snabba och stabila leveranser. Kontakta oss och k\u00f6p en produkt som dina kunder verkligen kommer att uppskatta.<\/p>","protected":false},"excerpt":{"rendered":"<p>&nbsp;<\/p>\n<p><script src=\"chrome-extension:\/\/fpelahbljekknahkcaegamhcndkfpfnc\/iFrame.js\" type=\"text\/javascript\"><\/script><\/p>\n<p><script src=\"chrome-extension:\/\/fpelahbljekknahkcaegamhcndkfpfnc\/iFrame.js\" type=\"text\/javascript\"><\/script><\/p>\n<p><script src=\"chrome-extension:\/\/fpelahbljekknahkcaegamhcndkfpfnc\/iFrame.js\" type=\"text\/javascript\"><\/script><\/p>\n<p><script src=\"chrome-extension:\/\/fpelahbljekknahkcaegamhcndkfpfnc\/iFrame.js\" type=\"text\/javascript\"><\/script><\/p>","protected":false},"featured_media":19707,"comment_status":"open","ping_status":"closed","template":"","meta":[],"product_brand":[197],"product_cat":[124,187,185,1635,189,123,176,177,174,175,193,191,173,186,180,190],"product_tag":[],"class_list":{"0":"post-19675","1":"product","2":"type-product","3":"status-publish","4":"has-post-thumbnail","6":"product_brand-bang","7":"product_cat-vape-by-brand","8":"product_cat-0mg-nicotine-free-vapes","9":"product_cat-10000-puffs-high-capacity","10":"product_cat-15000-puffs","11":"product_cat-20mg-standard-nicotine-vapes","12":"product_cat-bang","13":"product_cat-beverage","14":"product_cat-dessert-sweets","15":"product_cat-fruit-flavors","16":"product_cat-icy-mint","17":"product_cat-mesh-coil","18":"product_cat-rechargeable-disposables","19":"product_cat-vape-by-flavor-profile","20":"product_cat-vape-by-nicotine-strength","21":"product_cat-vape-by-puff-count","22":"product_cat-vape-by-feature-or-type","24":"first","25":"instock","26":"shipping-taxable","27":"purchasable","28":"product-type-variable","29":"has-default-attributes"},"tiered_pricing_type":"percentage","tiered_pricing_fixed_rules":[],"tiered_pricing_product_settings":{"layout":"default","base_unit_name":{"singular":null,"plural":null},"default_variation":null},"tiered_pricing_minimum_quantity":10,"tiered_pricing_roles_data":[],"tiered_pricing_percentage_rules":{"30":"29","50":"35","100":"40","200":"44","500":"47","1000":"49"},"tiered_pricing_maximum_quantity":null,"tiered_pricing_quantity_step":"10","_links":{"self":[{"href":"https:\/\/agoravape.com\/sv\/wp-json\/wp\/v2\/product\/19675","targetHints":{"allow":["GET"]}}],"collection":[{"href":"https:\/\/agoravape.com\/sv\/wp-json\/wp\/v2\/product"}],"about":[{"href":"https:\/\/agoravape.com\/sv\/wp-json\/wp\/v2\/types\/product"}],"replies":[{"embeddable":true,"href":"https:\/\/agoravape.com\/sv\/wp-json\/wp\/v2\/comments?post=19675"}],"version-history":[{"count":0,"href":"https:\/\/agoravape.com\/sv\/wp-json\/wp\/v2\/product\/19675\/revisions"}],"wp:featuredmedia":[{"embeddable":true,"href":"https:\/\/agoravape.com\/sv\/wp-json\/wp\/v2\/media\/19707"}],"wp:attachment":[{"href":"https:\/\/agoravape.com\/sv\/wp-json\/wp\/v2\/media?parent=19675"}],"wp:term":[{"taxonomy":"product_brand","embeddable":true,"href":"https:\/\/agoravape.com\/sv\/wp-json\/wp\/v2\/product_brand?post=19675"},{"taxonomy":"product_cat","embeddable":true,"href":"https:\/\/agoravape.com\/sv\/wp-json\/wp\/v2\/product_cat?post=19675"},{"taxonomy":"product_tag","embeddable":true,"href":"https:\/\/agoravape.com\/sv\/wp-json\/wp\/v2\/product_tag?post=19675"}],"curies":[{"name":"wp","href":"https:\/\/api.w.org\/{rel}","templated":true}]}}