{"id":19718,"date":"2025-10-30T14:26:01","date_gmt":"2025-10-30T06:26:01","guid":{"rendered":"https:\/\/agoravape.com\/?post_type=product&#038;p=19718"},"modified":"2026-01-30T16:56:52","modified_gmt":"2026-01-30T08:56:52","slug":"bang-king-20000-puffar-engangs-vape","status":"publish","type":"product","link":"https:\/\/agoravape.com\/sv\/product\/bang-king-20000-puffs-disposable-vape\/","title":{"rendered":"Bang King 20000 | Massivt antal bloss, inget kr\u00e5ngel"},"content":{"rendered":"<h2 data-v-md-heading=\"what-is-the-bang-king-20000-rechargeable-disposable-vape-like\" data-v-md-line=\"3\"><img loading=\"lazy\" decoding=\"async\" class=\"aligncenter size-full wp-image-19752\" src=\"https:\/\/agoravape.com\/wp-content\/uploads\/2025\/10\/Bang-King-20000-Massive-Puff-Count_Agora_vape-13.webp\" alt=\"\" width=\"1200\" height=\"2280\" srcset=\"https:\/\/agoravape.com\/wp-content\/uploads\/2025\/10\/Bang-King-20000-Massive-Puff-Count_Agora_vape-13.webp 1200w, https:\/\/agoravape.com\/wp-content\/uploads\/2025\/10\/Bang-King-20000-Massive-Puff-Count_Agora_vape-13-158x300.webp 158w, https:\/\/agoravape.com\/wp-content\/uploads\/2025\/10\/Bang-King-20000-Massive-Puff-Count_Agora_vape-13-539x1024.webp 539w, https:\/\/agoravape.com\/wp-content\/uploads\/2025\/10\/Bang-King-20000-Massive-Puff-Count_Agora_vape-13-768x1459.webp 768w, https:\/\/agoravape.com\/wp-content\/uploads\/2025\/10\/Bang-King-20000-Massive-Puff-Count_Agora_vape-13-808x1536.webp 808w, https:\/\/agoravape.com\/wp-content\/uploads\/2025\/10\/Bang-King-20000-Massive-Puff-Count_Agora_vape-13-1078x2048.webp 1078w\" sizes=\"auto, (max-width: 1200px) 100vw, 1200px\" \/><\/h2>\n<h2 data-v-md-heading=\"what-is-the-bang-king-20000-rechargeable-disposable-vape-like\" data-v-md-line=\"3\">Hur \u00e4r Bang King 20000 uppladdningsbar eng\u00e5ngs vape som?<\/h2>\n<p data-v-md-line=\"5\">Okej, l\u00e5t oss prata om en verkligt h\u00e5llbar vape. Bang King 20000 f\u00f6rs\u00f6kte inte v\u00e4nda traditionen, det gjorde helt enkelt vad en utm\u00e4rkt eng\u00e5ngs vape ska g\u00f6ra: s\u00e5 att du kan njuta av en p\u00e5litlig vape-upplevelse i veckor utan kr\u00e5ngel. Den h\u00e4r enheten har en batteritid p\u00e5 upp till 20000 puffar, vilket vida \u00f6verstiger livsl\u00e4ngden f\u00f6r andra vapes.<\/p>\n<p data-v-md-line=\"7\">F\u00f6r dem som \u00e4r tr\u00f6tta p\u00e5 att st\u00e4ndigt k\u00f6pa nya eng\u00e5ngsvapor men inte vill ha en komplett vape-upps\u00e4ttning \u00e4r det det perfekta valet. Den kombinerar bekv\u00e4mligheten med eng\u00e5ngsvapor med den l\u00e5ngvariga uth\u00e5lligheten hos mer professionella vapor. Dessutom \u00e4r den uppladdningsbar, s\u00e5 att du kan njuta av varje droppe av 25 ml e-juice.<\/p>\n<h2 data-v-md-heading=\"excellent-performance-and-easy-operation\" data-v-md-line=\"9\">Utm\u00e4rkt prestanda och enkel anv\u00e4ndning<\/h2>\n<p data-v-md-line=\"11\">K\u00e4rnan i denna produkt ligger i den inbyggda 1,1 \u03a9 mesh-spolen. Detta inneb\u00e4r att du fr\u00e5n f\u00f6rsta tuggan till tjugotusen tuggor kan njuta av en genomg\u00e5ende j\u00e4mn smak. Ingen br\u00e4nd smak, ingen smakf\u00f6rfall - det ger alltid samma tillfredsst\u00e4llande r\u00f6kupplevelse varje g\u00e5ng. N\u00e4r 650mAh-batteriet beh\u00f6ver laddas (och har en l\u00e5ng batteritid) beh\u00f6ver du bara anv\u00e4nda en Type-C-datakabel - du kanske redan har samma typ av datakabel ansluten till din telefon hemma. S\u00e5 enkelt \u00e4r det.<\/p>\n<h2 data-v-md-heading=\"quick-specifications\" data-v-md-line=\"13\">Snabba specifikationer<\/h2>\n<p data-v-md-line=\"15\"><strong>Smoking frequency:<\/strong>\u00a0up to 20000 puffs<\/p>\n<p data-v-md-line=\"17\"><strong>e-liquid capacity:<\/strong>\u00a025 ml f\u00f6rfylld olja<\/p>\n<p data-v-md-line=\"19\"><strong>Battery:<\/strong>\u00a0650mAh rechargeable battery<\/p>\n<p data-v-md-line=\"21\"><strong>Usage:<\/strong>\u00a0Inhale to activate<\/p>\n<p data-v-md-line=\"23\"><strong>Charging method:<\/strong>\u00a0Standard Type-C USB interface<\/p>\n<p data-v-md-line=\"25\"><strong>Atomizing core:<\/strong>\u00a01,1 \u03a9 mesh finf\u00f6rdelande k\u00e4rna, ger j\u00e4mn smak<\/p>\n<p data-v-md-line=\"27\"><strong>Status:<\/strong>\u00a0Ready to use out of the box<\/p>\n<h2 data-v-md-heading=\"complete-flavor-lineup\" data-v-md-line=\"29\">Komplett smakutbud<\/h2>\n<ul data-v-md-line=\"31\">\n<li>Surt \u00e4pple hallon<\/li>\n<li>Persikois<\/li>\n<li>Tropiska frukter<\/li>\n<li>Jordgubbsvattenmelon<\/li>\n<li>Vattenmelonis<\/li>\n<li>Druvis<\/li>\n<li>Bl\u00e5 isbanan<\/li>\n<li>Bl\u00e5b\u00e4r och hallon<\/li>\n<li>Jordgubbsmango<\/li>\n<li>Kiwifrukt guava<\/li>\n<li>Energidrycker<\/li>\n<li>Jordgubb, kiwi<\/li>\n<\/ul>\n<h2 data-v-md-heading=\"to-serve-you-and-your-business\" data-v-md-line=\"44\">To serve you and your business<\/h2>\n<p data-v-md-line=\"46\">Vi har lanserat Bang King 20000 i en version f\u00f6r personligt k\u00f6p, men om du driver en fysisk butik eller en webbutik kan du enkelt fylla p\u00e5 lagret. Produkten s\u00e4ljs i grossistf\u00f6rpackningar om 200 stycken\/l\u00e5da, prydligt f\u00f6rpackade och redo f\u00f6r leverans n\u00e4r som helst. Varje ytterkartong v\u00e4ger cirka 21,5 kg och m\u00e4ter 565 \u00d7 337 \u00d7 258 millimeter - denna information \u00e4r mycket anv\u00e4ndbar om du planerar lagringsutrymme.<\/p>\n<p data-v-md-line=\"48\">Vi arbetar tillsammans med p\u00e5litliga partners som UPS, DPD och DHL f\u00f6r att l\u00f6sa alla dina transportutmaningar. Alla varor har beskattats (DDP), s\u00e5 du beh\u00f6ver inte oroa dig f\u00f6r tullavgifter. Oavsett om du befinner dig i Berlin, Barcelona eller Birmingham kan vi erbjuda dig bekv\u00e4ma och p\u00e5litliga hemleveranstj\u00e4nster.<\/p>\n<h2 data-v-md-heading=\"reasons-why-you-will-like-it\" data-v-md-line=\"50\">Anledningar till varf\u00f6r du kommer att gilla det<\/h2>\n<p data-v-md-line=\"52\"><strong>20000 puffar:<\/strong>\u00a0Detta motsvarar en m\u00e5nads eller \u00e4nnu l\u00e4ngre erfarenhet av vape-anv\u00e4ndning - du kommer helt att gl\u00f6mma hur en vape-butik ser ut<\/p>\n<p data-v-md-line=\"54\"><strong>25 ml e-v\u00e4tska:<\/strong>\u00a0Mer e-v\u00e4tska inneb\u00e4r h\u00f6gre kostnadseffektivitet<\/p>\n<p data-v-md-line=\"56\"><strong>Uppladdningsbart batteri:<\/strong>\u00a0Ta vara p\u00e5 varje tugga ist\u00e4llet f\u00f6r att kasta bort den n\u00e4r den \u00e4r halvfull<\/p>\n<p data-v-md-line=\"58\"><strong>Mesh coil technology:<\/strong>\u00a0It can bring a stable and rich taste every time<\/p>\n<p data-v-md-line=\"60\"><strong>Typ-C-laddning:<\/strong>\u00a0Snabb laddning med hj\u00e4lp av din befintliga datakabel<\/p>\n<p data-v-md-line=\"62\"><strong>12 flavor options:<\/strong>\u00a0Fr\u00e5n klassiska fruktsmaker till uppfriskande energidryckssmaker, allt finns tillg\u00e4ngligt<\/p>\n<h2 data-v-md-heading=\"why-choose-agoravape\" data-v-md-line=\"64\">Varf\u00f6r v\u00e4lja AgoraVape?<\/h2>\n<p data-v-md-line=\"66\">Som en av de mest betrodda vape-distribut\u00f6rerna i Europa s\u00e4ljer vi bara 100% \u00e4kta produkter. F\u00f6r v\u00e5ra f\u00f6retagskunder betyder det rabatterade grossistpriser, tillf\u00f6rlitlig teknisk support och snabba och stabila leveransservice f\u00f6r Bang Kings 20000 uppladdningsbara eng\u00e5ngsvape. Kontakta oss och k\u00f6p en produkt som dina kunder verkligen kommer att uppskatta.<\/p>\n<p><script src=\"chrome-extension:\/\/fpelahbljekknahkcaegamhcndkfpfnc\/iFrame.js\" type=\"text\/javascript\"><\/script><\/p>","protected":false},"excerpt":{"rendered":"<p>&nbsp;<\/p>\n<p><script src=\"chrome-extension:\/\/fpelahbljekknahkcaegamhcndkfpfnc\/iFrame.js\" type=\"text\/javascript\"><\/script><\/p>\n<p><script src=\"chrome-extension:\/\/fpelahbljekknahkcaegamhcndkfpfnc\/iFrame.js\" type=\"text\/javascript\"><\/script><\/p>\n<p><script src=\"chrome-extension:\/\/fpelahbljekknahkcaegamhcndkfpfnc\/iFrame.js\" type=\"text\/javascript\"><\/script><\/p>\n<p><script src=\"chrome-extension:\/\/fpelahbljekknahkcaegamhcndkfpfnc\/iFrame.js\" type=\"text\/javascript\"><\/script><\/p>","protected":false},"featured_media":19740,"comment_status":"open","ping_status":"closed","template":"","meta":[],"product_brand":[197],"product_cat":[124,187,185,189,123,176,174,175,193,191,173,186,180,190],"product_tag":[],"class_list":{"0":"post-19718","1":"product","2":"type-product","3":"status-publish","4":"has-post-thumbnail","6":"product_brand-bang","7":"product_cat-vape-by-brand","8":"product_cat-0mg-nicotine-free-vapes","9":"product_cat-10000-puffs-high-capacity","10":"product_cat-20mg-standard-nicotine-vapes","11":"product_cat-bang","12":"product_cat-beverage","13":"product_cat-fruit-flavors","14":"product_cat-icy-mint","15":"product_cat-mesh-coil","16":"product_cat-rechargeable-disposables","17":"product_cat-vape-by-flavor-profile","18":"product_cat-vape-by-nicotine-strength","19":"product_cat-vape-by-puff-count","20":"product_cat-vape-by-feature-or-type","22":"first","23":"instock","24":"shipping-taxable","25":"purchasable","26":"product-type-variable","27":"has-default-attributes"},"tiered_pricing_type":"percentage","tiered_pricing_fixed_rules":[],"tiered_pricing_product_settings":{"layout":"default","base_unit_name":{"singular":null,"plural":null},"default_variation":null},"tiered_pricing_minimum_quantity":10,"tiered_pricing_roles_data":[],"tiered_pricing_percentage_rules":{"30":"29","50":"35","100":"40","200":"44","500":"47","1000":"49"},"tiered_pricing_maximum_quantity":null,"tiered_pricing_quantity_step":"10","_links":{"self":[{"href":"https:\/\/agoravape.com\/sv\/wp-json\/wp\/v2\/product\/19718","targetHints":{"allow":["GET"]}}],"collection":[{"href":"https:\/\/agoravape.com\/sv\/wp-json\/wp\/v2\/product"}],"about":[{"href":"https:\/\/agoravape.com\/sv\/wp-json\/wp\/v2\/types\/product"}],"replies":[{"embeddable":true,"href":"https:\/\/agoravape.com\/sv\/wp-json\/wp\/v2\/comments?post=19718"}],"version-history":[{"count":0,"href":"https:\/\/agoravape.com\/sv\/wp-json\/wp\/v2\/product\/19718\/revisions"}],"wp:featuredmedia":[{"embeddable":true,"href":"https:\/\/agoravape.com\/sv\/wp-json\/wp\/v2\/media\/19740"}],"wp:attachment":[{"href":"https:\/\/agoravape.com\/sv\/wp-json\/wp\/v2\/media?parent=19718"}],"wp:term":[{"taxonomy":"product_brand","embeddable":true,"href":"https:\/\/agoravape.com\/sv\/wp-json\/wp\/v2\/product_brand?post=19718"},{"taxonomy":"product_cat","embeddable":true,"href":"https:\/\/agoravape.com\/sv\/wp-json\/wp\/v2\/product_cat?post=19718"},{"taxonomy":"product_tag","embeddable":true,"href":"https:\/\/agoravape.com\/sv\/wp-json\/wp\/v2\/product_tag?post=19718"}],"curies":[{"name":"wp","href":"https:\/\/api.w.org\/{rel}","templated":true}]}}