{"id":19886,"date":"2025-10-30T19:54:51","date_gmt":"2025-10-30T11:54:51","guid":{"rendered":"https:\/\/agoravape.com\/?post_type=product&#038;p=19886"},"modified":"2026-02-22T15:16:02","modified_gmt":"2026-02-22T14:16:02","slug":"bang-king-bk50-50000-puffar-vape","status":"publish","type":"product","link":"https:\/\/agoravape.com\/sv\/product\/bang-king-bk50-50000-puffs-vape\/","title":{"rendered":"Bang King BK50 50000 bloss | Stor kapacitet, justerbar efter din smak"},"content":{"rendered":"<h2 data-v-md-heading=\"what-is-the-special-feature-of-bang-king-bk50-50000-adjustable-airflow-vape\" data-v-md-line=\"3\"><\/h2>\n<p><img loading=\"lazy\" decoding=\"async\" class=\"aligncenter size-full wp-image-19898\" src=\"https:\/\/agoravape.com\/wp-content\/uploads\/2025\/10\/Bang-King-BK50-50000-Puffs-Massive-Capacity-Adjustable-to-Your-Taste_Agora_vape-1-scaled.webp\" alt=\"\" width=\"2560\" height=\"1440\" srcset=\"https:\/\/agoravape.com\/wp-content\/uploads\/2025\/10\/Bang-King-BK50-50000-Puffs-Massive-Capacity-Adjustable-to-Your-Taste_Agora_vape-1-scaled.webp 2560w, https:\/\/agoravape.com\/wp-content\/uploads\/2025\/10\/Bang-King-BK50-50000-Puffs-Massive-Capacity-Adjustable-to-Your-Taste_Agora_vape-1-scaled-1200x675.webp 1200w, https:\/\/agoravape.com\/wp-content\/uploads\/2025\/10\/Bang-King-BK50-50000-Puffs-Massive-Capacity-Adjustable-to-Your-Taste_Agora_vape-1-300x169.webp 300w, https:\/\/agoravape.com\/wp-content\/uploads\/2025\/10\/Bang-King-BK50-50000-Puffs-Massive-Capacity-Adjustable-to-Your-Taste_Agora_vape-1-1024x576.webp 1024w, https:\/\/agoravape.com\/wp-content\/uploads\/2025\/10\/Bang-King-BK50-50000-Puffs-Massive-Capacity-Adjustable-to-Your-Taste_Agora_vape-1-768x432.webp 768w, https:\/\/agoravape.com\/wp-content\/uploads\/2025\/10\/Bang-King-BK50-50000-Puffs-Massive-Capacity-Adjustable-to-Your-Taste_Agora_vape-1-1536x864.webp 1536w, https:\/\/agoravape.com\/wp-content\/uploads\/2025\/10\/Bang-King-BK50-50000-Puffs-Massive-Capacity-Adjustable-to-Your-Taste_Agora_vape-1-2048x1152.webp 2048w\" sizes=\"auto, (max-width: 2560px) 100vw, 2560px\" \/><\/p>\n<h2 data-v-md-heading=\"what-is-the-special-feature-of-bang-king-bk50-50000-adjustable-airflow-vape\" data-v-md-line=\"3\">Vad \u00e4r den speciella egenskapen hos Bang King BK50 50000 vape med justerbart luftfl\u00f6de?<\/h2>\n<p data-v-md-line=\"5\">I \u00e4rlighetens namn h\u00e5ller de flesta eng\u00e5ngsvapor inte l\u00e4nge. Men denna Bang King BK50 \u00e4r annorlunda. Den har en fantastisk kapacitet p\u00e5 50000 portar, vilket inneb\u00e4r att du kan anv\u00e4nda den kontinuerligt i veckor eller till och med m\u00e5nader utan att beh\u00f6va k\u00f6pa ers\u00e4ttningsutrustning ofta. \u00c4nnu smartare \u00e4r att den \u00e4r utrustad med justerbart luftfl\u00f6de, s\u00e5 att du kan justera det exakt enligt dina preferenser, oavsett om du f\u00f6redrar t\u00e4tt cigarettmotst\u00e5nd eller rik r\u00f6k.<\/p>\n<p data-v-md-line=\"7\">Det h\u00e4r \u00e4r inte den typ av vanlig eng\u00e5ngsvape som kommer att g\u00f6ra dig besviken p\u00e5 bara n\u00e5gra dagar. Om du \u00e4r tr\u00f6tt p\u00e5 att st\u00e4ndigt k\u00f6pa nya vapes, eller om du driver en butik och vill k\u00f6pa produkter som kunderna inte ofta \u00e4ndrar, \u00e4r BK50 definitivt ditt perfekta val. Den l\u00e5ter dig b\u00e4ttre kontrollera din vape-upplevelse, och med tanke p\u00e5 dess kraftfulla interna funktioner \u00e4r dess vikt p\u00e5 131 gram f\u00f6rv\u00e5nansv\u00e4rt l\u00e4tt och l\u00e4tt att b\u00e4ra.<\/p>\n<h2 data-v-md-heading=\"excellent-performance-and-easy-operation\" data-v-md-line=\"9\">Utm\u00e4rkt prestanda och enkel anv\u00e4ndning<\/h2>\n<p data-v-md-line=\"11\">Den genomg\u00e5ende hemligheten med BK50 ligger i dess h\u00f6gkvalitativa 1,0 \u03a9 mesh atomiseringsk\u00e4rna, som garanterar en frisk smak f\u00f6r varje klunk \u00e4ven efter inandning av tusentals puffar. Du kommer inte att lukta br\u00e4nt som att anv\u00e4nda billiga enheter. Batterikapaciteten p\u00e5 850 mAh kan verka liten, men den matchar perfekt atomiseringsk\u00e4rnan - n\u00e4r laddning beh\u00f6vs, anslut bara Type-C-datakabeln (du kan ocks\u00e5 anv\u00e4nda den f\u00f6r att ladda din telefon). Justeringen av bottenintaget \u00e4r extremt enkel - rotera bara f\u00f6r att hitta den mest l\u00e4mpliga intagsvolymen f\u00f6r dig. Inget behov av applikationer eller komplexa inst\u00e4llningar, bara rotera f\u00f6r att njuta av det roliga med vapes.<\/p>\n<h2 data-v-md-heading=\"quick-specifications\" data-v-md-line=\"13\">Snabba specifikationer<\/h2>\n<p data-v-md-line=\"15\"><strong>Smoking frequency:<\/strong>\u00a0upp till 50000 puffar<\/p>\n<p data-v-md-line=\"17\"><strong>e-liquid capacity:<\/strong>\u00a050 ml f\u00f6rfylld olja<\/p>\n<p data-v-md-line=\"19\"><strong>Battery:<\/strong>\u00a0850mAh uppladdningsbart batteri (17350 celler)<\/p>\n<p data-v-md-line=\"21\"><strong>Usage:<\/strong>\u00a0Inhale to activate<\/p>\n<p data-v-md-line=\"23\"><strong>Charging method:<\/strong>\u00a0Standard Type-C USB interface<\/p>\n<p data-v-md-line=\"25\"><strong>Luftfl\u00f6de:<\/strong>\u00a0Justeringsring f\u00f6r botten<\/p>\n<p data-v-md-line=\"27\"><strong>Atomizing core:<\/strong>\u00a01,0 \u03a9 mesh atomiseringsk\u00e4rna, ger j\u00e4mn smak<\/p>\n<p data-v-md-line=\"29\"><strong>Vikt:<\/strong>\u00a0131 gram per enhet<\/p>\n<p data-v-md-line=\"31\"><strong>Status:<\/strong>\u00a0Ready to use out of the box<\/p>\n<h2 data-v-md-heading=\"complete-flavor-lineup\" data-v-md-line=\"33\">Komplett smakutbud<\/h2>\n<ul data-v-md-line=\"35\">\n<li>Vattenmelon Ice\/Bl\u00e5b\u00e4r Pepparmint<\/li>\n<li>Vattenmelon\/Bl\u00e5b\u00e4r K\u00f6rsb\u00e4r<\/li>\n<li>Bl\u00e5b\u00e4rsglass\/persika Mang vattenmelon<\/li>\n<li>Bl\u00e5b\u00e4rsglass\/persikoglass<\/li>\n<li>Bl\u00e5b\u00e4r, hallon\/blandade b\u00e4r<\/li>\n<li>Bl\u00e5b\u00e4r Hallon\/Grape Ice<\/li>\n<li>Red Bull\/jordgubbsbanan<\/li>\n<li>Red Bull\/Bl\u00e5b\u00e4r Vattenmelon<\/li>\n<li>Jordgubb Mango\/Vattenmelon Bubble Gum<\/li>\n<li>Jordgubb Mango\/Sjordgubb Kiwi<\/li>\n<li>Jordgubbsvattenmelon\/Black Dragon Ice<\/li>\n<li>Strawberry watermelon\/kiwi passion fruit guava<\/li>\n<\/ul>\n<h2 data-v-md-heading=\"tailored-for-you-and-your-business\" data-v-md-line=\"48\">Skr\u00e4ddarsytt f\u00f6r dig och ditt f\u00f6retag<\/h2>\n<p data-v-md-line=\"50\">Vi har nu lanserat Bang King BK50 50000 mun justerbar luftfl\u00f6des vape f\u00f6r ditt personliga k\u00f6p. Om du \u00e4r f\u00f6retagare kan du ocks\u00e5 k\u00f6pa i bulk. Vi erbjuder grossistf\u00f6rpackningar med 100 eller 200 stycken per l\u00e5da, vilket g\u00f6r det bekv\u00e4mt f\u00f6r dig att uppr\u00e4tth\u00e5lla tillr\u00e4ckliga hyllor utan frekvent omlagring. Varje smak \u00e4r grupperad i par, vilket ger dina kunder ett brett utbud av val f\u00f6r att undvika f\u00f6rvirring orsakad av f\u00f6r m\u00e5nga val.<\/p>\n<p data-v-md-line=\"52\">Vi erbjuder DDP-tj\u00e4nster (Duty Paid Delivery) via UPS, DPD och DHL, s\u00e5 att du inte beh\u00f6ver oroa dig f\u00f6r tullavgifter. Oavsett om du best\u00e4ller en eller en hel l\u00e5da kan vi leverera den direkt till din d\u00f6rr. Med en s\u00e5 h\u00e5llbar enhet kommer du att uppt\u00e4cka att kunderna st\u00e4ndigt \u00e5terk\u00f6per f\u00f6r olika smaker ist\u00e4llet f\u00f6r att ofta byta ut skadade vapes.<\/p>\n<h2 data-v-md-heading=\"reasons-why-you-will-like-it\" data-v-md-line=\"54\">Anledningar till varf\u00f6r du kommer att gilla det<\/h2>\n<p data-v-md-line=\"56\"><strong>50000 portar:<\/strong>\u00a0Ultral\u00e5ng batteritid - du kanske har gl\u00f6mt bort n\u00e4r du k\u00f6pte den<\/p>\n<p data-v-md-line=\"58\"><strong>Justerbart luftfl\u00f6de:<\/strong>\u00a0Anpassa ditt sugmotst\u00e5nd, fr\u00e5n h\u00e5rt MTL till l\u00f6st DTL<\/p>\n<p data-v-md-line=\"60\"><strong>50 ml e-juice:<\/strong>\u00a0Stor kapacitet ger j\u00e4mn smak<\/p>\n<p data-v-md-line=\"62\"><strong>Uppladdningsbart batteri:<\/strong>\u00a0Anv\u00e4nd upp varje droppe e-juice du k\u00f6per<\/p>\n<p data-v-md-line=\"64\"><strong>Mesh coil technology:<\/strong>\u00a0Konsekvent ren smak fr\u00e5n f\u00f6rsta till sista tuggan<\/p>\n<p data-v-md-line=\"66\"><strong>Dubbla smakval:<\/strong>\u00a0Varje enhet erbjuder tv\u00e5 kompletterande smaker som du kan v\u00e4xla mellan<\/p>\n<h2 data-v-md-heading=\"why-choose-to-collaborate-with-agoravape\" data-v-md-line=\"68\">Varf\u00f6r v\u00e4lja att samarbeta med AgoraVape?<\/h2>\n<p data-v-md-line=\"70\">Som en av de mest betrodda vape-distribut\u00f6rerna i Europa s\u00e4ljer vi endast 100% \u00e4kta produkter. F\u00f6r v\u00e5ra f\u00f6retagskunder betyder det att Bang King BK50 50000 vapes med justerbart luftfl\u00f6de kommer att erbjuda mycket konkurrenskraftiga grossistpriser, p\u00e5litlig kundservice och snabba och stabila leveransservice. Vi erbjuder kompletta l\u00e5df\u00f6rpackningar f\u00f6r 100 eller 200 enheter och anv\u00e4nder en bekv\u00e4m DDP-fraktmetod (Delivered Duty Paid) f\u00f6r att g\u00f6ra det enkelt f\u00f6r dig att fylla p\u00e5 lagret. Kontakta oss omedelbart f\u00f6r att reservera den h\u00e4r produkten f\u00f6r dina kunder som verkligen kommer att uppskatta den - vem skulle inte vilja ha en s\u00e5 l\u00e5ngvarig och h\u00e5llbar vape?<\/p>","protected":false},"excerpt":{"rendered":"<p>&nbsp;<\/p>\n<p><script src=\"chrome-extension:\/\/fpelahbljekknahkcaegamhcndkfpfnc\/iFrame.js\" type=\"text\/javascript\"><\/script><\/p>\n<p><script src=\"chrome-extension:\/\/fpelahbljekknahkcaegamhcndkfpfnc\/iFrame.js\" type=\"text\/javascript\"><\/script><\/p>\n<p><script src=\"chrome-extension:\/\/fpelahbljekknahkcaegamhcndkfpfnc\/iFrame.js\" type=\"text\/javascript\"><\/script><\/p>\n<p><script src=\"chrome-extension:\/\/fpelahbljekknahkcaegamhcndkfpfnc\/iFrame.js\" type=\"text\/javascript\"><\/script><\/p>\n<p><script src=\"chrome-extension:\/\/fpelahbljekknahkcaegamhcndkfpfnc\/iFrame.js\" type=\"text\/javascript\"><\/script><\/p>\n<p><script src=\"chrome-extension:\/\/fpelahbljekknahkcaegamhcndkfpfnc\/iFrame.js\" type=\"text\/javascript\"><\/script><\/p>","protected":false},"featured_media":19910,"comment_status":"open","ping_status":"closed","template":"","meta":[],"product_brand":[197],"product_cat":[124,187,185,189,1641,194,123,195,174,175,193,191,173,186,180,190],"product_tag":[],"class_list":{"0":"post-19886","1":"product","2":"type-product","3":"status-publish","4":"has-post-thumbnail","6":"product_brand-bang","7":"product_cat-vape-by-brand","8":"product_cat-0mg-nicotine-free-vapes","9":"product_cat-10000-puffs-high-capacity","10":"product_cat-20mg-standard-nicotine-vapes","11":"product_cat-50000-puffs","12":"product_cat-adjustable-airflow","13":"product_cat-bang","14":"product_cat-dual-flavor-switch","15":"product_cat-fruit-flavors","16":"product_cat-icy-mint","17":"product_cat-mesh-coil","18":"product_cat-rechargeable-disposables","19":"product_cat-vape-by-flavor-profile","20":"product_cat-vape-by-nicotine-strength","21":"product_cat-vape-by-puff-count","22":"product_cat-vape-by-feature-or-type","24":"first","25":"instock","26":"shipping-taxable","27":"purchasable","28":"product-type-variable","29":"has-default-attributes"},"tiered_pricing_type":"percentage","tiered_pricing_fixed_rules":[],"tiered_pricing_product_settings":{"layout":"default","base_unit_name":{"singular":null,"plural":null},"default_variation":null},"tiered_pricing_minimum_quantity":10,"tiered_pricing_roles_data":[],"tiered_pricing_percentage_rules":{"30":"29","50":"35","100":"40","200":"44","500":"47","1000":"49"},"tiered_pricing_maximum_quantity":null,"tiered_pricing_quantity_step":"10","_links":{"self":[{"href":"https:\/\/agoravape.com\/sv\/wp-json\/wp\/v2\/product\/19886","targetHints":{"allow":["GET"]}}],"collection":[{"href":"https:\/\/agoravape.com\/sv\/wp-json\/wp\/v2\/product"}],"about":[{"href":"https:\/\/agoravape.com\/sv\/wp-json\/wp\/v2\/types\/product"}],"replies":[{"embeddable":true,"href":"https:\/\/agoravape.com\/sv\/wp-json\/wp\/v2\/comments?post=19886"}],"version-history":[{"count":0,"href":"https:\/\/agoravape.com\/sv\/wp-json\/wp\/v2\/product\/19886\/revisions"}],"wp:featuredmedia":[{"embeddable":true,"href":"https:\/\/agoravape.com\/sv\/wp-json\/wp\/v2\/media\/19910"}],"wp:attachment":[{"href":"https:\/\/agoravape.com\/sv\/wp-json\/wp\/v2\/media?parent=19886"}],"wp:term":[{"taxonomy":"product_brand","embeddable":true,"href":"https:\/\/agoravape.com\/sv\/wp-json\/wp\/v2\/product_brand?post=19886"},{"taxonomy":"product_cat","embeddable":true,"href":"https:\/\/agoravape.com\/sv\/wp-json\/wp\/v2\/product_cat?post=19886"},{"taxonomy":"product_tag","embeddable":true,"href":"https:\/\/agoravape.com\/sv\/wp-json\/wp\/v2\/product_tag?post=19886"}],"curies":[{"name":"wp","href":"https:\/\/api.w.org\/{rel}","templated":true}]}}