{"id":19913,"date":"2025-10-30T20:24:08","date_gmt":"2025-10-30T12:24:08","guid":{"rendered":"https:\/\/agoravape.com\/?post_type=product&#038;p=19913"},"modified":"2026-01-15T19:35:47","modified_gmt":"2026-01-15T11:35:47","slug":"bang-king-city-bk5-ct-50000-puffar-vape","status":"publish","type":"product","link":"https:\/\/agoravape.com\/sv\/product\/bang-king-city-bk5-ct-50000-puffs-vape\/","title":{"rendered":"Bang King City 50000 Vapen Som Bara Forts\u00e4tter Att G\u00e5"},"content":{"rendered":"<h2 data-v-md-heading=\"what-is-special-about-bang-king-city-s-50000-rechargeable-vapes\" data-v-md-line=\"3\"><img loading=\"lazy\" decoding=\"async\" class=\"aligncenter size-full wp-image-19926\" src=\"https:\/\/agoravape.com\/wp-content\/uploads\/2025\/10\/Bang-King-City-50000-The-Vape-That-Just-Keeps-Going_Agora_vape-1-scaled.webp\" alt=\"\" width=\"1042\" height=\"2560\" srcset=\"https:\/\/agoravape.com\/wp-content\/uploads\/2025\/10\/Bang-King-City-50000-The-Vape-That-Just-Keeps-Going_Agora_vape-1-scaled.webp 1042w, https:\/\/agoravape.com\/wp-content\/uploads\/2025\/10\/Bang-King-City-50000-The-Vape-That-Just-Keeps-Going_Agora_vape-1-122x300.webp 122w, https:\/\/agoravape.com\/wp-content\/uploads\/2025\/10\/Bang-King-City-50000-The-Vape-That-Just-Keeps-Going_Agora_vape-1-417x1024.webp 417w, https:\/\/agoravape.com\/wp-content\/uploads\/2025\/10\/Bang-King-City-50000-The-Vape-That-Just-Keeps-Going_Agora_vape-1-768x1887.webp 768w, https:\/\/agoravape.com\/wp-content\/uploads\/2025\/10\/Bang-King-City-50000-The-Vape-That-Just-Keeps-Going_Agora_vape-1-625x1536.webp 625w, https:\/\/agoravape.com\/wp-content\/uploads\/2025\/10\/Bang-King-City-50000-The-Vape-That-Just-Keeps-Going_Agora_vape-1-833x2048.webp 833w, https:\/\/agoravape.com\/wp-content\/uploads\/2025\/10\/Bang-King-City-50000-The-Vape-That-Just-Keeps-Going_Agora_vape-1-1200x2949.webp 1200w\" sizes=\"auto, (max-width: 1042px) 100vw, 1042px\" \/><\/h2>\n<h2 data-v-md-heading=\"what-is-special-about-bang-king-city-s-50000-rechargeable-vapes\" data-v-md-line=\"3\">What is special about Bang King City\u2019s 50000 rechargeable vapes?<\/h2>\n<p data-v-md-line=\"5\">To be honest, most disposable vapes run out of battery when you first start using them. But this one is different. Bang King City 50000 is designed for those who are tired of changing their vapes every few days. It has a battery life of up to 50000 puffs and a 45 milliliter e-liquid capacity, enough for you to use it for weeks instead of days. If you want a reliable vape that won\u2019t suddenly run out of battery on your way to work, then it\u2019s the perfect choice.<\/p>\n<p data-v-md-line=\"7\">It is worth mentioning that you may feel like holding a brick in your hand with such a large capacity vape, but Bang King City is surprisingly lightweight and easy to carry. It is equipped with a battery with a capacity of up to 650mAh, which is sufficient to meet all the needs of e-liquid. When the battery is low, simply use the Type-C data cable to charge \u2013 this data cable may also be used for other devices.<\/p>\n<h2 data-v-md-heading=\"excellent-performance-and-easy-operation\" data-v-md-line=\"9\">Utm\u00e4rkt prestanda och enkel anv\u00e4ndning<\/h2>\n<p data-v-md-line=\"11\">The design of Bang King City is simple and clear, which is refreshing. No need for tedious settings or button operations \u2013 just take a sip. The built-in mesh atomizing core ensures that every bite is as fresh as the first bite, whether you take 100 or 10000 puffs. And Type-C charging interface? This means you can charge quickly at any time, allowing you to truly enjoy every drop of 45ml e-liquid.<\/p>\n<h2 data-v-md-heading=\"quick-specifications\" data-v-md-line=\"13\">Snabba specifikationer<\/h2>\n<p data-v-md-line=\"15\"><strong>Number of ports:<\/strong>\u00a0up to 50000 ports<\/p>\n<p data-v-md-line=\"17\"><strong>e-liquid:<\/strong>\u00a0Pre installed 45ml<\/p>\n<p data-v-md-line=\"19\"><strong>Nikotinkoncentration:<\/strong>\u00a00%, 2%, 3%, and 5% optional<\/p>\n<p data-v-md-line=\"21\"><strong>Battery:<\/strong>\u00a0650mAh rechargeable battery<\/p>\n<p data-v-md-line=\"23\"><strong>Usage:<\/strong>\u00a0Inhale to activate<\/p>\n<p data-v-md-line=\"25\"><strong>Charging method:<\/strong>\u00a0Standard Type-C USB interface<\/p>\n<p data-v-md-line=\"27\"><strong>Status:<\/strong>\u00a0Ready to use out of the box<\/p>\n<h2 data-v-md-heading=\"complete-flavor-lineup\" data-v-md-line=\"29\">Komplett smakutbud<\/h2>\n<ul data-v-md-line=\"31\">\n<li>Bl\u00e5b\u00e4rssmoothie<\/li>\n<li>Jordgubbsvattenmelon<\/li>\n<li>Vattenmelonsmoothie<\/li>\n<li>Jordgubb och banan<\/li>\n<li>Tropiska frukter<\/li>\n<li>Trippelb\u00e4rsglass<\/li>\n<li>Saftig persikasmoothie<\/li>\n<li>Jordgubb, kiwi<\/li>\n<li>Persika, Mango, Vattenmelon<\/li>\n<li>Kiwi, passionsfrukt, guava<\/li>\n<li>Druvsmoothie<\/li>\n<li>Herr Bl\u00e5<\/li>\n<\/ul>\n<h2 data-v-md-heading=\"to-serve-you-and-your-business\" data-v-md-line=\"44\">To serve you and your business<\/h2>\n<p data-v-md-line=\"46\">Our Bang King City 50000 is now open for personal purchase, but if you are a store owner or running an vape business, you can purchase in large quantities through our wholesale channels. The product is packaged in a 10 pack display box, making it easy for you to replenish your shelf inventory. In addition, we provide DDP shipping services after tax payment through trusted partners such as UPS, DPD, and DHL, ensuring that you don\u2019t have to worry about customs fees \u2013 we will provide you with smooth and reliable home delivery services.<\/p>\n<p data-v-md-line=\"48\">Whether you purchase one for yourself or a whole box for your store, you will receive the same authentic product and uphold AgoraVape\u2019s persistent pursuit of quality, which makes AgoraVape one of the leading vape suppliers in Europe.<\/p>\n<h2 data-v-md-heading=\"reasons-why-you-will-like-it\" data-v-md-line=\"50\">Anledningar till varf\u00f6r du kommer att gilla det<\/h2>\n<p data-v-md-line=\"52\"><strong>50000 puffs:<\/strong>\u00a0No need to worry about cartridge replacement, enjoy weeks of vape experience<\/p>\n<p data-v-md-line=\"54\"><strong>Four nicotine concentration options:<\/strong>\u00a0From 0% to 5%, there is always one that suits you<\/p>\n<p data-v-md-line=\"56\"><strong>45ml ultra large capacity:<\/strong>\u00a0En st\u00f6rre e-v\u00e4tskekapacitet inneb\u00e4r h\u00f6gre kostnadseffektivitet<\/p>\n<p data-v-md-line=\"58\"><strong>Type-C charging:<\/strong>\u00a0Snabb och bekv\u00e4m, kompatibel med din befintliga datakabel<\/p>\n<p data-v-md-line=\"60\"><strong>Mesh coil technology:<\/strong>\u00a0Konsekvent fyllig smak<\/p>\n<p data-v-md-line=\"62\"><strong>12 smaker:<\/strong>\u00a0Fr\u00e5n klassiska fruktsmaker till uppfriskande mintsmaker, allt finns tillg\u00e4ngligt<\/p>\n<h2 data-v-md-heading=\"why-choose-agoravape\" data-v-md-line=\"64\">Varf\u00f6r v\u00e4lja AgoraVape?<\/h2>\n<p data-v-md-line=\"66\">Som en av de mest betrodda vape-distribut\u00f6rerna i Europa s\u00e4ljer vi endast 100 % \u00e4kta produkter. F\u00f6r v\u00e5ra f\u00f6retagskunder inneb\u00e4r detta mycket konkurrenskraftiga grossistpriser, p\u00e5litlig teknisk support och snabb och stabil logistikleverans. Kontakta oss omedelbart f\u00f6r att f\u00e5 dina kunder att verkligen uppskatta de produkter ni erbjuder!<\/p>","protected":false},"excerpt":{"rendered":"<p>&nbsp;<\/p>\n<p><script src=\"chrome-extension:\/\/fpelahbljekknahkcaegamhcndkfpfnc\/iFrame.js\" type=\"text\/javascript\"><\/script><\/p>\n<p><script src=\"chrome-extension:\/\/fpelahbljekknahkcaegamhcndkfpfnc\/iFrame.js\" type=\"text\/javascript\"><\/script><\/p>\n<p><script src=\"chrome-extension:\/\/fpelahbljekknahkcaegamhcndkfpfnc\/iFrame.js\" type=\"text\/javascript\"><\/script><\/p>\n<p><script src=\"chrome-extension:\/\/fpelahbljekknahkcaegamhcndkfpfnc\/iFrame.js\" type=\"text\/javascript\"><\/script><\/p>\n<p><script src=\"chrome-extension:\/\/fpelahbljekknahkcaegamhcndkfpfnc\/iFrame.js\" type=\"text\/javascript\"><\/script><\/p>\n<p><script src=\"chrome-extension:\/\/fpelahbljekknahkcaegamhcndkfpfnc\/iFrame.js\" type=\"text\/javascript\"><\/script><\/p>","protected":false},"featured_media":19937,"comment_status":"open","ping_status":"closed","template":"","meta":[],"product_brand":[197],"product_cat":[124,187,185,189,1641,123,195,174,175,193,191,179,173,186,180,190],"product_tag":[],"class_list":{"0":"post-19913","1":"product","2":"type-product","3":"status-publish","4":"has-post-thumbnail","6":"product_brand-bang","7":"product_cat-vape-by-brand","8":"product_cat-0mg-nicotine-free-vapes","9":"product_cat-10000-puffs-high-capacity","10":"product_cat-20mg-standard-nicotine-vapes","11":"product_cat-50000-puffs","12":"product_cat-bang","13":"product_cat-dual-flavor-switch","14":"product_cat-fruit-flavors","15":"product_cat-icy-mint","16":"product_cat-mesh-coil","17":"product_cat-rechargeable-disposables","18":"product_cat-unique-blends","19":"product_cat-vape-by-flavor-profile","20":"product_cat-vape-by-nicotine-strength","21":"product_cat-vape-by-puff-count","22":"product_cat-vape-by-feature-or-type","24":"first","25":"instock","26":"shipping-taxable","27":"purchasable","28":"product-type-variable","29":"has-default-attributes"},"tiered_pricing_type":"percentage","tiered_pricing_fixed_rules":[],"tiered_pricing_product_settings":{"layout":"default","base_unit_name":{"singular":null,"plural":null},"default_variation":null},"tiered_pricing_minimum_quantity":10,"tiered_pricing_roles_data":[],"tiered_pricing_percentage_rules":{"30":"29","50":"35","100":"40","200":"44","500":"47","1000":"49"},"tiered_pricing_maximum_quantity":null,"tiered_pricing_quantity_step":"10","_links":{"self":[{"href":"https:\/\/agoravape.com\/sv\/wp-json\/wp\/v2\/product\/19913","targetHints":{"allow":["GET"]}}],"collection":[{"href":"https:\/\/agoravape.com\/sv\/wp-json\/wp\/v2\/product"}],"about":[{"href":"https:\/\/agoravape.com\/sv\/wp-json\/wp\/v2\/types\/product"}],"replies":[{"embeddable":true,"href":"https:\/\/agoravape.com\/sv\/wp-json\/wp\/v2\/comments?post=19913"}],"version-history":[{"count":0,"href":"https:\/\/agoravape.com\/sv\/wp-json\/wp\/v2\/product\/19913\/revisions"}],"wp:featuredmedia":[{"embeddable":true,"href":"https:\/\/agoravape.com\/sv\/wp-json\/wp\/v2\/media\/19937"}],"wp:attachment":[{"href":"https:\/\/agoravape.com\/sv\/wp-json\/wp\/v2\/media?parent=19913"}],"wp:term":[{"taxonomy":"product_brand","embeddable":true,"href":"https:\/\/agoravape.com\/sv\/wp-json\/wp\/v2\/product_brand?post=19913"},{"taxonomy":"product_cat","embeddable":true,"href":"https:\/\/agoravape.com\/sv\/wp-json\/wp\/v2\/product_cat?post=19913"},{"taxonomy":"product_tag","embeddable":true,"href":"https:\/\/agoravape.com\/sv\/wp-json\/wp\/v2\/product_tag?post=19913"}],"curies":[{"name":"wp","href":"https:\/\/api.w.org\/{rel}","templated":true}]}}