{"id":19940,"date":"2025-10-30T21:17:39","date_gmt":"2025-10-30T13:17:39","guid":{"rendered":"https:\/\/agoravape.com\/?post_type=product&#038;p=19940"},"modified":"2026-02-22T15:14:30","modified_gmt":"2026-02-22T14:14:30","slug":"bang-king-85000-puffs-triple-mesh-vape","status":"publish","type":"product","link":"https:\/\/agoravape.com\/sv\/product\/bang-king-85000-puffs-triple-mesh-vape\/","title":{"rendered":"Bang King 85000 | Vapen som bara forts\u00e4tter"},"content":{"rendered":"<h2 data-v-md-heading=\"what-is-the-special-feature-of-bang-king-85000-three-network-atomizer-core-vape\" data-v-md-line=\"3\"><img loading=\"lazy\" decoding=\"async\" class=\"size-full wp-image-19954 alignright\" src=\"https:\/\/agoravape.com\/wp-content\/uploads\/2025\/10\/Bang-King-85000-The-Vape-That-Just-Keeps-Going_Agora_vape-1.webp\" alt=\"\" width=\"800\" height=\"800\" srcset=\"https:\/\/agoravape.com\/wp-content\/uploads\/2025\/10\/Bang-King-85000-The-Vape-That-Just-Keeps-Going_Agora_vape-1.webp 800w, https:\/\/agoravape.com\/wp-content\/uploads\/2025\/10\/Bang-King-85000-The-Vape-That-Just-Keeps-Going_Agora_vape-1-600x600.webp 600w, https:\/\/agoravape.com\/wp-content\/uploads\/2025\/10\/Bang-King-85000-The-Vape-That-Just-Keeps-Going_Agora_vape-1-300x300.webp 300w, https:\/\/agoravape.com\/wp-content\/uploads\/2025\/10\/Bang-King-85000-The-Vape-That-Just-Keeps-Going_Agora_vape-1-150x150.webp 150w, https:\/\/agoravape.com\/wp-content\/uploads\/2025\/10\/Bang-King-85000-The-Vape-That-Just-Keeps-Going_Agora_vape-1-768x768.webp 768w\" sizes=\"auto, (max-width: 800px) 100vw, 800px\" \/><\/h2>\n<h2 data-v-md-heading=\"what-is-the-special-feature-of-bang-king-85000-three-network-atomizer-core-vape\" data-v-md-line=\"3\">Vad \u00e4r det speciella med Bang King 85000 vape med tre n\u00e4tverksatomizerk\u00e4rnor?<\/h2>\n<p data-v-md-line=\"5\">Okej, l\u00e5t oss prata om en n\u00e5got galen produkt \u2013 en vape med 85 000 bloss. Jag vet vad du t\u00e4nker: \"\u00c4r detta om\u00f6jligt?\" Men faktum \u00e4r: Bang King 85000 har en designlivsl\u00e4ngd p\u00e5 flera m\u00e5nader, inte veckor. Om du \u00e4r tr\u00f6tt p\u00e5 att st\u00e4ndigt k\u00f6pa nya enheter, eller bara vill ha en p\u00e5litlig produkt som inte g\u00e5r s\u00f6nder n\u00e4r du beh\u00f6ver den som mest, d\u00e5 \u00e4r det det perfekta valet f\u00f6r dig.<\/p>\n<p data-v-md-line=\"7\">Med sin k\u00e4rna med tre mesh-f\u00f6rstoftning och 63 ml e-v\u00e4tskelagringskapacitet \u00e4r det ingen vanlig vape. Det \u00e4r mer som att ge dig en l\u00e5ngvarig, exklusiv vape-upplevelse. Dessutom \u00e4r den laddningsbar \u2013 du kan trots allt inte t\u00f6mma 85 000 portar p\u00e5 en laddning!<\/p>\n<h2 data-v-md-heading=\"excellent-performance-easy-and-convenient\" data-v-md-line=\"9\">Utm\u00e4rkt prestanda, enkelt och bekv\u00e4mt<\/h2>\n<p data-v-md-line=\"11\">Hemligheten med den h\u00e4r produkten ligger i dess tre-mesh-spolsystem. Den drivs inte oberoende av en enda spole, utan av tre spolar som arbetar tillsammans med en resistans p\u00e5 1,0 \u03a9. Vad betyder det f\u00f6r dig? Det \u00e4r enkelt \u2013 fr\u00e5n f\u00f6rsta tuggan till 85 000 tuggor har varje tugga en fr\u00e4sch och mild smak. En batterikapacitet p\u00e5 600 mAh kanske inte verkar stor, men den r\u00e4cker f\u00f6r vanlig laddning med en typ-C-datakabel \u2013 precis som den typ av datakabel du anv\u00e4nder f\u00f6r att ladda din telefon. Inget behov av speciella laddare, enkelt och bekv\u00e4mt.<\/p>\n<h2 data-v-md-heading=\"quick-specifications\" data-v-md-line=\"13\">Snabba specifikationer<\/h2>\n<p data-v-md-line=\"15\"><strong>Smoking frequency:<\/strong>\u00a0upp till 85 000 bloss<\/p>\n<p data-v-md-line=\"17\"><strong>Nikotinkoncentration:<\/strong>\u00a02%<\/p>\n<p data-v-md-line=\"19\"><strong>Usage:<\/strong>\u00a0Inhale to activate<\/p>\n<p data-v-md-line=\"21\"><strong>Charging method:<\/strong>\u00a0Standard Type-C USB interface<\/p>\n<p data-v-md-line=\"23\"><strong>e-liquid capacity:<\/strong>\u00a063 ml e-v\u00e4tskelager med stor kapacitet<\/p>\n<p data-v-md-line=\"25\"><strong>K\u00e4rnteknik f\u00f6r atomisering:<\/strong>\u00a0Tre 1,0 \u03a9 mesh-f\u00f6rstoftningsk\u00e4rnor<\/p>\n<p data-v-md-line=\"27\"><strong>Battery:<\/strong>\u00a0600mAh uppladdningsbart batteri<\/p>\n<p data-v-md-line=\"29\"><strong>Storlek:<\/strong>\u00a045 \u00d7 45 \u00d7 130 mm (kraftfull funktion, kompakt storlek!)<\/p>\n<p data-v-md-line=\"31\"><strong>Status:<\/strong>\u00a0Ready to use out of the box<\/p>\n<h2 data-v-md-heading=\"rich-flavor-options\" data-v-md-line=\"33\">Rika smakalternativ<\/h2>\n<p data-v-md-line=\"35\">Bang King 85000 erbjuder 16 olika smakkombinationer, som var och en inneh\u00e5ller flera smakalternativ. H\u00e4r \u00e4r n\u00e5gra smaker:<\/p>\n<ul data-v-md-line=\"37\">\n<li>Vattenmelon\/Red Bull\/Jordgubb\/Kiwi<\/li>\n<li>Sval mynta\/persikamango\/tropisk frukt<\/li>\n<li>Bl\u00e5b\u00e4r Hallon\/Rosa Citron Vatten\/Hallon Vattenmelon<\/li>\n<li>Jordgubbs- och vaniljcola\/Black Dragon-is\/Persiekis<\/li>\n<li>Love 66\/Bananglass\/Jordgubbsmunk<\/li>\n<li>Coca-Cola Ice\/Cherry Coke\/Mr. Blue<\/li>\n<li>Dubbel \u00e4pple\/fruktmix\/ananasglass<\/li>\n<li>Litchi-is\/Mango-is\/Citron-iste<\/li>\n<li>Det finns fler kombinationer tillg\u00e4ngliga, inklusive blandade b\u00e4r, druvisk, fyllig is och kiwi-passionsfruktsguava<\/li>\n<\/ul>\n<h2 data-v-md-heading=\"for-you-and-your-business\" data-v-md-line=\"47\">For you and your business<\/h2>\n<p data-v-md-line=\"49\">Bang King 85000 finns nu tillg\u00e4nglig f\u00f6r privatk\u00f6p, men om du \u00e4r f\u00f6retagare och vill fylla p\u00e5 med verkligt unika produkter erbjuder vi grossistf\u00f6rpackningar i 200 stycken. Varje kartong \u00e4r effektivt f\u00f6rpackad (48 x 47 x 27,6 cm, totalvikt 26 kg) f\u00f6r enkel f\u00f6rvaring och lagerhantering. Vi erbjuder Duty Paid Delivery (DDP)-tj\u00e4nster via betrodda partners som UPS, DPD och DHL f\u00f6r att s\u00e4kerst\u00e4lla s\u00e4ker leverans av alla varor utan att beh\u00f6va oroa dig f\u00f6r tullavgifter. Din best\u00e4llning kan s\u00e4ljas eller anv\u00e4ndas vid ankomst.<\/p>\n<h2 data-v-md-heading=\"reasons-why-you-will-like-it\" data-v-md-line=\"51\">Anledningar till varf\u00f6r du kommer att gilla det<\/h2>\n<p data-v-md-line=\"53\"><strong>85000 bloss:<\/strong>\u00a0F\u00f6r de flesta anv\u00e4ndare motsvarar detta mer \u00e4n 6 m\u00e5naders anv\u00e4ndningstid f\u00f6r vape \u2013 ett prisv\u00e4rt alternativ<\/p>\n<p data-v-md-line=\"55\"><strong>Trippelmaskig spole:<\/strong>\u00a0J\u00e4mf\u00f6rt med single coil-enheter \u00e4r smakstabiliteten tre g\u00e5nger h\u00f6gre<\/p>\n<p data-v-md-line=\"57\"><strong>63 ml br\u00e4nsletank med extra stor kapacitet:<\/strong>\u00a0S\u00e4g adj\u00f6 till besv\u00e4ret med att f\u00e5 slut p\u00e5 e-v\u00e4tska helt<\/p>\n<p data-v-md-line=\"59\"><strong>Typ-C-laddning:<\/strong>\u00a0Anv\u00e4nd samma laddningskabel som de flesta moderna enheter \u2013 bekv\u00e4mt och snabbt<\/p>\n<p data-v-md-line=\"61\"><strong>2% nikotin:<\/strong>\u00a0M\u00e5ttlig nikotinkoncentration som tillgodoser dina behov utan att vara f\u00f6r stimulerande<\/p>\n<p data-v-md-line=\"63\"><strong>Kompakt design:<\/strong>\u00a0Trots sin enorma kapacitet v\u00e4ger den bara 120 gram och \u00e4r fortfarande bekv\u00e4m att b\u00e4ra med sig<\/p>\n<h2 data-v-md-heading=\"why-choose-agoravape\" data-v-md-line=\"65\">Varf\u00f6r v\u00e4lja AgoraVape?<\/h2>\n<p data-v-md-line=\"67\">Som en av de mest betrodda vape-distribut\u00f6rerna i Europa s\u00e4ljer vi endast 100 % \u00e4kta produkter. F\u00f6r v\u00e5ra f\u00f6retagskunder inneb\u00e4r detta Bang King 85000s rabatterade grossistpriser, p\u00e5litlig teknisk support och snabba och p\u00e5litliga leveranstj\u00e4nster som t\u00e4cker hela Europa. Bang King 85000 \u00e4r inte bara en vanlig vape \u2013 den kan v\u00e4cka diskussion och dina kunder kommer definitivt att tacka dig f\u00f6r att du k\u00f6per. Kontakta oss f\u00f6r att l\u00e4gga till en verkligt unik produkt i din produktlinje.<\/p>","protected":false},"excerpt":{"rendered":"<p>&nbsp;<\/p>\n<p><script src=\"chrome-extension:\/\/fpelahbljekknahkcaegamhcndkfpfnc\/iFrame.js\" type=\"text\/javascript\"><\/script><\/p>\n<p><script src=\"chrome-extension:\/\/fpelahbljekknahkcaegamhcndkfpfnc\/iFrame.js\" type=\"text\/javascript\"><\/script><\/p>\n<p><script src=\"chrome-extension:\/\/fpelahbljekknahkcaegamhcndkfpfnc\/iFrame.js\" type=\"text\/javascript\"><\/script><\/p>\n<p><script src=\"chrome-extension:\/\/fpelahbljekknahkcaegamhcndkfpfnc\/iFrame.js\" type=\"text\/javascript\"><\/script><\/p>\n<p><script src=\"chrome-extension:\/\/fpelahbljekknahkcaegamhcndkfpfnc\/iFrame.js\" type=\"text\/javascript\"><\/script><\/p>\n<p><script src=\"chrome-extension:\/\/fpelahbljekknahkcaegamhcndkfpfnc\/iFrame.js\" type=\"text\/javascript\"><\/script><\/p>","protected":false},"featured_media":19961,"comment_status":"open","ping_status":"closed","template":"","meta":[],"product_brand":[197],"product_cat":[124,187,185,189,123,176,177,195,174,175,193,191,173,186,180,190],"product_tag":[],"class_list":{"0":"post-19940","1":"product","2":"type-product","3":"status-publish","4":"has-post-thumbnail","6":"product_brand-bang","7":"product_cat-vape-by-brand","8":"product_cat-0mg-nicotine-free-vapes","9":"product_cat-10000-puffs-high-capacity","10":"product_cat-20mg-standard-nicotine-vapes","11":"product_cat-bang","12":"product_cat-beverage","13":"product_cat-dessert-sweets","14":"product_cat-dual-flavor-switch","15":"product_cat-fruit-flavors","16":"product_cat-icy-mint","17":"product_cat-mesh-coil","18":"product_cat-rechargeable-disposables","19":"product_cat-vape-by-flavor-profile","20":"product_cat-vape-by-nicotine-strength","21":"product_cat-vape-by-puff-count","22":"product_cat-vape-by-feature-or-type","24":"first","25":"instock","26":"shipping-taxable","27":"purchasable","28":"product-type-variable","29":"has-default-attributes"},"tiered_pricing_type":"percentage","tiered_pricing_fixed_rules":[],"tiered_pricing_product_settings":{"layout":"default","base_unit_name":{"singular":null,"plural":null},"default_variation":null},"tiered_pricing_minimum_quantity":10,"tiered_pricing_roles_data":[],"tiered_pricing_percentage_rules":{"30":"29","50":"35","100":"40","200":"44","500":"47","1000":"49"},"tiered_pricing_maximum_quantity":null,"tiered_pricing_quantity_step":"10","_links":{"self":[{"href":"https:\/\/agoravape.com\/sv\/wp-json\/wp\/v2\/product\/19940","targetHints":{"allow":["GET"]}}],"collection":[{"href":"https:\/\/agoravape.com\/sv\/wp-json\/wp\/v2\/product"}],"about":[{"href":"https:\/\/agoravape.com\/sv\/wp-json\/wp\/v2\/types\/product"}],"replies":[{"embeddable":true,"href":"https:\/\/agoravape.com\/sv\/wp-json\/wp\/v2\/comments?post=19940"}],"version-history":[{"count":0,"href":"https:\/\/agoravape.com\/sv\/wp-json\/wp\/v2\/product\/19940\/revisions"}],"wp:featuredmedia":[{"embeddable":true,"href":"https:\/\/agoravape.com\/sv\/wp-json\/wp\/v2\/media\/19961"}],"wp:attachment":[{"href":"https:\/\/agoravape.com\/sv\/wp-json\/wp\/v2\/media?parent=19940"}],"wp:term":[{"taxonomy":"product_brand","embeddable":true,"href":"https:\/\/agoravape.com\/sv\/wp-json\/wp\/v2\/product_brand?post=19940"},{"taxonomy":"product_cat","embeddable":true,"href":"https:\/\/agoravape.com\/sv\/wp-json\/wp\/v2\/product_cat?post=19940"},{"taxonomy":"product_tag","embeddable":true,"href":"https:\/\/agoravape.com\/sv\/wp-json\/wp\/v2\/product_tag?post=19940"}],"curies":[{"name":"wp","href":"https:\/\/api.w.org\/{rel}","templated":true}]}}