{"id":19980,"date":"2025-10-30T21:35:46","date_gmt":"2025-10-30T13:35:46","guid":{"rendered":"https:\/\/agoravape.com\/?post_type=product&#038;p=19980"},"modified":"2026-01-19T21:59:00","modified_gmt":"2026-01-19T13:59:00","slug":"bang-starry-25000-puffar-vape","status":"publish","type":"product","link":"https:\/\/agoravape.com\/sv\/product\/bang-starry-25000-puffs-vape\/","title":{"rendered":"Bang Starry 25000 | Massivt blossantal, inget kr\u00e5ngel"},"content":{"rendered":"<h2 data-v-md-heading=\"what-is-the-special-feature-of-bang-starry-25000-rechargeable-mesh-coil-vape\" data-v-md-line=\"3\"><img loading=\"lazy\" decoding=\"async\" class=\"size-full wp-image-20029 aligncenter\" src=\"https:\/\/agoravape.com\/wp-content\/uploads\/2025\/10\/Bang-Starry-25000-Massive-Puff-Count-Zero-Hassle_Agora_vape-6-scaled.webp\" alt=\"\" width=\"1163\" height=\"2560\" srcset=\"https:\/\/agoravape.com\/wp-content\/uploads\/2025\/10\/Bang-Starry-25000-Massive-Puff-Count-Zero-Hassle_Agora_vape-6-scaled.webp 1163w, https:\/\/agoravape.com\/wp-content\/uploads\/2025\/10\/Bang-Starry-25000-Massive-Puff-Count-Zero-Hassle_Agora_vape-6-136x300.webp 136w, https:\/\/agoravape.com\/wp-content\/uploads\/2025\/10\/Bang-Starry-25000-Massive-Puff-Count-Zero-Hassle_Agora_vape-6-465x1024.webp 465w, https:\/\/agoravape.com\/wp-content\/uploads\/2025\/10\/Bang-Starry-25000-Massive-Puff-Count-Zero-Hassle_Agora_vape-6-768x1690.webp 768w, https:\/\/agoravape.com\/wp-content\/uploads\/2025\/10\/Bang-Starry-25000-Massive-Puff-Count-Zero-Hassle_Agora_vape-6-698x1536.webp 698w, https:\/\/agoravape.com\/wp-content\/uploads\/2025\/10\/Bang-Starry-25000-Massive-Puff-Count-Zero-Hassle_Agora_vape-6-931x2048.webp 931w, https:\/\/agoravape.com\/wp-content\/uploads\/2025\/10\/Bang-Starry-25000-Massive-Puff-Count-Zero-Hassle_Agora_vape-6-1200x2641.webp 1200w\" sizes=\"auto, (max-width: 1163px) 100vw, 1163px\" \/><\/h2>\n<h2 data-v-md-heading=\"what-is-the-special-feature-of-bang-starry-25000-rechargeable-mesh-coil-vape\" data-v-md-line=\"3\">Vad \u00e4r det speciella med Bang Starry 25000 uppladdningsbar mesh coil vape?<\/h2>\n<p data-v-md-line=\"5\">\u00c4rligt talat \u00e4r de flesta eng\u00e5ngsvapor \u00f6verdrivna, men de g\u00f6r en besviken n\u00e5gra dagar senare. Bang Starry 25000 \u00e4r helt annorlunda. Den h\u00e4r enheten har en fantastisk batteritid p\u00e5 25000 portar, vilket inte \u00e4r den typen av vanlig produkt som g\u00f6r dig besviken p\u00e5 onsdagar. Den \u00e4r designad f\u00f6r de som hoppas att vaporis kan h\u00e5lla j\u00e4mna steg med livets tempo, snarare \u00e4n att begr\u00e4nsas av det.<\/p>\n<p data-v-md-line=\"7\">\u00c4nnu b\u00e4ttre, du kanske tycker att en enhet med 25 000 batteritid borde vara lika klumpig som en tegelsten, men Bang Starry f\u00e5r l\u00e4tt plats i fickan. F\u00f6r dig som \u00e4r tr\u00f6tt p\u00e5 att st\u00e4ndigt k\u00f6pa nya enheter eller hantera komplexa inst\u00e4llningar \u00e4r det det perfekta valet. V\u00e4lj bara din favoritsmak och njut i veckor.<\/p>\n<h2 data-v-md-heading=\"excellent-performance-easy-and-convenient\" data-v-md-line=\"9\">Utm\u00e4rkt prestanda, enkelt och bekv\u00e4mt<\/h2>\n<p data-v-md-line=\"11\">Hemligheten bakom den genomg\u00e5ende fylliga smaken? En 1,1 \u03a9 mesh-f\u00f6rstoftningsk\u00e4rna s\u00e4kerst\u00e4ller att varje tugga \u00e4r lika f\u00e4rsk som den f\u00f6rsta \u2013 oavsett om du har tagit 10 eller 10 000 bloss. E-v\u00e4tskekapaciteten p\u00e5 28 ml l\u00e5ter dig njuta av en smidig upplevelse, och batteriet p\u00e5 800 mAh har l\u00e5ng batteritid, s\u00e5 du beh\u00f6ver inte oroa dig f\u00f6r att batteriet ska ta slut. N\u00e4r laddning beh\u00f6vs anv\u00e4nder du bara en typ-C-datakabel \u2013 precis som att ladda din telefon. Enkelt och bekv\u00e4mt.<\/p>\n<h2 data-v-md-heading=\"product-specifications\" data-v-md-line=\"13\">Produktspecifikationer<\/h2>\n<p data-v-md-line=\"15\"><strong>Smoking frequency:<\/strong>\u00a0upp till 25 000 bloss<\/p>\n<p data-v-md-line=\"17\"><strong>e-liquid capacity:<\/strong>\u00a028 ml f\u00f6rfylld olja<\/p>\n<p data-v-md-line=\"19\"><strong>Battery:<\/strong>\u00a0800mAh uppladdningsbart batteri<\/p>\n<p data-v-md-line=\"21\"><strong>Atomizing core:<\/strong>\u00a01,1 \u03a9 mesh finf\u00f6rdelningsk\u00e4rna, vilket ger en j\u00e4mn och stabil smak<\/p>\n<p data-v-md-line=\"23\"><strong>Laddningsgr\u00e4nssnitt:<\/strong>\u00a0Standard Type-C USB interface<\/p>\n<p data-v-md-line=\"25\"><strong>Status:<\/strong>\u00a0Ready to use out of the box<\/p>\n<h2 data-v-md-heading=\"complete-flavor-lineup\" data-v-md-line=\"27\">Komplett smakutbud<\/h2>\n<ul data-v-md-line=\"29\">\n<li>Jordgubbsvattenmelon<\/li>\n<li>K\u00f6rsb\u00e4rssoda<\/li>\n<li>Persikois<\/li>\n<li>Kiwi och passionsfrukt<\/li>\n<li>Vattenmelonis<\/li>\n<li>Red Bull<\/li>\n<li>Druvis<\/li>\n<li>Bl\u00e5 isbanan<\/li>\n<li>Jordgubb och banan<\/li>\n<li>Citron som<\/li>\n<li>Dubbla \u00e4pplen<\/li>\n<li>Mangois<\/li>\n<li>Ananasis<\/li>\n<li>Coca Cola-is<\/li>\n<li>Granat\u00e4pple<\/li>\n<li>Bl\u00e5 isbanan<\/li>\n<\/ul>\n<h2 data-v-md-heading=\"tailored-for-you-and-your-business\" data-v-md-line=\"46\">Skr\u00e4ddarsytt f\u00f6r dig och ditt f\u00f6retag<\/h2>\n<p data-v-md-line=\"48\">Vi har nu \u00f6ppnat Bang Starry 25000 f\u00f6r privatk\u00f6p, men om du \u00e4r f\u00f6retagare och vill fylla p\u00e5 med produkter som kunderna verkligen kommer att k\u00f6pa igen, kan v\u00e5r grossistl\u00f6sning tillgodose dina behov. Varje parti varor levereras med fullst\u00e4ndig dokumentation och levereras efter skatt (DDP) via betrodda partners som UPS, DPD och DHL, s\u00e5 du beh\u00f6ver inte oroa dig f\u00f6r tullavgifter.<\/p>\n<p data-v-md-line=\"50\">F\u00f6r \u00e5terf\u00f6rs\u00e4ljare och distribut\u00f6rer erbjuder Bang \u00e4ven OEM\/ODM-support, vilket inneb\u00e4r att ni kan anpassa best\u00e4llningar efter marknadens efterfr\u00e5gan. Det \u00e4r just denna flexibilitet som g\u00f6r Bang Starry till ett klokt val f\u00f6r f\u00f6retag \u00f6ver hela Europa.<\/p>\n<h2 data-v-md-heading=\"reasons-why-you-will-like-it\" data-v-md-line=\"52\">Anledningar till varf\u00f6r du kommer att gilla det<\/h2>\n<p data-v-md-line=\"54\"><strong>25000 bloss:<\/strong>\u00a0Njut av veckor av vape-upplevelse utan att beh\u00f6va byta ut atomizerk\u00e4rnan<\/p>\n<p data-v-md-line=\"56\"><strong>K\u00e4rnteknik f\u00f6r n\u00e4tf\u00f6rstoftning:<\/strong>\u00a0Varje tugga ger samma uts\u00f6kta smak<\/p>\n<p data-v-md-line=\"58\"><strong>28 ml extra stor kapacitet:<\/strong>\u00a0St\u00f6rre e-v\u00e4tskekapacitet inneb\u00e4r h\u00f6gre kostnadseffektivitet<\/p>\n<p data-v-md-line=\"60\"><strong>USB Typ-C-laddning:<\/strong>\u00a0Snabbt och bekv\u00e4mt, kan anv\u00e4nda din befintliga datakabel<\/p>\n<p data-v-md-line=\"62\"><strong>16 smakalternativ:<\/strong>\u00a0Fr\u00e5n klassiska fruktsmaker till unika smaker som Red Bull och Iced Coke, allt finns tillg\u00e4ngligt<\/p>\n<h2 data-v-md-heading=\"why-choose-to-collaborate-with-agoravape\" data-v-md-line=\"64\">Varf\u00f6r v\u00e4lja att samarbeta med AgoraVape?<\/h2>\n<p data-v-md-line=\"66\">Som en av de mest betrodda vape-distribut\u00f6rerna i Europa s\u00e4ljer vi endast 100 % \u00e4kta produkter. F\u00f6r v\u00e5ra f\u00f6retagskunder inneb\u00e4r detta Bang Starry 25 000 kr i grossistprisrabatter, omfattande teknisk support och snabba och p\u00e5litliga leveranser. Kontakta oss omedelbart f\u00f6r att verkligen tacka dina kunder f\u00f6r att de tillhandah\u00e5ller denna produkt.<\/p>\n<p><script src=\"chrome-extension:\/\/fpelahbljekknahkcaegamhcndkfpfnc\/iFrame.js\" type=\"text\/javascript\"><\/script><\/p>\n<p><script src=\"chrome-extension:\/\/fpelahbljekknahkcaegamhcndkfpfnc\/iFrame.js\" type=\"text\/javascript\"><\/script><\/p>","protected":false},"excerpt":{"rendered":"<p>&nbsp;<\/p>\n<p><script src=\"chrome-extension:\/\/fpelahbljekknahkcaegamhcndkfpfnc\/iFrame.js\" type=\"text\/javascript\"><\/script><\/p>\n<p><script src=\"chrome-extension:\/\/fpelahbljekknahkcaegamhcndkfpfnc\/iFrame.js\" type=\"text\/javascript\"><\/script><\/p>\n<p><script src=\"chrome-extension:\/\/fpelahbljekknahkcaegamhcndkfpfnc\/iFrame.js\" type=\"text\/javascript\"><\/script><\/p>\n<p><script src=\"chrome-extension:\/\/fpelahbljekknahkcaegamhcndkfpfnc\/iFrame.js\" type=\"text\/javascript\"><\/script><\/p>\n<p><script src=\"chrome-extension:\/\/fpelahbljekknahkcaegamhcndkfpfnc\/iFrame.js\" type=\"text\/javascript\"><\/script><\/p>\n<p><script src=\"chrome-extension:\/\/fpelahbljekknahkcaegamhcndkfpfnc\/iFrame.js\" type=\"text\/javascript\"><\/script><\/p>","protected":false},"featured_media":20040,"comment_status":"open","ping_status":"closed","template":"","meta":[],"product_brand":[197],"product_cat":[124,187,185,189,123,176,174,175,193,191,173,186,180,190],"product_tag":[],"class_list":{"0":"post-19980","1":"product","2":"type-product","3":"status-publish","4":"has-post-thumbnail","6":"product_brand-bang","7":"product_cat-vape-by-brand","8":"product_cat-0mg-nicotine-free-vapes","9":"product_cat-10000-puffs-high-capacity","10":"product_cat-20mg-standard-nicotine-vapes","11":"product_cat-bang","12":"product_cat-beverage","13":"product_cat-fruit-flavors","14":"product_cat-icy-mint","15":"product_cat-mesh-coil","16":"product_cat-rechargeable-disposables","17":"product_cat-vape-by-flavor-profile","18":"product_cat-vape-by-nicotine-strength","19":"product_cat-vape-by-puff-count","20":"product_cat-vape-by-feature-or-type","22":"first","23":"onbackorder","24":"shipping-taxable","25":"purchasable","26":"product-type-variable","27":"has-default-attributes"},"tiered_pricing_type":"percentage","tiered_pricing_fixed_rules":[],"tiered_pricing_product_settings":{"layout":"default","base_unit_name":{"singular":null,"plural":null},"default_variation":null},"tiered_pricing_minimum_quantity":10,"tiered_pricing_roles_data":[],"tiered_pricing_percentage_rules":{"30":"29","50":"35","100":"40","200":"44","500":"47","1000":"49"},"tiered_pricing_maximum_quantity":null,"tiered_pricing_quantity_step":"10","_links":{"self":[{"href":"https:\/\/agoravape.com\/sv\/wp-json\/wp\/v2\/product\/19980","targetHints":{"allow":["GET"]}}],"collection":[{"href":"https:\/\/agoravape.com\/sv\/wp-json\/wp\/v2\/product"}],"about":[{"href":"https:\/\/agoravape.com\/sv\/wp-json\/wp\/v2\/types\/product"}],"replies":[{"embeddable":true,"href":"https:\/\/agoravape.com\/sv\/wp-json\/wp\/v2\/comments?post=19980"}],"version-history":[{"count":0,"href":"https:\/\/agoravape.com\/sv\/wp-json\/wp\/v2\/product\/19980\/revisions"}],"wp:featuredmedia":[{"embeddable":true,"href":"https:\/\/agoravape.com\/sv\/wp-json\/wp\/v2\/media\/20040"}],"wp:attachment":[{"href":"https:\/\/agoravape.com\/sv\/wp-json\/wp\/v2\/media?parent=19980"}],"wp:term":[{"taxonomy":"product_brand","embeddable":true,"href":"https:\/\/agoravape.com\/sv\/wp-json\/wp\/v2\/product_brand?post=19980"},{"taxonomy":"product_cat","embeddable":true,"href":"https:\/\/agoravape.com\/sv\/wp-json\/wp\/v2\/product_cat?post=19980"},{"taxonomy":"product_tag","embeddable":true,"href":"https:\/\/agoravape.com\/sv\/wp-json\/wp\/v2\/product_tag?post=19980"}],"curies":[{"name":"wp","href":"https:\/\/api.w.org\/{rel}","templated":true}]}}