{"id":20080,"date":"2025-10-31T10:57:56","date_gmt":"2025-10-31T02:57:56","guid":{"rendered":"https:\/\/agoravape.com\/?post_type=product&#038;p=20080"},"modified":"2026-02-22T15:14:39","modified_gmt":"2026-02-22T14:14:39","slug":"fluum-box-12000-puffar-vape","status":"publish","type":"product","link":"https:\/\/agoravape.com\/sv\/product\/fluum-box-12000-puffs-vape\/","title":{"rendered":"Fluum Box 12000 | Massive Puffs, Zero Hassle"},"content":{"rendered":"<h2 data-v-md-heading=\"what-is-special-about-fluum-box-12000\" data-v-md-line=\"3\"><img loading=\"lazy\" decoding=\"async\" class=\"wp-image-20100 size-full alignright\" src=\"https:\/\/agoravape.com\/wp-content\/uploads\/2025\/10\/Fluum-Box-12000-Massive-Puffs-Zero-Hassle_Agora_vape-7.webp\" alt=\"\" width=\"1080\" height=\"1678\" srcset=\"https:\/\/agoravape.com\/wp-content\/uploads\/2025\/10\/Fluum-Box-12000-Massive-Puffs-Zero-Hassle_Agora_vape-7.webp 1080w, https:\/\/agoravape.com\/wp-content\/uploads\/2025\/10\/Fluum-Box-12000-Massive-Puffs-Zero-Hassle_Agora_vape-7-193x300.webp 193w, https:\/\/agoravape.com\/wp-content\/uploads\/2025\/10\/Fluum-Box-12000-Massive-Puffs-Zero-Hassle_Agora_vape-7-659x1024.webp 659w, https:\/\/agoravape.com\/wp-content\/uploads\/2025\/10\/Fluum-Box-12000-Massive-Puffs-Zero-Hassle_Agora_vape-7-768x1193.webp 768w, https:\/\/agoravape.com\/wp-content\/uploads\/2025\/10\/Fluum-Box-12000-Massive-Puffs-Zero-Hassle_Agora_vape-7-989x1536.webp 989w\" sizes=\"auto, (max-width: 1080px) 100vw, 1080px\" \/><\/h2>\n<h2 data-v-md-heading=\"what-is-special-about-fluum-box-12000\" data-v-md-line=\"3\">What is special about Fluum Box 12000?<\/h2>\n<p data-v-md-line=\"5\">If you\u2019re tired of disposable vapes that won\u2019t last long, then this product will definitely satisfy you. The Fluum Box 12000 can provide up to 12000 puffs of battery life in one go \u2013 enough for you to enjoy weeks of vape experience instead of just a few days. For users who want a reliable and rich vape experience without always worrying about running out of e-liquid, it is the perfect choice.<\/p>\n<p data-v-md-line=\"7\">We have tested many high-capacity vapes, and to be honest, most of them are as bulky as bricks. But Fluum Box has achieved it \u2013 it has such a large capacity without any feeling of a portable power bank. It adopts a comfortable square design with excellent grip, and the matte surface ensures that it will not slip out of your hand when you go out.<\/p>\n<h2 data-v-md-heading=\"excellent-performance-easy-and-convenient\" data-v-md-line=\"9\">Utm\u00e4rkt prestanda, enkelt och bekv\u00e4mt<\/h2>\n<p data-v-md-line=\"11\">The secret to the consistent taste of Fluum Box lies in its 1.1 \u03a9 mesh atomizing core \u2013 it can evenly heat the e-liquid, ensuring that each bite is as delicious as the first bite. Say goodbye to the burnt taste, say goodbye to the suddenly weak sensation halfway through. Enjoy a smooth and satisfying steam experience from start to finish. The 650mAh battery has a very small capacity, and when it needs to be charged (which is not common), simply plug it into any Type-C data cable \u2013 most likely the one you use to charge your phone. Simple and convenient.<\/p>\n<h2 data-v-md-heading=\"quick-specifications\" data-v-md-line=\"13\">Snabba specifikationer<\/h2>\n<p data-v-md-line=\"15\"><strong>Smoking frequency:<\/strong>\u00a0up to 12000 puffs<\/p>\n<p data-v-md-line=\"17\"><strong>e-liquid capacity:<\/strong>\u00a020ml pre filled oil<\/p>\n<p data-v-md-line=\"19\"><strong>Battery:<\/strong>\u00a0650mAh rechargeable battery<\/p>\n<p data-v-md-line=\"21\"><strong>Atomizing core:<\/strong>\u00a01.1 \u03a9 mesh atomizing core, bringing consistent deliciousness<\/p>\n<p data-v-md-line=\"23\"><strong>Usage:<\/strong>\u00a0Inhale to activate<\/p>\n<p data-v-md-line=\"25\"><strong>Charging method:<\/strong>\u00a0Standard Type-C USB interface<\/p>\n<p data-v-md-line=\"27\"><strong>Status:<\/strong>\u00a0Ready to use out of the box<\/p>\n<h2 data-v-md-heading=\"complete-flavor-lineup\" data-v-md-line=\"29\">Komplett smakutbud<\/h2>\n<ul data-v-md-line=\"31\">\n<li>Jordgubbsvattenmelon<\/li>\n<li>Jordgubbsmango<\/li>\n<li>Triple Berry<\/li>\n<li>Vattenmelonis<\/li>\n<li>Mango Peach<\/li>\n<li>Bl\u00e5b\u00e4r och hallon<\/li>\n<li>Persikois<\/li>\n<li>Bl\u00e5 isbanan<\/li>\n<li>Sura \u00e4pplen<\/li>\n<li>Jordgubb, kiwi<\/li>\n<li>Kiwi, passionsfrukt, guava<\/li>\n<li>Druvis<\/li>\n<\/ul>\n<h2 data-v-md-heading=\"tailored-for-you-and-your-business\" data-v-md-line=\"44\">Skr\u00e4ddarsytt f\u00f6r dig och ditt f\u00f6retag<\/h2>\n<p data-v-md-line=\"46\">We have now launched Fluum Box 12000, which you can purchase separately or choose our wholesale solution for bulk purchases. Each device is properly packaged and can be sold directly. We work with trusted partners such as UPS, DPD, and DHL, using DDP shipping to cover all import tariffs, so you don\u2019t have to worry about customs fees. Just easily deliver to your doorstep or to your store.<\/p>\n<p data-v-md-line=\"48\">Produktnumret (FLUUM-Box-12000) g\u00f6r det enkelt och snabbt att fylla p\u00e5. Vi erbjuder 12 smakalternativ f\u00f6r att ge dina kunder ett rikt urval. Fr\u00e5n uppfriskande vattenmelonglass till tropiska kiwi- och passionsfrukts-guavablandningar finns det alltid en som passar dina smakpreferenser.<\/p>\n<h2 data-v-md-heading=\"reasons-why-you-will-like-it\" data-v-md-line=\"50\">Anledningar till varf\u00f6r du kommer att gilla det<\/h2>\n<p data-v-md-line=\"52\"><strong>12000 portar:<\/strong>\u00a0Batteritid i veckor, inte dagar \u2013 ett prisv\u00e4rt alternativ<\/p>\n<p data-v-md-line=\"54\"><strong>20 ml e-v\u00e4tska:<\/strong>\u00a0St\u00f6rre kapacitet, valuta f\u00f6r pengarna<\/p>\n<p data-v-md-line=\"56\"><strong>Uppladdningsbart batteri:<\/strong>\u00a0Utnyttja varje droppe e-v\u00e4tska fullt ut och sl\u00f6sa den aldrig<\/p>\n<p data-v-md-line=\"58\"><strong>Mesh coil technology:<\/strong>\u00a0Konsekvent len \u200b\u200bsmak fr\u00e5n f\u00f6rsta till sista tuggan<\/p>\n<p data-v-md-line=\"60\"><strong>Typ-C-laddning:<\/strong>\u00a0Use the same charging cable as most modern devices<\/p>\n<p data-v-md-line=\"62\"><strong>12 flavor options:<\/strong>\u00a0Fr\u00e5n fruktig till uppfriskande, det finns alltid en som passar dig<\/p>\n<h2 data-v-md-heading=\"why-choose-to-collaborate-with-agoravape\" data-v-md-line=\"64\">Varf\u00f6r v\u00e4lja att samarbeta med AgoraVape?<\/h2>\n<p data-v-md-line=\"66\">Som en av de mest betrodda vape-distribut\u00f6rerna i Europa s\u00e4ljer vi endast 100 % \u00e4kta produkter. F\u00f6r v\u00e5ra f\u00f6retagskunder inneb\u00e4r detta rabatterade grossistpriser, omfattande teknisk support och snabba och p\u00e5litliga leveranstj\u00e4nster f\u00f6r Fluum Box 12000. Kontakta oss f\u00f6r att verkligen tacka dina kunder f\u00f6r att de tillhandah\u00e5ller denna produkt.<\/p>\n<p><script src=\"chrome-extension:\/\/fpelahbljekknahkcaegamhcndkfpfnc\/iFrame.js\" type=\"text\/javascript\"><\/script><\/p>","protected":false},"excerpt":{"rendered":"<p>&nbsp;<\/p>\n<p><script src=\"chrome-extension:\/\/fpelahbljekknahkcaegamhcndkfpfnc\/iFrame.js\" type=\"text\/javascript\"><\/script><\/p>\n<p><script src=\"chrome-extension:\/\/fpelahbljekknahkcaegamhcndkfpfnc\/iFrame.js\" type=\"text\/javascript\"><\/script><\/p>\n<p><script src=\"chrome-extension:\/\/fpelahbljekknahkcaegamhcndkfpfnc\/iFrame.js\" type=\"text\/javascript\"><\/script><\/p>\n<p><script src=\"chrome-extension:\/\/fpelahbljekknahkcaegamhcndkfpfnc\/iFrame.js\" type=\"text\/javascript\"><\/script><\/p>\n<p><script src=\"chrome-extension:\/\/fpelahbljekknahkcaegamhcndkfpfnc\/iFrame.js\" type=\"text\/javascript\"><\/script><\/p>\n<p><script src=\"chrome-extension:\/\/fpelahbljekknahkcaegamhcndkfpfnc\/iFrame.js\" type=\"text\/javascript\"><\/script><\/p>\n<p><script src=\"chrome-extension:\/\/fpelahbljekknahkcaegamhcndkfpfnc\/iFrame.js\" type=\"text\/javascript\"><\/script><\/p>","protected":false},"featured_media":20106,"comment_status":"open","ping_status":"closed","template":"","meta":[],"product_brand":[197],"product_cat":[124,187,185,1634,189,123,174,175,193,191,179,173,186,180,190],"product_tag":[],"class_list":{"0":"post-20080","1":"product","2":"type-product","3":"status-publish","4":"has-post-thumbnail","6":"product_brand-bang","7":"product_cat-vape-by-brand","8":"product_cat-0mg-nicotine-free-vapes","9":"product_cat-10000-puffs-high-capacity","10":"product_cat-12000-puffs","11":"product_cat-20mg-standard-nicotine-vapes","12":"product_cat-bang","13":"product_cat-fruit-flavors","14":"product_cat-icy-mint","15":"product_cat-mesh-coil","16":"product_cat-rechargeable-disposables","17":"product_cat-unique-blends","18":"product_cat-vape-by-flavor-profile","19":"product_cat-vape-by-nicotine-strength","20":"product_cat-vape-by-puff-count","21":"product_cat-vape-by-feature-or-type","23":"first","24":"onbackorder","25":"shipping-taxable","26":"purchasable","27":"product-type-variable","28":"has-default-attributes"},"tiered_pricing_type":"percentage","tiered_pricing_fixed_rules":[],"tiered_pricing_product_settings":{"layout":"default","base_unit_name":{"singular":null,"plural":null},"default_variation":null},"tiered_pricing_minimum_quantity":10,"tiered_pricing_roles_data":[],"tiered_pricing_percentage_rules":{"30":"29","50":"35","100":"40","200":"44","500":"47","1000":"49"},"tiered_pricing_maximum_quantity":null,"tiered_pricing_quantity_step":"10","_links":{"self":[{"href":"https:\/\/agoravape.com\/sv\/wp-json\/wp\/v2\/product\/20080","targetHints":{"allow":["GET"]}}],"collection":[{"href":"https:\/\/agoravape.com\/sv\/wp-json\/wp\/v2\/product"}],"about":[{"href":"https:\/\/agoravape.com\/sv\/wp-json\/wp\/v2\/types\/product"}],"replies":[{"embeddable":true,"href":"https:\/\/agoravape.com\/sv\/wp-json\/wp\/v2\/comments?post=20080"}],"version-history":[{"count":0,"href":"https:\/\/agoravape.com\/sv\/wp-json\/wp\/v2\/product\/20080\/revisions"}],"wp:featuredmedia":[{"embeddable":true,"href":"https:\/\/agoravape.com\/sv\/wp-json\/wp\/v2\/media\/20106"}],"wp:attachment":[{"href":"https:\/\/agoravape.com\/sv\/wp-json\/wp\/v2\/media?parent=20080"}],"wp:term":[{"taxonomy":"product_brand","embeddable":true,"href":"https:\/\/agoravape.com\/sv\/wp-json\/wp\/v2\/product_brand?post=20080"},{"taxonomy":"product_cat","embeddable":true,"href":"https:\/\/agoravape.com\/sv\/wp-json\/wp\/v2\/product_cat?post=20080"},{"taxonomy":"product_tag","embeddable":true,"href":"https:\/\/agoravape.com\/sv\/wp-json\/wp\/v2\/product_tag?post=20080"}],"curies":[{"name":"wp","href":"https:\/\/api.w.org\/{rel}","templated":true}]}}