{"id":20109,"date":"2025-10-31T11:05:58","date_gmt":"2025-10-31T03:05:58","guid":{"rendered":"https:\/\/agoravape.com\/?post_type=product&#038;p=20109"},"modified":"2026-02-22T15:15:18","modified_gmt":"2026-02-22T14:15:18","slug":"fluum-box-15000-puffar-display-vape","status":"publish","type":"product","link":"https:\/\/agoravape.com\/sv\/product\/fluum-box-15000-puffs-display-vape\/","title":{"rendered":"Fluum Box 15000 | Den smarta vapen som faktiskt h\u00e5ller"},"content":{"rendered":"<h2 data-v-md-heading=\"what-is-the-special-feature-of-fluum-box-15000-vape-with-display-screen\" data-v-md-line=\"3\"><img loading=\"lazy\" decoding=\"async\" class=\"aligncenter size-full wp-image-20123\" src=\"https:\/\/agoravape.com\/wp-content\/uploads\/2025\/10\/Fluum-Box-15000-The-Smart-Vape-That-Actually-Lasts_Agora_vape-1-scaled.webp\" alt=\"\" width=\"1091\" height=\"2560\" srcset=\"https:\/\/agoravape.com\/wp-content\/uploads\/2025\/10\/Fluum-Box-15000-The-Smart-Vape-That-Actually-Lasts_Agora_vape-1-scaled.webp 1091w, https:\/\/agoravape.com\/wp-content\/uploads\/2025\/10\/Fluum-Box-15000-The-Smart-Vape-That-Actually-Lasts_Agora_vape-1-128x300.webp 128w, https:\/\/agoravape.com\/wp-content\/uploads\/2025\/10\/Fluum-Box-15000-The-Smart-Vape-That-Actually-Lasts_Agora_vape-1-437x1024.webp 437w, https:\/\/agoravape.com\/wp-content\/uploads\/2025\/10\/Fluum-Box-15000-The-Smart-Vape-That-Actually-Lasts_Agora_vape-1-768x1802.webp 768w, https:\/\/agoravape.com\/wp-content\/uploads\/2025\/10\/Fluum-Box-15000-The-Smart-Vape-That-Actually-Lasts_Agora_vape-1-655x1536.webp 655w, https:\/\/agoravape.com\/wp-content\/uploads\/2025\/10\/Fluum-Box-15000-The-Smart-Vape-That-Actually-Lasts_Agora_vape-1-873x2048.webp 873w, https:\/\/agoravape.com\/wp-content\/uploads\/2025\/10\/Fluum-Box-15000-The-Smart-Vape-That-Actually-Lasts_Agora_vape-1-1200x2815.webp 1200w\" sizes=\"auto, (max-width: 1091px) 100vw, 1091px\" \/><\/h2>\n<h2 data-v-md-heading=\"what-is-the-special-feature-of-fluum-box-15000-vape-with-display-screen\" data-v-md-line=\"3\">Vad \u00e4r det speciella med Fluum Box 15000 vape med display?<\/h2>\n<p data-v-md-line=\"5\">Denna eng\u00e5ngsvape kommer definitivt att imponera p\u00e5 dig, utan att du beh\u00f6ver gissa batteriniv\u00e5n eller \u00e5terst\u00e5ende e-v\u00e4tska. Fluum Box 15000 \u00e4r inte bara en h\u00f6gkapacitetsvape, den har ocks\u00e5 en inbyggd sk\u00e4rm som tydligt kan visa \u00e5terst\u00e5ende batteritid och e-v\u00e4tskeniv\u00e5. S\u00e4g adj\u00f6 till oron f\u00f6r att f\u00e5 slut p\u00e5 batteri f\u00f6r vapes fr\u00e5n och med nu. Den h\u00e4r enheten har en batteritid p\u00e5 15000 portar, vilket g\u00f6r att du kan njuta av veckor av p\u00e5litlig anv\u00e4ndning utan att beh\u00f6va k\u00f6pa nya batterier ofta.<\/p>\n<p data-v-md-line=\"7\">F\u00f6r dig som \u00e4r tr\u00f6tt p\u00e5 att gissa batteriniv\u00e5n och \u00e5terst\u00e5ende e-v\u00e4tska i traditionella vapes \u00e4r detta det perfekta valet. Har du n\u00e5gonsin haft problem med att en enhet pl\u00f6tsligt slutar fungera och inte kan avg\u00f6ra om batteriet \u00e4r d\u00f6tt eller om e-v\u00e4tskan \u00e4r slut? Med den kommer allt att l\u00f6sas enkelt. Sk\u00e4rmen visar den \u00e5terst\u00e5ende batteritiden i realtid, och e-v\u00e4tskans kapacitet p\u00e5 25 ml r\u00e4cker f\u00f6r att \u00f6verraska dig med dess batteritid.<\/p>\n<h2 data-v-md-heading=\"excellent-performance-and-easy-operation\" data-v-md-line=\"9\">Utm\u00e4rkt prestanda och enkel anv\u00e4ndning<\/h2>\n<p data-v-md-line=\"11\">Den inbyggda mesh-atomizerk\u00e4rnan (med en resistans p\u00e5 1,1 \u03a9 om du \u00e4r nyfiken) s\u00e4kerst\u00e4ller en fr\u00e4sch och fyllig smak i varje tugga och s\u00e4ger adj\u00f6 till den vanliga br\u00e4nda smaken av billiga enheter. 650mAh-batteriet kan laddas via Type-C-gr\u00e4nssnittet. N\u00e4r sk\u00e4rmen visar l\u00e5g batteriniv\u00e5 anv\u00e4nder du helt enkelt samma datakabel som du vanligtvis laddar din telefon med. Sk\u00e4rmen \u00e4r inte bara en gimmick, den kan faktiskt hj\u00e4lpa dig att planera din laddningstid i f\u00f6rv\u00e4g.<\/p>\n<h2 data-v-md-heading=\"quick-specifications\" data-v-md-line=\"13\">Snabba specifikationer<\/h2>\n<p data-v-md-line=\"15\"><strong>Smoking frequency:<\/strong>\u00a0upp till 15 000 bloss<\/p>\n<p data-v-md-line=\"17\"><strong>e-liquid capacity:<\/strong>\u00a025 ml f\u00f6rfylld olja<\/p>\n<p data-v-md-line=\"19\"><strong>Sk\u00e4rm:<\/strong>\u00a0LED-sk\u00e4rmen visar batteriniv\u00e5 och \u00e5terst\u00e5ende m\u00e4ngd e-v\u00e4tska<\/p>\n<p data-v-md-line=\"21\"><strong>Usage:<\/strong>\u00a0Inhale to activate<\/p>\n<p data-v-md-line=\"23\"><strong>Charging method:<\/strong>\u00a0Standard Type-C USB interface<\/p>\n<p data-v-md-line=\"25\"><strong>Atomizing core:<\/strong>\u00a01.1 \u03a9 mesh atomizing core, bringing consistent deliciousness<\/p>\n<p data-v-md-line=\"27\"><strong>Battery:<\/strong>\u00a0650mAh rechargeable battery<\/p>\n<p data-v-md-line=\"29\"><strong>Status:<\/strong>\u00a0Ready to use out of the box<\/p>\n<h2 data-v-md-heading=\"complete-flavor-lineup\" data-v-md-line=\"31\">Komplett smakutbud<\/h2>\n<ul data-v-md-line=\"33\">\n<li>Jordgubbsvattenmelon<\/li>\n<li>Jordgubbsmango<\/li>\n<li>Triple Berry<\/li>\n<li>Vattenmelonis<\/li>\n<li>Mango Peach<\/li>\n<li>Bl\u00e5b\u00e4r och hallon<\/li>\n<li>Persikois<\/li>\n<li>Bl\u00e5 isbanan<\/li>\n<li>Sura \u00e4pplen<\/li>\n<li>Jordgubb, kiwi<\/li>\n<li>Kiwi, passionsfrukt, guava<\/li>\n<li>Druvis<\/li>\n<\/ul>\n<h2 data-v-md-heading=\"for-commercial-use-by-you-and-your-family-friends\" data-v-md-line=\"46\">F\u00f6r kommersiellt bruk av dig och din familj\/v\u00e4nner<\/h2>\n<p data-v-md-line=\"48\">Fluum Box 15000 finns nu tillg\u00e4nglig f\u00f6r privatk\u00f6p, men om du \u00e4r f\u00f6retagare och vill fylla p\u00e5 med produkter som kunderna faktiskt kommer att k\u00f6pa igen kan du best\u00e4lla grossistf\u00f6rpackningar f\u00f6r 200 enheter\/l\u00e5da. Varje kartong m\u00e4ter 64 x 34,5 x 25 centimeter f\u00f6r enkel f\u00f6rvaring. Vi samarbetar med betrodda partners som UPS, DPD och DHL f\u00f6r att hantera alla fraktfr\u00e5gor \u00e5t dig \u2013 alla varor har beskattats (DDP), s\u00e5 du beh\u00f6ver inte oroa dig f\u00f6r n\u00e5gra extra tullavgifter. Vi erbjuder dig en smidig och p\u00e5litlig hemleveransservice.<\/p>\n<p data-v-md-line=\"50\">Sk\u00e4rmen kan verka obetydlig, men det \u00e4r just den som lyfter den h\u00e4r produkten fr\u00e5n en vanlig vape-produkt till en produkt som kunderna verkligen skulle rekommendera till sina v\u00e4nner. Den l\u00f6ser de praktiska problem som folk st\u00f6ter p\u00e5 n\u00e4r de anv\u00e4nder vapes, vilket \u00e4r nyckeln till att bygga anv\u00e4ndarlojalitet.<\/p>\n<h2 data-v-md-heading=\"reasons-why-you-will-like-it\" data-v-md-line=\"52\">Anledningar till varf\u00f6r du kommer att gilla det<\/h2>\n<p data-v-md-line=\"54\"><strong>Sk\u00e4rm:<\/strong>\u00a0Ingen anledning att gissa \u2013 du kan alltid veta tydligt n\u00e4r det \u00e4r dags att ladda eller n\u00e4r det snart \u00e4r fulladdat<\/p>\n<p data-v-md-line=\"56\"><strong>15000 enheter:<\/strong>\u00a0En enhet kan tillgodose dina vapebehov i flera veckor<\/p>\n<p data-v-md-line=\"58\"><strong>25 ml e-v\u00e4tskef\u00f6rvaring med stor kapacitet:<\/strong>\u00a0Tillr\u00e4cklig e-v\u00e4tskekapacitet s\u00e4kerst\u00e4ller konsekvent l\u00e4ckerhet fr\u00e5n f\u00f6rsta till sista klunken<\/p>\n<p data-v-md-line=\"60\"><strong>Typ-C-laddning:<\/strong>\u00a0Anv\u00e4nd din befintliga laddningskabel f\u00f6r att ladda<\/p>\n<p data-v-md-line=\"62\"><strong>12 smaker:<\/strong>\u00a0Fr\u00e5n klassiska fruktsmaker till uppfriskande blandade smaker finns det alltid en som passar dig<\/p>\n<p data-v-md-line=\"64\"><strong>Mesh coil technology:<\/strong>\u00a0ger en len och fyllig smak, vilket f\u00f6rhindrar irritation i halsen<\/p>\n<h2 data-v-md-heading=\"why-choose-to-collaborate-with-agoravape\" data-v-md-line=\"66\">Varf\u00f6r v\u00e4lja att samarbeta med AgoraVape?<\/h2>\n<p data-v-md-line=\"68\">Som en av de mest betrodda vape-distribut\u00f6rerna i Europa s\u00e4ljer vi endast 100 % \u00e4kta produkter. F\u00f6r v\u00e5ra f\u00f6retagskunder inneb\u00e4r detta att Fluum Box 15000 erbjuder mycket konkurrenskraftiga grossistpriser, p\u00e5litlig teknisk support och snabba och stabila leveranser. Dess displayfunktion g\u00f6r att den sticker ut i konkurrensen \u2013 denna praktiska innovation kommer garanterat att gl\u00e4dja dina kunder. Kontakta oss omedelbart f\u00f6r att introducera denna produkt som kommer att g\u00f6ra dina kunder imponerade.<\/p>\n<p><script src=\"chrome-extension:\/\/fpelahbljekknahkcaegamhcndkfpfnc\/iFrame.js\" type=\"text\/javascript\"><\/script><\/p>\n<p><script src=\"chrome-extension:\/\/fpelahbljekknahkcaegamhcndkfpfnc\/iFrame.js\" type=\"text\/javascript\"><\/script><\/p>","protected":false},"excerpt":{"rendered":"<p>&nbsp;<\/p>\n<p><script src=\"chrome-extension:\/\/fpelahbljekknahkcaegamhcndkfpfnc\/iFrame.js\" type=\"text\/javascript\"><\/script><\/p>\n<p><script src=\"chrome-extension:\/\/fpelahbljekknahkcaegamhcndkfpfnc\/iFrame.js\" type=\"text\/javascript\"><\/script><\/p>\n<p><script src=\"chrome-extension:\/\/fpelahbljekknahkcaegamhcndkfpfnc\/iFrame.js\" type=\"text\/javascript\"><\/script><\/p>\n<p><script src=\"chrome-extension:\/\/fpelahbljekknahkcaegamhcndkfpfnc\/iFrame.js\" type=\"text\/javascript\"><\/script><\/p>\n<p><script src=\"chrome-extension:\/\/fpelahbljekknahkcaegamhcndkfpfnc\/iFrame.js\" type=\"text\/javascript\"><\/script><\/p>\n<p><script src=\"chrome-extension:\/\/fpelahbljekknahkcaegamhcndkfpfnc\/iFrame.js\" type=\"text\/javascript\"><\/script><\/p>\n<p><script src=\"chrome-extension:\/\/fpelahbljekknahkcaegamhcndkfpfnc\/iFrame.js\" type=\"text\/javascript\"><\/script><\/p>","protected":false},"featured_media":20135,"comment_status":"open","ping_status":"closed","template":"","meta":[],"product_brand":[197],"product_cat":[124,187,185,189,123,174,175,193,191,173,186,180,190,192],"product_tag":[],"class_list":{"0":"post-20109","1":"product","2":"type-product","3":"status-publish","4":"has-post-thumbnail","6":"product_brand-bang","7":"product_cat-vape-by-brand","8":"product_cat-0mg-nicotine-free-vapes","9":"product_cat-10000-puffs-high-capacity","10":"product_cat-20mg-standard-nicotine-vapes","11":"product_cat-bang","12":"product_cat-fruit-flavors","13":"product_cat-icy-mint","14":"product_cat-mesh-coil","15":"product_cat-rechargeable-disposables","16":"product_cat-vape-by-flavor-profile","17":"product_cat-vape-by-nicotine-strength","18":"product_cat-vape-by-puff-count","19":"product_cat-vape-by-feature-or-type","20":"product_cat-vapes-with-screens","22":"first","23":"onbackorder","24":"shipping-taxable","25":"purchasable","26":"product-type-variable","27":"has-default-attributes"},"tiered_pricing_type":"percentage","tiered_pricing_fixed_rules":[],"tiered_pricing_product_settings":{"layout":"default","base_unit_name":{"singular":null,"plural":null},"default_variation":null},"tiered_pricing_minimum_quantity":10,"tiered_pricing_roles_data":[],"tiered_pricing_percentage_rules":{"30":"29","50":"35","100":"40","200":"44","500":"47","1000":"49"},"tiered_pricing_maximum_quantity":null,"tiered_pricing_quantity_step":"10","_links":{"self":[{"href":"https:\/\/agoravape.com\/sv\/wp-json\/wp\/v2\/product\/20109","targetHints":{"allow":["GET"]}}],"collection":[{"href":"https:\/\/agoravape.com\/sv\/wp-json\/wp\/v2\/product"}],"about":[{"href":"https:\/\/agoravape.com\/sv\/wp-json\/wp\/v2\/types\/product"}],"replies":[{"embeddable":true,"href":"https:\/\/agoravape.com\/sv\/wp-json\/wp\/v2\/comments?post=20109"}],"version-history":[{"count":0,"href":"https:\/\/agoravape.com\/sv\/wp-json\/wp\/v2\/product\/20109\/revisions"}],"wp:featuredmedia":[{"embeddable":true,"href":"https:\/\/agoravape.com\/sv\/wp-json\/wp\/v2\/media\/20135"}],"wp:attachment":[{"href":"https:\/\/agoravape.com\/sv\/wp-json\/wp\/v2\/media?parent=20109"}],"wp:term":[{"taxonomy":"product_brand","embeddable":true,"href":"https:\/\/agoravape.com\/sv\/wp-json\/wp\/v2\/product_brand?post=20109"},{"taxonomy":"product_cat","embeddable":true,"href":"https:\/\/agoravape.com\/sv\/wp-json\/wp\/v2\/product_cat?post=20109"},{"taxonomy":"product_tag","embeddable":true,"href":"https:\/\/agoravape.com\/sv\/wp-json\/wp\/v2\/product_tag?post=20109"}],"curies":[{"name":"wp","href":"https:\/\/api.w.org\/{rel}","templated":true}]}}