{"id":20462,"date":"2025-12-30T22:06:43","date_gmt":"2025-12-30T14:06:43","guid":{"rendered":"https:\/\/agoravape.com\/?post_type=product&#038;p=20462"},"modified":"2026-01-21T21:52:04","modified_gmt":"2026-01-21T13:52:04","slug":"jnr-shisha-ultra-45k-puffs-disposable-vape-wholesale","status":"publish","type":"product","link":"https:\/\/agoravape.com\/sv\/product\/jnr-shisha-ultra-45k-puffs-disposable-vape-wholesale\/","title":{"rendered":"JNR Shisha Ultra 45000 Port Eng\u00e5ngs Vape Partihandel | Stor Kapacitet, Enkel Laddning"},"content":{"rendered":"<h2 data-v-md-heading=\"what-are-the-advantages-of-wholesale-jnr-shisha-ultra-45000-disposable-vapes\" data-v-md-line=\"3\">Vilka \u00e4r f\u00f6rdelarna med JNR Shisha Ultra 45000 eng\u00e5ngsvapor i grossistledet?<\/h2>\n<p data-v-md-line=\"5\">Om du \u00e4r tr\u00f6tt p\u00e5 eng\u00e5ngs e-cigaretter som tar slut p\u00e5 cigaretter p\u00e5 bara n\u00e5gra dagar, d\u00e5 \u00e4r den h\u00e4r produkten v\u00e4rd att ta en titt p\u00e5. JNR Shisha Ultra rymmer upp till 45 000 portar, \u00e4r h\u00e5llbar och kr\u00e4ver inte frekvent laddning.<\/p>\n<p data-v-md-line=\"7\">Den \u00e4r speciellt utformad f\u00f6r vape-anv\u00e4ndare som str\u00e4var efter p\u00e5litlighet, utm\u00e4rkt smak och bekv\u00e4m laddning. Det finns inga avancerade funktioner, bara l\u00e5ng batteritid och klassiska smaker som dina kunder k\u00e4nner till och \u00e4lskar.<\/p>\n<h2 data-v-md-heading=\"excellent-performance-and-easy-operation\" data-v-md-line=\"9\">Utm\u00e4rkt prestanda och enkel anv\u00e4ndning<\/h2>\n<p data-v-md-line=\"11\">Spolen har noggrant justerats f\u00f6r att s\u00e4kerst\u00e4lla en j\u00e4mn smak, och den sista tuggan \u00e4r lika uts\u00f6kt som den f\u00f6rsta. N\u00e4r batteriet \u00e4r l\u00e5gt kan du enkelt ladda den via Type-C-gr\u00e4nssnittet. Detta gr\u00e4nssnitt \u00e4r detsamma som det som anv\u00e4nds av de flesta mobiltelefoner, och det finns ingen anledning att leta efter en dedikerad laddningskabel. Den \u00e4r l\u00e4tt att anv\u00e4nda och l\u00e4tt att underh\u00e5lla.<\/p>\n<p data-v-md-line=\"11\"><img loading=\"lazy\" decoding=\"async\" class=\"aligncenter size-full wp-image-20467\" src=\"https:\/\/agoravape.com\/wp-content\/uploads\/2025\/12\/JNR-Shisha-Ultra-45000-Puffs-Disposable-Vape-Wholesale_Agora_vape-13.webp\" alt=\"\" width=\"1200\" height=\"1200\" srcset=\"https:\/\/agoravape.com\/wp-content\/uploads\/2025\/12\/JNR-Shisha-Ultra-45000-Puffs-Disposable-Vape-Wholesale_Agora_vape-13.webp 1200w, https:\/\/agoravape.com\/wp-content\/uploads\/2025\/12\/JNR-Shisha-Ultra-45000-Puffs-Disposable-Vape-Wholesale_Agora_vape-13-600x600.webp 600w, https:\/\/agoravape.com\/wp-content\/uploads\/2025\/12\/JNR-Shisha-Ultra-45000-Puffs-Disposable-Vape-Wholesale_Agora_vape-13-300x300.webp 300w, https:\/\/agoravape.com\/wp-content\/uploads\/2025\/12\/JNR-Shisha-Ultra-45000-Puffs-Disposable-Vape-Wholesale_Agora_vape-13-1024x1024.webp 1024w, https:\/\/agoravape.com\/wp-content\/uploads\/2025\/12\/JNR-Shisha-Ultra-45000-Puffs-Disposable-Vape-Wholesale_Agora_vape-13-150x150.webp 150w, https:\/\/agoravape.com\/wp-content\/uploads\/2025\/12\/JNR-Shisha-Ultra-45000-Puffs-Disposable-Vape-Wholesale_Agora_vape-13-768x768.webp 768w, https:\/\/agoravape.com\/wp-content\/uploads\/2025\/12\/JNR-Shisha-Ultra-45000-Puffs-Disposable-Vape-Wholesale_Agora_vape-13-12x12.webp 12w\" sizes=\"auto, (max-width: 1200px) 100vw, 1200px\" \/><\/p>\n<h2 data-v-md-heading=\"quick-specifications\" data-v-md-line=\"13\">Snabba specifikationer<\/h2>\n<ul data-v-md-line=\"15\">\n<li>R\u00f6kfrekvens: upp till 45000 g\u00e5nger<\/li>\n<li>Nikotinhalt: 2 % nikotin<\/li>\n<li>Anv\u00e4ndning: Andas in f\u00f6r att aktivera<\/li>\n<li>Laddningsmetod: Standard USB-gr\u00e4nssnitt av typ C<\/li>\n<li>Batterikapacitet: 1100mAh<\/li>\n<li>Status: Klar att anv\u00e4nda direkt ur l\u00e5dan<\/li>\n<\/ul>\n<h2 data-v-md-heading=\"complete-flavor-lineup\" data-v-md-line=\"22\">Komplett smakutbud<\/h2>\n<ul data-v-md-line=\"23\">\n<li>Som<\/li>\n<li>Tuggummiliknande<\/li>\n<li>Jordgubbspanqu<\/li>\n<li>Persikois<\/li>\n<li>Magisk k\u00e4rlek<\/li>\n<li>Bl\u00e5b\u00e4rsmynta<\/li>\n<li>Bl\u00e5b\u00e4r och hallon<\/li>\n<li>Citron som<\/li>\n<li>Jordgubb K\u00f6rsb\u00e4r<\/li>\n<li>Mentol<\/li>\n<li>Gr\u00f6n mynta<\/li>\n<li>Blandade b\u00e4r<\/li>\n<li>Sommardr\u00f6m<\/li>\n<li>Mango Ananas<\/li>\n<li>K\u00f6rsb\u00e4rskarnevalen<\/li>\n<li>Sommarpersika<\/li>\n<li>Dubbla \u00e4pplen<\/li>\n<\/ul>\n<h2 data-v-md-heading=\"suitable-for-you-and-your-business\" data-v-md-line=\"41\">L\u00e4mplig f\u00f6r dig och ditt f\u00f6retag<\/h2>\n<p data-v-md-line=\"43\">Du kan k\u00f6pa en enskild enhet f\u00f6r testning, eller k\u00f6pa direkt i grossistledet. Varje innerl\u00e5da inneh\u00e5ller 5 stycken, medan varje ytterl\u00e5da inneh\u00e5ller 100 stycken. Ytterl\u00e5dan v\u00e4ger 14,34 kilogram, vilket g\u00f6r det enkelt f\u00f6r dig att planera pallastning.<\/p>\n<p data-v-md-line=\"45\">Vi samarbetar med betrodda partners som UPS, DPD och DHL f\u00f6r att erbjuda DDP-frakttj\u00e4nster efter skatt som t\u00e4cker hela Europa. Du kan sp\u00e5ra varorna genom hela processen och njuta av f\u00f6ruts\u00e4gbara leveranstider f\u00f6r att undvika ov\u00e4ntade situationer vid tullen.<\/p>\n<p data-v-md-line=\"47\">Ang\u00e5ende efterlevnad: Produktens kapacitet och r\u00f6kfrekvens \u00f6verstiger vida den 2 ml-gr\u00e4ns som fastst\u00e4llts av EU:s TPD\/TRRP-f\u00f6reskrifter. Kontrollera lokala f\u00f6reskrifter innan \u00e5terf\u00f6rs\u00e4ljning p\u00e5 din marknad.<\/p>\n<h2 data-v-md-heading=\"the-reason-why-you-will-like-it\" data-v-md-line=\"49\">Anledningen till att du kommer att gilla det<\/h2>\n<ul data-v-md-line=\"50\">\n<li>R\u00f6kning oftare: Mer h\u00e5llbar och l\u00e5ngvarig, utan behov av frekvent p\u00e5fyllning.<\/li>\n<li>M\u00e5ttlig nikotinhalt: En nikotinhalt p\u00e5 2 % \u00e4r l\u00e4mplig f\u00f6r massmarknaden och enkel att v\u00e4lja.<\/li>\n<li>Laddningsbar: Utnyttja e-v\u00e4tskan fullt ut utan att sl\u00e4nga halvf\u00e4rdig utrustning. *Konsekvent smak: Denna f\u00f6r\u00e5ngare ger en stabil och tillfredsst\u00e4llande inhalationsupplevelse fr\u00e5n b\u00f6rjan till slut.<\/li>\n<\/ul>\n<h2 data-v-md-heading=\"why-choose-to-collaborate-with-agoravape\" data-v-md-line=\"54\">Varf\u00f6r v\u00e4lja att samarbeta med AgoraVape?<\/h2>\n<p data-v-md-line=\"56\">Vi garanterar att alla produkter \u00e4r 100 % \u00e4kta och erbjuder kvalitetss\u00e4kring. JNR Shisha Ultra 45000 eng\u00e5ngs e-cigaretter i grossistledet, du f\u00e5r r\u00e4ttvisa grossistpriser, snabb teknisk support och bekv\u00e4ma DDP-leveranstj\u00e4nster. Om du vill l\u00e4gga till en h\u00f6gkapacitets uppladdningsbar eng\u00e5ngsvape till dina kunder och g\u00f6ra dem till \u00e5terkommande kunder, \u00e4r du v\u00e4lkommen att kontakta oss n\u00e4r som helst.<\/p>","protected":false},"excerpt":{"rendered":"<p>Vilka \u00e4r f\u00f6rdelarna med grossistf\u00f6rs\u00e4ljning av JNR Shisha Ultra 45000 eng\u00e5ngsvapes? Om du \u00e4r tr\u00f6tt p\u00e5 eng\u00e5ngs-e-cigaretter som tar slut<\/p>","protected":false},"featured_media":20480,"comment_status":"closed","ping_status":"closed","template":"","meta":[],"product_brand":[225],"product_cat":[124,185,189,177,174,175,152,193,191,173,186,180,190],"product_tag":[],"class_list":{"0":"post-20462","1":"product","2":"type-product","3":"status-publish","4":"has-post-thumbnail","6":"product_brand-jnr","7":"product_cat-vape-by-brand","8":"product_cat-10000-puffs-high-capacity","9":"product_cat-20mg-standard-nicotine-vapes","10":"product_cat-dessert-sweets","11":"product_cat-fruit-flavors","12":"product_cat-icy-mint","13":"product_cat-jnr","14":"product_cat-mesh-coil","15":"product_cat-rechargeable-disposables","16":"product_cat-vape-by-flavor-profile","17":"product_cat-vape-by-nicotine-strength","18":"product_cat-vape-by-puff-count","19":"product_cat-vape-by-feature-or-type","21":"first","22":"instock","23":"shipping-taxable","24":"purchasable","25":"product-type-variable","26":"has-default-attributes"},"tiered_pricing_type":"percentage","tiered_pricing_fixed_rules":{"30":"29","50":"35","100":"40","200":"44","500":"47","1000":"49"},"tiered_pricing_product_settings":{"layout":"default","base_unit_name":{"singular":null,"plural":null},"default_variation":null},"tiered_pricing_minimum_quantity":10,"tiered_pricing_roles_data":[],"tiered_pricing_percentage_rules":{"30":"29","50":"35","100":"40","200":"44","500":"47","1000":"46"},"tiered_pricing_maximum_quantity":null,"tiered_pricing_quantity_step":"10","_links":{"self":[{"href":"https:\/\/agoravape.com\/sv\/wp-json\/wp\/v2\/product\/20462","targetHints":{"allow":["GET"]}}],"collection":[{"href":"https:\/\/agoravape.com\/sv\/wp-json\/wp\/v2\/product"}],"about":[{"href":"https:\/\/agoravape.com\/sv\/wp-json\/wp\/v2\/types\/product"}],"replies":[{"embeddable":true,"href":"https:\/\/agoravape.com\/sv\/wp-json\/wp\/v2\/comments?post=20462"}],"version-history":[{"count":0,"href":"https:\/\/agoravape.com\/sv\/wp-json\/wp\/v2\/product\/20462\/revisions"}],"wp:featuredmedia":[{"embeddable":true,"href":"https:\/\/agoravape.com\/sv\/wp-json\/wp\/v2\/media\/20480"}],"wp:attachment":[{"href":"https:\/\/agoravape.com\/sv\/wp-json\/wp\/v2\/media?parent=20462"}],"wp:term":[{"taxonomy":"product_brand","embeddable":true,"href":"https:\/\/agoravape.com\/sv\/wp-json\/wp\/v2\/product_brand?post=20462"},{"taxonomy":"product_cat","embeddable":true,"href":"https:\/\/agoravape.com\/sv\/wp-json\/wp\/v2\/product_cat?post=20462"},{"taxonomy":"product_tag","embeddable":true,"href":"https:\/\/agoravape.com\/sv\/wp-json\/wp\/v2\/product_tag?post=20462"}],"curies":[{"name":"wp","href":"https:\/\/api.w.org\/{rel}","templated":true}]}}