{"id":20563,"date":"2025-12-30T22:38:15","date_gmt":"2025-12-30T14:38:15","guid":{"rendered":"https:\/\/agoravape.com\/?post_type=product&#038;p=20563"},"modified":"2026-02-25T07:38:10","modified_gmt":"2026-02-25T06:38:10","slug":"jnr-lionking-42000-puffs-disposable-vape","status":"publish","type":"product","link":"https:\/\/agoravape.com\/sv\/product\/jnr-lionking-42000-puffs-disposable-vape\/","title":{"rendered":"JNR LionKing 42000 Puffs Disposable Vape Bulk Wholesale | Long-Running Convenience at 2% Nicotine"},"content":{"rendered":"<h2 data-v-md-heading=\"what-are-the-advantages-of-jnr-lionking-s-wholesale-of-42000-disposable-vapes\" data-v-md-line=\"3\"><img loading=\"lazy\" decoding=\"async\" class=\"aligncenter size-full wp-image-20587\" src=\"https:\/\/agoravape.com\/wp-content\/uploads\/2025\/12\/JNR-LionKing-42000-Puffs-Disposable-Vape-Bulk-Wholesale-Long-Running-Convenience-at-2-Nicotine_Agora_vape-13.webp\" alt=\"\" width=\"1600\" height=\"1600\" srcset=\"https:\/\/agoravape.com\/wp-content\/uploads\/2025\/12\/JNR-LionKing-42000-Puffs-Disposable-Vape-Bulk-Wholesale-Long-Running-Convenience-at-2-Nicotine_Agora_vape-13.webp 1600w, https:\/\/agoravape.com\/wp-content\/uploads\/2025\/12\/JNR-LionKing-42000-Puffs-Disposable-Vape-Bulk-Wholesale-Long-Running-Convenience-at-2-Nicotine_Agora_vape-13-600x600.webp 600w, https:\/\/agoravape.com\/wp-content\/uploads\/2025\/12\/JNR-LionKing-42000-Puffs-Disposable-Vape-Bulk-Wholesale-Long-Running-Convenience-at-2-Nicotine_Agora_vape-13-1200x1200.webp 1200w, https:\/\/agoravape.com\/wp-content\/uploads\/2025\/12\/JNR-LionKing-42000-Puffs-Disposable-Vape-Bulk-Wholesale-Long-Running-Convenience-at-2-Nicotine_Agora_vape-13-300x300.webp 300w, https:\/\/agoravape.com\/wp-content\/uploads\/2025\/12\/JNR-LionKing-42000-Puffs-Disposable-Vape-Bulk-Wholesale-Long-Running-Convenience-at-2-Nicotine_Agora_vape-13-1024x1024.webp 1024w, https:\/\/agoravape.com\/wp-content\/uploads\/2025\/12\/JNR-LionKing-42000-Puffs-Disposable-Vape-Bulk-Wholesale-Long-Running-Convenience-at-2-Nicotine_Agora_vape-13-150x150.webp 150w, https:\/\/agoravape.com\/wp-content\/uploads\/2025\/12\/JNR-LionKing-42000-Puffs-Disposable-Vape-Bulk-Wholesale-Long-Running-Convenience-at-2-Nicotine_Agora_vape-13-768x768.webp 768w, https:\/\/agoravape.com\/wp-content\/uploads\/2025\/12\/JNR-LionKing-42000-Puffs-Disposable-Vape-Bulk-Wholesale-Long-Running-Convenience-at-2-Nicotine_Agora_vape-13-1536x1536.webp 1536w, https:\/\/agoravape.com\/wp-content\/uploads\/2025\/12\/JNR-LionKing-42000-Puffs-Disposable-Vape-Bulk-Wholesale-Long-Running-Convenience-at-2-Nicotine_Agora_vape-13-12x12.webp 12w\" sizes=\"auto, (max-width: 1600px) 100vw, 1600px\" \/><\/h2>\n<h2 data-v-md-heading=\"what-are-the-advantages-of-jnr-lionking-s-wholesale-of-42000-disposable-vapes\" data-v-md-line=\"3\">Vilka \u00e4r f\u00f6rdelarna med JNR LionKings grossistf\u00f6rs\u00e4ljning av 42 000 eng\u00e5ngsvapes?<\/h2>\n<p data-v-md-line=\"5\">Om du \u00e4r tr\u00f6tt p\u00e5 eng\u00e5ngsvapor som kan anv\u00e4ndas p\u00e5 n\u00e5gra dagar, d\u00e5 \u00e4r den h\u00e4r produkten v\u00e4rd din uppm\u00e4rksamhet. JNR LionKing \u00e4r designad f\u00f6r l\u00e5ngvarig anv\u00e4ndning och klarar upp till 42000 bloss med en nikotinkoncentration p\u00e5 2 %. Den \u00e4r enkel att anv\u00e4nda och kan laddas via Type-C-gr\u00e4nssnittet. Denna produkt \u00e4r speciellt utformad f\u00f6r anv\u00e4ndare som str\u00e4var efter stabil smak och inte vill utf\u00f6ra tr\u00e5kiga operationer.<\/p>\n<p data-v-md-line=\"7\">Den \u00e4r l\u00e4mplig f\u00f6r b\u00e5de personlig och kommersiell anv\u00e4ndning. Du kan uppn\u00e5 l\u00e5ngvarig och stabil prestanda utan att oroa dig f\u00f6r att f\u00e5 slut p\u00e5 e-v\u00e4tska och beh\u00f6va kassera enheten.<\/p>\n<h2 data-v-md-heading=\"excellent-performance-and-easy-operation\" data-v-md-line=\"9\">Utm\u00e4rkt prestanda och enkel anv\u00e4ndning<\/h2>\n<p data-v-md-line=\"11\">Spolen har noggrant justerats f\u00f6r att s\u00e4kerst\u00e4lla en j\u00e4mn smak, d\u00e4r den sista tuggan har n\u00e4stan samma smak som den f\u00f6rsta. Inget \u00f6verhettningsfenomen, ingen br\u00e4nd lukt. N\u00e4r batteriet \u00e4r l\u00e5gt ansluter du bara en typ-C-datakabel. Det \u00e4r den typen du anv\u00e4nder n\u00e4r du laddar din telefon. Jag kommer snart att kunna forts\u00e4tta njuta av vaping.<\/p>\n<p data-v-md-line=\"13\">Du kanske tror att doften fr\u00e5n den h\u00e4r sugande apparaten blir l\u00e4ttare, men doften \u00e4r f\u00f6rv\u00e5nansv\u00e4rt l\u00e5ngvarig, \u00e4ven efter l\u00e5ngvarig anv\u00e4ndning.<\/p>\n<h2 data-v-md-heading=\"quick-specifications\" data-v-md-line=\"15\">Snabba specifikationer<\/h2>\n<ul data-v-md-line=\"17\">\n<li>Antal sugportar: upp till 42000 portar<\/li>\n<li>Nikotinhalt: 2 % (20 mg\/ml)<\/li>\n<li>Batteri: 850mAh, st\u00f6der laddning av typ C<\/li>\n<li>Anv\u00e4ndning: Enkel sugande eng\u00e5ngsvape<\/li>\n<li>Status: Klar att anv\u00e4nda direkt ur l\u00e5dan<\/li>\n<li>Produktkod: JNR-Lejonkungen-42k<\/li>\n<li>F\u00f6rpackning: 10 innerl\u00e5dor; 200 ytterl\u00e5dor; Bruttovikt 21,95 kg<\/li>\n<\/ul>\n<h2 data-v-md-heading=\"complete-flavor-series\" data-v-md-line=\"24\">Komplett smakserie<\/h2>\n<ul data-v-md-line=\"26\">\n<li>Bl\u00e5b\u00e4r, hallon, k\u00f6rsb\u00e4r<\/li>\n<li>Bubble Cherry Cola<\/li>\n<li>Blandade b\u00e4r<\/li>\n<li>Jordgubb Hallon K\u00f6rsb\u00e4rsglass<\/li>\n<li>Jordgubbsglass<\/li>\n<li>Vattenmelonis<\/li>\n<li>Bl\u00e5b\u00e4r och hallon<\/li>\n<li>Jordgubb, kiwi<\/li>\n<li>Jordgubbsvattenmelonglass<\/li>\n<li>Tropiska frukter<\/li>\n<li>Bubbla jordgubb<\/li>\n<li>Coca Cola-is<\/li>\n<li>Persikab\u00e4r<\/li>\n<li>Sommarpersikois<\/li>\n<li>Svart is<\/li>\n<li>Hawaii<\/li>\n<li>Drakfrukt<\/li>\n<li>Vattenmelonbubbelgummi<\/li>\n<li>K\u00f6rsb\u00e4rsglass<\/li>\n<li>K\u00e4rlek 66<\/li>\n<\/ul>\n<h2 data-v-md-heading=\"tailored-for-you-and-your-business\" data-v-md-line=\"46\">Skr\u00e4ddarsytt f\u00f6r dig och ditt f\u00f6retag<\/h2>\n<p data-v-md-line=\"48\">Om du bara vill prova erbjuder vi ett eng\u00e5ngsk\u00f6p av JNR LionKing 42000 eng\u00e5ngsvapes. Om du k\u00f6per till din butik kan du best\u00e4lla grossistf\u00f6rpackningar med 10 enheter per l\u00e5da eller grossistf\u00f6rpackningar med 200 enheter per l\u00e5da. Rent, enkelt och l\u00e4tthanterligt lager.<\/p>\n<p data-v-md-line=\"50\">Vi skickar till olika delar av Europa via betrodda partners som UPS, DPD och DHL i DDP-format, s\u00e5 tullavgifter och merv\u00e4rdesskatt har f\u00f6rbehandlats. Du beh\u00f6ver inte oroa dig f\u00f6r tullavgifter. Leveranstiden \u00e4r f\u00f6ruts\u00e4gbar och du kan f\u00f6lja hela processen fr\u00e5n upph\u00e4mtning till hemleverans.<\/p>\n<p data-v-md-line=\"52\">En kort f\u00f6rklaring av f\u00f6rordningen: EU:s TPD-f\u00f6rordning begr\u00e4nsar detaljhandelskapaciteten f\u00f6r eng\u00e5ngs-e-v\u00e4tska till 2 milliliter, vilket vanligtvis motsvarar 600 till 800 bloss. En apparat som kan suga 42 000 bloss \u00f6verskrider denna gr\u00e4ns och uppfyller d\u00e4rf\u00f6r inte EU:s B2C-detaljhandelsregler. M\u00e5nga B2B-k\u00f6pare k\u00f6per produkter f\u00f6r exportmarknader eller kontrollerade kanaler. Kontrollera lokala best\u00e4mmelser innan du listar.<\/p>\n<p data-v-md-line=\"54\">Om du beh\u00f6ver veta grossistpriser och minsta orderkvantiteter, v\u00e4nligen kontakta v\u00e5r s\u00e4ljavdelning. Vi skr\u00e4ddarsyr en offert \u00e5t dig baserat p\u00e5 din orderkvantitet och leveransrutt.<\/p>\n<h2 data-v-md-heading=\"the-reason-why-you-will-like-it\" data-v-md-line=\"56\">Anledningen till att du kommer att gilla det<\/h2>\n<ul data-v-md-line=\"58\">\n<li>Ultral\u00e5ng sugport: Du beh\u00f6ver inte byta ut enheten ofta.<\/li>\n<li>2 % nikotin: L\u00e4mplig f\u00f6r de flesta vuxna vape-anv\u00e4ndare som tycker om en stabil r\u00f6kupplevelse.<\/li>\n<li>Uppladdningsbar: Du kan forts\u00e4tta anv\u00e4nda den k\u00f6pta e-v\u00e4tskan utan att sl\u00e4nga den halvanv\u00e4nda enheten.<\/li>\n<li>Stabil spole: Ger en len och fyllig smak fr\u00e5n b\u00f6rjan till slut.<\/li>\n<li>Typ-C-gr\u00e4nssnitt: Ladda med din befintliga datakabel.<\/li>\n<\/ul>\n<h2 data-v-md-heading=\"why-choose-agoravape\" data-v-md-line=\"64\">Varf\u00f6r v\u00e4lja AgoraVape?<\/h2>\n<p data-v-md-line=\"66\">Vi erbjuder endast 100 % \u00e4kta JNR-produkter. Batchnumret \u00e4r tillg\u00e4ngligt f\u00f6r verifiering. V\u00e5rt f\u00f6retag \u00e4r registrerat i Europa och skickar dagligen till f\u00f6retag i EU. Du f\u00e5r tydliga dokument och snabb teknisk support.<\/p>\n<p data-v-md-line=\"68\">Vi st\u00f6der bank\u00f6verf\u00f6ringar, vanliga kreditkort och PayPal-betalningar, och erbjuder k\u00f6parskydd. Grossistkunder kan dra nytta av rabatterade priser, snabb leverans och DDP-leveranstj\u00e4nster f\u00f6r JNR LionKing 42000 eng\u00e5ngsvapes. Kontakta v\u00e5rt team f\u00f6r att f\u00e5 dina kunder att verkligen bli f\u00f6r\u00e4lskade i denna produkt och forts\u00e4tta k\u00f6pa den.<\/p>","protected":false},"excerpt":{"rendered":"<p>Vilka \u00e4r f\u00f6rdelarna med JNR LionKings grossistf\u00f6rs\u00e4ljning av 42 000 eng\u00e5ngsvapes? Om du \u00e4r tr\u00f6tt p\u00e5 eng\u00e5ngsvapes som<\/p>","protected":false},"featured_media":20595,"comment_status":"closed","ping_status":"closed","template":"","meta":[],"product_brand":[225],"product_cat":[124,185,189,177,174,175,152,193,191,173,186,180,190,192],"product_tag":[],"class_list":{"0":"post-20563","1":"product","2":"type-product","3":"status-publish","4":"has-post-thumbnail","6":"product_brand-jnr","7":"product_cat-vape-by-brand","8":"product_cat-10000-puffs-high-capacity","9":"product_cat-20mg-standard-nicotine-vapes","10":"product_cat-dessert-sweets","11":"product_cat-fruit-flavors","12":"product_cat-icy-mint","13":"product_cat-jnr","14":"product_cat-mesh-coil","15":"product_cat-rechargeable-disposables","16":"product_cat-vape-by-flavor-profile","17":"product_cat-vape-by-nicotine-strength","18":"product_cat-vape-by-puff-count","19":"product_cat-vape-by-feature-or-type","20":"product_cat-vapes-with-screens","22":"first","23":"outofstock","24":"shipping-taxable","25":"purchasable","26":"product-type-variable","27":"has-default-attributes"},"tiered_pricing_type":"percentage","tiered_pricing_fixed_rules":{"30":"29","50":"35","100":"40","200":"44","500":"47","1000":"49"},"tiered_pricing_product_settings":{"layout":"default","base_unit_name":{"singular":null,"plural":null},"default_variation":null},"tiered_pricing_minimum_quantity":10,"tiered_pricing_roles_data":[],"tiered_pricing_percentage_rules":{"30":"29","50":"35","100":"40","200":"44","500":"47","1000":"46"},"tiered_pricing_maximum_quantity":null,"tiered_pricing_quantity_step":"10","_links":{"self":[{"href":"https:\/\/agoravape.com\/sv\/wp-json\/wp\/v2\/product\/20563","targetHints":{"allow":["GET"]}}],"collection":[{"href":"https:\/\/agoravape.com\/sv\/wp-json\/wp\/v2\/product"}],"about":[{"href":"https:\/\/agoravape.com\/sv\/wp-json\/wp\/v2\/types\/product"}],"replies":[{"embeddable":true,"href":"https:\/\/agoravape.com\/sv\/wp-json\/wp\/v2\/comments?post=20563"}],"version-history":[{"count":0,"href":"https:\/\/agoravape.com\/sv\/wp-json\/wp\/v2\/product\/20563\/revisions"}],"wp:featuredmedia":[{"embeddable":true,"href":"https:\/\/agoravape.com\/sv\/wp-json\/wp\/v2\/media\/20595"}],"wp:attachment":[{"href":"https:\/\/agoravape.com\/sv\/wp-json\/wp\/v2\/media?parent=20563"}],"wp:term":[{"taxonomy":"product_brand","embeddable":true,"href":"https:\/\/agoravape.com\/sv\/wp-json\/wp\/v2\/product_brand?post=20563"},{"taxonomy":"product_cat","embeddable":true,"href":"https:\/\/agoravape.com\/sv\/wp-json\/wp\/v2\/product_cat?post=20563"},{"taxonomy":"product_tag","embeddable":true,"href":"https:\/\/agoravape.com\/sv\/wp-json\/wp\/v2\/product_tag?post=20563"}],"curies":[{"name":"wp","href":"https:\/\/api.w.org\/{rel}","templated":true}]}}