{"id":20619,"date":"2025-12-30T23:06:34","date_gmt":"2025-12-30T15:06:34","guid":{"rendered":"https:\/\/agoravape.com\/?post_type=product&#038;p=20619"},"modified":"2026-03-31T04:20:26","modified_gmt":"2026-03-31T02:20:26","slug":"jnr-quads-4in1-120k-puffs-disposable-vape-wholesale","status":"publish","type":"product","link":"https:\/\/agoravape.com\/sv\/product\/jnr-quads-4in1-120k-puffs-disposable-vape-wholesale\/","title":{"rendered":"JNR QUADS 4in1 120000 Puffs Eng\u00e5ngsvape Partihandel | Fyra Smaker i Ett, Byggd f\u00f6r att H\u00e5lla"},"content":{"rendered":"<h2 data-v-md-heading=\"what-is-special-about-jnr-quads-4-in-1-120000-disposable-vape-wholesale\" data-v-md-line=\"3\"><img loading=\"lazy\" decoding=\"async\" class=\"aligncenter size-full wp-image-20650\" src=\"https:\/\/agoravape.com\/wp-content\/uploads\/2025\/12\/JNR-QUADS-4in1-120000-Puffs-Disposable-Vape-Wholesale-Four-Flavours-in-One-Built-to-Last_Agora_vape-11.webp\" alt=\"\" width=\"1920\" height=\"1080\" srcset=\"https:\/\/agoravape.com\/wp-content\/uploads\/2025\/12\/JNR-QUADS-4in1-120000-Puffs-Disposable-Vape-Wholesale-Four-Flavours-in-One-Built-to-Last_Agora_vape-11.webp 1920w, https:\/\/agoravape.com\/wp-content\/uploads\/2025\/12\/JNR-QUADS-4in1-120000-Puffs-Disposable-Vape-Wholesale-Four-Flavours-in-One-Built-to-Last_Agora_vape-11-1200x675.webp 1200w, https:\/\/agoravape.com\/wp-content\/uploads\/2025\/12\/JNR-QUADS-4in1-120000-Puffs-Disposable-Vape-Wholesale-Four-Flavours-in-One-Built-to-Last_Agora_vape-11-300x169.webp 300w, https:\/\/agoravape.com\/wp-content\/uploads\/2025\/12\/JNR-QUADS-4in1-120000-Puffs-Disposable-Vape-Wholesale-Four-Flavours-in-One-Built-to-Last_Agora_vape-11-1024x576.webp 1024w, https:\/\/agoravape.com\/wp-content\/uploads\/2025\/12\/JNR-QUADS-4in1-120000-Puffs-Disposable-Vape-Wholesale-Four-Flavours-in-One-Built-to-Last_Agora_vape-11-768x432.webp 768w, https:\/\/agoravape.com\/wp-content\/uploads\/2025\/12\/JNR-QUADS-4in1-120000-Puffs-Disposable-Vape-Wholesale-Four-Flavours-in-One-Built-to-Last_Agora_vape-11-1536x864.webp 1536w, https:\/\/agoravape.com\/wp-content\/uploads\/2025\/12\/JNR-QUADS-4in1-120000-Puffs-Disposable-Vape-Wholesale-Four-Flavours-in-One-Built-to-Last_Agora_vape-11-18x10.webp 18w, https:\/\/agoravape.com\/wp-content\/uploads\/2025\/12\/JNR-QUADS-4in1-120000-Puffs-Disposable-Vape-Wholesale-Four-Flavours-in-One-Built-to-Last_Agora_vape-11-889x500.webp 889w\" sizes=\"auto, (max-width: 1920px) 100vw, 1920px\" \/><\/h2>\n<h2 data-v-md-heading=\"what-is-special-about-jnr-quads-4-in-1-120000-disposable-vape-wholesale\" data-v-md-line=\"3\">What is special about JNR QUADS 4-in-1 120000 disposable vape wholesale?<\/h2>\n<p data-v-md-line=\"4\">If you dislike the taste fading or need to replace your device during the week, then you must take a look at this product. JNR QUADS 4-in-1 disposable vape offers up to 120000 puffs, with four flavors included in one device, allowing you to switch anytime according to your preferences.<\/p>\n<p data-v-md-line=\"6\">Om du vill ha en vape med l\u00e5ng batteritid, enkel anv\u00e4ndning och stabil smak, d\u00e5 \u00e4r denna produkt det perfekta valet f\u00f6r dig. F\u00f6r butiker som vill s\u00e4lja en popul\u00e4r, <a class=\"wpil_keyword_link\" href=\"https:\/\/agoravape.com\/sv\/vape-efter-antal-puffar\/10000-puffar-hog-kapacitet\/\" target=\"_blank\" rel=\"noopener\" title=\"10 000+ bloss (h\u00f6g kapacitet)\" data-wpil-keyword-link=\"linked\" data-wpil-monitor-id=\"7153\">eng\u00e5ngsf\u00f6rpackning med h\u00f6g kapacitet<\/a> vape som kan locka kunder att k\u00f6pa igen, \u00e4r denna produkt ocks\u00e5 ett klokt val.<\/p>\n<h2 data-v-md-heading=\"excellent-performance-easy-to-operate\" data-v-md-line=\"8\">Utm\u00e4rkt prestanda, enkel att anv\u00e4nda<\/h2>\n<p data-v-md-line=\"9\">The QUADS 4-in-1 is equipped with a 1000mAh rechargeable battery and a spacious 4 \u00d7 15ml e-liquid capacity. This combination ensures a long-term stable user experience. No need for tedious setup or learning process. When the battery is low, you can use a Type-C data cable for charging, which is the same as the charging cable used for your phone. The 4-in-1 flavor system allows you to always experience fresh flavors, which is very practical for a device designed for long-term use.<\/p>\n<h2 data-v-md-heading=\"quick-specifications\" data-v-md-line=\"11\">Snabba specifikationer<\/h2>\n<ul data-v-md-line=\"12\">\n<li>Smoking frequency: up to 120000 times<\/li>\n<li>Nikotinhalt: 2 % nikotin<\/li>\n<li>Usage: Inhale to use<\/li>\n<li>Laddning: Standard USB-gr\u00e4nssnitt av typ C<\/li>\n<li>Status: Klar att anv\u00e4nda direkt ur l\u00e5dan<\/li>\n<\/ul>\n<h2 data-v-md-heading=\"full-range-of-flavors\" data-v-md-line=\"18\">Fullt utbud av smaker<\/h2>\n<ul data-v-md-line=\"19\">\n<li>Summer peach + strawberry ice + watermelon ice + black ice<\/li>\n<li>Blandade b\u00e4r + bl\u00e5b\u00e4r K\u00f6rsb\u00e4r Tranb\u00e4r + bl\u00e5b\u00e4r Sura hallon + k\u00f6rsb\u00e4r B\u00e4r<\/li>\n<li>Passion fruit kiwi + peach mango pineapple + strawberry kiwi + blueberry kiwi<\/li>\n<li>Kiwi watermelon ice + Strawberry watermelon ice + Black Dragon ice + Strawberry kiwi<\/li>\n<li>Raspberry Orange + Blueberry Sour Raspberry + JNR VC Boost + JNR Red Punch<\/li>\n<li>Double apples + triple melons + watermelon bubble gum + strawberries and bananas<\/li>\n<li>Blueberry Raspberry Cherry + Blueberry Raspberry Ice + Black Ice + Strawberry Ice<\/li>\n<li>Peach, Mango, Pineapple, Passion Fruit, Kiwi, Coke Ice, Summer Peach<\/li>\n<li>Tiger Blood + Passion Fruit Kiwi + Double Apples + Sparkling Cherry Cola<\/li>\n<li>Watermelon Ice + Triple Melon + Strawberry Watermelon Ice + Kiwi Watermelon Ice<\/li>\n<\/ul>\n<h2 data-v-md-heading=\"suitable-for-you-and-your-business\" data-v-md-line=\"30\">L\u00e4mplig f\u00f6r dig och ditt f\u00f6retag<\/h2>\n<p data-v-md-line=\"31\">You can purchase JNR QUADS 4-in-1 120000 disposable vapes separately, or purchase them in bulk for your store. The wholesale packaging is 5 pieces per inner box, 100 pieces per large box, and a gross weight of 15.5 kilograms per box. Convenient for storage and shelving.<\/p>\n<p data-v-md-line=\"33\">We collaborate with trusted partners such as UPS, DPD, and DHL to ship our products to various parts of Europe. Many regions offer DDP (Delivered Duty Paid) options, so tariffs and taxes have been pre processed to avoid any unexpected situations with customs.<\/p>\n<p data-v-md-line=\"35\">Compliance statement: This device uses four 15ml e-liquid modules and has a very high number of uses. This does not comply with the 2 milliliter e-liquid capacity limit imposed by TPD\/TRRP regulations on retail sales in many EU markets. Before retail, please make sure to check local regulations.<\/p>\n<h2 data-v-md-heading=\"reasons-why-you-will-like-it\" data-v-md-line=\"37\">Anledningar till varf\u00f6r du kommer att gilla det<\/h2>\n<ul data-v-md-line=\"38\">\n<li>Ultra long battery life: longer usage time, lower purchase frequency.<\/li>\n<li>Four flavors: switch flavors at any time to maintain freshness.<\/li>\n<li>Uppladdningsbar: Typ-C-laddningsgr\u00e4nssnitt, s\u00e5 att du kan anv\u00e4nda upp varenda droppe e-v\u00e4tska. - Stabil effekt: Fr\u00e5n f\u00f6rsta till sista tuggan kan den ge en genomg\u00e5ende rik och mild smak.<\/li>\n<\/ul>\n<h2 data-v-md-heading=\"why-choose-to-collaborate-with-agoravape\" data-v-md-line=\"42\">Varf\u00f6r v\u00e4lja att samarbeta med AgoraVape?<\/h2>\n<p data-v-md-line=\"43\">Vi k\u00f6per endast in 100 % \u00e4kta varor fr\u00e5n p\u00e5litliga kanaler. Du f\u00e5r mycket konkurrenskraftiga grossistpriser, snabb kundsupport och snabba och p\u00e5litliga leveranstj\u00e4nster f\u00f6r JNR QUADS 4-i-1 120000 eng\u00e5ngsvapor. Beh\u00f6ver du tulldokument eller sp\u00e5rbarhetsregister f\u00f6r partier? Vi kan tillhandah\u00e5lla allt f\u00f6r dig. V\u00e4lkommen att f\u00f6rhandla om bulkpriser och transportplaner med oss, s\u00e5 att dina hyllor \u00e4r fyllda med produkter som kunderna verkligen kommer att k\u00f6pa igen.<\/p>","protected":false},"excerpt":{"rendered":"<p>Vad \u00e4r speciellt med JNR QUADS 4-i-1 120000 eng\u00e5ngsvape grossist? Om du ogillar att smaken bleknar eller beh\u00f6ver<\/p>","protected":false},"featured_media":20649,"comment_status":"closed","ping_status":"closed","template":"","meta":[],"product_brand":[225],"product_cat":[124,185,189,177,195,174,175,152,193,191,173,186,180,190,192],"product_tag":[],"class_list":{"0":"post-20619","1":"product","2":"type-product","3":"status-publish","4":"has-post-thumbnail","6":"product_brand-jnr","7":"product_cat-vape-by-brand","8":"product_cat-10000-puffs-high-capacity","9":"product_cat-20mg-standard-nicotine-vapes","10":"product_cat-dessert-sweets","11":"product_cat-dual-flavor-switch","12":"product_cat-fruit-flavors","13":"product_cat-icy-mint","14":"product_cat-jnr","15":"product_cat-mesh-coil","16":"product_cat-rechargeable-disposables","17":"product_cat-vape-by-flavor-profile","18":"product_cat-vape-by-nicotine-strength","19":"product_cat-vape-by-puff-count","20":"product_cat-vape-by-feature-or-type","21":"product_cat-vapes-with-screens","23":"first","24":"instock","25":"shipping-taxable","26":"purchasable","27":"product-type-variable","28":"has-default-attributes"},"tiered_pricing_type":"percentage","tiered_pricing_fixed_rules":{"30":"29","50":"35","100":"40","200":"44","500":"47","1000":"49"},"tiered_pricing_product_settings":{"layout":"default","base_unit_name":{"singular":null,"plural":null},"default_variation":null},"tiered_pricing_minimum_quantity":10,"tiered_pricing_roles_data":[],"tiered_pricing_percentage_rules":{"30":"29","50":"35","100":"40","200":"44","500":"47","1000":"46"},"tiered_pricing_maximum_quantity":null,"tiered_pricing_quantity_step":"10","_links":{"self":[{"href":"https:\/\/agoravape.com\/sv\/wp-json\/wp\/v2\/product\/20619","targetHints":{"allow":["GET"]}}],"collection":[{"href":"https:\/\/agoravape.com\/sv\/wp-json\/wp\/v2\/product"}],"about":[{"href":"https:\/\/agoravape.com\/sv\/wp-json\/wp\/v2\/types\/product"}],"replies":[{"embeddable":true,"href":"https:\/\/agoravape.com\/sv\/wp-json\/wp\/v2\/comments?post=20619"}],"version-history":[{"count":1,"href":"https:\/\/agoravape.com\/sv\/wp-json\/wp\/v2\/product\/20619\/revisions"}],"predecessor-version":[{"id":29805,"href":"https:\/\/agoravape.com\/sv\/wp-json\/wp\/v2\/product\/20619\/revisions\/29805"}],"wp:featuredmedia":[{"embeddable":true,"href":"https:\/\/agoravape.com\/sv\/wp-json\/wp\/v2\/media\/20649"}],"wp:attachment":[{"href":"https:\/\/agoravape.com\/sv\/wp-json\/wp\/v2\/media?parent=20619"}],"wp:term":[{"taxonomy":"product_brand","embeddable":true,"href":"https:\/\/agoravape.com\/sv\/wp-json\/wp\/v2\/product_brand?post=20619"},{"taxonomy":"product_cat","embeddable":true,"href":"https:\/\/agoravape.com\/sv\/wp-json\/wp\/v2\/product_cat?post=20619"},{"taxonomy":"product_tag","embeddable":true,"href":"https:\/\/agoravape.com\/sv\/wp-json\/wp\/v2\/product_tag?post=20619"}],"curies":[{"name":"wp","href":"https:\/\/api.w.org\/{rel}","templated":true}]}}