{"id":20663,"date":"2025-12-30T23:25:10","date_gmt":"2025-12-30T15:25:10","guid":{"rendered":"https:\/\/agoravape.com\/?post_type=product&#038;p=20663"},"modified":"2026-01-21T21:54:51","modified_gmt":"2026-01-21T13:54:51","slug":"jnr-triple-3in1-110k-puffs-disposable-vape-wholesale","status":"publish","type":"product","link":"https:\/\/agoravape.com\/sv\/product\/jnr-triple-3in1-110k-puffs-disposable-vape-wholesale\/","title":{"rendered":"JNR TRIPLE 3 I 1 110 000 Puffs Eng\u00e5ngsvape Partihandel | Trippel Smak, Uppladdningsbar Bekv\u00e4mlighet"},"content":{"rendered":"<h2 data-v-md-heading=\"what-are-the-special-features-of-jnr-triple-3-in-1-110000-disposable-vape-wholesale\" data-v-md-line=\"3\"><img loading=\"lazy\" decoding=\"async\" class=\"aligncenter size-full wp-image-20675\" src=\"https:\/\/agoravape.com\/wp-content\/uploads\/2025\/12\/JNR-TRIPLE-3-IN-1-110000-Puffs-Disposable-Vape-Wholesale-Triple-Flavour-Rechargeable-Convenience_Agora_vape-1.webp\" alt=\"\" width=\"1600\" height=\"1600\" srcset=\"https:\/\/agoravape.com\/wp-content\/uploads\/2025\/12\/JNR-TRIPLE-3-IN-1-110000-Puffs-Disposable-Vape-Wholesale-Triple-Flavour-Rechargeable-Convenience_Agora_vape-1.webp 1600w, https:\/\/agoravape.com\/wp-content\/uploads\/2025\/12\/JNR-TRIPLE-3-IN-1-110000-Puffs-Disposable-Vape-Wholesale-Triple-Flavour-Rechargeable-Convenience_Agora_vape-1-600x600.webp 600w, https:\/\/agoravape.com\/wp-content\/uploads\/2025\/12\/JNR-TRIPLE-3-IN-1-110000-Puffs-Disposable-Vape-Wholesale-Triple-Flavour-Rechargeable-Convenience_Agora_vape-1-1200x1200.webp 1200w, https:\/\/agoravape.com\/wp-content\/uploads\/2025\/12\/JNR-TRIPLE-3-IN-1-110000-Puffs-Disposable-Vape-Wholesale-Triple-Flavour-Rechargeable-Convenience_Agora_vape-1-300x300.webp 300w, https:\/\/agoravape.com\/wp-content\/uploads\/2025\/12\/JNR-TRIPLE-3-IN-1-110000-Puffs-Disposable-Vape-Wholesale-Triple-Flavour-Rechargeable-Convenience_Agora_vape-1-1024x1024.webp 1024w, https:\/\/agoravape.com\/wp-content\/uploads\/2025\/12\/JNR-TRIPLE-3-IN-1-110000-Puffs-Disposable-Vape-Wholesale-Triple-Flavour-Rechargeable-Convenience_Agora_vape-1-150x150.webp 150w, https:\/\/agoravape.com\/wp-content\/uploads\/2025\/12\/JNR-TRIPLE-3-IN-1-110000-Puffs-Disposable-Vape-Wholesale-Triple-Flavour-Rechargeable-Convenience_Agora_vape-1-768x768.webp 768w, https:\/\/agoravape.com\/wp-content\/uploads\/2025\/12\/JNR-TRIPLE-3-IN-1-110000-Puffs-Disposable-Vape-Wholesale-Triple-Flavour-Rechargeable-Convenience_Agora_vape-1-1536x1536.webp 1536w, https:\/\/agoravape.com\/wp-content\/uploads\/2025\/12\/JNR-TRIPLE-3-IN-1-110000-Puffs-Disposable-Vape-Wholesale-Triple-Flavour-Rechargeable-Convenience_Agora_vape-1-12x12.webp 12w\" sizes=\"auto, (max-width: 1600px) 100vw, 1600px\" \/><\/h2>\n<h2 data-v-md-heading=\"what-are-the-special-features-of-jnr-triple-3-in-1-110000-disposable-vape-wholesale\" data-v-md-line=\"3\">What are the special features of JNR TRIPLE 3-in-1 110000 disposable vape wholesale?<\/h2>\n<p data-v-md-line=\"4\">If you are tired of disposable vapes that run out quickly, then you must take a look at this product. JNR TRIPLE 3-in-1 disposable vape has a smoking capacity of up to 110000 puffs and offers three selected flavors in one device. It is designed for long-term use without any tedious operation.<\/p>\n<p data-v-md-line=\"6\">This product is suitable for any user who wants a simple and convenient vape experience, and it is also a wise choice for stores that require high-capacity devices to meet customer needs. It provides an ultra long number of puffs and a simple and easy-to-use 2% nicotine concentration, and supports convenient Type-C charging.<\/p>\n<h2 data-v-md-heading=\"excellent-performance-easy-to-operate\" data-v-md-line=\"8\">Utm\u00e4rkt prestanda, enkel att anv\u00e4nda<\/h2>\n<p data-v-md-line=\"9\">Its design ensures stable steam and flavor during long-term use, so you won\u2019t feel the flavor weakening halfway through. When the battery is low, simply plug in the Type-C data cable that you may have already used for your phone to charge it. No dedicated charger required, and no complicated menu. Inhale to activate, everything is ready.<\/p>\n<h2 data-v-md-heading=\"quick-specifications\" data-v-md-line=\"11\">Snabba specifikationer<\/h2>\n<ul data-v-md-line=\"12\">\n<li>Smoking frequency: up to 110000 times<\/li>\n<li>Nikotinhalt: 2 %<\/li>\n<li>Anv\u00e4ndning: Aktiveras genom inandning<\/li>\n<li>Laddning: Standard USB-gr\u00e4nssnitt av typ C<\/li>\n<li>Batteri: 1000mAh uppladdningsbart batteri<\/li>\n<li>E-liquid capacity: 3 \u00d7 15 milliliters<\/li>\n<li>Status: Klar att anv\u00e4nda direkt ur l\u00e5dan<\/li>\n<li>SKU\uff1aJNR-110k-TRIPLE-3IN1<\/li>\n<\/ul>\n<h2 data-v-md-heading=\"full-range-of-flavors\" data-v-md-line=\"21\">Fullt utbud av smaker<\/h2>\n<ul data-v-md-line=\"22\">\n<li>Summer peach + strawberry ice + watermelon ice<\/li>\n<li>Bl\u00e5b\u00e4r K\u00f6rsb\u00e4r Tranb\u00e4r + Bl\u00e5b\u00e4r Surt Hallon + K\u00f6rsb\u00e4r B\u00e4r<\/li>\n<li>Passion fruit kiwi + tropical fruit + strawberry kiwi<\/li>\n<li>Kiwi watermelon ice + Strawberry watermelon ice + Black Dragon ice<\/li>\n<li>Raspberry Orange + Blueberry Sour Raspberry + JNR Red Fist<\/li>\n<li>Double apple + watermelon bubble gum + strawberry banana<\/li>\n<li>Blueberry Raspberry Cherry + Blueberry Raspberry Ice + Black Ice<\/li>\n<li>Tiger Blood + Strawberry Red Bull + Coca Cola Ice<\/li>\n<li>K\u00e4rlek 66 + Hawaii + Min K\u00e4rlek<\/li>\n<li>Watermelon Ice + Triple Melon + Strawberry Watermelon Ice<\/li>\n<\/ul>\n<h2 data-v-md-heading=\"suitable-for-you-and-your-business\" data-v-md-line=\"33\">L\u00e4mplig f\u00f6r dig och ditt f\u00f6retag<\/h2>\n<p data-v-md-line=\"34\">You can purchase a single one for trial use or place a bulk order. The inner box contains 10 pieces and the outer box contains 100 pieces, with a total weight of approximately 18.5 kilograms. This makes inventory management and transportation simple and convenient.<\/p>\n<p data-v-md-line=\"36\">We collaborate with trusted carriers such as UPS, DPD, and DHL to handle delivery in the European region. We offer DDP (Delivered Duty Paid) option, so you can pay customs duties and value-added tax in advance to avoid unexpected customs situations. For buyers who value compliance, please note that due to its capacity of 3 \u00d7 15 milliliters and nicotine content of 2%, this device does not comply with the TPD\/TRRP regulations of the European Union or the United Kingdom and is not suitable for general retail in the EU or the United Kingdom. It is suitable for export markets or channels that allow for higher capacity. If you need guidance that complies with your market regulations, please contact us and we will provide assistance.<\/p>\n<h2 data-v-md-heading=\"reasons-why-you-will-like-it\" data-v-md-line=\"38\">Anledningar till varf\u00f6r du kommer att gilla det<\/h2>\n<ul data-v-md-line=\"39\">\n<li>Ultra long battery life: Durable and long-lasting, without the need for frequent device replacement.<\/li>\n<li>Easy to use 2% nicotine: stable nicotine concentration, easy and convenient to use.<\/li>\n<li>Laddningsbart Type-C-gr\u00e4nssnitt: Enkel att ladda, utnyttjar varje droppe e-v\u00e4tska du k\u00f6per fullt ut. *Tre smakkombinationer: V\u00e4xla enkelt mellan tre smaker utan att beh\u00f6va b\u00e4ra med dig flera enheter.<\/li>\n<\/ul>\n<h2 data-v-md-heading=\"why-choose-to-collaborate-with-agoravape\" data-v-md-line=\"43\">Varf\u00f6r v\u00e4lja att samarbeta med AgoraVape?<\/h2>\n<p data-v-md-line=\"44\">Vi \u00e4r en av de betrodda vape-distribut\u00f6rerna i Europa och vi s\u00e4ljer endast \u00e4kta produkter som k\u00f6ps via legitima kanaler. F\u00f6r kommersiella kunder inneb\u00e4r detta konkurrenskraftiga grossistpriser, p\u00e5litlig support och snabba leveranser f\u00f6r JNR TRIPLE 3-i-1 110000 eng\u00e5ngsvapor. Kontakta oss f\u00f6r att fr\u00e5ga om aktuella priser, minsta orderkvantitet och betalningsvillkor, s\u00e5 att vi kan hj\u00e4lpa dig att lagerf\u00f6ra denna popul\u00e4ra och h\u00f6gkapacitetsprodukt och tillfredsst\u00e4lla dina kunder.<\/p>","protected":false},"excerpt":{"rendered":"<p>Vilka \u00e4r de speciella egenskaperna hos JNR TRIPLE 3-in-1 110000 eng\u00e5ngsvape grossist? Om du \u00e4r tr\u00f6tt p\u00e5 eng\u00e5ngsvapes<\/p>","protected":false},"featured_media":20685,"comment_status":"closed","ping_status":"closed","template":"","meta":[],"product_brand":[225],"product_cat":[124,185,189,177,195,174,175,152,193,191,173,186,180,190,192],"product_tag":[],"class_list":{"0":"post-20663","1":"product","2":"type-product","3":"status-publish","4":"has-post-thumbnail","6":"product_brand-jnr","7":"product_cat-vape-by-brand","8":"product_cat-10000-puffs-high-capacity","9":"product_cat-20mg-standard-nicotine-vapes","10":"product_cat-dessert-sweets","11":"product_cat-dual-flavor-switch","12":"product_cat-fruit-flavors","13":"product_cat-icy-mint","14":"product_cat-jnr","15":"product_cat-mesh-coil","16":"product_cat-rechargeable-disposables","17":"product_cat-vape-by-flavor-profile","18":"product_cat-vape-by-nicotine-strength","19":"product_cat-vape-by-puff-count","20":"product_cat-vape-by-feature-or-type","21":"product_cat-vapes-with-screens","23":"first","24":"instock","25":"shipping-taxable","26":"purchasable","27":"product-type-variable","28":"has-default-attributes"},"tiered_pricing_type":"percentage","tiered_pricing_fixed_rules":{"30":"29","50":"35","100":"40","200":"44","500":"47","1000":"49"},"tiered_pricing_product_settings":{"layout":"default","base_unit_name":{"singular":null,"plural":null},"default_variation":null},"tiered_pricing_minimum_quantity":10,"tiered_pricing_roles_data":[],"tiered_pricing_percentage_rules":{"30":"29","50":"35","100":"40","200":"44","500":"47","1000":"46"},"tiered_pricing_maximum_quantity":null,"tiered_pricing_quantity_step":"10","_links":{"self":[{"href":"https:\/\/agoravape.com\/sv\/wp-json\/wp\/v2\/product\/20663","targetHints":{"allow":["GET"]}}],"collection":[{"href":"https:\/\/agoravape.com\/sv\/wp-json\/wp\/v2\/product"}],"about":[{"href":"https:\/\/agoravape.com\/sv\/wp-json\/wp\/v2\/types\/product"}],"replies":[{"embeddable":true,"href":"https:\/\/agoravape.com\/sv\/wp-json\/wp\/v2\/comments?post=20663"}],"version-history":[{"count":0,"href":"https:\/\/agoravape.com\/sv\/wp-json\/wp\/v2\/product\/20663\/revisions"}],"wp:featuredmedia":[{"embeddable":true,"href":"https:\/\/agoravape.com\/sv\/wp-json\/wp\/v2\/media\/20685"}],"wp:attachment":[{"href":"https:\/\/agoravape.com\/sv\/wp-json\/wp\/v2\/media?parent=20663"}],"wp:term":[{"taxonomy":"product_brand","embeddable":true,"href":"https:\/\/agoravape.com\/sv\/wp-json\/wp\/v2\/product_brand?post=20663"},{"taxonomy":"product_cat","embeddable":true,"href":"https:\/\/agoravape.com\/sv\/wp-json\/wp\/v2\/product_cat?post=20663"},{"taxonomy":"product_tag","embeddable":true,"href":"https:\/\/agoravape.com\/sv\/wp-json\/wp\/v2\/product_tag?post=20663"}],"curies":[{"name":"wp","href":"https:\/\/api.w.org\/{rel}","templated":true}]}}