{"id":21121,"date":"2026-01-18T00:23:32","date_gmt":"2026-01-17T16:23:32","guid":{"rendered":"https:\/\/agoravape.com\/?post_type=product&#038;p=21121"},"modified":"2026-02-22T15:14:24","modified_gmt":"2026-02-22T14:14:24","slug":"myde-8in1-150k-150000-puffar-vape","status":"publish","type":"product","link":"https:\/\/agoravape.com\/sv\/product\/myde-8in1-150k-150000-puffs-vape\/","title":{"rendered":"MYDE 8in1 150k 150000 Puffs 4 Mesh Coil Vape | Byt smak, h\u00e5ll det enkelt"},"content":{"rendered":"<h2 data-v-md-heading=\"what-is-myde-8-in-1-150000-mouth-4-mesh-coil-electronic-cigarette-like\" data-v-md-line=\"1\"><img loading=\"lazy\" decoding=\"async\" class=\"aligncenter size-full wp-image-21134\" src=\"https:\/\/agoravape.com\/wp-content\/uploads\/2026\/01\/MYDE-8in1-150k-150000-Puffs-4-Mesh-Coil-Vape-Switch-Flavours-Keep-It-Simple_Agora_vape-2-scaled.webp\" alt=\"\" width=\"2560\" height=\"1163\" srcset=\"https:\/\/agoravape.com\/wp-content\/uploads\/2026\/01\/MYDE-8in1-150k-150000-Puffs-4-Mesh-Coil-Vape-Switch-Flavours-Keep-It-Simple_Agora_vape-2-scaled.webp 2560w, https:\/\/agoravape.com\/wp-content\/uploads\/2026\/01\/MYDE-8in1-150k-150000-Puffs-4-Mesh-Coil-Vape-Switch-Flavours-Keep-It-Simple_Agora_vape-2-scaled-1200x545.webp 1200w, https:\/\/agoravape.com\/wp-content\/uploads\/2026\/01\/MYDE-8in1-150k-150000-Puffs-4-Mesh-Coil-Vape-Switch-Flavours-Keep-It-Simple_Agora_vape-2-300x136.webp 300w, https:\/\/agoravape.com\/wp-content\/uploads\/2026\/01\/MYDE-8in1-150k-150000-Puffs-4-Mesh-Coil-Vape-Switch-Flavours-Keep-It-Simple_Agora_vape-2-1024x465.webp 1024w, https:\/\/agoravape.com\/wp-content\/uploads\/2026\/01\/MYDE-8in1-150k-150000-Puffs-4-Mesh-Coil-Vape-Switch-Flavours-Keep-It-Simple_Agora_vape-2-768x349.webp 768w, https:\/\/agoravape.com\/wp-content\/uploads\/2026\/01\/MYDE-8in1-150k-150000-Puffs-4-Mesh-Coil-Vape-Switch-Flavours-Keep-It-Simple_Agora_vape-2-1536x698.webp 1536w, https:\/\/agoravape.com\/wp-content\/uploads\/2026\/01\/MYDE-8in1-150k-150000-Puffs-4-Mesh-Coil-Vape-Switch-Flavours-Keep-It-Simple_Agora_vape-2-2048x930.webp 2048w, https:\/\/agoravape.com\/wp-content\/uploads\/2026\/01\/MYDE-8in1-150k-150000-Puffs-4-Mesh-Coil-Vape-Switch-Flavours-Keep-It-Simple_Agora_vape-2-18x8.webp 18w\" sizes=\"auto, (max-width: 2560px) 100vw, 2560px\" \/><\/h2>\n<h2 data-v-md-heading=\"what-is-myde-8-in-1-150000-mouth-4-mesh-coil-electronic-cigarette-like\" data-v-md-line=\"1\">Hur \u00e4r MYDE 8-i-1 elektronisk cigarett med 150000 munh\u00e5l och 4 mesh-spiral?<\/h2>\n<p data-v-md-line=\"3\">Om du \u00e4r tr\u00f6tt p\u00e5 eng\u00e5ngs-e-cigaretter som bara h\u00e5ller i en dag och sedan rasar, d\u00e5 kommer denna MYDE 8-i-1 e-cigarett definitivt att tillfredsst\u00e4lla dig. Den \u00e4r designad f\u00f6r l\u00e5ngvarig anv\u00e4ndning (upp till 150 000 bloss) och har en 8-i-1 smakv\u00e4xlingsfunktion, vilket g\u00f6r att du enkelt kan byta smak utan att beh\u00f6va b\u00e4ra med dig tv\u00e5 eller tre e-cigaretter.<\/p>\n<p data-v-md-line=\"5\">Du kanske tycker att e-cigaretter med h\u00f6gt munantal \u00e4r tunga som tegelstenar i fickan, men deras portabilitet \u00e4r f\u00f6rv\u00e5nansv\u00e4rt bra. H\u00f6ljet k\u00e4nns v\u00e4ldigt solidt, med j\u00e4mn sugmotst\u00e5nd, och anv\u00e4ndningsmetoden \u00e4r ocks\u00e5 v\u00e4ldigt enkel: v\u00e4lj smak, inhalera och njut.<\/p>\n<p data-v-md-line=\"5\"><img loading=\"lazy\" decoding=\"async\" class=\"size-full wp-image-21133 alignright\" src=\"https:\/\/agoravape.com\/wp-content\/uploads\/2026\/01\/MYDE-8in1-150k-150000-Puffs-4-Mesh-Coil-Vape-Switch-Flavours-Keep-It-Simple_Agora_vape-1-scaled.webp\" alt=\"\" width=\"1829\" height=\"2560\" srcset=\"https:\/\/agoravape.com\/wp-content\/uploads\/2026\/01\/MYDE-8in1-150k-150000-Puffs-4-Mesh-Coil-Vape-Switch-Flavours-Keep-It-Simple_Agora_vape-1-scaled.webp 1829w, https:\/\/agoravape.com\/wp-content\/uploads\/2026\/01\/MYDE-8in1-150k-150000-Puffs-4-Mesh-Coil-Vape-Switch-Flavours-Keep-It-Simple_Agora_vape-1-scaled-1200x1680.webp 1200w, https:\/\/agoravape.com\/wp-content\/uploads\/2026\/01\/MYDE-8in1-150k-150000-Puffs-4-Mesh-Coil-Vape-Switch-Flavours-Keep-It-Simple_Agora_vape-1-214x300.webp 214w, https:\/\/agoravape.com\/wp-content\/uploads\/2026\/01\/MYDE-8in1-150k-150000-Puffs-4-Mesh-Coil-Vape-Switch-Flavours-Keep-It-Simple_Agora_vape-1-731x1024.webp 731w, https:\/\/agoravape.com\/wp-content\/uploads\/2026\/01\/MYDE-8in1-150k-150000-Puffs-4-Mesh-Coil-Vape-Switch-Flavours-Keep-It-Simple_Agora_vape-1-768x1075.webp 768w, https:\/\/agoravape.com\/wp-content\/uploads\/2026\/01\/MYDE-8in1-150k-150000-Puffs-4-Mesh-Coil-Vape-Switch-Flavours-Keep-It-Simple_Agora_vape-1-1097x1536.webp 1097w, https:\/\/agoravape.com\/wp-content\/uploads\/2026\/01\/MYDE-8in1-150k-150000-Puffs-4-Mesh-Coil-Vape-Switch-Flavours-Keep-It-Simple_Agora_vape-1-1463x2048.webp 1463w, https:\/\/agoravape.com\/wp-content\/uploads\/2026\/01\/MYDE-8in1-150k-150000-Puffs-4-Mesh-Coil-Vape-Switch-Flavours-Keep-It-Simple_Agora_vape-1-9x12.webp 9w\" sizes=\"auto, (max-width: 1829px) 100vw, 1829px\" \/><\/p>\n<h2 data-v-md-heading=\"excellent-performance-and-easy-operation\" data-v-md-line=\"7\">Utm\u00e4rkt prestanda och enkel anv\u00e4ndning<\/h2>\n<p data-v-md-line=\"9\">Denna elektroniska cigarett \u00e4r utrustad med fyra 1,2 \u03a9 mesh-f\u00f6rstoftningsk\u00e4rnor, vilka ansvarar f\u00f6r att ge en stark f\u00f6rstoftningsupplevelse. Enkelt uttryckt \u00e4r det dessa f\u00f6rstoftningsk\u00e4rnor som s\u00e4kerst\u00e4ller en j\u00e4mn smak och f\u00f6rhindrar att smaken avtar halvv\u00e4gs. Dessutom \u00e4r den utrustad med ett 850 mAh uppladdningsbart batteri som st\u00f6der USB Type-C-laddning. \u00c4ven om batteriet tar slut innan e-v\u00e4tskan, beh\u00f6ver du inte oroa dig f\u00f6r att e-cigaretten ska kasseras. Den \u00e4r ocks\u00e5 utrustad med en LED-sk\u00e4rm, vilket g\u00f6r att du enkelt kan se anv\u00e4ndningsstatusen utan att gissa.<\/p>\n<h2 data-v-md-heading=\"quick-specifications\" data-v-md-line=\"11\">Snabba specifikationer<\/h2>\n<ul data-v-md-line=\"13\">\n<li>\n<p data-v-md-line=\"13\">R\u00f6kfrekvens: upp till 150 000 bloss<\/p>\n<\/li>\n<li>\n<p data-v-md-line=\"15\">e-v\u00e4tskans kapacitet: 58 milliliter<\/p>\n<\/li>\n<li>\n<p data-v-md-line=\"17\">Atomiseringsk\u00e4rna: 4 mesh-atomiseringsk\u00e4rnor, 1,2 \u03a9<\/p>\n<\/li>\n<li>\n<p data-v-md-line=\"19\">Batteri: 850mAh uppladdningsbart batteri<\/p>\n<\/li>\n<li>\n<p data-v-md-line=\"21\">Nikotinkoncentration: 0 %\/2 %\/3 %\/5 %<\/p>\n<\/li>\n<li>\n<p data-v-md-line=\"23\">Anv\u00e4ndning: Andas in f\u00f6r att aktivera<\/p>\n<\/li>\n<li>\n<p data-v-md-line=\"25\">Laddningsmetod: USB Type-C-gr\u00e4nssnitt<\/p>\n<\/li>\n<li>\n<p data-v-md-line=\"27\">Sk\u00e4rm: LED-sk\u00e4rm<\/p>\n<\/li>\n<li>\n<p data-v-md-line=\"29\">Storlek\/vikt: 39 \u00d7 39 \u00d7 118 millimeter, 130 gram (enkel maskin)<\/p>\n<\/li>\n<li>\n<p data-v-md-line=\"31\">Status: Klar att anv\u00e4nda direkt ur l\u00e5dan<\/p>\n<\/li>\n<\/ul>\n<h2 data-v-md-heading=\"rich-flavor-options\" data-v-md-line=\"33\">Rika smakalternativ<\/h2>\n<p data-v-md-line=\"35\">Varje konfiguration erbjuder fyra smakkombinationer (du kan byta n\u00e4r som helst) med avg\u00e5ng:<\/p>\n<ul data-v-md-line=\"36\">\n<li>Jordgubbsglass + vattenmelonglass + persikglass + passionsfruktsglass<\/li>\n<li>Jordgubbsglass + Bl\u00e5b\u00e4rsglass + Druvglass + Gr\u00f6nt \u00e4ppleglass<\/li>\n<li>Jordgubbsglass + Mango + Ananas + Glass<\/li>\n<li>Bl\u00e5b\u00e4rsglass + Hallon- och citronglass + Vattenmelon- och bubblegum + Pepparmynta<\/li>\n<li>Vattenmelon+hallon+k\u00f6rsb\u00e4r+cola<\/li>\n<li>Druvglass + Mangopersika + Vattenmelonglass + Bl\u00e5b\u00e4rsglass<\/li>\n<li>Jordgubb, kiwi + bl\u00e5b\u00e4r, kokos + blandat plommon + mango<\/li>\n<li>Bananis + Jordgubbsglass + Vattenmelonglass + Citronglass<\/li>\n<li>Jordgubbsglass + Ananas-kokosglass + Mangoglass + Passionsfruktsglass<\/li>\n<li>Ananas kokos + Citronis + Bl\u00e5b\u00e4rsis + Energidryck<\/li>\n<\/ul>\n<h2 data-v-md-heading=\"for-you-and-your-business\" data-v-md-line=\"47\">For you and your business<\/h2>\n<p data-v-md-line=\"49\">Du kan v\u00e4lja MYDE, en 8-i-1 elektronisk cigarett l\u00e4mplig f\u00f6r personligt bruk. Om du vill ha en elektronisk eng\u00e5ngscigarett som t\u00e5l ett rej\u00e4lt bloss och inte g\u00f6r dig uttr\u00e5kad p\u00e5 bara tv\u00e5 dagar, \u00e4r det definitivt ditt perfekta val. Om du k\u00f6per fr\u00e5n en butik \u00e4r den h\u00e4r produkten ocks\u00e5 en utm\u00e4rkt motsvarighet eftersom kunderna snabbt kan f\u00f6rst\u00e5 dess f\u00f6rs\u00e4ljningsargument: \"En enhet, flera smaker, laddningsbar\".<\/p>\n<p data-v-md-line=\"51\">N\u00e4r det g\u00e4ller grossistleverans levereras denna produkt i form av 150 stycken\/kartong. Vi arbetar n\u00e4ra med p\u00e5litliga logistikpartners i EU och kan ordna tullklarering med betald tull (DDP) s\u00e5 mycket som m\u00f6jligt, vilket sparar dig tullproblem och ov\u00e4ntade avgifter.<\/p>\n<h2 data-v-md-heading=\"reasons-why-you-will-like-it\" data-v-md-line=\"53\">Anledningar till varf\u00f6r du kommer att gilla det<\/h2>\n<ul data-v-md-line=\"55\">\n<li>\n<p data-v-md-line=\"55\">Ultral\u00e5ng sugtid: H\u00e5llbar och l\u00e5ngvarig, vilket minskar bytesfrekvensen.<\/p>\n<\/li>\n<li>\n<p data-v-md-line=\"56\">Smakv\u00e4xling (8-i-1): N\u00e4r en smak b\u00f6rjar bli monoton kan det ge en k\u00e4nsla av fr\u00e4sch\u00f6r.<\/p>\n<\/li>\n<li>\n<p data-v-md-line=\"57\">Uppladdningsbart batteri: Hj\u00e4lper dig att utnyttja den e-v\u00e4tska du har k\u00f6pt fullt ut.<\/p>\n<\/li>\n<li>\n<p data-v-md-line=\"59\">4-meshig spolstruktur: s\u00e4kerst\u00e4ller j\u00e4mn sugmotst\u00e5nd och smak.<\/p>\n<\/li>\n<li>\n<p data-v-md-line=\"60\">LED-sk\u00e4rm: Du beh\u00f6ver inte l\u00e4ngre gissa n\u00e4r den beh\u00f6ver laddas.<\/p>\n<\/li>\n<\/ul>\n<h2 data-v-md-heading=\"why-choose-to-collaborate-with-agoravape\" data-v-md-line=\"62\">Varf\u00f6r v\u00e4lja att samarbeta med AgoraVape?<\/h2>\n<p data-v-md-line=\"64\">Vi kommer aldrig att s\u00e4lja varor fr\u00e5n ok\u00e4nda k\u00e4llor. AgoraVape fokuserar p\u00e5 100 % \u00e4kta produktgaranti, p\u00e5litlig logistikleverans och praktisk och effektiv support f\u00f6r konsumenter och \u00e5terf\u00f6rs\u00e4ljare. Om du vill k\u00f6pa MYDE 8-i-1 150k 150000 \u00f6ppade 4-mesh coil elektroniska cigaretter till grossistpriser och p\u00e5litliga leveransl\u00f6sningar inom EU, v\u00e4nligen kontakta oss s\u00e5 hj\u00e4lper vi dig att ordna l\u00e4mpliga best\u00e4llningar f\u00f6r dina kunder.<\/p>\n<p><script src=\"chrome-extension:\/\/fpelahbljekknahkcaegamhcndkfpfnc\/iFrame.js\" type=\"text\/javascript\"><\/script><\/p>","protected":false},"excerpt":{"rendered":"<p>&nbsp;<\/p>\n<p><script src=\"chrome-extension:\/\/fpelahbljekknahkcaegamhcndkfpfnc\/iFrame.js\" type=\"text\/javascript\"><\/script><\/p>\n<p><script src=\"chrome-extension:\/\/fpelahbljekknahkcaegamhcndkfpfnc\/iFrame.js\" type=\"text\/javascript\"><\/script><\/p>\n<p><script src=\"chrome-extension:\/\/fpelahbljekknahkcaegamhcndkfpfnc\/iFrame.js\" type=\"text\/javascript\"><\/script><\/p>\n<p><script src=\"chrome-extension:\/\/fpelahbljekknahkcaegamhcndkfpfnc\/iFrame.js\" type=\"text\/javascript\"><\/script><\/p>\n<p><script src=\"chrome-extension:\/\/fpelahbljekknahkcaegamhcndkfpfnc\/iFrame.js\" type=\"text\/javascript\"><\/script><\/p>\n<p><script src=\"chrome-extension:\/\/fpelahbljekknahkcaegamhcndkfpfnc\/iFrame.js\" type=\"text\/javascript\"><\/script><\/p>\n<p><script src=\"chrome-extension:\/\/fpelahbljekknahkcaegamhcndkfpfnc\/iFrame.js\" type=\"text\/javascript\"><\/script><\/p>\n<p><script src=\"chrome-extension:\/\/fpelahbljekknahkcaegamhcndkfpfnc\/iFrame.js\" type=\"text\/javascript\"><\/script><\/p>\n<p><script src=\"chrome-extension:\/\/fpelahbljekknahkcaegamhcndkfpfnc\/iFrame.js\" type=\"text\/javascript\"><\/script><\/p>\n<p><script src=\"chrome-extension:\/\/fpelahbljekknahkcaegamhcndkfpfnc\/iFrame.js\" type=\"text\/javascript\"><\/script><\/p>\n<p><script src=\"chrome-extension:\/\/fpelahbljekknahkcaegamhcndkfpfnc\/iFrame.js\" type=\"text\/javascript\"><\/script><\/p>","protected":false},"featured_media":21144,"comment_status":"open","ping_status":"closed","template":"","meta":[],"product_brand":[221],"product_cat":[124,185,176,177,1674,174,175,193,148,191,173,186,180,190],"product_tag":[],"class_list":{"0":"post-21121","1":"product","2":"type-product","3":"status-publish","4":"has-post-thumbnail","6":"product_brand-myde","7":"product_cat-vape-by-brand","8":"product_cat-10000-puffs-high-capacity","9":"product_cat-beverage","10":"product_cat-dessert-sweets","11":"product_cat-eu-warehouse","12":"product_cat-fruit-flavors","13":"product_cat-icy-mint","14":"product_cat-mesh-coil","15":"product_cat-myde","16":"product_cat-rechargeable-disposables","17":"product_cat-vape-by-flavor-profile","18":"product_cat-vape-by-nicotine-strength","19":"product_cat-vape-by-puff-count","20":"product_cat-vape-by-feature-or-type","22":"first","23":"instock","24":"shipping-taxable","25":"purchasable","26":"product-type-variable","27":"has-default-attributes"},"tiered_pricing_type":"percentage","tiered_pricing_fixed_rules":[],"tiered_pricing_product_settings":{"layout":"default","base_unit_name":{"singular":null,"plural":null},"default_variation":null},"tiered_pricing_minimum_quantity":10,"tiered_pricing_roles_data":[],"tiered_pricing_percentage_rules":{"30":"29","50":"35","100":"40","200":"44","500":"47","1000":"49"},"tiered_pricing_maximum_quantity":null,"tiered_pricing_quantity_step":"10","_links":{"self":[{"href":"https:\/\/agoravape.com\/sv\/wp-json\/wp\/v2\/product\/21121","targetHints":{"allow":["GET"]}}],"collection":[{"href":"https:\/\/agoravape.com\/sv\/wp-json\/wp\/v2\/product"}],"about":[{"href":"https:\/\/agoravape.com\/sv\/wp-json\/wp\/v2\/types\/product"}],"replies":[{"embeddable":true,"href":"https:\/\/agoravape.com\/sv\/wp-json\/wp\/v2\/comments?post=21121"}],"version-history":[{"count":0,"href":"https:\/\/agoravape.com\/sv\/wp-json\/wp\/v2\/product\/21121\/revisions"}],"wp:featuredmedia":[{"embeddable":true,"href":"https:\/\/agoravape.com\/sv\/wp-json\/wp\/v2\/media\/21144"}],"wp:attachment":[{"href":"https:\/\/agoravape.com\/sv\/wp-json\/wp\/v2\/media?parent=21121"}],"wp:term":[{"taxonomy":"product_brand","embeddable":true,"href":"https:\/\/agoravape.com\/sv\/wp-json\/wp\/v2\/product_brand?post=21121"},{"taxonomy":"product_cat","embeddable":true,"href":"https:\/\/agoravape.com\/sv\/wp-json\/wp\/v2\/product_cat?post=21121"},{"taxonomy":"product_tag","embeddable":true,"href":"https:\/\/agoravape.com\/sv\/wp-json\/wp\/v2\/product_tag?post=21121"}],"curies":[{"name":"wp","href":"https:\/\/api.w.org\/{rel}","templated":true}]}}