{"id":21146,"date":"2026-01-18T00:53:54","date_gmt":"2026-01-17T16:53:54","guid":{"rendered":"https:\/\/agoravape.com\/?post_type=product&#038;p=21146"},"modified":"2026-03-26T13:22:26","modified_gmt":"2026-03-26T12:22:26","slug":"myde-ak80000-80000-puffar-dtl-vape","status":"publish","type":"product","link":"https:\/\/agoravape.com\/sv\/product\/myde-ak80000-80000-puffs-dtl-vape\/","title":{"rendered":"MYDE AK80000 80000 Puffs H\u00f6geffekts DTL Vape | Stora moln, mindre kr\u00e5ngel"},"content":{"rendered":"<h2 data-v-md-heading=\"what-is-myde-ak80000-80000-high-power-dtl-electronic-cigarette-like\" data-v-md-line=\"1\"><\/h2>\n<p><img loading=\"lazy\" decoding=\"async\" class=\"size-full wp-image-21205 alignright\" src=\"https:\/\/agoravape.com\/wp-content\/uploads\/2026\/01\/MYDE-AK80000-80000-Puffs-High-Power-DTL-Vape_Agora_vape-2.webp\" alt=\"\" width=\"1280\" height=\"1659\" srcset=\"https:\/\/agoravape.com\/wp-content\/uploads\/2026\/01\/MYDE-AK80000-80000-Puffs-High-Power-DTL-Vape_Agora_vape-2.webp 1280w, https:\/\/agoravape.com\/wp-content\/uploads\/2026\/01\/MYDE-AK80000-80000-Puffs-High-Power-DTL-Vape_Agora_vape-2-1200x1555.webp 1200w, https:\/\/agoravape.com\/wp-content\/uploads\/2026\/01\/MYDE-AK80000-80000-Puffs-High-Power-DTL-Vape_Agora_vape-2-231x300.webp 231w, https:\/\/agoravape.com\/wp-content\/uploads\/2026\/01\/MYDE-AK80000-80000-Puffs-High-Power-DTL-Vape_Agora_vape-2-790x1024.webp 790w, https:\/\/agoravape.com\/wp-content\/uploads\/2026\/01\/MYDE-AK80000-80000-Puffs-High-Power-DTL-Vape_Agora_vape-2-768x995.webp 768w, https:\/\/agoravape.com\/wp-content\/uploads\/2026\/01\/MYDE-AK80000-80000-Puffs-High-Power-DTL-Vape_Agora_vape-2-1185x1536.webp 1185w, https:\/\/agoravape.com\/wp-content\/uploads\/2026\/01\/MYDE-AK80000-80000-Puffs-High-Power-DTL-Vape_Agora_vape-2-9x12.webp 9w\" sizes=\"auto, (max-width: 1280px) 100vw, 1280px\" \/> <img loading=\"lazy\" decoding=\"async\" class=\"size-full wp-image-21206 alignright\" src=\"https:\/\/agoravape.com\/wp-content\/uploads\/2026\/01\/MYDE-AK80000-80000-Puffs-High-Power-DTL-Vape_Agora_vape-3-scaled.webp\" alt=\"\" width=\"765\" height=\"2560\" srcset=\"https:\/\/agoravape.com\/wp-content\/uploads\/2026\/01\/MYDE-AK80000-80000-Puffs-High-Power-DTL-Vape_Agora_vape-3-scaled.webp 765w, https:\/\/agoravape.com\/wp-content\/uploads\/2026\/01\/MYDE-AK80000-80000-Puffs-High-Power-DTL-Vape_Agora_vape-3-90x300.webp 90w, https:\/\/agoravape.com\/wp-content\/uploads\/2026\/01\/MYDE-AK80000-80000-Puffs-High-Power-DTL-Vape_Agora_vape-3-306x1024.webp 306w, https:\/\/agoravape.com\/wp-content\/uploads\/2026\/01\/MYDE-AK80000-80000-Puffs-High-Power-DTL-Vape_Agora_vape-3-768x2570.webp 768w, https:\/\/agoravape.com\/wp-content\/uploads\/2026\/01\/MYDE-AK80000-80000-Puffs-High-Power-DTL-Vape_Agora_vape-3-459x1536.webp 459w, https:\/\/agoravape.com\/wp-content\/uploads\/2026\/01\/MYDE-AK80000-80000-Puffs-High-Power-DTL-Vape_Agora_vape-3-612x2048.webp 612w, https:\/\/agoravape.com\/wp-content\/uploads\/2026\/01\/MYDE-AK80000-80000-Puffs-High-Power-DTL-Vape_Agora_vape-3-4x12.webp 4w, https:\/\/agoravape.com\/wp-content\/uploads\/2026\/01\/MYDE-AK80000-80000-Puffs-High-Power-DTL-Vape_Agora_vape-3-1200x4015.webp 1200w\" sizes=\"auto, (max-width: 765px) 100vw, 765px\" \/><\/p>\n<h2 data-v-md-heading=\"what-is-myde-ak80000-80000-high-power-dtl-electronic-cigarette-like\" data-v-md-line=\"1\">Hur \u00e4r MYDE AK80000 80000 h\u00f6gpresterande DTL elektronisk cigarett?<\/h2>\n<p data-v-md-line=\"3\">Om du \u00e4r tr\u00f6tt p\u00e5 elektroniska eng\u00e5ngscigaretter som k\u00e4nns som att de \u00e4r \"f\u00f6rbrukade\" n\u00e4r du f\u00f6rst b\u00f6rjar anv\u00e4nda dem, \u00e4r MYDE AK80000 ditt perfekta val. Det \u00e4r en kraftfull DTL (direkt lungsugning) elektronisk eng\u00e5ngscigarett designad f\u00f6r anv\u00e4ndare som vill ha j\u00e4mnare motst\u00e5nd och fylligare r\u00f6k, snarare \u00e4n cigaretternas h\u00e5rda motst\u00e5nd.<\/p>\n<p data-v-md-line=\"5\">Det finns ytterligare en ov\u00e4ntad sak. Du kanske tror att det skulle vara lika tungt att h\u00e5lla en enhet med 80 000 portar som att h\u00e5lla en tegelsten, men i verkligheten \u00e4r den v\u00e4ldigt l\u00e4tt att h\u00e5lla i handen. Om du vill ha stark r\u00f6kproduktion, j\u00e4mn smak och f\u00e4rre byten, d\u00e5 \u00e4r den h\u00e4r elektroniska cigarett ditt b\u00e4sta val.<\/p>\n<h2 data-v-md-heading=\"excellent-performance-simple-and-easy-to-use\" data-v-md-line=\"7\">Excellent performance, simple and easy to use<\/h2>\n<p data-v-md-line=\"9\">MYDE str\u00e4var efter enkelhet inom viktiga omr\u00e5den. 0,4 \u03a9 mesh-spolen hj\u00e4lper till att bibeh\u00e5lla en stabil smak och ger en fyllig snarare \u00e4n tunn r\u00f6k. Den har ocks\u00e5 en utg\u00e5ngseffekt p\u00e5 30 W, vilket g\u00f6r den mycket l\u00e4mplig f\u00f6r direkt lungaspiration (DTL)-l\u00e4ge.<\/p>\n<p data-v-md-line=\"11\">N\u00e4r batteriet \u00e4r l\u00e5gt beh\u00f6ver du inte anv\u00e4nda en separat laddare. Anslut bara via USB Type-C-gr\u00e4nssnittet (du kan ha anv\u00e4nt samma USB-kabel f\u00f6r att ladda din telefon tidigare) s\u00e5 kan du forts\u00e4tta anv\u00e4nda den.<\/p>\n<h2 data-v-md-heading=\"quick-specifications\" data-v-md-line=\"13\">Snabba specifikationer<\/h2>\n<ul data-v-md-line=\"14\">\n<li>Smoking frequency: up to 80000 puffs<\/li>\n<li>e-v\u00e4tska kapacitet: 45 ml<\/li>\n<li>Nikotinhalt: 5 mg<\/li>\n<li>Uteffekt: 30W<\/li>\n<li>Atomiseringsk\u00e4rna: 0,4 \u03a9 mesh-atomiseringsk\u00e4rna<\/li>\n<li>Batterikapacitet: 1300mAh (uppladdningsbar)<\/li>\n<li>Anv\u00e4ndning: Andas in f\u00f6r att aktivera<\/li>\n<li>Laddningsmetod: Standard USB Type-C-gr\u00e4nssnitt<\/li>\n<li>Material: Legering + PCTG<\/li>\n<li>Storlek\/vikt: 157 \u00d7 36,3 \u00d7 36,3 mm, 135 g<\/li>\n<li>Status: Klar att anv\u00e4nda direkt ur l\u00e5dan<\/li>\n<\/ul>\n<h2 data-v-md-heading=\"complete-flavor-lineup\" data-v-md-line=\"26\">Komplett smakutbud<\/h2>\n<ul data-v-md-line=\"27\">\n<li>Lady Killer<\/li>\n<li>Druvis<\/li>\n<li>Myntspjut<\/li>\n<li>Citron och lime<\/li>\n<li>Vattenmelonis<\/li>\n<li>K\u00f6rsb\u00e4rscola<\/li>\n<li>Jordgubb, kiwi<\/li>\n<li>Melonpistol<\/li>\n<li>Jordgubbsvattenmelon<\/li>\n<li>Vattenmelon Bubble Gun<\/li>\n<\/ul>\n<h2 data-v-md-heading=\"suitable-for-you-and-your-business\" data-v-md-line=\"38\">L\u00e4mplig f\u00f6r dig och ditt f\u00f6retag<\/h2>\n<p data-v-md-line=\"40\">Du kan k\u00f6pa dessa produkter f\u00f6r personligt bruk, men om du \u00e4r en \u00e5terf\u00f6rs\u00e4ljare \u00e4r den h\u00e4r produkten ett mycket l\u00e4mpligt val som ett \"kraftfullt direktsug\"-alternativ i din produktlinje. Varje l\u00e5da inneh\u00e5ller 100 stycken, vilket g\u00f6r det enkelt f\u00f6r dig att best\u00e4lla och kvantiteten \u00e4r kontrollerbar.<\/p>\n<p data-v-md-line=\"42\">N\u00e4r det g\u00e4ller logistik f\u00f6rst\u00e5r vi EU-k\u00f6parnas oro: f\u00f6rseningar, kr\u00e5ngliga procedurer och ov\u00e4ntade kostnader. D\u00e4rf\u00f6r fokuserar vi p\u00e5 att samarbeta med v\u00e4lrenommerade transport\u00f6rer, v\u00e4lja p\u00e5litliga transportv\u00e4gar, s\u00e4kerst\u00e4lla en smidig leverans av dina varor och undvika problem i tullprocessen.<\/p>\n<h2 data-v-md-heading=\"the-reason-why-you-will-like-it\" data-v-md-line=\"44\">Anledningen till att du kommer att gilla det<\/h2>\n<ul data-v-md-line=\"45\">\n<li>\n<p data-v-md-line=\"45\">H\u00e5llbar och l\u00e5ngvarig: Med en l\u00e4ngre livsl\u00e4ngd finns det inget behov av att byta ut utrustning ofta.<\/p>\n<\/li>\n<li>\n<p data-v-md-line=\"47\">DTL Stark Kraftupplevelse: 30 W utg\u00e5ngseffekt ger en mer tillfredsst\u00e4llande, smidig sugupplevelse.<\/p>\n<\/li>\n<li>\n<p data-v-md-line=\"48\">Laddningsbart batteri: Du kan utnyttja batteriets fulla kapacitet utan att sl\u00e4nga det i f\u00f6rtid.<\/p>\n<\/li>\n<li>\n<p data-v-md-line=\"49\">K\u00e4rna i n\u00e4tf\u00f6r\u00e5ngaren: s\u00e4kerst\u00e4ller en j\u00e4mn smak och stabil r\u00f6kproduktion.<\/p>\n<\/li>\n<\/ul>\n<h2 data-v-md-heading=\"why-choose-to-collaborate-with-agoravape\" data-v-md-line=\"51\">Varf\u00f6r v\u00e4lja att samarbeta med AgoraVape?<\/h2>\n<p data-v-md-line=\"53\">AgoraVape f\u00f6ljer alltid en princip: Vi s\u00e4ljer endast \u00e4kta produkter. F\u00f6r h\u00f6gkapacitetsenheter som denna \u00e4r detta s\u00e4rskilt viktigt eftersom marknaden \u00e4r \u00f6versv\u00e4mmad med f\u00f6rfalskade produkter. Om du \u00e4r en f\u00f6retagskunder kan du ocks\u00e5 f\u00e5 praktiska grossistkvantiteter, p\u00e5litlig support och snabba leveranstj\u00e4nster f\u00f6r MYDE AK80000 80000 h\u00f6gpresterande DTL e-cigaretter. Om du vill reservera en produkt f\u00f6r dina DTL-kunder som de kommer att k\u00f6pa igen, v\u00e4nligen kontakta oss.<\/p>","protected":false},"excerpt":{"rendered":"<p>Hur \u00e4r MYDE AK80000 80000 h\u00f6g effekt DTL elektronisk cigarett som? Om du \u00e4r tr\u00f6tt p\u00e5 elektroniska cigaretter f\u00f6r eng\u00e5ngsbruk som<\/p>","protected":false},"featured_media":21212,"comment_status":"open","ping_status":"closed","template":"","meta":[],"product_brand":[221],"product_cat":[124,185,194,176,177,174,175,148,191,173,186,180,190],"product_tag":[],"class_list":{"0":"post-21146","1":"product","2":"type-product","3":"status-publish","4":"has-post-thumbnail","6":"product_brand-myde","7":"product_cat-vape-by-brand","8":"product_cat-10000-puffs-high-capacity","9":"product_cat-adjustable-airflow","10":"product_cat-beverage","11":"product_cat-dessert-sweets","12":"product_cat-fruit-flavors","13":"product_cat-icy-mint","14":"product_cat-myde","15":"product_cat-rechargeable-disposables","16":"product_cat-vape-by-flavor-profile","17":"product_cat-vape-by-nicotine-strength","18":"product_cat-vape-by-puff-count","19":"product_cat-vape-by-feature-or-type","21":"first","22":"instock","23":"shipping-taxable","24":"purchasable","25":"product-type-variable","26":"has-default-attributes"},"tiered_pricing_type":"percentage","tiered_pricing_fixed_rules":[],"tiered_pricing_product_settings":{"layout":"default","base_unit_name":{"singular":null,"plural":null},"default_variation":null},"tiered_pricing_minimum_quantity":10,"tiered_pricing_roles_data":[],"tiered_pricing_percentage_rules":{"30":"29","50":"35","100":"40","200":"44","500":"47","1000":"49"},"tiered_pricing_maximum_quantity":null,"tiered_pricing_quantity_step":"10","_links":{"self":[{"href":"https:\/\/agoravape.com\/sv\/wp-json\/wp\/v2\/product\/21146","targetHints":{"allow":["GET"]}}],"collection":[{"href":"https:\/\/agoravape.com\/sv\/wp-json\/wp\/v2\/product"}],"about":[{"href":"https:\/\/agoravape.com\/sv\/wp-json\/wp\/v2\/types\/product"}],"replies":[{"embeddable":true,"href":"https:\/\/agoravape.com\/sv\/wp-json\/wp\/v2\/comments?post=21146"}],"version-history":[{"count":0,"href":"https:\/\/agoravape.com\/sv\/wp-json\/wp\/v2\/product\/21146\/revisions"}],"wp:featuredmedia":[{"embeddable":true,"href":"https:\/\/agoravape.com\/sv\/wp-json\/wp\/v2\/media\/21212"}],"wp:attachment":[{"href":"https:\/\/agoravape.com\/sv\/wp-json\/wp\/v2\/media?parent=21146"}],"wp:term":[{"taxonomy":"product_brand","embeddable":true,"href":"https:\/\/agoravape.com\/sv\/wp-json\/wp\/v2\/product_brand?post=21146"},{"taxonomy":"product_cat","embeddable":true,"href":"https:\/\/agoravape.com\/sv\/wp-json\/wp\/v2\/product_cat?post=21146"},{"taxonomy":"product_tag","embeddable":true,"href":"https:\/\/agoravape.com\/sv\/wp-json\/wp\/v2\/product_tag?post=21146"}],"curies":[{"name":"wp","href":"https:\/\/api.w.org\/{rel}","templated":true}]}}