{"id":21214,"date":"2026-01-18T01:26:07","date_gmt":"2026-01-17T17:26:07","guid":{"rendered":"https:\/\/agoravape.com\/?post_type=product&#038;p=21214"},"modified":"2026-03-31T04:20:23","modified_gmt":"2026-03-31T02:20:23","slug":"myde-miou-60k-60000-puffar-dubbel-smak","status":"publish","type":"product","link":"https:\/\/agoravape.com\/sv\/product\/myde-miou-60k-60000-puffs-dual-flavor\/","title":{"rendered":"MYDE MIOU 60k 60000 Puffs Dubbelsmaksvape | Tv\u00e5 smaker, en enkel daglig f\u00f6rare"},"content":{"rendered":"<h2 data-v-md-heading=\"what-are-the-special-features-of-myde-miou-60k-60000-dual-flavored-vapes\" data-v-md-line=\"3\"><img loading=\"lazy\" decoding=\"async\" class=\"size-full wp-image-21228 alignright\" src=\"https:\/\/agoravape.com\/wp-content\/uploads\/2026\/01\/MYDE-MIOU-60k-60000-Puffs-Dual-Flavor-Vape-Two-Flavours-One-Easy-Daily-Driver_Agora_vape-3.webp\" alt=\"\" width=\"800\" height=\"800\" srcset=\"https:\/\/agoravape.com\/wp-content\/uploads\/2026\/01\/MYDE-MIOU-60k-60000-Puffs-Dual-Flavor-Vape-Two-Flavours-One-Easy-Daily-Driver_Agora_vape-3.webp 800w, https:\/\/agoravape.com\/wp-content\/uploads\/2026\/01\/MYDE-MIOU-60k-60000-Puffs-Dual-Flavor-Vape-Two-Flavours-One-Easy-Daily-Driver_Agora_vape-3-600x600.webp 600w, https:\/\/agoravape.com\/wp-content\/uploads\/2026\/01\/MYDE-MIOU-60k-60000-Puffs-Dual-Flavor-Vape-Two-Flavours-One-Easy-Daily-Driver_Agora_vape-3-300x300.webp 300w, https:\/\/agoravape.com\/wp-content\/uploads\/2026\/01\/MYDE-MIOU-60k-60000-Puffs-Dual-Flavor-Vape-Two-Flavours-One-Easy-Daily-Driver_Agora_vape-3-150x150.webp 150w, https:\/\/agoravape.com\/wp-content\/uploads\/2026\/01\/MYDE-MIOU-60k-60000-Puffs-Dual-Flavor-Vape-Two-Flavours-One-Easy-Daily-Driver_Agora_vape-3-768x768.webp 768w, https:\/\/agoravape.com\/wp-content\/uploads\/2026\/01\/MYDE-MIOU-60k-60000-Puffs-Dual-Flavor-Vape-Two-Flavours-One-Easy-Daily-Driver_Agora_vape-3-12x12.webp 12w\" sizes=\"auto, (max-width: 800px) 100vw, 800px\" \/><\/h2>\n<h2 data-v-md-heading=\"what-are-the-special-features-of-myde-miou-60k-60000-dual-flavored-vapes\" data-v-md-line=\"3\">Vilka \u00e4r de speciella egenskaperna hos MYDE MIOU 60k 60000 vapes med dubbla smaker?<\/h2>\n<p data-v-md-line=\"5\">Om du \u00e4r tr\u00f6tt p\u00e5 vapes som bara h\u00e5ller i en dag eller tv\u00e5 och snabbt f\u00f6rlorar sin fr\u00e4sch\u00f6r efter\u00e5t, d\u00e5 \u00e4r MYDE MIOU 60k ditt perfekta val. Den \u00e4r designad f\u00f6r l\u00e5ngvarig anv\u00e4ndning (upp till 60 000 bloss) och f\u00f6ljer ett enkelt men praktiskt koncept: dubbla smaker i en, vilket g\u00f6r att du enkelt kan byta smaker utan att beh\u00f6va b\u00e4ra med dig en andra vape.<\/p>\n<p data-v-md-line=\"7\">Du kanske tror att en vape med en nominell kapacitet p\u00e5 60 000 bloss skulle vara lika tung som en tegelsten i fickan, men i verkligheten \u00e4r anv\u00e4ndarupplevelsen l\u00e4ttare och mer portabel \u00e4n du tror. Detta \u00e4r en enkel och l\u00e4ttanv\u00e4nd vape, utrustad med laddningsbara batterier, f\u00f6rinstallerad e-v\u00e4tska och flera smakalternativ, vilket kan ge fr\u00e4sch\u00f6r \u00e4ven om dina smakl\u00f6kar k\u00e4nner sig uttr\u00e5kade.<\/p>\n<h2 data-v-md-heading=\"excellent-performance-and-easy-operation\" data-v-md-line=\"9\">Utm\u00e4rkt prestanda och enkel anv\u00e4ndning<\/h2>\n<p data-v-md-line=\"11\">Internt utrustad med en 1,2 \u03a9 finf\u00f6rdelningsk\u00e4rna och ett 40 ml stort f\u00f6rvaringsfack f\u00f6r e-v\u00e4tska. Detta inneb\u00e4r att den kan bibeh\u00e5lla en stabil smak utan att uppleva en smakf\u00f6rs\u00e4mring halvv\u00e4gs. Dessutom \u00e4r den utrustad med ett 600 mAh batteri, s\u00e5 du beh\u00f6ver inte oroa dig \u00e4ven om batteriet tar slut innan e-v\u00e4tskan tar slut. Fyll bara p\u00e5 med e-v\u00e4tska f\u00f6r att forts\u00e4tta anv\u00e4nda.<\/p>\n<p data-v-md-line=\"13\">Inga knappar eller inst\u00e4llningar beh\u00f6vs. Ta bara en klunk och njut av den ultimata upplevelsen.<\/p>\n<h2 data-v-md-heading=\"quick-specifications\" data-v-md-line=\"15\">Snabba specifikationer<\/h2>\n<ul data-v-md-line=\"17\">\n<li>Antal portar: upp till 60000 portar<\/li>\n<li>E-v\u00e4tskekapacitet: Totalt 40 milliliter (system med dubbla smaker, cirka 7 milliliter per fack)<\/li>\n<li>Batteri: 600mAh (uppladdningsbart)<\/li>\n<li>Spolmotst\u00e5nd: 1,2 ohm<\/li>\n<li>Nikotinhalt: 2 % eller 5 %<\/li>\n<li>Anv\u00e4ndning: Andas bara in f\u00f6r att aktivera<\/li>\n<li>Status: Klar att anv\u00e4nda direkt ur l\u00e5dan<\/li>\n<\/ul>\n<h2 data-v-md-heading=\"complete-flavor-lineup\" data-v-md-line=\"24\">Komplett smakutbud<\/h2>\n<ul data-v-md-line=\"25\">\n<li>Citronlime- och vattenmelonglass<\/li>\n<li>Druvglass och jordgubbskiwi<\/li>\n<li>Ananas Kokos &amp; Jordgubb Banan<\/li>\n<li>Apelsin Mang Vattenmelon &amp; Red Bull<\/li>\n<li>Bl\u00e5b\u00e4rsglass och k\u00f6rsb\u00e4rsl\u00e4sk<\/li>\n<li>Vattenmelonglass och blandade b\u00e4r<\/li>\n<li>Jordgubb, banan och mousserande k\u00f6rsb\u00e4r<\/li>\n<li>Jordgubb, hallon, k\u00f6rsb\u00e4r och druvglass<\/li>\n<li>Bl\u00e5b\u00e4rscitronvatten och citronlime<\/li>\n<li>Vattenmelon-is och jordgubbsmango<\/li>\n<\/ul>\n<h2 data-v-md-heading=\"suitable-for-personal-and-commercial-use\" data-v-md-line=\"36\">L\u00e4mplig f\u00f6r personligt och kommersiellt bruk<\/h2>\n<p data-v-md-line=\"38\"><a class=\"wpil_keyword_link\" href=\"https:\/\/agoravape.com\/sv\/vape-efter-varumarke\/mrvi\/\" target=\"_blank\" rel=\"noopener\" title=\"MYCKET LITEN\" data-wpil-keyword-link=\"linked\" data-wpil-monitor-id=\"7189\">MYDE<\/a> MIOU 60k is a durable vape that won\u2019t leave you feeling bored after a few days, making it the ideal choice for your personal use. At the same time, it is also suitable as a retail inventory product because consumers prefer convenient \u201cintegrated\u201d products, especially the dual flavor version.<\/p>\n<p data-v-md-line=\"40\">Om du k\u00f6per f\u00f6r vidaref\u00f6rs\u00e4ljning erbjuder AgoraVape snabba och p\u00e5litliga europeiska frakttj\u00e4nster. Vi samarbetar med betrodda transport\u00f6rer som DHL, DPD och UPS f\u00f6r att s\u00e4kerst\u00e4lla smidig transport och undvika ov\u00e4ntade situationer vid gr\u00e4nsen. Om du beh\u00f6ver exakt den kvantitet som kr\u00e4vs f\u00f6r grossistf\u00f6rs\u00e4ljning, v\u00e4nligen kontakta v\u00e5rt team s\u00e5 ordnar vi aktuell f\u00f6rpackningsinformation \u00e5t dig.<\/p>\n<h2 data-v-md-heading=\"reasons-why-you-will-like-it\" data-v-md-line=\"42\">Anledningar till varf\u00f6r du kommer att gilla det<\/h2>\n<ul data-v-md-line=\"44\">\n<li>Ultral\u00e5ng batteritid: L\u00e4ngre livsl\u00e4ngd, inget behov av att byta ut enheter ofta.<\/li>\n<li>Dubbel smakinst\u00e4llning: Du beh\u00f6ver inte k\u00f6pa en andra vape f\u00f6r att byta smak.<\/li>\n<li>Val av nikotinkoncentration: 2 % f\u00f6r en mjukare smak, 5 % f\u00f6r en starkare upplevelse.<\/li>\n<li>Uppladdningsbart batteri: Se till att du verkligen har anv\u00e4nt upp den e-v\u00e4tska du k\u00f6pt.<\/li>\n<li>1,2 \u03a9 spole: bibeh\u00e5ller stabilt sugmotst\u00e5nd f\u00f6r att f\u00f6rhindra att smaken f\u00f6rsvinner f\u00f6r snabbt.<\/li>\n<\/ul>\n<h2 data-v-md-heading=\"why-choose-agoravape\" data-v-md-line=\"50\">Varf\u00f6r v\u00e4lja AgoraVape?<\/h2>\n<p data-v-md-line=\"52\">P\u00e5 AgoraVape fokuserar vi p\u00e5 det som verkligen betyder n\u00e5got: genuin produktgaranti, p\u00e5litlig logistikleverans och transparenta svar. Om du s\u00e4ljer MYDE MIOU 60k 60000 vapes med dubbla smaker, hj\u00e4lper vi dig att \u00f6ka f\u00f6rs\u00e4ljningen med mycket konkurrenskraftiga grossistpriser, snabb teknisk support och flexibla leveransl\u00f6sningar. Kontakta oss s\u00e5 f\u00f6rser vi dig med tillr\u00e4ckligt med leveranser f\u00f6r att dina kunder ska vilja komma tillbaka.<\/p>","protected":false},"excerpt":{"rendered":"<p>Vilka \u00e4r de speciella egenskaperna hos MYDE MIOU 60k 60000 vapes med dubbla smaker? Om du \u00e4r tr\u00f6tt p\u00e5 vapes som<\/p>","protected":false},"featured_media":21235,"comment_status":"open","ping_status":"closed","template":"","meta":[],"product_brand":[221],"product_cat":[124,185,1642,176,177,195,174,175,148,191,173,186,180,190],"product_tag":[],"class_list":{"0":"post-21214","1":"product","2":"type-product","3":"status-publish","4":"has-post-thumbnail","6":"product_brand-myde","7":"product_cat-vape-by-brand","8":"product_cat-10000-puffs-high-capacity","9":"product_cat-60000-puffs","10":"product_cat-beverage","11":"product_cat-dessert-sweets","12":"product_cat-dual-flavor-switch","13":"product_cat-fruit-flavors","14":"product_cat-icy-mint","15":"product_cat-myde","16":"product_cat-rechargeable-disposables","17":"product_cat-vape-by-flavor-profile","18":"product_cat-vape-by-nicotine-strength","19":"product_cat-vape-by-puff-count","20":"product_cat-vape-by-feature-or-type","22":"first","23":"onbackorder","24":"shipping-taxable","25":"purchasable","26":"product-type-variable","27":"has-default-attributes"},"tiered_pricing_type":"percentage","tiered_pricing_fixed_rules":[],"tiered_pricing_product_settings":{"layout":"default","base_unit_name":{"singular":null,"plural":null},"default_variation":null},"tiered_pricing_minimum_quantity":10,"tiered_pricing_roles_data":[],"tiered_pricing_percentage_rules":{"30":"29","50":"35","100":"40","200":"44","500":"47","1000":"49"},"tiered_pricing_maximum_quantity":null,"tiered_pricing_quantity_step":"10","_links":{"self":[{"href":"https:\/\/agoravape.com\/sv\/wp-json\/wp\/v2\/product\/21214","targetHints":{"allow":["GET"]}}],"collection":[{"href":"https:\/\/agoravape.com\/sv\/wp-json\/wp\/v2\/product"}],"about":[{"href":"https:\/\/agoravape.com\/sv\/wp-json\/wp\/v2\/types\/product"}],"replies":[{"embeddable":true,"href":"https:\/\/agoravape.com\/sv\/wp-json\/wp\/v2\/comments?post=21214"}],"version-history":[{"count":2,"href":"https:\/\/agoravape.com\/sv\/wp-json\/wp\/v2\/product\/21214\/revisions"}],"predecessor-version":[{"id":29882,"href":"https:\/\/agoravape.com\/sv\/wp-json\/wp\/v2\/product\/21214\/revisions\/29882"}],"wp:featuredmedia":[{"embeddable":true,"href":"https:\/\/agoravape.com\/sv\/wp-json\/wp\/v2\/media\/21235"}],"wp:attachment":[{"href":"https:\/\/agoravape.com\/sv\/wp-json\/wp\/v2\/media?parent=21214"}],"wp:term":[{"taxonomy":"product_brand","embeddable":true,"href":"https:\/\/agoravape.com\/sv\/wp-json\/wp\/v2\/product_brand?post=21214"},{"taxonomy":"product_cat","embeddable":true,"href":"https:\/\/agoravape.com\/sv\/wp-json\/wp\/v2\/product_cat?post=21214"},{"taxonomy":"product_tag","embeddable":true,"href":"https:\/\/agoravape.com\/sv\/wp-json\/wp\/v2\/product_tag?post=21214"}],"curies":[{"name":"wp","href":"https:\/\/api.w.org\/{rel}","templated":true}]}}