{"id":21412,"date":"2026-01-18T16:11:02","date_gmt":"2026-01-18T08:11:02","guid":{"rendered":"https:\/\/agoravape.com\/?post_type=product&#038;p=21412"},"modified":"2026-03-19T11:37:04","modified_gmt":"2026-03-19T10:37:04","slug":"saimeo-tequila-30k-30000-puffar-vape","status":"publish","type":"product","link":"https:\/\/agoravape.com\/sv\/product\/saimeo-tequila-30k-30000-puffs-vape\/","title":{"rendered":"Saimeo Tequila 30k 30000 Puffs Unik Vape p\u00e5 Flaska | L\u00e5nga R\u00e4nnor, Enkel Anv\u00e4ndning"},"content":{"rendered":"<h2 data-v-md-heading=\"what-s-special-about-saimeo-tequila-flavored-30k-30000-unique-bottled-vapes\" data-v-md-line=\"3\"><img loading=\"lazy\" decoding=\"async\" class=\"size-full wp-image-21435 alignright\" src=\"https:\/\/agoravape.com\/wp-content\/uploads\/2026\/01\/Saimeo-Tequila-30k-30000-Puffs-Unique-Bottle-Vape-Long-Runs-Simple-Use_Agora_vape-12-scaled.webp\" alt=\"\" width=\"795\" height=\"2560\" srcset=\"https:\/\/agoravape.com\/wp-content\/uploads\/2026\/01\/Saimeo-Tequila-30k-30000-Puffs-Unique-Bottle-Vape-Long-Runs-Simple-Use_Agora_vape-12-scaled.webp 795w, https:\/\/agoravape.com\/wp-content\/uploads\/2026\/01\/Saimeo-Tequila-30k-30000-Puffs-Unique-Bottle-Vape-Long-Runs-Simple-Use_Agora_vape-12-93x300.webp 93w, https:\/\/agoravape.com\/wp-content\/uploads\/2026\/01\/Saimeo-Tequila-30k-30000-Puffs-Unique-Bottle-Vape-Long-Runs-Simple-Use_Agora_vape-12-318x1024.webp 318w, https:\/\/agoravape.com\/wp-content\/uploads\/2026\/01\/Saimeo-Tequila-30k-30000-Puffs-Unique-Bottle-Vape-Long-Runs-Simple-Use_Agora_vape-12-768x2472.webp 768w, https:\/\/agoravape.com\/wp-content\/uploads\/2026\/01\/Saimeo-Tequila-30k-30000-Puffs-Unique-Bottle-Vape-Long-Runs-Simple-Use_Agora_vape-12-477x1536.webp 477w, https:\/\/agoravape.com\/wp-content\/uploads\/2026\/01\/Saimeo-Tequila-30k-30000-Puffs-Unique-Bottle-Vape-Long-Runs-Simple-Use_Agora_vape-12-636x2048.webp 636w, https:\/\/agoravape.com\/wp-content\/uploads\/2026\/01\/Saimeo-Tequila-30k-30000-Puffs-Unique-Bottle-Vape-Long-Runs-Simple-Use_Agora_vape-12-4x12.webp 4w, https:\/\/agoravape.com\/wp-content\/uploads\/2026\/01\/Saimeo-Tequila-30k-30000-Puffs-Unique-Bottle-Vape-Long-Runs-Simple-Use_Agora_vape-12-1200x3862.webp 1200w\" sizes=\"auto, (max-width: 795px) 100vw, 795px\" \/><\/h2>\n<h2 data-v-md-heading=\"what-s-special-about-saimeo-tequila-flavored-30k-30000-unique-bottled-vapes\" data-v-md-line=\"3\">Vad \u00e4r speciellt med 30 000 unika vape-flaskor med smak av Saimeo Tequila?<\/h2>\n<p data-v-md-line=\"5\">Om du \u00e4r tr\u00f6tt p\u00e5 eng\u00e5ngsvapor som tar slut snabbt \u00e4r den h\u00e4r produkten designad f\u00f6r l\u00e5ngvarig anv\u00e4ndning. Saimeo Tequila Flavour Don Leon 1942 (\u201dUnik flaska\u201d) \u00e4r designad f\u00f6r anv\u00e4ndare som vill ha h\u00f6gt munantal och l\u00e4ttanv\u00e4nda dagliga vaporer, och vill ha en n\u00e5got annorlunda greppk\u00e4nsla.<\/p>\n<p data-v-md-line=\"7\">Du kanske tycker att 30000 mouth-enheten \u00e4r tung som en tegelsten i handen, men den flaskformade designen g\u00f6r den bekv\u00e4m att h\u00e5lla i. Detta \u00e4r en vape som du kan b\u00e4ra med dig n\u00e4r du g\u00e5r ut, eftersom du vet att den \u00e4r absolut p\u00e5litlig och h\u00e5llbar.<\/p>\n<h2 data-v-md-heading=\"excellent-performance-and-easy-operation\" data-v-md-line=\"9\">Utm\u00e4rkt prestanda och enkel anv\u00e4ndning<\/h2>\n<p data-v-md-line=\"11\">Detta \u00e4r en eng\u00e5ngsvape med inhalationsaktivering, som inte kr\u00e4ver n\u00e5gra knappar eller inst\u00e4llningar. Bara inhalera f\u00f6r att b\u00f6rja. Om du vill ha en enkel och l\u00e4ttanv\u00e4nd produkt \u00e4r detta definitivt ditt perfekta val.<\/p>\n<p data-v-md-line=\"13\">N\u00e4r det g\u00e4ller nikotin inneh\u00e5ller den 2 % nikotinsalt, vilket har en len smak och kan tillgodose behoven hos de flesta dagliga anv\u00e4ndare.<\/p>\n<h2 data-v-md-heading=\"quick-specifications\" data-v-md-line=\"15\">Snabba specifikationer<\/h2>\n<ul data-v-md-line=\"16\">\n<li>R\u00f6kfrekvens: upp till 30 000 bloss<\/li>\n<li>Nikotinhalt: 2 % nikotinsalt<\/li>\n<li>Anv\u00e4ndning: Andas bara in f\u00f6r att aktivera<\/li>\n<li>Status: Klar att anv\u00e4nda direkt ur l\u00e5dan<\/li>\n<li>Utrustningsstorlek: 37 * 40 * 160 millimeter<\/li>\n<li>F\u00f6rpackningsspecifikationer: 10 stycken per f\u00f6rpackning<\/li>\n<li>F\u00f6rpackningsspecifikationer: 200 stycken per l\u00e5da<\/li>\n<li>Ytterkartongens storlek: 427 \u00d7 395 \u00d7 353 millimeter, Bruttovikt: 21 kilogram<\/li>\n<\/ul>\n<h2 data-v-md-heading=\"complete-flavor-lineup\" data-v-md-line=\"25\">Komplett smakutbud<\/h2>\n<ul data-v-md-line=\"26\">\n<li>Vattenmelonis<\/li>\n<li>Jordgubb, kiwi<\/li>\n<li>Saftig persika<\/li>\n<li>Jordgubbsvattenmelon<\/li>\n<li>R\u00f6d persika champagne<\/li>\n<li>Bl\u00e5b\u00e4r och hallon<\/li>\n<li>Bl\u00e5 isbanan<\/li>\n<li>Blandade b\u00e4r<\/li>\n<li>Passionsfrukt Mango<\/li>\n<li>K\u00f6rsb\u00e4rs-drakfrukt<\/li>\n<\/ul>\n<h2 data-v-md-heading=\"suitable-for-you-and-your-business\" data-v-md-line=\"37\">L\u00e4mplig f\u00f6r dig och ditt f\u00f6retag<\/h2>\n<p data-v-md-line=\"39\">Du kan k\u00f6pa dessa produkter f\u00f6r personligt bruk, men om du k\u00f6per till din butik eller regelbundet beh\u00f6ver fylla p\u00e5 i stora m\u00e4ngder \u00e4r denna f\u00f6rpackning praktisk f\u00f6r lagerhantering. 10 stycken per f\u00f6rpackning, 200 stycken per l\u00e5da, s\u00e5 du beh\u00f6ver inte fylla p\u00e5 ofta.<\/p>\n<p data-v-md-line=\"41\">AgoraVape fokuserar p\u00e5 att tillhandah\u00e5lla p\u00e5litliga frakttj\u00e4nster inom EU. Vi samarbetar med betrodda transport\u00f6rer som UPS, DPD och DHL, och erbjuder Duty Paid Delivery (DDP) d\u00e4r f\u00f6rh\u00e5llandena till\u00e5ter. Detta inneb\u00e4r en smidigare importprocess och minskad oro kring statusen p\u00e5 ditt paket.<\/p>\n<h2 data-v-md-heading=\"the-reason-why-you-will-like-it\" data-v-md-line=\"43\">Anledningen till att du kommer att gilla det<\/h2>\n<ul data-v-md-line=\"44\">\n<li>\n<p data-v-md-line=\"44\">H\u00e5llbar och l\u00e5ngvarig: H\u00e5llbar och l\u00e5ngvarig, utan behov av frekventa byten.<\/p>\n<\/li>\n<li>\n<p data-v-md-line=\"46\">2 % nikotinsalt: L\u00e4mplig f\u00f6r den v\u00e4lbekanta koncentrationen hos de flesta dagliga anv\u00e4ndare.<\/p>\n<\/li>\n<li>\n<p data-v-md-line=\"48\">Inhalationsaktivering: Inga knappar kr\u00e4vs, ingen inl\u00e4rning kr\u00e4vs. Plocka upp den och anv\u00e4nd den.<\/p>\n<\/li>\n<li>\n<p data-v-md-line=\"50\">Flaskans design: Bekv\u00e4mt grepp, diskret men \u00e4nd\u00e5 diskret.<\/p>\n<\/li>\n<\/ul>\n<h2 data-v-md-heading=\"why-choose-to-collaborate-with-agoravape\" data-v-md-line=\"52\">Varf\u00f6r v\u00e4lja att samarbeta med AgoraVape?<\/h2>\n<p data-v-md-line=\"54\">Vi s\u00e4ljer endast 100 % \u00e4kta vape-produkter eftersom ingen vill lida av instabil kvalitet. Om du \u00e4r en f\u00f6retagskunder f\u00e5r du ocks\u00e5 kraftfulla grossistalternativ, bekv\u00e4m teknisk support och p\u00e5litliga snabba leveranstj\u00e4nster. Vill du k\u00f6pa Saimeo Tequila 30k unika vape-flaskor? Kontakta oss s\u00e5 hj\u00e4lper vi dig att v\u00e4lja r\u00e4tt smak och kvantitet f\u00f6r dina kunder.<\/p>","protected":false},"excerpt":{"rendered":"<p>Vad \u00e4r speciellt med Saimeo Tequila-smaksatta 30k 30000 unika flaskvapor? Om du \u00e4r tr\u00f6tt p\u00e5 eng\u00e5ngsvapor som tar slut<\/p>","protected":false},"featured_media":21433,"comment_status":"open","ping_status":"closed","template":"","meta":[],"product_brand":[1663],"product_cat":[124,185,1637,177,1674,174,191,1666,179,173,186,180,190],"product_tag":[],"class_list":{"0":"post-21412","1":"product","2":"type-product","3":"status-publish","4":"has-post-thumbnail","6":"product_brand-saimeo","7":"product_cat-vape-by-brand","8":"product_cat-10000-puffs-high-capacity","9":"product_cat-30000-puffs","10":"product_cat-dessert-sweets","11":"product_cat-eu-warehouse","12":"product_cat-fruit-flavors","13":"product_cat-rechargeable-disposables","14":"product_cat-saimeo","15":"product_cat-unique-blends","16":"product_cat-vape-by-flavor-profile","17":"product_cat-vape-by-nicotine-strength","18":"product_cat-vape-by-puff-count","19":"product_cat-vape-by-feature-or-type","21":"first","22":"instock","23":"shipping-taxable","24":"purchasable","25":"product-type-variable","26":"has-default-attributes"},"tiered_pricing_type":"percentage","tiered_pricing_fixed_rules":[],"tiered_pricing_product_settings":{"layout":"default","base_unit_name":{"singular":null,"plural":null},"default_variation":null},"tiered_pricing_minimum_quantity":10,"tiered_pricing_roles_data":[],"tiered_pricing_percentage_rules":{"30":"12.41","50":"27","100":"33","200":"35","500":"39","1000":"42"},"tiered_pricing_maximum_quantity":null,"tiered_pricing_quantity_step":"10","_links":{"self":[{"href":"https:\/\/agoravape.com\/sv\/wp-json\/wp\/v2\/product\/21412","targetHints":{"allow":["GET"]}}],"collection":[{"href":"https:\/\/agoravape.com\/sv\/wp-json\/wp\/v2\/product"}],"about":[{"href":"https:\/\/agoravape.com\/sv\/wp-json\/wp\/v2\/types\/product"}],"replies":[{"embeddable":true,"href":"https:\/\/agoravape.com\/sv\/wp-json\/wp\/v2\/comments?post=21412"}],"version-history":[{"count":0,"href":"https:\/\/agoravape.com\/sv\/wp-json\/wp\/v2\/product\/21412\/revisions"}],"wp:featuredmedia":[{"embeddable":true,"href":"https:\/\/agoravape.com\/sv\/wp-json\/wp\/v2\/media\/21433"}],"wp:attachment":[{"href":"https:\/\/agoravape.com\/sv\/wp-json\/wp\/v2\/media?parent=21412"}],"wp:term":[{"taxonomy":"product_brand","embeddable":true,"href":"https:\/\/agoravape.com\/sv\/wp-json\/wp\/v2\/product_brand?post=21412"},{"taxonomy":"product_cat","embeddable":true,"href":"https:\/\/agoravape.com\/sv\/wp-json\/wp\/v2\/product_cat?post=21412"},{"taxonomy":"product_tag","embeddable":true,"href":"https:\/\/agoravape.com\/sv\/wp-json\/wp\/v2\/product_tag?post=21412"}],"curies":[{"name":"wp","href":"https:\/\/api.w.org\/{rel}","templated":true}]}}