{"id":21811,"date":"2026-01-18T21:41:30","date_gmt":"2026-01-18T13:41:30","guid":{"rendered":"https:\/\/agoravape.com\/?post_type=product&#038;p=21811"},"modified":"2026-04-13T18:03:17","modified_gmt":"2026-04-13T16:03:17","slug":"saimeo-champagne-30k-30000-puffar-vape","status":"publish","type":"product","link":"https:\/\/agoravape.com\/sv\/product\/saimeo-champagne-30k-30000-puffs-vape\/","title":{"rendered":"Saimeo Champagne 30k 30000 Puffs Party Vape | Stort antal puffar, enkel daglig anv\u00e4ndning"},"content":{"rendered":"<div style=\"width: 720px;\" class=\"wp-video\"><video class=\"wp-video-shortcode\" id=\"video-21811-1\" width=\"720\" height=\"1280\" preload=\"metadata\" controls=\"controls\"><source type=\"video\/mp4\" src=\"https:\/\/agoravape.com\/wp-content\/uploads\/2026\/01\/champagne-30k.mp4?_=1\" \/><a href=\"https:\/\/agoravape.com\/wp-content\/uploads\/2026\/01\/champagne-30k.mp4\">https:\/\/agoravape.com\/wp-content\/uploads\/2026\/01\/champagne-30k.mp4<\/a><\/video><\/div>\n<h2 data-v-md-heading=\"what-is-special-about-saimeo-champagne-30k-30000-party-vapes\" data-v-md-line=\"3\"><img loading=\"lazy\" decoding=\"async\" class=\"aligncenter size-full wp-image-21829\" src=\"https:\/\/agoravape.com\/wp-content\/uploads\/2026\/01\/Saimeo-Champagne-30k-30000-Puffs-Party-Vape-Big-Puff-Count-Easy-Everyday-Use_Agora_vape-7-scaled.webp\" alt=\"\" width=\"2560\" height=\"1808\" srcset=\"https:\/\/agoravape.com\/wp-content\/uploads\/2026\/01\/Saimeo-Champagne-30k-30000-Puffs-Party-Vape-Big-Puff-Count-Easy-Everyday-Use_Agora_vape-7-scaled.webp 2560w, https:\/\/agoravape.com\/wp-content\/uploads\/2026\/01\/Saimeo-Champagne-30k-30000-Puffs-Party-Vape-Big-Puff-Count-Easy-Everyday-Use_Agora_vape-7-scaled-1200x848.webp 1200w, https:\/\/agoravape.com\/wp-content\/uploads\/2026\/01\/Saimeo-Champagne-30k-30000-Puffs-Party-Vape-Big-Puff-Count-Easy-Everyday-Use_Agora_vape-7-300x212.webp 300w, https:\/\/agoravape.com\/wp-content\/uploads\/2026\/01\/Saimeo-Champagne-30k-30000-Puffs-Party-Vape-Big-Puff-Count-Easy-Everyday-Use_Agora_vape-7-1024x723.webp 1024w, https:\/\/agoravape.com\/wp-content\/uploads\/2026\/01\/Saimeo-Champagne-30k-30000-Puffs-Party-Vape-Big-Puff-Count-Easy-Everyday-Use_Agora_vape-7-768x543.webp 768w, https:\/\/agoravape.com\/wp-content\/uploads\/2026\/01\/Saimeo-Champagne-30k-30000-Puffs-Party-Vape-Big-Puff-Count-Easy-Everyday-Use_Agora_vape-7-1536x1085.webp 1536w, https:\/\/agoravape.com\/wp-content\/uploads\/2026\/01\/Saimeo-Champagne-30k-30000-Puffs-Party-Vape-Big-Puff-Count-Easy-Everyday-Use_Agora_vape-7-2048x1447.webp 2048w, https:\/\/agoravape.com\/wp-content\/uploads\/2026\/01\/Saimeo-Champagne-30k-30000-Puffs-Party-Vape-Big-Puff-Count-Easy-Everyday-Use_Agora_vape-7-18x12.webp 18w\" sizes=\"auto, (max-width: 2560px) 100vw, 2560px\" \/><\/h2>\n<h2 data-v-md-heading=\"what-is-special-about-saimeo-champagne-30k-30000-party-vapes\" data-v-md-line=\"3\"><img loading=\"lazy\" decoding=\"async\" class=\"size-full wp-image-21823 alignright\" src=\"https:\/\/agoravape.com\/wp-content\/uploads\/2026\/01\/Saimeo-Champagne-30k-30000-Puffs-Party-Vape-Big-Puff-Count-Easy-Everyday-Use_Agora_vape-1-scaled.webp\" alt=\"\" width=\"604\" height=\"2560\" srcset=\"https:\/\/agoravape.com\/wp-content\/uploads\/2026\/01\/Saimeo-Champagne-30k-30000-Puffs-Party-Vape-Big-Puff-Count-Easy-Everyday-Use_Agora_vape-1-scaled.webp 604w, https:\/\/agoravape.com\/wp-content\/uploads\/2026\/01\/Saimeo-Champagne-30k-30000-Puffs-Party-Vape-Big-Puff-Count-Easy-Everyday-Use_Agora_vape-1-71x300.webp 71w, https:\/\/agoravape.com\/wp-content\/uploads\/2026\/01\/Saimeo-Champagne-30k-30000-Puffs-Party-Vape-Big-Puff-Count-Easy-Everyday-Use_Agora_vape-1-768x3257.webp 768w, https:\/\/agoravape.com\/wp-content\/uploads\/2026\/01\/Saimeo-Champagne-30k-30000-Puffs-Party-Vape-Big-Puff-Count-Easy-Everyday-Use_Agora_vape-1-483x2048.webp 483w, https:\/\/agoravape.com\/wp-content\/uploads\/2026\/01\/Saimeo-Champagne-30k-30000-Puffs-Party-Vape-Big-Puff-Count-Easy-Everyday-Use_Agora_vape-1-3x12.webp 3w\" sizes=\"auto, (max-width: 604px) 100vw, 604px\" \/><\/h2>\n<h2 data-v-md-heading=\"what-is-special-about-saimeo-champagne-30k-30000-party-vapes\" data-v-md-line=\"3\">Vad \u00e4r speciellt med Saimeo Champagne 30k 30000 partyvapes?<\/h2>\n<p data-v-md-line=\"5\">Om du \u00e4r tr\u00f6tt p\u00e5 eng\u00e5ngsvapor som tar slut p\u00e5 cigaretter p\u00e5 bara n\u00e5gra dagar \u00e4r Saimeo Champagne 30k definitivt ditt perfekta val. Den \u00e4r designad f\u00f6r l\u00e5ngvarig anv\u00e4ndning, med upp till 30 000 bloss p\u00e5 en enda laddning, vilket eliminerar behovet av frekvent byte av patroner.<\/p>\n<p data-v-md-line=\"7\">Du kanske tycker att en enhet med en kapacitet p\u00e5 30k skulle vara besv\u00e4rlig att anv\u00e4nda, som en \"tegelsten\". Men den h\u00e4r vapen har ett bekv\u00e4mt grepp, inga inst\u00e4llningar beh\u00f6vs och kan plockas upp och anv\u00e4ndas direkt. Inga knappar, inga inst\u00e4llningar kr\u00e4vs, bara inhalera f\u00f6r att njuta.<\/p>\n<h2 data-v-md-heading=\"excellent-performance-and-easy-operation\" data-v-md-line=\"9\">Utm\u00e4rkt prestanda och enkel anv\u00e4ndning<\/h2>\n<p data-v-md-line=\"11\">Saimeos designkoncept \u00e4r mycket enkelt: den aktiveras med inhalation och anv\u00e4ndningen liknar eng\u00e5ngsvapor. Och eftersom den \u00e4r laddningsbar \u00e4r det mer sannolikt att du faktiskt anv\u00e4nder upp e-v\u00e4tskan inuti ist\u00e4llet f\u00f6r att sl\u00e4nga den n\u00e4r batteriniv\u00e5n sjunker.<\/p>\n<h2 data-v-md-heading=\"quick-specifications\" data-v-md-line=\"13\">Snabba specifikationer<\/h2>\n<ul data-v-md-line=\"14\">\n<li>R\u00f6kfrekvens: upp till 30 000 bloss<\/li>\n<li>Nikotinhalt: 2 % nikotinsalt<\/li>\n<li>Anv\u00e4ndning: Andas bara in f\u00f6r att aktivera<\/li>\n<li>Laddningsmetod: Uppladdningsbar (laddningsmetod specificeras inte)<\/li>\n<li>Status: Klar att anv\u00e4nda vid uppackning<\/li>\n<\/ul>\n<h2 data-v-md-heading=\"complete-flavor-lineup\" data-v-md-line=\"20\">Komplett smakutbud<\/h2>\n<ul data-v-md-line=\"21\">\n<li>Jordgubb, kiwi<\/li>\n<li>Bl\u00e5b\u00e4r, hallon, k\u00f6rsb\u00e4r<\/li>\n<li>Blandade b\u00e4r<\/li>\n<li>Bl\u00e5b\u00e4r och hallon<\/li>\n<li>Vit druvchampagne<\/li>\n<li>Saftig persika<\/li>\n<li>Jordgubbsvattenmelon<\/li>\n<li>Druva vattenmelon<\/li>\n<li>Vattenmelonis<\/li>\n<li>Trippelmango<\/li>\n<li>Mamba<\/li>\n<li>Passionsfrukt Mango<\/li>\n<li>Tropiska frukter<\/li>\n<li>Smak av k\u00f6rsb\u00e4rs- och drakfrukt<\/li>\n<li>R\u00f6d persika champagnesmak<\/li>\n<\/ul>\n<h2 data-v-md-heading=\"suitable-for-you-and-your-business\" data-v-md-line=\"37\">L\u00e4mplig f\u00f6r dig och ditt f\u00f6retag<\/h2>\n<p data-v-md-line=\"39\">Du kan enkelt k\u00f6pa Saimeo champagnesmaksatta 30k vapes f\u00f6r personligt bruk. Om du k\u00f6per till en butik eller beh\u00f6ver g\u00f6ra stora ink\u00f6p, erbjuder vi \u00e4ven l\u00e4mpliga grossistspecifikationer.<\/p>\n<p data-v-md-line=\"41\">F\u00f6rpackningen \u00e4r enkel och tydlig: 10 stycken per f\u00f6rpackning, 200 stycken per kartong. P\u00e5 s\u00e5 s\u00e4tt kan du enkelt planera lager och priss\u00e4ttning utan att gissa.<\/p>\n<h2 data-v-md-heading=\"the-reason-why-you-will-like-it\" data-v-md-line=\"43\">Anledningen till att du kommer att gilla det<\/h2>\n<ul data-v-md-line=\"44\">\n<li>H\u00e5llbar och l\u00e5ngvarig: H\u00e5llbar och l\u00e5ngvarig, vilket minskar antalet k\u00f6p.<\/li>\n<li>2% nikotinsalt: Len smak, h\u00f6g k\u00e4nnedom, s\u00e4rskilt l\u00e4mplig f\u00f6r r\u00f6kare.<\/li>\n<li>Uppladdningsbar: F\u00e5 ut det mesta av allt.<\/li>\n<li>L\u00e4tt att anv\u00e4nda: Inhalationsaktivering, vem som helst kan anv\u00e4nda den omedelbart.<\/li>\n<\/ul>\n<h2 data-v-md-heading=\"why-choose-to-collaborate-with-agoravape\" data-v-md-line=\"49\">Varf\u00f6r v\u00e4lja att samarbeta med AgoraVape?<\/h2>\n<p data-v-md-line=\"51\">P\u00e5 AgoraVape fokuserar vi p\u00e5 de verkligt viktiga aspekterna av din konsumtion av riktiga pengar och silver: \u00e4kta produktgaranti, p\u00e5litliga k\u00e4llor och stabil europeisk logistik och distribution. Om du s\u00e4ljer Saimeo Champagne 30k 30000-pack partyvapes, kommer vi att f\u00f6rse dig med praktiska grossistf\u00f6rpackningsspecifikationer, snabb teknisk support och en leveranskedja som verkligen kan hj\u00e4lpa dig att bedriva din verksamhet. Beh\u00f6ver du grossistpriser eller bulkleverans? Kontakta oss, vi hj\u00e4lper dig g\u00e4rna.<\/p>\n<p><script src=\"chrome-extension:\/\/fpelahbljekknahkcaegamhcndkfpfnc\/iFrame.js\" type=\"text\/javascript\"><\/script><\/p>","protected":false},"excerpt":{"rendered":"<p>&nbsp;<\/p>\n<p><script src=\"chrome-extension:\/\/fpelahbljekknahkcaegamhcndkfpfnc\/iFrame.js\" type=\"text\/javascript\"><\/script><\/p>","protected":false},"featured_media":21832,"comment_status":"open","ping_status":"closed","template":"","meta":[],"product_brand":[1663],"product_cat":[124,185,189,1637,1674,174,191,1666,179,173,186,180,190],"product_tag":[],"class_list":{"0":"post-21811","1":"product","2":"type-product","3":"status-publish","4":"has-post-thumbnail","6":"product_brand-saimeo","7":"product_cat-vape-by-brand","8":"product_cat-10000-puffs-high-capacity","9":"product_cat-20mg-standard-nicotine-vapes","10":"product_cat-30000-puffs","11":"product_cat-eu-warehouse","12":"product_cat-fruit-flavors","13":"product_cat-rechargeable-disposables","14":"product_cat-saimeo","15":"product_cat-unique-blends","16":"product_cat-vape-by-flavor-profile","17":"product_cat-vape-by-nicotine-strength","18":"product_cat-vape-by-puff-count","19":"product_cat-vape-by-feature-or-type","21":"first","22":"instock","23":"shipping-taxable","24":"purchasable","25":"product-type-variable","26":"has-default-attributes"},"tiered_pricing_type":"percentage","tiered_pricing_fixed_rules":[],"tiered_pricing_product_settings":{"layout":"default","base_unit_name":{"singular":null,"plural":null},"default_variation":null},"tiered_pricing_minimum_quantity":10,"tiered_pricing_roles_data":[],"tiered_pricing_percentage_rules":{"30":"12.41","50":"35","100":"40","200":"44","500":"47","1000":"49"},"tiered_pricing_maximum_quantity":null,"tiered_pricing_quantity_step":"10","_links":{"self":[{"href":"https:\/\/agoravape.com\/sv\/wp-json\/wp\/v2\/product\/21811","targetHints":{"allow":["GET"]}}],"collection":[{"href":"https:\/\/agoravape.com\/sv\/wp-json\/wp\/v2\/product"}],"about":[{"href":"https:\/\/agoravape.com\/sv\/wp-json\/wp\/v2\/types\/product"}],"replies":[{"embeddable":true,"href":"https:\/\/agoravape.com\/sv\/wp-json\/wp\/v2\/comments?post=21811"}],"version-history":[{"count":1,"href":"https:\/\/agoravape.com\/sv\/wp-json\/wp\/v2\/product\/21811\/revisions"}],"predecessor-version":[{"id":29873,"href":"https:\/\/agoravape.com\/sv\/wp-json\/wp\/v2\/product\/21811\/revisions\/29873"}],"wp:featuredmedia":[{"embeddable":true,"href":"https:\/\/agoravape.com\/sv\/wp-json\/wp\/v2\/media\/21832"}],"wp:attachment":[{"href":"https:\/\/agoravape.com\/sv\/wp-json\/wp\/v2\/media?parent=21811"}],"wp:term":[{"taxonomy":"product_brand","embeddable":true,"href":"https:\/\/agoravape.com\/sv\/wp-json\/wp\/v2\/product_brand?post=21811"},{"taxonomy":"product_cat","embeddable":true,"href":"https:\/\/agoravape.com\/sv\/wp-json\/wp\/v2\/product_cat?post=21811"},{"taxonomy":"product_tag","embeddable":true,"href":"https:\/\/agoravape.com\/sv\/wp-json\/wp\/v2\/product_tag?post=21811"}],"curies":[{"name":"wp","href":"https:\/\/api.w.org\/{rel}","templated":true}]}}