{"id":21870,"date":"2026-01-18T22:03:21","date_gmt":"2026-01-18T14:03:21","guid":{"rendered":"https:\/\/agoravape.com\/?post_type=product&#038;p=21870"},"modified":"2026-04-12T10:39:07","modified_gmt":"2026-04-12T08:39:07","slug":"saimeo-humo-azul-24k-24000-puffar","status":"publish","type":"product","link":"https:\/\/agoravape.com\/sv\/product\/saimeo-humo-azul-24k-24000-puffs\/","title":{"rendered":"Saimeo Humo AZUL 24k 24000 Puffs Mesh Coil Vape | L\u00e5ngvarig smak, mindre kr\u00e5ngel"},"content":{"rendered":"<h2 data-v-md-heading=\"what-is-saimeo-humo-azul-24k-24000-mouth-mesh-atomizer-core-vape\" data-v-md-line=\"3\"><\/h2>\n<h2 data-v-md-heading=\"what-is-saimeo-humo-azul-24k-24000-mouth-mesh-atomizer-core-vape\" data-v-md-line=\"3\">Vad \u00e4r Saimeo Humo AZUL 24k 24000 mouth mesh atomizer core vape?<\/h2>\n<p data-v-md-line=\"5\">Om du \u00e4r tr\u00f6tt p\u00e5 eng\u00e5ngsvapor som k\u00e4nns \"inte bra\" efter bara n\u00e5gra dagars anv\u00e4ndning, d\u00e5 \u00e4r den h\u00e4r produkten mer l\u00e4mplig f\u00f6r dig. Saimeo Humo AZUL 24k \u00e4r designad f\u00f6r l\u00e5ngvarig anv\u00e4ndning, med en sugkapacitet p\u00e5 upp till 24000 portar, och har en laddningsbar design, s\u00e5 att du inte beh\u00f6ver kasta bort den bara f\u00f6r att batteriet tar slut.<\/p>\n<p data-v-md-line=\"7\">Du kanske tycker att en enhet med en kapacitet p\u00e5 24k skulle vara som en klumpig tegelsten. Men n\u00e4r den h\u00e5lls i handen \u00e4r den f\u00f6rv\u00e5nansv\u00e4rt l\u00e4tt. F\u00f6r dig som vill ha en stabil och p\u00e5litlig daglig vape utan att beh\u00f6va oroa dig f\u00f6r att byta patron, f\u00f6r\u00e5ngare eller e-v\u00e4tskeflaska \u00e4r den h\u00e4r produkten det perfekta valet.<\/p>\n<h2 data-v-md-heading=\"excellent-performance-and-easy-operation\" data-v-md-line=\"9\">Utm\u00e4rkt prestanda och enkel anv\u00e4ndning<\/h2>\n<p data-v-md-line=\"11\">Saimeo anv\u00e4nder mesh-spiraler, vilket inneb\u00e4r att smaken \u00f6verf\u00f6rs j\u00e4mnare. I praktisk erfarenhet inneb\u00e4r detta en mindre \"tr\u00e5kig\" smak och en genomg\u00e5ende mild smak under anv\u00e4ndning.<\/p>\n<p data-v-md-line=\"13\">N\u00e4r batteriet \u00e4r l\u00e5gt laddar du det helt enkelt. Enkelt och bekv\u00e4mt. Produktinformationen bekr\u00e4ftar att den \u00e4r laddningsbar, men den specificerar inte den specifika gr\u00e4nssnittstypen (t.ex. USB-C), s\u00e5 jag kan inte gissa. Kort sagt, nyckeln \u00e4r att den kan forts\u00e4tta anv\u00e4ndas efter laddning.<\/p>\n<h2 data-v-md-heading=\"quick-specifications\" data-v-md-line=\"15\">Snabba specifikationer<\/h2>\n<ul data-v-md-line=\"16\">\n<li>R\u00f6kfrekvens: upp till 24000<\/li>\n<li>Nikotinhalt: 2 % nikotinsalt<\/li>\n<li>Anv\u00e4ndning: Inhalationsaktivering<\/li>\n<li>Laddningsmetod: Uppladdningsbar (laddningsgr\u00e4nssnittstyp ej specificerad)<\/li>\n<li>Status: Klar att anv\u00e4nda direkt ur l\u00e5dan<\/li>\n<li>Utrustningsstorlek: 135 41,5 41,5 millimeter<\/li>\n<li>Version: Standardversion och rosa version<\/li>\n<\/ul>\n<h2 data-v-md-heading=\"complete-flavor-lineup\" data-v-md-line=\"24\">Komplett smakutbud<\/h2>\n<ul data-v-md-line=\"25\">\n<li>Persikois<\/li>\n<li>Bl\u00e5 isbanan<\/li>\n<li>Druvis<\/li>\n<li>Honungsdew-is<\/li>\n<li>Jordgubb, vattenmelon, druva<\/li>\n<li>Blackberry dragon fruit<\/li>\n<li>Bl\u00e5b\u00e4r drakfrukt<\/li>\n<li>Bl\u00e5b\u00e4rs- och hallongis<\/li>\n<li>Citron och lime<\/li>\n<li>Vattenmelonis<\/li>\n<li>Smak av jordgubb, tranb\u00e4r, k\u00f6rsb\u00e4r<\/li>\n<li>Smak av druvor och b\u00e4r<\/li>\n<li>Smak av passionsfrukt, kiwi och guava<\/li>\n<\/ul>\n<h2 data-v-md-heading=\"suitable-for-you-and-your-business\" data-v-md-line=\"39\">L\u00e4mplig f\u00f6r dig och ditt f\u00f6retag<\/h2>\n<p data-v-md-line=\"41\">Saimeo Humo AZUL 24k kan k\u00f6pas direkt som en detaljhandelsprodukt och \u00e4r \u00e4ven l\u00e4mplig f\u00f6r butiker som vill erbjuda kunderna produkter med h\u00f6g returprocent.<\/p>\n<p data-v-md-line=\"43\">N\u00e4r det g\u00e4ller grossistf\u00f6rs\u00e4ljning \u00e4r f\u00f6rpackningen enkel och l\u00e4tt att anv\u00e4nda: 10 stycken per f\u00f6rpackning, 200 stycken per l\u00e5da. Om du k\u00f6per f\u00f6r \u00e5terf\u00f6rs\u00e4ljning \u00e4r denna f\u00f6rpackningsspecifikation praktisk f\u00f6r f\u00f6rvaring och l\u00e4tt att r\u00e4kna in och ut.<\/p>\n<h2 data-v-md-heading=\"the-reason-why-you-will-like-it\" data-v-md-line=\"45\">Anledningen till att du kommer att gilla det<\/h2>\n<ul data-v-md-line=\"46\">\n<li>L\u00e5ng batteritid: H\u00e5llbar och l\u00e5ngvarig, inget behov av frekvent byte.<\/li>\n<li>2% nikotinsalt: L\u00e4mplig f\u00f6r den vanliga koncentrationen som anv\u00e4nds av de flesta dagliga vape-anv\u00e4ndare.<\/li>\n<li>Laddningsbar: g\u00f6r att du kan anv\u00e4nda upp enheten ordentligt ist\u00e4llet f\u00f6r att sl\u00e4nga den f\u00f6r tidigt. N\u00e4tspiral: S\u00e4kerst\u00e4ller en j\u00e4mn smak fr\u00e5n b\u00f6rjan till slut.<\/li>\n<\/ul>\n<h2 data-v-md-heading=\"why-choose-to-collaborate-with-agoravape\" data-v-md-line=\"50\">Varf\u00f6r v\u00e4lja att samarbeta med AgoraVape?<\/h2>\n<p data-v-md-line=\"52\">AgoraVape f\u00f6ljer en enkel princip: Vi s\u00e4ljer endast \u00e4kta produkter. Detta \u00e4r s\u00e4rskilt viktigt inom omr\u00e5det f\u00f6r stora vape-munnar d\u00e4r f\u00f6rfalskade produkter st\u00e4ndigt dyker upp. Om du k\u00f6per \u00e5t kunder beh\u00f6ver du p\u00e5litliga produkter.<\/p>\n<p data-v-md-line=\"54\">F\u00f6r f\u00f6retagskunder f\u00e5r du \u00e4ven kraftfulla grossistalternativ, snabb teknisk support och smidig logistikleverans inom hela Europa. Vill du k\u00f6pa Saimeo Humo AZUL 24k 24000 mesh coil vapes? Kontakta oss s\u00e5 ordnar vi orderkvantitet och leveransplan \u00e5t dig.<\/p>","protected":false},"excerpt":{"rendered":"<p>Vad \u00e4r Saimeo Humo AZUL 24k 24000 mun mesh atomizer core vape? Om du \u00e4r tr\u00f6tt p\u00e5 eng\u00e5ngsvapor som<\/p>","protected":false},"featured_media":0,"comment_status":"open","ping_status":"closed","template":"","meta":[],"product_brand":[1663],"product_cat":[124,185,189,174,191,1666,179,173,186,180,190],"product_tag":[],"class_list":{"0":"post-21870","1":"product","2":"type-product","3":"status-publish","5":"product_brand-saimeo","6":"product_cat-vape-by-brand","7":"product_cat-10000-puffs-high-capacity","8":"product_cat-20mg-standard-nicotine-vapes","9":"product_cat-fruit-flavors","10":"product_cat-rechargeable-disposables","11":"product_cat-saimeo","12":"product_cat-unique-blends","13":"product_cat-vape-by-flavor-profile","14":"product_cat-vape-by-nicotine-strength","15":"product_cat-vape-by-puff-count","16":"product_cat-vape-by-feature-or-type","18":"first","19":"outofstock","20":"shipping-taxable","21":"purchasable","22":"product-type-variable","23":"has-default-attributes"},"tiered_pricing_type":"percentage","tiered_pricing_fixed_rules":[],"tiered_pricing_product_settings":{"layout":"default","base_unit_name":{"singular":null,"plural":null},"default_variation":null},"tiered_pricing_minimum_quantity":10,"tiered_pricing_roles_data":[],"tiered_pricing_percentage_rules":{"30":"29","50":"35","100":"40","200":"44","500":"47","1000":"49"},"tiered_pricing_maximum_quantity":null,"tiered_pricing_quantity_step":"10","_links":{"self":[{"href":"https:\/\/agoravape.com\/sv\/wp-json\/wp\/v2\/product\/21870","targetHints":{"allow":["GET"]}}],"collection":[{"href":"https:\/\/agoravape.com\/sv\/wp-json\/wp\/v2\/product"}],"about":[{"href":"https:\/\/agoravape.com\/sv\/wp-json\/wp\/v2\/types\/product"}],"replies":[{"embeddable":true,"href":"https:\/\/agoravape.com\/sv\/wp-json\/wp\/v2\/comments?post=21870"}],"version-history":[{"count":1,"href":"https:\/\/agoravape.com\/sv\/wp-json\/wp\/v2\/product\/21870\/revisions"}],"predecessor-version":[{"id":29865,"href":"https:\/\/agoravape.com\/sv\/wp-json\/wp\/v2\/product\/21870\/revisions\/29865"}],"wp:attachment":[{"href":"https:\/\/agoravape.com\/sv\/wp-json\/wp\/v2\/media?parent=21870"}],"wp:term":[{"taxonomy":"product_brand","embeddable":true,"href":"https:\/\/agoravape.com\/sv\/wp-json\/wp\/v2\/product_brand?post=21870"},{"taxonomy":"product_cat","embeddable":true,"href":"https:\/\/agoravape.com\/sv\/wp-json\/wp\/v2\/product_cat?post=21870"},{"taxonomy":"product_tag","embeddable":true,"href":"https:\/\/agoravape.com\/sv\/wp-json\/wp\/v2\/product_tag?post=21870"}],"curies":[{"name":"wp","href":"https:\/\/api.w.org\/{rel}","templated":true}]}}