{"id":21948,"date":"2026-01-18T22:32:15","date_gmt":"2026-01-18T14:32:15","guid":{"rendered":"https:\/\/agoravape.com\/?post_type=product&#038;p=21948"},"modified":"2026-03-10T07:11:12","modified_gmt":"2026-03-10T06:11:12","slug":"saimeo-humo-azul-limited-15k-15000-puffar","status":"publish","type":"product","link":"https:\/\/agoravape.com\/sv\/product\/saimeo-humo-azul-limited-15k-15000-puffs\/","title":{"rendered":"Saimeo Humo AZUL Limited 15k 15000 Puffs Vape | L\u00e5ngvarig smak, Enkel"},"content":{"rendered":"<h2 data-v-md-heading=\"what-is-saimeo-humo-azul-limited-s-15k-15000-pack-vape\" data-v-md-line=\"3\"><\/h2>\n<h2 data-v-md-heading=\"what-is-saimeo-humo-azul-limited-s-15k-15000-pack-vape\" data-v-md-line=\"3\"><\/h2>\n<h2 data-v-md-heading=\"what-is-saimeo-humo-azul-limited-s-15k-15000-pack-vape\" data-v-md-line=\"3\"><\/h2>\n<h2 data-v-md-heading=\"what-is-saimeo-humo-azul-limited-s-15k-15000-pack-vape\" data-v-md-line=\"3\">Vad \u00e4r Saimeo Humo AZUL Limiteds 15k 15000-pack vape?<\/h2>\n<p data-v-md-line=\"5\">Om du \u00e4r tr\u00f6tt p\u00e5 eng\u00e5ngsvapor som f\u00e5r slut p\u00e5 batteri i b\u00f6rjan, d\u00e5 \u00e4r Saimeo Humo AZUL Limited 15k definitivt ditt perfekta val. Den har en batteritid p\u00e5 upp till 15 000 enheter, vilket g\u00f6r att du slipper frekventa enhetsbyten eller att stressa med att k\u00f6pa nya vaporer under veckan.<\/p>\n<p data-v-md-line=\"7\">Detta \u00e4r en verkligt \"f\u00e4rdig att anv\u00e4nda\" vape. Inga knappar, inga inst\u00e4llningar, inga tr\u00e5kiga operationer kr\u00e4vs. Bara inhalera och njut av en stabil och v\u00e4lbekant inhalationsupplevelse, perfekt f\u00f6r daglig anv\u00e4ndning.<\/p>\n<h2 data-v-md-heading=\"excellent-performance-and-easy-operation\" data-v-md-line=\"9\">Utm\u00e4rkt prestanda och enkel anv\u00e4ndning<\/h2>\n<p data-v-md-line=\"11\">Saimeos designfilosofi \u00e4r enkel och tydlig: detta \u00e4r en inhalationsaktiverad eng\u00e5ngsvape designad f\u00f6r att bibeh\u00e5lla stabil prestanda, s\u00e4rskilt l\u00e4mplig f\u00f6r kontinuerlig anv\u00e4ndning. \u00c4ven om du kanske k\u00e4nner att enheten f\u00f6r 15 000 dollar skulle vara lika tung som en tegelsten i fickan, g\u00f6r AZUL Limiteds exteri\u00f6rdesign den bekv\u00e4m att h\u00e5lla och k\u00e4nns inte klumpig.<\/p>\n<h2 data-v-md-heading=\"quick-specifications\" data-v-md-line=\"13\">Snabba specifikationer<\/h2>\n<ul data-v-md-line=\"14\">\n<li>R\u00f6kfrekvens: upp till 15000 bloss<\/li>\n<li>Nikotinhalt: 2 % nikotinsalt<\/li>\n<li>Anv\u00e4ndning: Andas bara in f\u00f6r att aktivera<\/li>\n<li>Laddningsmetod: Ej specificerad (se produktinformation\/bilder eller kontakta v\u00e5rt team f\u00f6r bekr\u00e4ftelse)<\/li>\n<li>Produktstatus: Klar att anv\u00e4nda vid uppackning<\/li>\n<li>Utrustningsstorlek: 135 41,5 41,5 millimeter<\/li>\n<li>F\u00f6rpackningsspecifikationer: 10 stycken per f\u00f6rpackning<\/li>\n<li>F\u00f6rpackningsspecifikationer: 200 stycken per l\u00e5da<\/li>\n<\/ul>\n<h2 data-v-md-heading=\"complete-flavor-lineup\" data-v-md-line=\"23\">Komplett smakutbud<\/h2>\n<ul data-v-md-line=\"24\">\n<li>Blueberries and Lemons<\/li>\n<li>Druvis<\/li>\n<li>Honungspersika<\/li>\n<li>Kvinnlig l\u00f6nnm\u00f6rdare<\/li>\n<li>K\u00e4rlek - Honungsmelonb\u00e4r<\/li>\n<li>Blandade b\u00e4r<\/li>\n<li>Passionsfrukt och kiwifrukt<\/li>\n<li>Regnb\u00e5gsgodis<\/li>\n<li>Absolut nollpunkt<\/li>\n<li>Hawaii<\/li>\n<li>Citron och lime<\/li>\n<li>Persikab\u00e4r<\/li>\n<li>Vit persika hallon<\/li>\n<\/ul>\n<h2 data-v-md-heading=\"tailored-for-you-and-your-business\" data-v-md-line=\"38\">Skr\u00e4ddarsytt f\u00f6r dig och ditt f\u00f6retag<\/h2>\n<p data-v-md-line=\"40\">Om du vill ha h\u00e5llbara produkter \u00e4r dessa produkter l\u00e4mpliga f\u00f6r personligt bruk. Om du k\u00f6per f\u00f6r \u00e5terf\u00f6rs\u00e4ljning g\u00f6r Saimeo din lagerhantering enklare: 10 enheter per f\u00f6rpackning, 200 enheter per kartong. Denna typ av f\u00f6rpackning \u00e4r praktisk f\u00f6r hyllplanering och l\u00e5ter dig ocks\u00e5 snabbt s\u00e4lja olika smaker.<\/p>\n<p data-v-md-line=\"42\">AgoraVape fokuserar p\u00e5 smidig europeisk logistikleverans. Vi samarbetar med betrodda logistikpartners som UPS, DPD och DHL och erbjuder verkligt effektiv kundsupport. Om du beh\u00f6ver hj\u00e4lp med att matcha smak med marknadens efterfr\u00e5gan kommer vi att vara \u00e4rliga mot dig.<\/p>\n<h2 data-v-md-heading=\"reasons-why-you-will-like-it\" data-v-md-line=\"44\">Anledningar till varf\u00f6r du kommer att gilla det<\/h2>\n<ul data-v-md-line=\"45\">\n<li>Extra l\u00e5ng sugport: g\u00f6r att du kan anv\u00e4nda den kontinuerligt under en l\u00e4ngre tid, vilket minskar frekvensen av enhetsbyte.<\/li>\n<li>2 % nikotinsalt: Om du f\u00f6redrar en m\u00e5ttlig nikotinkoncentration \u00e4r detta ett tydligt och enkelt val.<\/li>\n<li>Inhalationsaktivering: Ingen knapp beh\u00f6vs. Lyft upp den och sug.<\/li>\n<li>Rikt smakutbud: Hitta enkelt flera popul\u00e4ra smaker f\u00f6r enkel rotation eller \u00e5terf\u00f6rs\u00e4ljning.<\/li>\n<\/ul>\n<h2 data-v-md-heading=\"why-choose-to-collaborate-with-agoravape\" data-v-md-line=\"50\">Varf\u00f6r v\u00e4lja att samarbeta med AgoraVape?<\/h2>\n<p data-v-md-line=\"52\">Vi s\u00e4ljer endast 100 % \u00e4kta varor, utan falskhet. Om du \u00e4r en f\u00f6retagskunder kan du ocks\u00e5 f\u00e5 kraftfulla grossistalternativ, snabb teknisk support och snabba och p\u00e5litliga leveranstj\u00e4nster inom EU f\u00f6r Saimeo Humo AZUL Limited 15k 15000 vapes. Vill du handla klokt? Kontakta oss s\u00e5 hj\u00e4lper vi dig att v\u00e4lja popul\u00e4ra smaker.<\/p>","protected":false},"excerpt":{"rendered":"<p>Vad \u00e4r Saimeo Humo AZUL Limited's 15k 15000 pack vape? Om du \u00e4r tr\u00f6tt p\u00e5 eng\u00e5ngsvapor som tar slut<\/p>","protected":false},"featured_media":0,"comment_status":"open","ping_status":"closed","template":"","meta":[],"product_brand":[1663],"product_cat":[124,185,1635,189,174,191,1666,179,173,186,180,190],"product_tag":[],"class_list":{"0":"post-21948","1":"product","2":"type-product","3":"status-publish","5":"product_brand-saimeo","6":"product_cat-vape-by-brand","7":"product_cat-10000-puffs-high-capacity","8":"product_cat-15000-puffs","9":"product_cat-20mg-standard-nicotine-vapes","10":"product_cat-fruit-flavors","11":"product_cat-rechargeable-disposables","12":"product_cat-saimeo","13":"product_cat-unique-blends","14":"product_cat-vape-by-flavor-profile","15":"product_cat-vape-by-nicotine-strength","16":"product_cat-vape-by-puff-count","17":"product_cat-vape-by-feature-or-type","19":"first","20":"outofstock","21":"shipping-taxable","22":"purchasable","23":"product-type-variable","24":"has-default-attributes"},"tiered_pricing_type":"percentage","tiered_pricing_fixed_rules":[],"tiered_pricing_product_settings":{"layout":"default","base_unit_name":{"singular":null,"plural":null},"default_variation":null},"tiered_pricing_minimum_quantity":10,"tiered_pricing_roles_data":[],"tiered_pricing_percentage_rules":{"30":"29","50":"35","100":"40","200":"44","500":"47","1000":"49"},"tiered_pricing_maximum_quantity":null,"tiered_pricing_quantity_step":"10","_links":{"self":[{"href":"https:\/\/agoravape.com\/sv\/wp-json\/wp\/v2\/product\/21948","targetHints":{"allow":["GET"]}}],"collection":[{"href":"https:\/\/agoravape.com\/sv\/wp-json\/wp\/v2\/product"}],"about":[{"href":"https:\/\/agoravape.com\/sv\/wp-json\/wp\/v2\/types\/product"}],"replies":[{"embeddable":true,"href":"https:\/\/agoravape.com\/sv\/wp-json\/wp\/v2\/comments?post=21948"}],"version-history":[{"count":0,"href":"https:\/\/agoravape.com\/sv\/wp-json\/wp\/v2\/product\/21948\/revisions"}],"wp:attachment":[{"href":"https:\/\/agoravape.com\/sv\/wp-json\/wp\/v2\/media?parent=21948"}],"wp:term":[{"taxonomy":"product_brand","embeddable":true,"href":"https:\/\/agoravape.com\/sv\/wp-json\/wp\/v2\/product_brand?post=21948"},{"taxonomy":"product_cat","embeddable":true,"href":"https:\/\/agoravape.com\/sv\/wp-json\/wp\/v2\/product_cat?post=21948"},{"taxonomy":"product_tag","embeddable":true,"href":"https:\/\/agoravape.com\/sv\/wp-json\/wp\/v2\/product_tag?post=21948"}],"curies":[{"name":"wp","href":"https:\/\/api.w.org\/{rel}","templated":true}]}}