{"id":21993,"date":"2026-01-18T22:45:15","date_gmt":"2026-01-18T14:45:15","guid":{"rendered":"https:\/\/agoravape.com\/?post_type=product&#038;p=21993"},"modified":"2026-03-26T13:22:25","modified_gmt":"2026-03-26T12:22:25","slug":"saimeo-humo-fodral-iphone-16-pro-30000","status":"publish","type":"product","link":"https:\/\/agoravape.com\/sv\/product\/saimeo-humo-case-iphone-16-pro-30000\/","title":{"rendered":"Saimeo Humo-skal till iPhone 16 Pro, 30 000 bloss | Stort antal bloss, enkel vardagsanv\u00e4ndning"},"content":{"rendered":"<h2 data-v-md-heading=\"what-is-the-special-feature-of-saimeo-humo-case-iphone-16-pro-30k-30000-port\" data-v-md-line=\"3\"><img loading=\"lazy\" decoding=\"async\" class=\"size-full wp-image-22100 alignright\" src=\"https:\/\/agoravape.com\/wp-content\/uploads\/2026\/01\/Saimeo-Humo-Case-30k-30000-Puffs-iPhone-Series-Vape-Big-Puff-Convenience-in-a-Pocketable-Shape_Agora_vape-15.webp\" alt=\"\" width=\"446\" height=\"2048\" srcset=\"https:\/\/agoravape.com\/wp-content\/uploads\/2026\/01\/Saimeo-Humo-Case-30k-30000-Puffs-iPhone-Series-Vape-Big-Puff-Convenience-in-a-Pocketable-Shape_Agora_vape-15.webp 446w, https:\/\/agoravape.com\/wp-content\/uploads\/2026\/01\/Saimeo-Humo-Case-30k-30000-Puffs-iPhone-Series-Vape-Big-Puff-Convenience-in-a-Pocketable-Shape_Agora_vape-15-223x1024.webp 223w\" sizes=\"auto, (max-width: 446px) 100vw, 446px\" \/><\/h2>\n<h2 data-v-md-heading=\"what-is-the-special-feature-of-saimeo-humo-case-iphone-16-pro-30k-30000-port\" data-v-md-line=\"3\">Vad \u00e4r det speciella med Saimeo Humo-skal till iPhone 16 Pro med 30k 30000-portar?<\/h2>\n<p data-v-md-line=\"5\">Om du \u00e4r tr\u00f6tt p\u00e5 eng\u00e5ngsvapor som k\u00e4nns som att de \u00e4r \"f\u00f6rbrukade\" n\u00e4r du f\u00f6rst b\u00f6rjar anv\u00e4nda dem, d\u00e5 \u00e4r denna vaporizer designad f\u00f6r l\u00e5ngvarig anv\u00e4ndning definitivt inte att missa. Saimeo Humo-fodralet iPhone 16 Pro 30k har en batteritid p\u00e5 upp till 30 000 portar, och dess ergonomiska design garanterar ett bekv\u00e4mt grepp.<\/p>\n<p data-v-md-line=\"7\">Du kanske tycker att h\u00f6gpresterande vapes \u00e4r som en klumpig tegelsten. Men den h\u00e4r vapen har en design som liknar en mobiltelefon, med ett naturligt grepp och enkel placering i fickan eller v\u00e4skan, utan n\u00e5gon tyngd.<\/p>\n<h2 data-v-md-heading=\"excellent-performance-and-easy-operation\" data-v-md-line=\"9\">Utm\u00e4rkt prestanda och enkel anv\u00e4ndning<\/h2>\n<p data-v-md-line=\"11\">Saimeo f\u00f6ljer konceptet \"enkelhet f\u00f6rst\": ta bara en klunk och njut. Den har en n\u00e4tspiral inuti, vilket hj\u00e4lper till att bibeh\u00e5lla en stabil smak och undvika ett pl\u00f6tsligt smakfall efter en eller tv\u00e5 dagar. N\u00e4r batteriet \u00e4r l\u00e5gt kan du anv\u00e4nda Type-C-gr\u00e4nssnittet f\u00f6r laddning \u2013 den h\u00e4r typen av laddningskabel finns vanligen i de flesta hush\u00e5ll.<\/p>\n<h2 data-v-md-heading=\"quick-specifications\" data-v-md-line=\"13\">Snabba specifikationer<\/h2>\n<ul data-v-md-line=\"14\">\n<li>Antal portar: upp till 30000 portar<\/li>\n<li>e-v\u00e4tskans kapacitet: 13 milliliter<\/li>\n<li>Batteri: 680mAh (uppladdningsbart)<\/li>\n<li>Nikotinhalt: 5 %<\/li>\n<li>Anv\u00e4ndning: Andas in f\u00f6r att aktivera<\/li>\n<li>Laddningsgr\u00e4nssnitt: Typ-C-gr\u00e4nssnitt<\/li>\n<li>Status: Klar att anv\u00e4nda direkt ur l\u00e5dan<\/li>\n<li>Utrustningsstorlek: 75,8 \u00d7 21,92 \u00d7 166,66 millimeter<\/li>\n<li>Fallskyddsprestanda: Testad med ett falltest p\u00e5 10 v\u00e5ningar<\/li>\n<\/ul>\n<h2 data-v-md-heading=\"complete-flavor-lineup\" data-v-md-line=\"24\">Komplett smakutbud<\/h2>\n<ul data-v-md-line=\"25\">\n<li>Vattenmelonis<\/li>\n<li>Bl\u00e5b\u00e4rsglass<\/li>\n<li>Miami Myntverk<\/li>\n<li>Sur \u00e4ppelglass<\/li>\n<li>Trippelb\u00e4rfrukt<\/li>\n<\/ul>\n<h2 data-v-md-heading=\"tailored-for-you-and-your-business\" data-v-md-line=\"31\">Skr\u00e4ddarsytt f\u00f6r dig och ditt f\u00f6retag<\/h2>\n<p data-v-md-line=\"33\">Om du anv\u00e4nder det f\u00f6r personligt bruk kan du k\u00f6pa Saimeo Humo iPhone 16 Pro 30k-telefonfodralet separat. Om du \u00e4r grossistkund erbjuder vi \u00e4ven vackert f\u00f6rpackade grossistf\u00f6rpackningar: 5 stycken per l\u00e5da, 100 stycken per l\u00e5da.<\/p>\n<p data-v-md-line=\"35\">F\u00f6r europeiska k\u00f6pare \u00e4r vi engagerade i att erbjuda smidiga leveranstj\u00e4nster. Vi samarbetar med p\u00e5litliga partners som DHL, DPD och UPS f\u00f6r att s\u00e4kerst\u00e4lla att din best\u00e4llning levereras snabbt och stabilt utan n\u00e5gra bekymmer.<\/p>\n<h2 data-v-md-heading=\"reasons-why-you-will-like-it\" data-v-md-line=\"37\">Anledningar till varf\u00f6r du kommer att gilla det<\/h2>\n<ul data-v-md-line=\"38\">\n<li>H\u00e5llbart och l\u00e5ngvarigt: Batteriet har l\u00e4ngre livsl\u00e4ngd och kr\u00e4ver inte frekvent byte.<\/li>\n<li>Uppladdningsbart batteri: l\u00e5ter dig utnyttja den k\u00f6pta e-v\u00e4tskan fullt ut och undvika f\u00f6r tidigt avfall.<\/li>\n<li>K\u00e4rna i mesh-f\u00f6r\u00e5ngare: Fr\u00e5n f\u00f6rsta tuggan bibeh\u00e5ller den alltid en rik och mild smak.<\/li>\n<li>Inhalationsaktivering: Ingen meny kr\u00e4vs, ingen komplicerad hantering \u2013 bara plocka upp den och anv\u00e4nd den.<\/li>\n<\/ul>\n<h2 data-v-md-heading=\"why-choose-to-collaborate-with-agoravape\" data-v-md-line=\"43\">Varf\u00f6r v\u00e4lja att samarbeta med AgoraVape?<\/h2>\n<p data-v-md-line=\"45\">AgoraVape erbjuder endast 100 % \u00e4kta varor \u2013 inget lager fr\u00e5n ok\u00e4nda k\u00e4llor och inga s\u00e4mre imitationer. Om du \u00e4r en \u00e5terf\u00f6rs\u00e4ljare eller distribut\u00f6r erbjuder vi dig kraftfulla grossistl\u00f6sningar, snabb teknisk support och Saimeo Humo iPhone 16 Pro skyddsskal (30k kapacitet, 30000 portar) snabba och p\u00e5litliga leveranstj\u00e4nster inom Europa. Vill du k\u00f6pa varor? Kontakta oss s\u00e5 hittar vi den b\u00e4sta upphandlingsl\u00f6sningen f\u00f6r dig baserat p\u00e5 dina behov.<\/p>","protected":false},"excerpt":{"rendered":"<p>Vad \u00e4r det speciella med Saimeo Humo Case iPhone 16 Pro 30k 30000 port? Om du \u00e4r tr\u00f6tt p\u00e5 eng\u00e5ngs<\/p>","protected":false},"featured_media":22103,"comment_status":"open","ping_status":"closed","template":"","meta":[],"product_brand":[1663],"product_cat":[124,185,189,1637,174,191,1666,179,173,186,180,190],"product_tag":[],"class_list":{"0":"post-21993","1":"product","2":"type-product","3":"status-publish","4":"has-post-thumbnail","6":"product_brand-saimeo","7":"product_cat-vape-by-brand","8":"product_cat-10000-puffs-high-capacity","9":"product_cat-20mg-standard-nicotine-vapes","10":"product_cat-30000-puffs","11":"product_cat-fruit-flavors","12":"product_cat-rechargeable-disposables","13":"product_cat-saimeo","14":"product_cat-unique-blends","15":"product_cat-vape-by-flavor-profile","16":"product_cat-vape-by-nicotine-strength","17":"product_cat-vape-by-puff-count","18":"product_cat-vape-by-feature-or-type","20":"first","21":"instock","22":"shipping-taxable","23":"purchasable","24":"product-type-variable","25":"has-default-attributes"},"tiered_pricing_type":"percentage","tiered_pricing_fixed_rules":[],"tiered_pricing_product_settings":{"layout":"default","base_unit_name":{"singular":null,"plural":null},"default_variation":null},"tiered_pricing_minimum_quantity":10,"tiered_pricing_roles_data":[],"tiered_pricing_percentage_rules":{"30":"29","50":"35","100":"40","200":"44","500":"47","1000":"49"},"tiered_pricing_maximum_quantity":null,"tiered_pricing_quantity_step":"10","_links":{"self":[{"href":"https:\/\/agoravape.com\/sv\/wp-json\/wp\/v2\/product\/21993","targetHints":{"allow":["GET"]}}],"collection":[{"href":"https:\/\/agoravape.com\/sv\/wp-json\/wp\/v2\/product"}],"about":[{"href":"https:\/\/agoravape.com\/sv\/wp-json\/wp\/v2\/types\/product"}],"replies":[{"embeddable":true,"href":"https:\/\/agoravape.com\/sv\/wp-json\/wp\/v2\/comments?post=21993"}],"version-history":[{"count":0,"href":"https:\/\/agoravape.com\/sv\/wp-json\/wp\/v2\/product\/21993\/revisions"}],"wp:featuredmedia":[{"embeddable":true,"href":"https:\/\/agoravape.com\/sv\/wp-json\/wp\/v2\/media\/22103"}],"wp:attachment":[{"href":"https:\/\/agoravape.com\/sv\/wp-json\/wp\/v2\/media?parent=21993"}],"wp:term":[{"taxonomy":"product_brand","embeddable":true,"href":"https:\/\/agoravape.com\/sv\/wp-json\/wp\/v2\/product_brand?post=21993"},{"taxonomy":"product_cat","embeddable":true,"href":"https:\/\/agoravape.com\/sv\/wp-json\/wp\/v2\/product_cat?post=21993"},{"taxonomy":"product_tag","embeddable":true,"href":"https:\/\/agoravape.com\/sv\/wp-json\/wp\/v2\/product_tag?post=21993"}],"curies":[{"name":"wp","href":"https:\/\/api.w.org\/{rel}","templated":true}]}}