{"id":23780,"date":"2026-01-25T14:06:41","date_gmt":"2026-01-25T06:06:41","guid":{"rendered":"https:\/\/agoravape.com\/?post_type=product&#038;p=23780"},"modified":"2026-03-26T13:22:25","modified_gmt":"2026-03-26T12:22:25","slug":"saimeo-humo-fodral-iphone-16-30000-puffar","status":"publish","type":"product","link":"https:\/\/agoravape.com\/sv\/product\/saimeo-humo-case-iphone-16-30000-puffs\/","title":{"rendered":"Saimeo Humo-skal iPhone 16 30k (30000 puffar) Vape | Stort antal puffar, fickv\u00e4nlig form"},"content":{"rendered":"<h2 data-v-md-heading=\"what-is-the-special-feature-of-saimeo-humo-case-iphone-16-30k-30000-pack-vape\" data-v-md-line=\"3\">Vad \u00e4r det speciella med Saimeo Humo-fodral till iPhone 16 30k vape, 30000-pack?<\/h2>\n<p data-v-md-line=\"5\">Om du \u00e4r tr\u00f6tt p\u00e5 eng\u00e5ngsvapor som inte har en cigarett n\u00e4r du f\u00f6rst b\u00f6rjar njuta av dem, d\u00e5 \u00e4r den h\u00e4r produkten definitivt ditt perfekta val. Saimeo Humo-fodralet f\u00f6r iPhone 16 30k \u00e4r designat f\u00f6r l\u00e5ngvarig anv\u00e4ndning, med en batteritid p\u00e5 upp till 30 000 portar och utrustat med ett laddningsbart batteri, s\u00e5 att du verkligen kan uppleva den \u00e5terst\u00e5ende m\u00e4ngden e-v\u00e4tska.<\/p>\n<p data-v-md-line=\"7\">Du kanske tror att en vape med s\u00e5 l\u00e5ng batteritid skulle vara lika klumpig som en tegelsten, men dess utseende \u00e4r som ett tunt \"telefonfodral\". F\u00f6r alla anv\u00e4ndare som vill ha en p\u00e5litlig, b\u00e4rbar och l\u00e4ttanv\u00e4nd vape \u00e4r detta ett enkelt och anv\u00e4ndarv\u00e4nligt val.<\/p>\n<h2 data-v-md-heading=\"excellent-performance-and-easy-operation\" data-v-md-line=\"9\">Utm\u00e4rkt prestanda och enkel anv\u00e4ndning<\/h2>\n<p data-v-md-line=\"11\">Saimeos designfilosofi \u00e4r mycket enkel: andas bara in f\u00f6r att aktivera. N\u00e4r batteriet \u00e4r urladdat kan det laddas via Type-C-gr\u00e4nssnittet, vilket inneb\u00e4r att du kan anv\u00e4nda samma laddningskabel som kanske redan finns tillg\u00e4nglig hemma.<\/p>\n<p data-v-md-line=\"13\">Den har \u00e4ven fallskyddsfunktion (testad f\u00f6r att motst\u00e5 fall upp till 10 v\u00e5ningar). Livet m\u00f6ter oundvikligen ov\u00e4ntade situationer, och den h\u00e4r produkten \u00e4r tydligt utformad med detta i \u00e5tanke.<\/p>\n<h2 data-v-md-heading=\"quick-specifications\" data-v-md-line=\"15\">Snabba specifikationer<\/h2>\n<ul data-v-md-line=\"16\">\n<li>R\u00f6kfrekvens: upp till 30 000 bloss<\/li>\n<li>e-v\u00e4tskans kapacitet: 13 milliliter<\/li>\n<li>Batterikapacitet: 680mAh (uppladdningsbar)<\/li>\n<li>Nikotinhalt: 5 %<\/li>\n<li>Anv\u00e4ndning: Andas in f\u00f6r att aktivera<\/li>\n<li>Laddningsgr\u00e4nssnitt: Typ-C<\/li>\n<li>Storlek: 75,8 \u00d7 21,92 \u00d7 166,66 millimeter<\/li>\n<li>Status: Klar att anv\u00e4nda direkt ur l\u00e5dan<\/li>\n<\/ul>\n<h2 data-v-md-heading=\"complete-flavor-lineup\" data-v-md-line=\"25\">Komplett smakutbud<\/h2>\n<ul data-v-md-line=\"26\">\n<li>Vattenmelonis<\/li>\n<li>Bl\u00e5b\u00e4rsglass<\/li>\n<li>Miami Myntverk<\/li>\n<li>Sur \u00e4ppelglass<\/li>\n<li>Triple Berry<\/li>\n<\/ul>\n<h2 data-v-md-heading=\"tailored-for-you-and-your-business\" data-v-md-line=\"32\">Skr\u00e4ddarsytt f\u00f6r dig och ditt f\u00f6retag<\/h2>\n<p data-v-md-line=\"34\">Du kan k\u00f6pa Saimeo Humo iPhone 16-fodralet f\u00f6r 30 000 yuan per enhet, men om du handlar i detaljhandeln \u00e4r f\u00f6rpackningen \u00e4ven l\u00e4mplig f\u00f6r grossistf\u00f6rs\u00e4ljning. 5 stycken per l\u00e5da, 100 stycken per l\u00e5da.<\/p>\n<p data-v-md-line=\"36\">Vi arbetar hand i hand med p\u00e5litliga logistikpartners f\u00f6r att erbjuda smidiga leveranstj\u00e4nster f\u00f6r europeiska kunder, vilket befriar dig fr\u00e5n besv\u00e4ret med \"var \u00e4r mitt paket? Varf\u00f6r m\u00e5ste ni klarera tullen?\". Om du \u00e4r f\u00f6retagskund bekr\u00e4ftar vi den l\u00e4mpligaste transportl\u00f6sningen f\u00f6r ditt land\/din region i kassan eller genom v\u00e5r s\u00e4ljavdelning.<\/p>\n<h2 data-v-md-heading=\"reasons-why-you-will-like-it\" data-v-md-line=\"38\">Anledningar till varf\u00f6r du kommer att gilla det<\/h2>\n<ul data-v-md-line=\"39\">\n<li>H\u00e5llbar och l\u00e5ngvarig: Minska antalet byten, minimera problem och s\u00e4kerst\u00e4ll en mer stabil upplevelse varje dag.<\/li>\n<li>Uppladdningsbart batteri: Hj\u00e4lper dig att utnyttja e-v\u00e4tskan fullt ut och undvika f\u00f6r tidig kassering.<\/li>\n<li>Enkelt sugmotst\u00e5nd: Inget behov av knappar, inget behov av att l\u00e4ra sig, det \u00e4r enkelt att anv\u00e4nda.<\/li>\n<li>Fallskyddsdesign: Den \u00e4r mer l\u00e4mplig att placera i fickor eller v\u00e4skor, vilket g\u00f6r den bekv\u00e4m f\u00f6r dig att anv\u00e4nda n\u00e4r som helst och var som helst.<\/li>\n<\/ul>\n<h2 data-v-md-heading=\"why-choose-to-collaborate-with-agoravape\" data-v-md-line=\"44\">Varf\u00f6r v\u00e4lja att samarbeta med AgoraVape?<\/h2>\n<p data-v-md-line=\"46\">AgoraVape insisterar p\u00e5 att erbjuda 100 % \u00e4kta varor och s\u00e4kerst\u00e4lla en tydlig och transparent upphandlingsprocess med adekvat support. Om du \u00e4r en f\u00f6retagskund erbjuder vi dig mycket konkurrenskraftiga grossistl\u00f6sningar, p\u00e5litliga kommunikationskanaler och logistiktj\u00e4nster skr\u00e4ddarsydda f\u00f6r europeiska k\u00f6pare som v\u00e4rdes\u00e4tter snabbhet och f\u00f6ruts\u00e4gbarhet. Vill du k\u00f6pa Saimeo Humo iPhone 16-skal (30k)? Kontakta oss s\u00e5 ordnar vi l\u00e4mplig kvantitet och leveransplan \u00e5t dig.<\/p>","protected":false},"excerpt":{"rendered":"<p>Vad \u00e4r den speciella egenskapen hos Saimeo Humo Case iPhone 16 30k 30000 pack vape? Om du \u00e4r tr\u00f6tt p\u00e5 eng\u00e5ngsbruk<\/p>","protected":false},"featured_media":22104,"comment_status":"open","ping_status":"closed","template":"","meta":[],"product_brand":[1663],"product_cat":[124,185,189,1637,174,191,1666,179,173,186,180,190],"product_tag":[],"class_list":{"0":"post-23780","1":"product","2":"type-product","3":"status-publish","4":"has-post-thumbnail","6":"product_brand-saimeo","7":"product_cat-vape-by-brand","8":"product_cat-10000-puffs-high-capacity","9":"product_cat-20mg-standard-nicotine-vapes","10":"product_cat-30000-puffs","11":"product_cat-fruit-flavors","12":"product_cat-rechargeable-disposables","13":"product_cat-saimeo","14":"product_cat-unique-blends","15":"product_cat-vape-by-flavor-profile","16":"product_cat-vape-by-nicotine-strength","17":"product_cat-vape-by-puff-count","18":"product_cat-vape-by-feature-or-type","20":"first","21":"instock","22":"shipping-taxable","23":"purchasable","24":"product-type-variable","25":"has-default-attributes"},"tiered_pricing_type":"percentage","tiered_pricing_fixed_rules":[],"tiered_pricing_product_settings":{"layout":"default","base_unit_name":{"singular":null,"plural":null},"default_variation":null},"tiered_pricing_minimum_quantity":10,"tiered_pricing_roles_data":[],"tiered_pricing_percentage_rules":{"30":"29","50":"35","100":"40","200":"44","500":"47","1000":"49"},"tiered_pricing_maximum_quantity":null,"tiered_pricing_quantity_step":"10","_links":{"self":[{"href":"https:\/\/agoravape.com\/sv\/wp-json\/wp\/v2\/product\/23780","targetHints":{"allow":["GET"]}}],"collection":[{"href":"https:\/\/agoravape.com\/sv\/wp-json\/wp\/v2\/product"}],"about":[{"href":"https:\/\/agoravape.com\/sv\/wp-json\/wp\/v2\/types\/product"}],"replies":[{"embeddable":true,"href":"https:\/\/agoravape.com\/sv\/wp-json\/wp\/v2\/comments?post=23780"}],"version-history":[{"count":0,"href":"https:\/\/agoravape.com\/sv\/wp-json\/wp\/v2\/product\/23780\/revisions"}],"wp:featuredmedia":[{"embeddable":true,"href":"https:\/\/agoravape.com\/sv\/wp-json\/wp\/v2\/media\/22104"}],"wp:attachment":[{"href":"https:\/\/agoravape.com\/sv\/wp-json\/wp\/v2\/media?parent=23780"}],"wp:term":[{"taxonomy":"product_brand","embeddable":true,"href":"https:\/\/agoravape.com\/sv\/wp-json\/wp\/v2\/product_brand?post=23780"},{"taxonomy":"product_cat","embeddable":true,"href":"https:\/\/agoravape.com\/sv\/wp-json\/wp\/v2\/product_cat?post=23780"},{"taxonomy":"product_tag","embeddable":true,"href":"https:\/\/agoravape.com\/sv\/wp-json\/wp\/v2\/product_tag?post=23780"}],"curies":[{"name":"wp","href":"https:\/\/api.w.org\/{rel}","templated":true}]}}