{"id":23813,"date":"2026-01-25T14:23:09","date_gmt":"2026-01-25T06:23:09","guid":{"rendered":"https:\/\/agoravape.com\/?post_type=product&#038;p=23813"},"modified":"2026-03-21T12:43:57","modified_gmt":"2026-03-21T11:43:57","slug":"saimeo-humo-fodral-iphone-15-30000-puffar","status":"publish","type":"product","link":"https:\/\/agoravape.com\/sv\/product\/saimeo-humo-case-iphone-15-30000-puffs\/","title":{"rendered":"Saimeo Humo-skal f\u00f6r iPhone 15 30k 30000 Puffs Vape | Big Puff Life, grepp i telefonstil"},"content":{"rendered":"<h2 data-v-md-heading=\"what-is-the-special-feature-of-saimeo-humo-case-iphone-15-30k-30000-pack-vape\" data-v-md-line=\"3\">Vad \u00e4r det speciella med Saimeo Humo-fodral till iPhone 15 30k vape, 30 000-pack?<\/h2>\n<p data-v-md-line=\"5\">Om du \u00e4r tr\u00f6tt p\u00e5 eng\u00e5ngsvapor som f\u00e5r slut p\u00e5 batteri i b\u00f6rjan, d\u00e5 \u00e4r den h\u00e4r produkten definitivt v\u00e4rd att \u00f6verv\u00e4ga. Saimeo Humo-fodralet f\u00f6r iPhone 15 \u00e4r designat f\u00f6r l\u00e5ngvarig anv\u00e4ndning (upp till 30 000 enheter), med en design som liknar ett telefonfodral som ger ett bekv\u00e4mt grepp och enkelt kan placeras i en ficka eller v\u00e4ska.<\/p>\n<p data-v-md-line=\"7\">Du kanske tycker att en produkt m\u00e4rkt med \"30k\" \u00e4r lika tung som en tegelsten i din hand. Men faktum \u00e4r inte s\u00e5. Den \u00e4r smal och elegant, med en \u00f6vergripande \"iPhone-skal\"-design som g\u00f6r daglig anv\u00e4ndning exceptionellt enkel.<\/p>\n<h2 data-v-md-heading=\"excellent-performance-and-easy-operation\" data-v-md-line=\"9\">Utm\u00e4rkt prestanda och enkel anv\u00e4ndning<\/h2>\n<p data-v-md-line=\"11\">Saimeos designfilosofi \u00e4r mycket koncis. Bara att andas in f\u00f6r att aktivera, utan n\u00e5gra knappar eller kr\u00e5ngliga man\u00f6vrer. Inbyggt laddningsbart batteri p\u00e5 680 mAh och st\u00f6d f\u00f6r typ-C-laddning, s\u00e5 n\u00e4r batteriet \u00e4r l\u00e5gt kan du anv\u00e4nda de vanligaste laddningskablarna f\u00f6r laddning. Detta \u00e4r skillnaden mellan eng\u00e5ngsvapor och helt anv\u00e4nda vaporizers.<\/p>\n<h2 data-v-md-heading=\"quick-specifications\" data-v-md-line=\"13\">Snabba specifikationer<\/h2>\n<ul data-v-md-line=\"14\">\n<li>Antal portar: upp till 30000 portar<\/li>\n<li>e-v\u00e4tskans kapacitet: 13 milliliter<\/li>\n<li>Batteri: 680mAh (uppladdningsbart)<\/li>\n<li>Nikotinhalt: 2 % eller 5 % (beroende p\u00e5 smak)<\/li>\n<li>Anv\u00e4ndning: Inhalationsaktivering<\/li>\n<li>Laddningsgr\u00e4nssnitt: Typ-C<\/li>\n<li>Fallt\u00e5lighet: Testad f\u00f6r att motst\u00e5 ett fall p\u00e5 10 v\u00e5ningar<\/li>\n<li>Storlek: 75,8 \u00d7 21,92 \u00d7 166,66 millimeter<\/li>\n<li>Status: Klar att anv\u00e4nda vid uppackning<\/li>\n<li>Kompatibel med iPhone 13-storlek; iPhone 12 och 12 Pro; iPhone 14;<\/li>\n<\/ul>\n<h2 data-v-md-heading=\"complete-flavor-lineup\" data-v-md-line=\"24\">Komplett smakutbud<\/h2>\n<ul data-v-md-line=\"25\">\n<li>Damm\u00f6rdare (2%)<\/li>\n<li>Hawaii (2 %)<\/li>\n<li>Passionsfruktkiwi (2%)<\/li>\n<li>K\u00e4rlek 66 (2%)<\/li>\n<li>Bl\u00e5b\u00e4r och citroner (2 %)<\/li>\n<li>Vattenmelonglass (5%)<\/li>\n<li>Bl\u00e5b\u00e4rsglass (5%)<\/li>\n<li>Miami Mint (5%)<\/li>\n<li>Sur \u00e4ppelglass (5%)<\/li>\n<li>Trippelb\u00e4r (5%)<\/li>\n<\/ul>\n<h2 data-v-md-heading=\"tailored-for-you-and-your-business\" data-v-md-line=\"36\">Skr\u00e4ddarsytt f\u00f6r dig och ditt f\u00f6retag<\/h2>\n<p data-v-md-line=\"38\">Saimeo Humo-fodral f\u00f6r iPhone 15 30k \u00e4r en enkel och l\u00e4ttanv\u00e4nd eng\u00e5ngsvape l\u00e4mplig f\u00f6r personligt bruk. Om du k\u00f6per fr\u00e5n fysiska butiker eller onlinebutiker \u00e4r det ocks\u00e5 bekv\u00e4mt att k\u00f6pa i bulk. F\u00f6rpackningsspecifikationerna \u00e4r 5 stycken per l\u00e5da och 100 stycken per l\u00e5da.<\/p>\n<p data-v-md-line=\"40\">Vi vet ocks\u00e5 att f\u00f6rutom smak \u00e4r andra aspekter lika viktiga. D\u00e4rf\u00f6r \u00e4r AgoraVape engagerade i att tillhandah\u00e5lla bekv\u00e4ma europeiska leveranstj\u00e4nster och samarbeta med p\u00e5litliga kurirpartners som UPS, DPD och DHL f\u00f6r att s\u00e4kerst\u00e4lla att du slipper tullproblem och kan njuta av f\u00f6ruts\u00e4gbara leveranstj\u00e4nster.<\/p>\n<h2 data-v-md-heading=\"reasons-why-you-will-like-it\" data-v-md-line=\"42\">Anledningar till varf\u00f6r du kommer att gilla det<\/h2>\n<ul data-v-md-line=\"43\">\n<li>Ultral\u00e5ng batteritid: L\u00e4ngre livsl\u00e4ngd, inget behov av att byta ut enheter ofta.<\/li>\n<li>Tv\u00e5 nikotinkoncentrationsalternativ: 2 % nikotinkoncentration, l\u00e4mplig f\u00f6r anv\u00e4ndare som f\u00f6redrar en l\u00e4tt smak;<\/li>\n<li>5 % nikotinkoncentration, l\u00e4mplig f\u00f6r anv\u00e4ndare som uppskattar fylliga smaker (med b\u00e4ttre smak).<\/li>\n<li>Uppladdningsbar: Se till att du verkligen kan anv\u00e4nda upp den k\u00f6pta e-v\u00e4tskan.<\/li>\n<li>Telefonfodraldesign: Bekv\u00e4mt grepp, inte l\u00e4tt att glida av.<\/li>\n<li>Falltest: Mer h\u00e5llbart, \u00e4ven om den av misstag tappas finns det ingen anledning att oroa sig.<\/li>\n<\/ul>\n<h2 data-v-md-heading=\"why-choose-agoravape\" data-v-md-line=\"50\">Varf\u00f6r v\u00e4lja AgoraVape?<\/h2>\n<p data-v-md-line=\"52\">AgoraVape f\u00f6ljer en princip: anv\u00e4nd aldrig s\u00e4mre produkter, smuggla aldrig in ok\u00e4nda leveranskedjor. Vi erbjuder 100 % \u00e4kta produktgaranti, rabatterade priser och professionell support, s\u00e4rskilt l\u00e4mplig f\u00f6r f\u00f6retagsupphandling. Om du vill k\u00f6pa Saimeo Humo Case iPhone 15 30k 30000 Puffs Vape, v\u00e4nligen kontakta oss s\u00e5 hj\u00e4lper vi dig att v\u00e4lja r\u00e4tt smak- och nikotinkoncentrationskombination f\u00f6r dina kunder.<\/p>","protected":false},"excerpt":{"rendered":"<p>Vad \u00e4r den speciella egenskapen hos Saimeo Humo Case iPhone 15 30k 30000 pack vape? Om du \u00e4r tr\u00f6tt p\u00e5 eng\u00e5ngsbruk<\/p>","protected":false},"featured_media":22096,"comment_status":"open","ping_status":"closed","template":"","meta":[],"product_brand":[1663],"product_cat":[124,185,189,1637,174,191,1666,179,173,186,180,190],"product_tag":[],"class_list":{"0":"post-23813","1":"product","2":"type-product","3":"status-publish","4":"has-post-thumbnail","6":"product_brand-saimeo","7":"product_cat-vape-by-brand","8":"product_cat-10000-puffs-high-capacity","9":"product_cat-20mg-standard-nicotine-vapes","10":"product_cat-30000-puffs","11":"product_cat-fruit-flavors","12":"product_cat-rechargeable-disposables","13":"product_cat-saimeo","14":"product_cat-unique-blends","15":"product_cat-vape-by-flavor-profile","16":"product_cat-vape-by-nicotine-strength","17":"product_cat-vape-by-puff-count","18":"product_cat-vape-by-feature-or-type","20":"first","21":"instock","22":"shipping-taxable","23":"purchasable","24":"product-type-variable","25":"has-default-attributes"},"tiered_pricing_type":"percentage","tiered_pricing_fixed_rules":[],"tiered_pricing_product_settings":{"layout":"default","base_unit_name":{"singular":null,"plural":null},"default_variation":null},"tiered_pricing_minimum_quantity":10,"tiered_pricing_roles_data":[],"tiered_pricing_percentage_rules":{"30":"29","50":"35","100":"40","200":"44","500":"47","1000":"49"},"tiered_pricing_maximum_quantity":null,"tiered_pricing_quantity_step":"10","_links":{"self":[{"href":"https:\/\/agoravape.com\/sv\/wp-json\/wp\/v2\/product\/23813","targetHints":{"allow":["GET"]}}],"collection":[{"href":"https:\/\/agoravape.com\/sv\/wp-json\/wp\/v2\/product"}],"about":[{"href":"https:\/\/agoravape.com\/sv\/wp-json\/wp\/v2\/types\/product"}],"replies":[{"embeddable":true,"href":"https:\/\/agoravape.com\/sv\/wp-json\/wp\/v2\/comments?post=23813"}],"version-history":[{"count":0,"href":"https:\/\/agoravape.com\/sv\/wp-json\/wp\/v2\/product\/23813\/revisions"}],"wp:featuredmedia":[{"embeddable":true,"href":"https:\/\/agoravape.com\/sv\/wp-json\/wp\/v2\/media\/22096"}],"wp:attachment":[{"href":"https:\/\/agoravape.com\/sv\/wp-json\/wp\/v2\/media?parent=23813"}],"wp:term":[{"taxonomy":"product_brand","embeddable":true,"href":"https:\/\/agoravape.com\/sv\/wp-json\/wp\/v2\/product_brand?post=23813"},{"taxonomy":"product_cat","embeddable":true,"href":"https:\/\/agoravape.com\/sv\/wp-json\/wp\/v2\/product_cat?post=23813"},{"taxonomy":"product_tag","embeddable":true,"href":"https:\/\/agoravape.com\/sv\/wp-json\/wp\/v2\/product_tag?post=23813"}],"curies":[{"name":"wp","href":"https:\/\/api.w.org\/{rel}","templated":true}]}}