{"id":23827,"date":"2026-01-25T14:39:14","date_gmt":"2026-01-25T06:39:14","guid":{"rendered":"https:\/\/agoravape.com\/?post_type=product&#038;p=23827"},"modified":"2026-03-26T13:22:25","modified_gmt":"2026-03-26T12:22:25","slug":"saimeo-humo-fodral-iphone-15-pro-30000","status":"publish","type":"product","link":"https:\/\/agoravape.com\/sv\/product\/saimeo-humo-case-iphone-15-pro-30000\/","title":{"rendered":"Saimeo Humo-skal iPhone 15 Pro 30k (30000 puffar) | Ditt telefonskal, plus en enkel vape"},"content":{"rendered":"<h2 data-v-md-heading=\"what-s-special-about-the-saimeo-humo-iphone-15-pro-30k-30000-port-phone-case\" data-v-md-line=\"3\">Vad \u00e4r speciellt med Saimeo Humo iPhone 15 Pro 30k 30000 port mobilfodral?<\/h2>\n<p data-v-md-line=\"5\">Om du \u00e4r tr\u00f6tt p\u00e5 att l\u00e4gga vape-e-cigaretter i en ficka och din telefon i en annan, kan Saimeo Humo-telefonfodralet enkelt l\u00f6sa problemet \u00e5t dig. Det \u00e4r ett professionellt iPhone-fodral med inbyggda vape-funktioner, vilket g\u00f6r att du kan anv\u00e4nda det genom att helt enkelt ta ut din telefon.<\/p>\n<p data-v-md-line=\"7\">Du kanske tycker att den h\u00e4r produkten \u00e4r skrymmande eller flashig, men dess designfilosofi \u00e4r att vara lika praktisk som vanliga vardagsf\u00f6rem\u00e5l. Med andra ord, den passar de som vill ha bekv\u00e4mlighet att b\u00e4ra, god smak och inte vill f\u00f6rvandla sina fickor till diverse l\u00e5dor.<\/p>\n<h2 data-v-md-heading=\"excellent-performance-and-easy-operation\" data-v-md-line=\"9\">Utm\u00e4rkt prestanda och enkel anv\u00e4ndning<\/h2>\n<p data-v-md-line=\"11\">Saimeo har utrustat denna vape med ett uppladdningsbart 680mAh-batteri och en laddningsport av typ C, s\u00e5 n\u00e4r batteriet \u00e4r l\u00e5gt kan du anv\u00e4nda samma laddningskabel som de flesta moderna enheter f\u00f6r laddning. Enkelt och bekv\u00e4mt. Den har en e-v\u00e4tskekapacitet p\u00e5 13 ml och \u00e4r designad med sugaktivering, vilket inte kr\u00e4ver n\u00e5gra knappar eller inst\u00e4llningar. Plocka upp den och njut av r\u00f6kningens n\u00f6je.<\/p>\n<h2 data-v-md-heading=\"quick-specifications\" data-v-md-line=\"13\">Snabba specifikationer<\/h2>\n<ul data-v-md-line=\"14\">\n<li>Antal portar: upp till 30000 portar<\/li>\n<li>e-v\u00e4tskans kapacitet: 13 milliliter<\/li>\n<li>Batteri: 680mAh (uppladdningsbart)<\/li>\n<li>Nikotinhalt: 2 % eller 5 % (beroende p\u00e5 smak)<\/li>\n<li>Anv\u00e4ndning: Andas in f\u00f6r att aktivera<\/li>\n<li>Laddningsgr\u00e4nssnitt: Typ-C<\/li>\n<li>Mobiltelefonskydd: Klarade ett falltest p\u00e5 10 v\u00e5ningar<\/li>\n<li>Status: Klar att anv\u00e4nda direkt ur l\u00e5dan<\/li>\n<li>Kompatibel med iPhone 12 och 12 Pro-storlekar<\/li>\n<\/ul>\n<h2 data-v-md-heading=\"complete-flavor-lineup\" data-v-md-line=\"23\">Komplett smakutbud<\/h2>\n<ul data-v-md-line=\"24\">\n<li>Vattenmelonglass (5%)<\/li>\n<li>Bl\u00e5b\u00e4rsglass (5%)<\/li>\n<li>Miami Mint (5%)<\/li>\n<li>Sur \u00e4ppelglass (5%)<\/li>\n<li>Trippelb\u00e4r (5%)<\/li>\n<li>Hawaii (2 %)<\/li>\n<li>Passionsfrukt och kiwi (2 %)<\/li>\n<li>Honungspersika (2%)<\/li>\n<\/ul>\n<h2 data-v-md-heading=\"suitable-for-you-and-your-business\" data-v-md-line=\"33\">L\u00e4mplig f\u00f6r dig och ditt f\u00f6retag<\/h2>\n<p data-v-md-line=\"35\">Om du vill ha ett enkelt, l\u00e4ttanv\u00e4nt och portabelt telefonskal kan du best\u00e4lla Saimeo Humo iPhone 15 Pro 30k telefonskal f\u00f6r personligt bruk. Om du k\u00f6per f\u00f6r \u00e5terf\u00f6rs\u00e4ljning \u00e4r den h\u00e4r produkten ocks\u00e5 mycket l\u00e4mplig f\u00f6r visning p\u00e5 disken eftersom man kan se dess v\u00e4rde med en snabb blick.<\/p>\n<p data-v-md-line=\"37\">Beh\u00f6ver du hj\u00e4lp med att planera grossistbest\u00e4llningar eller v\u00e4lja l\u00e4mpliga smakkombinationer? Kontakta AgoraVape-teamet, vi ger dig professionell v\u00e4gledning och kommunicerar med p\u00e5litliga logistikf\u00f6retag som UPS, DPD och DHL f\u00f6r att s\u00e4kerst\u00e4lla smidig leverans.<\/p>\n<h2 data-v-md-heading=\"the-reason-why-you-will-like-it\" data-v-md-line=\"39\">Anledningen till att du kommer att gilla det<\/h2>\n<ul data-v-md-line=\"40\">\n<li>Integrerad och bekv\u00e4m: Din vape placeras tillsammans med din telefon, s\u00e5 du gl\u00f6mmer sannolikt inte att ta med den.<\/li>\n<li>H\u00e5llbar och l\u00e5ngvarig: H\u00e5llbar och l\u00e5ngvarig, utan behov av frekventa byten.<\/li>\n<li>Val av nikotinkoncentration: Beroende p\u00e5 din smakpreferens, v\u00e4lj en nikotinkoncentration p\u00e5 2 % eller 5 %.<\/li>\n<li>Laddningsbart typ-C-batteri: l\u00e5ter dig utnyttja den k\u00f6pta e-v\u00e4tskan fullt ut och undvika f\u00f6r tidig kassering.<\/li>\n<li>Riktigt skydd: Den skyddande skaldesignen som har genomg\u00e5tt falltestning ger dig sinnesro i daglig anv\u00e4ndning.<\/li>\n<\/ul>\n<h2 data-v-md-heading=\"why-choose-agoravape\" data-v-md-line=\"46\">Varf\u00f6r v\u00e4lja AgoraVape?<\/h2>\n<p data-v-md-line=\"48\">Vi fokuserar p\u00e5 att erbjuda direkta och effektiva l\u00f6sningar och genuint lager. Genom att k\u00f6pa produkter p\u00e5 AgoraVape f\u00e5r du 100 % \u00e4kta garanti, snabb kundservice och p\u00e5litlig logistikleverans. Om du vill s\u00e4lja Saimeo Humo iPhone 15 Pro-skal (30k kapacitet, rymmer 30000 bloss), v\u00e4nligen kontakta oss s\u00e5 hj\u00e4lper vi dig att skapa en best\u00e4llning som f\u00e5r kunderna att vilja komma tillbaka.<\/p>","protected":false},"excerpt":{"rendered":"<p>Vad \u00e4r speciellt med Saimeo Humo iPhone 15 Pro 30k 30000 port mobilskal? Om du \u00e4r tr\u00f6tt p\u00e5 att s\u00e4tta<\/p>","protected":false},"featured_media":22089,"comment_status":"open","ping_status":"closed","template":"","meta":[],"product_brand":[1663],"product_cat":[124,185,189,1637,174,191,1666,179,173,186,180,190],"product_tag":[],"class_list":{"0":"post-23827","1":"product","2":"type-product","3":"status-publish","4":"has-post-thumbnail","6":"product_brand-saimeo","7":"product_cat-vape-by-brand","8":"product_cat-10000-puffs-high-capacity","9":"product_cat-20mg-standard-nicotine-vapes","10":"product_cat-30000-puffs","11":"product_cat-fruit-flavors","12":"product_cat-rechargeable-disposables","13":"product_cat-saimeo","14":"product_cat-unique-blends","15":"product_cat-vape-by-flavor-profile","16":"product_cat-vape-by-nicotine-strength","17":"product_cat-vape-by-puff-count","18":"product_cat-vape-by-feature-or-type","20":"first","21":"instock","22":"shipping-taxable","23":"purchasable","24":"product-type-variable","25":"has-default-attributes"},"tiered_pricing_type":"percentage","tiered_pricing_fixed_rules":[],"tiered_pricing_product_settings":{"layout":"default","base_unit_name":{"singular":null,"plural":null},"default_variation":null},"tiered_pricing_minimum_quantity":10,"tiered_pricing_roles_data":[],"tiered_pricing_percentage_rules":{"30":"29","50":"35","100":"40","200":"44","500":"47","1000":"49"},"tiered_pricing_maximum_quantity":null,"tiered_pricing_quantity_step":"10","_links":{"self":[{"href":"https:\/\/agoravape.com\/sv\/wp-json\/wp\/v2\/product\/23827","targetHints":{"allow":["GET"]}}],"collection":[{"href":"https:\/\/agoravape.com\/sv\/wp-json\/wp\/v2\/product"}],"about":[{"href":"https:\/\/agoravape.com\/sv\/wp-json\/wp\/v2\/types\/product"}],"replies":[{"embeddable":true,"href":"https:\/\/agoravape.com\/sv\/wp-json\/wp\/v2\/comments?post=23827"}],"version-history":[{"count":0,"href":"https:\/\/agoravape.com\/sv\/wp-json\/wp\/v2\/product\/23827\/revisions"}],"wp:featuredmedia":[{"embeddable":true,"href":"https:\/\/agoravape.com\/sv\/wp-json\/wp\/v2\/media\/22089"}],"wp:attachment":[{"href":"https:\/\/agoravape.com\/sv\/wp-json\/wp\/v2\/media?parent=23827"}],"wp:term":[{"taxonomy":"product_brand","embeddable":true,"href":"https:\/\/agoravape.com\/sv\/wp-json\/wp\/v2\/product_brand?post=23827"},{"taxonomy":"product_cat","embeddable":true,"href":"https:\/\/agoravape.com\/sv\/wp-json\/wp\/v2\/product_cat?post=23827"},{"taxonomy":"product_tag","embeddable":true,"href":"https:\/\/agoravape.com\/sv\/wp-json\/wp\/v2\/product_tag?post=23827"}],"curies":[{"name":"wp","href":"https:\/\/api.w.org\/{rel}","templated":true}]}}