{"id":23840,"date":"2026-01-25T14:47:58","date_gmt":"2026-01-25T06:47:58","guid":{"rendered":"https:\/\/agoravape.com\/?post_type=product&#038;p=23840"},"modified":"2026-03-26T13:22:25","modified_gmt":"2026-03-26T12:22:25","slug":"saimeo-humo-fodral-iphone-14-30000-puffar","status":"publish","type":"product","link":"https:\/\/agoravape.com\/sv\/product\/saimeo-humo-case-iphone-14-30000-puffs\/","title":{"rendered":"Saimeo Humo-skal f\u00f6r iPhone 14 Pro 30k 30000 puffar | Telefonskydd + En uppladdningsbar vape, enkelt"},"content":{"rendered":"<h2 data-v-md-heading=\"what-s-special-about-the-saimeo-humo-iphone-14-pro-case-30k-30000-ports\" data-v-md-line=\"3\">Vad \u00e4r speciellt med Saimeo Humo iPhone 14 Pro-skal, 30k\/30000 portar?<\/h2>\n<p data-v-md-line=\"5\">Om du \u00e4r tr\u00f6tt p\u00e5 att ha din telefon och vape i tv\u00e5 separata fickor, d\u00e5 \u00e4r Saimeo Humo-telefonfodralet skr\u00e4ddarsytt f\u00f6r dig. Det \u00e4r ett iPhone 14 Pro-telefonfodral med inbyggd eng\u00e5ngsvape. Anv\u00e4ndningsmetoden \u00e4r densamma som ett vanligt telefonfodral, bara f\u00e4st det p\u00e5 telefonen och sug direkt n\u00e4r du vill. Inga knappar beh\u00f6vs, inga tr\u00e5kiga operationer beh\u00f6vs.<\/p>\n<p data-v-md-line=\"7\">Du kanske tror att telefonfodralet med en kapacitet p\u00e5 upp till 30 000 portar borde vara tungt, men designkonceptet f\u00f6r detta telefonfodral \u00e4r just bekv\u00e4mlighet. Det \u00e4r designat specifikt f\u00f6r anv\u00e4ndare som vill ha enkelhet, anv\u00e4ndarv\u00e4nlighet och inte vill k\u00f6pa nya enheter med n\u00e5gra dagars mellanrum.<\/p>\n<h2 data-v-md-heading=\"excellent-performance-and-easy-operation\" data-v-md-line=\"9\">Utm\u00e4rkt prestanda och enkel anv\u00e4ndning<\/h2>\n<p data-v-md-line=\"11\">Saimeos designkoncept \u00e4r mycket enkelt: andas in f\u00f6r att aktivera, \u00f6ppna omedelbart. N\u00e4r batteriet \u00e4r l\u00e5gt kan det laddas via Type-C-gr\u00e4nssnittet, vilket g\u00f6r att du kan forts\u00e4tta anv\u00e4nda den k\u00f6pta e-v\u00e4tskan och undvika f\u00f6rtida sl\u00f6seri. Dessutom har den en robust design som \u00e4r j\u00e4mf\u00f6rbar med professionella telefonfodral, klarat ett 10-v\u00e5nings falltest och \u00e4r inte bara en gimmickprodukt som f\u00e4sts p\u00e5 baksidan av en iPhone.<\/p>\n<h2 data-v-md-heading=\"quick-specifications\" data-v-md-line=\"13\">Snabba specifikationer<\/h2>\n<ul data-v-md-line=\"14\">\n<li>Antal portar: upp till 30000 portar<\/li>\n<li>e-v\u00e4tskans kapacitet: 13 milliliter<\/li>\n<li>Batterikapacitet: 680mAh<\/li>\n<li>Nikotinhalt: 5 %<\/li>\n<li>Anv\u00e4ndning: Andas in f\u00f6r att aktivera<\/li>\n<li>Laddningsgr\u00e4nssnitt: Typ-C-gr\u00e4nssnitt<\/li>\n<li>Utrustningsstorlek: 75,8 \u00d7 21,92 \u00d7 166,66 millimeter<\/li>\n<li>Fallskydd: Testad f\u00f6r att motst\u00e5 ett fall fr\u00e5n en h\u00f6jd p\u00e5 10 v\u00e5ningar<\/li>\n<li>Klar att anv\u00e4nda direkt ur l\u00e5dan:<\/li>\n<\/ul>\n<h2 data-v-md-heading=\"complete-flavor-lineup\" data-v-md-line=\"24\">Komplett smakutbud<\/h2>\n<ul data-v-md-line=\"25\">\n<li>Vattenmelonis<\/li>\n<li>Bl\u00e5b\u00e4rsglass<\/li>\n<li>Miami Myntverk<\/li>\n<li>Sur \u00e4ppelglass<\/li>\n<li>Trio Berry<\/li>\n<\/ul>\n<h2 data-v-md-heading=\"suitable-for-you-and-your-business\" data-v-md-line=\"31\">L\u00e4mplig f\u00f6r dig och ditt f\u00f6retag<\/h2>\n<p data-v-md-line=\"33\">Om du vill ha ett mobilskal som \u00e4r b\u00e5de roligt och praktiskt \u00e4r Saimeo Humo iPhone 14 Pro 30k ditt perfekta val. Om du \u00e4r \u00e5terf\u00f6rs\u00e4ljare \u00e4r detta mobilskal ocks\u00e5 enkelt att lagra och transportera: f\u00f6rpackat som 5 stycken\/l\u00e5da rymmer hela l\u00e5dan 100 stycken\/l\u00e5da (kartongstorlek: 47,8 \u00d7 32,4 \u00d7 41,5 cm, kartongvikt: 15,59 kg).<\/p>\n<p data-v-md-line=\"35\">Om du handlar i Europa \u00e4r p\u00e5litlig leverans avg\u00f6rande. D\u00e4rf\u00f6r fokuserar vi p\u00e5 att samarbeta med betrodda transport\u00f6rer f\u00f6r att erbjuda tydliga leveransalternativ och s\u00e4kerst\u00e4lla att du inte st\u00f6ter p\u00e5 n\u00e5gra ov\u00e4ntade situationer.<\/p>\n<h2 data-v-md-heading=\"the-reason-why-you-will-like-it\" data-v-md-line=\"37\">Anledningen till att du kommer att gilla det<\/h2>\n<ul data-v-md-line=\"38\">\n<li>H\u00e5llbar och l\u00e5ngvarig: H\u00e5llbar och l\u00e5ngvarig, utan behov av frekventa byten.<\/li>\n<li>Uppladdningsbar: Typ-C-laddningsdesignen hj\u00e4lper dig att enkelt anv\u00e4nda upp e-v\u00e4tska.<\/li>\n<li>Inhalationsaktivering: Inga knappar, ingen inl\u00e4rning kr\u00e4vs, enkelt och bekv\u00e4mt.<\/li>\n<li>Riktigt skyddande fodral: Utformat specifikt f\u00f6r att skydda din telefon, inte bara f\u00f6r att h\u00e5lla vapes.<\/li>\n<li>Rikt smakutbud: Enkel och v\u00e4lbekant smakserie, l\u00e4tt att s\u00e4lja och k\u00f6pa.<\/li>\n<\/ul>\n<h2 data-v-md-heading=\"why-choose-to-collaborate-with-agoravape\" data-v-md-line=\"44\">Varf\u00f6r v\u00e4lja att samarbeta med AgoraVape?<\/h2>\n<p data-v-md-line=\"46\">P\u00e5 AgoraVape f\u00f6ljer vi alltid de viktigaste principerna: 100 % \u00e4kta produktgaranti, \u00e4rliga svar p\u00e5 fr\u00e5gor och tillf\u00f6rlitliga leveransgarantier f\u00f6r europeiska kunder. F\u00f6r f\u00f6retagskunder inneb\u00e4r detta mycket konkurrenskraftiga grossistl\u00f6sningar, responsiv kundservice och flexibla leveransalternativ, vilket g\u00f6r det enkelt f\u00f6r dig att flexibelt ordna. Vill du k\u00f6pa Saimeo Humo telefonskal f\u00f6r iPhone 14 Pro 30k 30000 portar? Kontakta oss s\u00e5 skr\u00e4ddarsyr vi den b\u00e4sta butiksplanen f\u00f6r dig.<\/p>","protected":false},"excerpt":{"rendered":"<p>Vad \u00e4r speciellt med Saimeo Humo iPhone 14 Pro-fodral, 30k\/30000 portar? Om du \u00e4r tr\u00f6tt p\u00e5 att ha din telefon och<\/p>","protected":false},"featured_media":22105,"comment_status":"open","ping_status":"closed","template":"","meta":[],"product_brand":[1663],"product_cat":[124,185,189,1637,174,191,1666,179,173,186,180,190],"product_tag":[],"class_list":{"0":"post-23840","1":"product","2":"type-product","3":"status-publish","4":"has-post-thumbnail","6":"product_brand-saimeo","7":"product_cat-vape-by-brand","8":"product_cat-10000-puffs-high-capacity","9":"product_cat-20mg-standard-nicotine-vapes","10":"product_cat-30000-puffs","11":"product_cat-fruit-flavors","12":"product_cat-rechargeable-disposables","13":"product_cat-saimeo","14":"product_cat-unique-blends","15":"product_cat-vape-by-flavor-profile","16":"product_cat-vape-by-nicotine-strength","17":"product_cat-vape-by-puff-count","18":"product_cat-vape-by-feature-or-type","20":"first","21":"instock","22":"shipping-taxable","23":"purchasable","24":"product-type-variable","25":"has-default-attributes"},"tiered_pricing_type":"percentage","tiered_pricing_fixed_rules":[],"tiered_pricing_product_settings":{"layout":"default","base_unit_name":{"singular":null,"plural":null},"default_variation":null},"tiered_pricing_minimum_quantity":10,"tiered_pricing_roles_data":[],"tiered_pricing_percentage_rules":{"30":"29","50":"35","100":"40","200":"44","500":"47","1000":"49"},"tiered_pricing_maximum_quantity":null,"tiered_pricing_quantity_step":"10","_links":{"self":[{"href":"https:\/\/agoravape.com\/sv\/wp-json\/wp\/v2\/product\/23840","targetHints":{"allow":["GET"]}}],"collection":[{"href":"https:\/\/agoravape.com\/sv\/wp-json\/wp\/v2\/product"}],"about":[{"href":"https:\/\/agoravape.com\/sv\/wp-json\/wp\/v2\/types\/product"}],"replies":[{"embeddable":true,"href":"https:\/\/agoravape.com\/sv\/wp-json\/wp\/v2\/comments?post=23840"}],"version-history":[{"count":0,"href":"https:\/\/agoravape.com\/sv\/wp-json\/wp\/v2\/product\/23840\/revisions"}],"wp:featuredmedia":[{"embeddable":true,"href":"https:\/\/agoravape.com\/sv\/wp-json\/wp\/v2\/media\/22105"}],"wp:attachment":[{"href":"https:\/\/agoravape.com\/sv\/wp-json\/wp\/v2\/media?parent=23840"}],"wp:term":[{"taxonomy":"product_brand","embeddable":true,"href":"https:\/\/agoravape.com\/sv\/wp-json\/wp\/v2\/product_brand?post=23840"},{"taxonomy":"product_cat","embeddable":true,"href":"https:\/\/agoravape.com\/sv\/wp-json\/wp\/v2\/product_cat?post=23840"},{"taxonomy":"product_tag","embeddable":true,"href":"https:\/\/agoravape.com\/sv\/wp-json\/wp\/v2\/product_tag?post=23840"}],"curies":[{"name":"wp","href":"https:\/\/api.w.org\/{rel}","templated":true}]}}