{"id":23885,"date":"2026-01-25T19:18:23","date_gmt":"2026-01-25T11:18:23","guid":{"rendered":"https:\/\/agoravape.com\/?post_type=product&#038;p=23885"},"modified":"2026-03-26T13:22:39","modified_gmt":"2026-03-26T12:22:39","slug":"bang-blaze-60k-60000-puffar","status":"publish","type":"product","link":"https:\/\/agoravape.com\/sv\/product\/bang-blaze-60k-60000-puffs\/","title":{"rendered":"Bang Blaze 60k 60000 Puffs 4-i-1 Smak Vape | Fyra Smaker P\u00e5 Tapp, En Enhet Som Varar"},"content":{"rendered":"<h2 data-v-md-heading=\"what-is-the-special-feature-of-bang-blaze-60k-60000-mouth-4-in-1-flavor-vape\" data-v-md-line=\"3\"><img loading=\"lazy\" decoding=\"async\" class=\"aligncenter size-full wp-image-23904\" src=\"https:\/\/agoravape.com\/wp-content\/uploads\/2026\/01\/Bang-Blaze-60k-60000-Puffs-4in1-Flavor-Vape-Four-Flavours-On-Tap-One-Device-That-Lasts_Agora_vape-13-scaled.webp\" alt=\"\" width=\"2560\" height=\"1280\" srcset=\"https:\/\/agoravape.com\/wp-content\/uploads\/2026\/01\/Bang-Blaze-60k-60000-Puffs-4in1-Flavor-Vape-Four-Flavours-On-Tap-One-Device-That-Lasts_Agora_vape-13-scaled.webp 2560w, https:\/\/agoravape.com\/wp-content\/uploads\/2026\/01\/Bang-Blaze-60k-60000-Puffs-4in1-Flavor-Vape-Four-Flavours-On-Tap-One-Device-That-Lasts_Agora_vape-13-scaled-1200x600.webp 1200w, https:\/\/agoravape.com\/wp-content\/uploads\/2026\/01\/Bang-Blaze-60k-60000-Puffs-4in1-Flavor-Vape-Four-Flavours-On-Tap-One-Device-That-Lasts_Agora_vape-13-300x150.webp 300w, https:\/\/agoravape.com\/wp-content\/uploads\/2026\/01\/Bang-Blaze-60k-60000-Puffs-4in1-Flavor-Vape-Four-Flavours-On-Tap-One-Device-That-Lasts_Agora_vape-13-1024x512.webp 1024w, https:\/\/agoravape.com\/wp-content\/uploads\/2026\/01\/Bang-Blaze-60k-60000-Puffs-4in1-Flavor-Vape-Four-Flavours-On-Tap-One-Device-That-Lasts_Agora_vape-13-768x384.webp 768w, https:\/\/agoravape.com\/wp-content\/uploads\/2026\/01\/Bang-Blaze-60k-60000-Puffs-4in1-Flavor-Vape-Four-Flavours-On-Tap-One-Device-That-Lasts_Agora_vape-13-1536x768.webp 1536w, https:\/\/agoravape.com\/wp-content\/uploads\/2026\/01\/Bang-Blaze-60k-60000-Puffs-4in1-Flavor-Vape-Four-Flavours-On-Tap-One-Device-That-Lasts_Agora_vape-13-2048x1024.webp 2048w, https:\/\/agoravape.com\/wp-content\/uploads\/2026\/01\/Bang-Blaze-60k-60000-Puffs-4in1-Flavor-Vape-Four-Flavours-On-Tap-One-Device-That-Lasts_Agora_vape-13-18x9.webp 18w\" sizes=\"auto, (max-width: 2560px) 100vw, 2560px\" \/><\/h2>\n<h2 data-v-md-heading=\"what-is-the-special-feature-of-bang-blaze-60k-60000-mouth-4-in-1-flavor-vape\" data-v-md-line=\"3\">Vad \u00e4r det speciella med Bang Blaze 60K 60000 mouth 4-i-1 smaksvapen?<\/h2>\n<p data-v-md-line=\"5\">Om du \u00e4r tr\u00f6tt p\u00e5 eng\u00e5ngsvapor som bara h\u00e5ller i en dag och snabbt f\u00f6rlorar sin smak efter\u00e5t, d\u00e5 \u00e4r den h\u00e4r produkten definitivt ditt perfekta val. Bang Blaze 60K kan ge upp till 60 000 laddningsportar, och (min betoning) en enhet inneh\u00e5ller fyra smaker, vilket g\u00f6r att du kan byta n\u00e4r som helst n\u00e4r dina smakl\u00f6kar tr\u00f6ttnar.<\/p>\n<p data-v-md-line=\"7\">Du kanske tror att det skulle vara tungt som en tegelsten att vapa s\u00e5 m\u00e5nga g\u00e5nger, men den \u00e4r mycket l\u00e4ttare \u00e4n du tror. Den \u00e4r designad f\u00f6r anv\u00e4ndare som vill njuta av uts\u00f6kt mat under l\u00e5ng tid utan att beh\u00f6va g\u00e5 igenom komplicerade inst\u00e4llningar. Bara plocka upp den, ta en klunk och forts\u00e4tt din dag.<\/p>\n<h2 data-v-md-heading=\"excellent-performance-and-easy-operation\" data-v-md-line=\"9\">Utm\u00e4rkt prestanda och enkel anv\u00e4ndning<\/h2>\n<p data-v-md-line=\"11\">Bang anv\u00e4nder 1,0 \u03a9 mesh-spolar f\u00f6r att g\u00f6ra ljudet mer stabilt och undvika att det bleknar i mitten. 650 mAh-batteriet st\u00f6der laddning av typ C. N\u00e4r batteriet \u00e4r l\u00e5gt kan du enkelt anv\u00e4nda samma datakabel som du vanligtvis laddar din telefon med. Du beh\u00f6ver inte leta efter en dedikerad laddare eller beh\u00f6va arbeta med den.<\/p>\n<h2 data-v-md-heading=\"quick-specifications\" data-v-md-line=\"13\">Snabba specifikationer<\/h2>\n<ul data-v-md-line=\"14\">\n<li>R\u00f6kfrekvens: upp till 60000<\/li>\n<li>e-v\u00e4tskans kapacitet: 56 milliliter<\/li>\n<li>Battery: 650mAh (rechargeable)<\/li>\n<li>Atomiseringsk\u00e4rna: 1,0 \u03a9 mesh-atomiseringsk\u00e4rna<\/li>\n<li>Anv\u00e4ndning: Andas in f\u00f6r att aktivera<\/li>\n<li>Laddningsmetod: USB-gr\u00e4nssnitt av typ C<\/li>\n<li>Status: Klar att anv\u00e4nda direkt ur l\u00e5dan<\/li>\n<li>Smaker som ing\u00e5r i varje enhet: 4-i-1-smakkombination<\/li>\n<\/ul>\n<h2 data-v-md-heading=\"complete-flavor-lineup\" data-v-md-line=\"23\">Komplett smakutbud<\/h2>\n<p data-v-md-line=\"25\">Varje apparat inneh\u00e5ller fyra smakkombinationer. F\u00f6ljande \u00e4r valfria smaker:<\/p>\n<ul data-v-md-line=\"26\">\n<li>Vattenmelonglass\/Bl\u00e5b\u00e4rsmynta\/Fujiglass\/Limeromantik<\/li>\n<li>Watermelon Ice\/Blueberry Cherry\/Summer Time\/Sour Mango Pineapple<\/li>\n<li>Bl\u00e5b\u00e4rsglass\/Persikoglass\/Regnb\u00e5gssocker\/Citron-apelsin<\/li>\n<li>Blueberry Ice\/Peach Mango Watermelon\/Passionate Kiss\/Honeydew Apple<\/li>\n<li>Blueberries, raspberries, mixed berries, California cherries, passion fruit mangoes<\/li>\n<li>Blueberries, raspberries, grape ice, berry ice, aloe vera, mango, honeydew melon<\/li>\n<li>Energy drinks\/strawberries, bananas, mangoes, peaches, apricots, passion fruit, kiwi, lime<\/li>\n<li>Energidryck\/Bl\u00e5b\u00e4rsvattenmelon\/Surt \u00e4pple och hallon\/Nallebj\u00f6rnsgodis<\/li>\n<li>Jordgubbs-Mango\/Vattenmelon-Bubblegum\/R\u00f6d Mojito\/Love66<\/li>\n<li>Jordgubb, mango, jordgubb, kiwi, \u00e4pple, vindruva, vattenmelon, drakfrukt<\/li>\n<li>Jordgubb\/Vattenmelon\/Black Ice\/Tretton Meloner\/Tranb\u00e4rsdruvor<\/li>\n<li>Jordgubb, vattenmelon\/kiwi, passionsfrukt, guava\/mangois\/vattenmelon, sur persika<\/li>\n<\/ul>\n<h2 data-v-md-heading=\"suitable-for-you-and-your-business\" data-v-md-line=\"39\">L\u00e4mplig f\u00f6r dig och ditt f\u00f6retag<\/h2>\n<ul data-v-md-line=\"40\">\n<li>Bang Blaze 60k 4-in-1 \u00e4r en enkel och l\u00e4ttanv\u00e4nd eng\u00e5ngsvape. Oavsett om du k\u00f6per fr\u00e5n en fysisk butik eller webbutik \u00e4r det ocks\u00e5 ett idealiskt val f\u00f6r kunder som vill ha en stor gulp-upplevelse men inte vill anv\u00e4nda samma smak flera veckor i rad.<\/li>\n<\/ul>\n<p data-v-md-line=\"42\">Beh\u00f6ver du smidig leverans inom Europa? Vi kan hj\u00e4lpa dig att v\u00e4lja en l\u00e4mplig transportplan f\u00f6r att s\u00e4kerst\u00e4lla att allt g\u00e5r smidigt och undvika tullproblem och ov\u00e4ntade kostnader.<\/p>\n<h2 data-v-md-heading=\"the-reason-why-you-will-like-it\" data-v-md-line=\"44\">Anledningen till att du kommer att gilla det<\/h2>\n<ul data-v-md-line=\"45\">\n<li>Ultral\u00e5ng batteritid: H\u00e5llbar och l\u00e5ngvarig, vilket minskar antalet byten och sparar tid och anstr\u00e4ngning.<\/li>\n<li>Fyra i en smak: Byt smaker efter behag utan att beh\u00f6va k\u00f6pa fyra enheter.<\/li>\n<li>Typ-C-laddning: Hj\u00e4lper dig att f\u00e5 ut det mesta av den e-v\u00e4tska du k\u00f6per.<\/li>\n<li>K\u00e4rna i n\u00e4tf\u00f6r\u00e5ngaren: S\u00e4kerst\u00e4ll en j\u00e4mn smak fr\u00e5n f\u00f6rsta till sista tuggan.<\/li>\n<\/ul>\n<h2 data-v-md-heading=\"why-choose-to-collaborate-with-agoravape\" data-v-md-line=\"50\">Varf\u00f6r v\u00e4lja att samarbeta med AgoraVape?<\/h2>\n<p data-v-md-line=\"52\">AgoraVape fokuserar p\u00e5 autentiskt lager och tydlig och praktisk produktinformation, snarare \u00e4n falsk marknadsf\u00f6ring. F\u00f6r f\u00f6retagskunder inneb\u00e4r detta p\u00e5litlig leverans, omt\u00e4nksam support och snabb leverans av Bang Blaze 60k 60000 fyra-i-ett-smaker. Vill du veta mer om grossistinformation och aktuell lagersituation? Kontakta oss, vi hj\u00e4lper dig g\u00e4rna.<\/p>\n<p><script src=\"chrome-extension:\/\/fpelahbljekknahkcaegamhcndkfpfnc\/iFrame.js\" type=\"text\/javascript\"><\/script><\/p>","protected":false},"excerpt":{"rendered":"<p>&nbsp;<\/p>\n<p><script src=\"chrome-extension:\/\/fpelahbljekknahkcaegamhcndkfpfnc\/iFrame.js\" type=\"text\/javascript\"><\/script><\/p>","protected":false},"featured_media":23903,"comment_status":"open","ping_status":"closed","template":"","meta":[],"product_brand":[197],"product_cat":[124,187,188,189,1642,123,1674,174,193,191,179,173,186,180,190,192],"product_tag":[],"class_list":{"0":"post-23885","1":"product","2":"type-product","3":"status-publish","4":"has-post-thumbnail","6":"product_brand-bang","7":"product_cat-vape-by-brand","8":"product_cat-0mg-nicotine-free-vapes","9":"product_cat-10mg-low-nicotine-vapes","10":"product_cat-20mg-standard-nicotine-vapes","11":"product_cat-60000-puffs","12":"product_cat-bang","13":"product_cat-eu-warehouse","14":"product_cat-fruit-flavors","15":"product_cat-mesh-coil","16":"product_cat-rechargeable-disposables","17":"product_cat-unique-blends","18":"product_cat-vape-by-flavor-profile","19":"product_cat-vape-by-nicotine-strength","20":"product_cat-vape-by-puff-count","21":"product_cat-vape-by-feature-or-type","22":"product_cat-vapes-with-screens","24":"first","25":"instock","26":"shipping-taxable","27":"purchasable","28":"product-type-variable","29":"has-default-attributes"},"tiered_pricing_type":"percentage","tiered_pricing_fixed_rules":[],"tiered_pricing_product_settings":{"layout":"default","base_unit_name":{"singular":null,"plural":null},"default_variation":null},"tiered_pricing_minimum_quantity":10,"tiered_pricing_roles_data":[],"tiered_pricing_percentage_rules":{"30":"10","50":"18","100":"26","200":"33","500":"38","1000":"44"},"tiered_pricing_maximum_quantity":null,"tiered_pricing_quantity_step":"10","_links":{"self":[{"href":"https:\/\/agoravape.com\/sv\/wp-json\/wp\/v2\/product\/23885","targetHints":{"allow":["GET"]}}],"collection":[{"href":"https:\/\/agoravape.com\/sv\/wp-json\/wp\/v2\/product"}],"about":[{"href":"https:\/\/agoravape.com\/sv\/wp-json\/wp\/v2\/types\/product"}],"replies":[{"embeddable":true,"href":"https:\/\/agoravape.com\/sv\/wp-json\/wp\/v2\/comments?post=23885"}],"version-history":[{"count":0,"href":"https:\/\/agoravape.com\/sv\/wp-json\/wp\/v2\/product\/23885\/revisions"}],"wp:featuredmedia":[{"embeddable":true,"href":"https:\/\/agoravape.com\/sv\/wp-json\/wp\/v2\/media\/23903"}],"wp:attachment":[{"href":"https:\/\/agoravape.com\/sv\/wp-json\/wp\/v2\/media?parent=23885"}],"wp:term":[{"taxonomy":"product_brand","embeddable":true,"href":"https:\/\/agoravape.com\/sv\/wp-json\/wp\/v2\/product_brand?post=23885"},{"taxonomy":"product_cat","embeddable":true,"href":"https:\/\/agoravape.com\/sv\/wp-json\/wp\/v2\/product_cat?post=23885"},{"taxonomy":"product_tag","embeddable":true,"href":"https:\/\/agoravape.com\/sv\/wp-json\/wp\/v2\/product_tag?post=23885"}],"curies":[{"name":"wp","href":"https:\/\/api.w.org\/{rel}","templated":true}]}}