{"id":23919,"date":"2026-01-25T22:09:54","date_gmt":"2026-01-25T14:09:54","guid":{"rendered":"https:\/\/agoravape.com\/?post_type=product&#038;p=23919"},"modified":"2026-01-27T00:39:22","modified_gmt":"2026-01-26T16:39:22","slug":"bang-blaze-60k-dsk051-60000-puffar","status":"publish","type":"product","link":"https:\/\/agoravape.com\/sv\/product\/bang-blaze-60k-dsk051-60000-puffs\/","title":{"rendered":"Bang Blaze 60k 60000 Puffs H\u00f6geffekts Vape | Stort antal puffar, Enkel daglig anv\u00e4ndning"},"content":{"rendered":"<h2 data-v-md-heading=\"what-are-the-special-features-of-bang-blaze-60k-60000-mouth-dsk051-high-power-vape\" data-v-md-line=\"3\"><img loading=\"lazy\" decoding=\"async\" class=\"size-full wp-image-23943 alignright\" src=\"https:\/\/agoravape.com\/wp-content\/uploads\/2026\/01\/Bang-Blaze-60k-60000-Puffs-High-Power-Vape-Big-Puff-Count-Simple-Daily-Use_Agora_vape-11-scaled.webp\" alt=\"\" width=\"1280\" height=\"2560\" srcset=\"https:\/\/agoravape.com\/wp-content\/uploads\/2026\/01\/Bang-Blaze-60k-60000-Puffs-High-Power-Vape-Big-Puff-Count-Simple-Daily-Use_Agora_vape-11-scaled.webp 1280w, https:\/\/agoravape.com\/wp-content\/uploads\/2026\/01\/Bang-Blaze-60k-60000-Puffs-High-Power-Vape-Big-Puff-Count-Simple-Daily-Use_Agora_vape-11-scaled-1200x2400.webp 1200w, https:\/\/agoravape.com\/wp-content\/uploads\/2026\/01\/Bang-Blaze-60k-60000-Puffs-High-Power-Vape-Big-Puff-Count-Simple-Daily-Use_Agora_vape-11-150x300.webp 150w, https:\/\/agoravape.com\/wp-content\/uploads\/2026\/01\/Bang-Blaze-60k-60000-Puffs-High-Power-Vape-Big-Puff-Count-Simple-Daily-Use_Agora_vape-11-512x1024.webp 512w, https:\/\/agoravape.com\/wp-content\/uploads\/2026\/01\/Bang-Blaze-60k-60000-Puffs-High-Power-Vape-Big-Puff-Count-Simple-Daily-Use_Agora_vape-11-768x1536.webp 768w, https:\/\/agoravape.com\/wp-content\/uploads\/2026\/01\/Bang-Blaze-60k-60000-Puffs-High-Power-Vape-Big-Puff-Count-Simple-Daily-Use_Agora_vape-11-1024x2048.webp 1024w, https:\/\/agoravape.com\/wp-content\/uploads\/2026\/01\/Bang-Blaze-60k-60000-Puffs-High-Power-Vape-Big-Puff-Count-Simple-Daily-Use_Agora_vape-11-6x12.webp 6w\" sizes=\"auto, (max-width: 1280px) 100vw, 1280px\" \/><\/h2>\n<h2 data-v-md-heading=\"what-are-the-special-features-of-bang-blaze-60k-60000-mouth-dsk051-high-power-vape\" data-v-md-line=\"3\">Vilka \u00e4r de speciella egenskaperna hos Bang Blaze 60k 60000 mouth (DSK051) h\u00f6gpresterande vape?<\/h2>\n<p data-v-md-line=\"5\">Om du \u00e4r tr\u00f6tt p\u00e5 eng\u00e5ngsvapor som b\u00f6rjar med mycket energi men snabbt tappar fart, d\u00e5 kommer Bang Blaze 60k att ge dig en helt annan upplevelse. Detta \u00e4r en uppladdningsbar eng\u00e5ngsvapor med stor kapacitet, designad f\u00f6r anv\u00e4ndare som vill ha en l\u00e5ngvarig och stabil smak utan att f\u00f6rvandla vaping till en \"hobby\".<\/p>\n<p data-v-md-line=\"7\">Du kanske tycker att en vape med en kapacitet p\u00e5 60 000 bloss \u00e4r lika tung som en tegelsten i fickan. Men n\u00e4r du h\u00e5ller den i handen \u00e4r den mycket l\u00e4ttare \u00e4n du tror, \u200b\u200boch om du inte vill byta patron med n\u00e5gra dagars mellanrum \u00e4r den h\u00e4r vapen definitivt det perfekta valet f\u00f6r dig.<\/p>\n<h2 data-v-md-heading=\"excellent-performance-and-easy-operation\" data-v-md-line=\"9\">Utm\u00e4rkt prestanda och enkel anv\u00e4ndning<\/h2>\n<p data-v-md-line=\"11\">Denna vape \u00e4r utrustad med en 0,6 \u03a9 mesh-spole, vilket inneb\u00e4r att den kan v\u00e4rmas j\u00e4mnt. I praktiken inneb\u00e4r detta att smaken f\u00f6rblir j\u00e4mn fr\u00e5n f\u00f6rsta tuggan till varje efterf\u00f6ljande tugga, utan n\u00e5gon br\u00e4nd eller \"tr\u00e5kig\" smak som vissa stora eng\u00e5ngsvapes. N\u00e4r batteriet \u00e4r l\u00e5gt kan den laddas via Type-C-gr\u00e4nssnittet, s\u00e5 att du kan anv\u00e4nda din befintliga datakabel f\u00f6r att ladda de flesta moderna telefoner.<\/p>\n<h2 data-v-md-heading=\"quick-specifications\" data-v-md-line=\"13\">Snabba specifikationer<\/h2>\n<ul data-v-md-line=\"14\">\n<li>R\u00f6kfrekvens: upp till 60000<\/li>\n<li>e-v\u00e4tska kapacitet: 40 ml<\/li>\n<li>Batteri: 1000mAh (uppladdningsbart)<\/li>\n<li>Atomiseringsk\u00e4rna: 0,6 \u03a9 mesh-atomiseringsk\u00e4rna<\/li>\n<li>Anv\u00e4ndning: Andas in f\u00f6r att aktivera<\/li>\n<li>Laddningsgr\u00e4nssnitt: Typ-C-gr\u00e4nssnitt<\/li>\n<li>Klar att anv\u00e4nda direkt ur l\u00e5dan:<\/li>\n<li>OEM\/ODM: Support (g\u00e4ller kommersiella\/anpassade best\u00e4llningar)<\/li>\n<\/ul>\n<h2 data-v-md-heading=\"complete-flavor-lineup\" data-v-md-line=\"23\">Komplett smakutbud<\/h2>\n<ul data-v-md-line=\"24\">\n<li>Kall mint<\/li>\n<li>Brun \u00f6l<\/li>\n<li>Dubbelt \u00e4pple<\/li>\n<li>K\u00f6rsb\u00e4rsmynta<\/li>\n<li>Jordgubb, kiwi<\/li>\n<li>Vattenmelonmannen<\/li>\n<li>Vattenmelon, jordgubb, melon<\/li>\n<li>Bl\u00e5b\u00e4r och hallon<\/li>\n<li>Blandade b\u00e4r<\/li>\n<li>Passionsfrukt<\/li>\n<li>Brittiska Red Bull<\/li>\n<li>Blodiga Maria<\/li>\n<li>Jordgubbsvattenmelon<\/li>\n<li>Vattenmelon<\/li>\n<\/ul>\n<h2 data-v-md-heading=\"tailored-for-you-and-your-business\" data-v-md-line=\"39\">Skr\u00e4ddarsytt f\u00f6r dig och ditt f\u00f6retag<\/h2>\n<p data-v-md-line=\"41\">Du kan k\u00f6pa Bang Blaze 60k direkt, vilket \u00e4r en enkel och l\u00e4ttanv\u00e4nd produkt som kan k\u00f6pas och anv\u00e4ndas omedelbart. Om du k\u00f6per fr\u00e5n en butik eller ofta s\u00e4ljer i bulk \u00e4r det ocks\u00e5 ett idealiskt val f\u00f6r \u00e5terkommande kunder, eftersom de omedelbart kommer att k\u00e4nna v\u00e4rdet av \"kraftig sugkraft, laddningsbar\".<\/p>\n<p data-v-md-line=\"43\">F\u00f6r B2B-best\u00e4llningar anv\u00e4nder vi f\u00f6rpackningar p\u00e5 100 enheter\/l\u00e5da (avser \u00e4ven vikten av 10 enheter) f\u00f6r att underl\u00e4tta lagerplaneringen f\u00f6r dig. Vi samarbetar med p\u00e5litliga logistikpartners som UPS, DPD och DHL, och erbjuder praktiska DDP-fraktalternativ efter momsbetalning s\u00e5 mycket som m\u00f6jligt, s\u00e5 att du inte beh\u00f6ver oroa dig f\u00f6r tullfr\u00e5gor.<\/p>\n<h2 data-v-md-heading=\"the-reason-why-you-will-like-it\" data-v-md-line=\"45\">Anledningen till att du kommer att gilla det<\/h2>\n<ul data-v-md-line=\"46\">\n<li>Ultral\u00e5ng sugkapacitet: L\u00e4ngre batteritid, inget behov av frekvent byte.<\/li>\n<li>Uppladdningsbart batteri: l\u00e5ter dig anv\u00e4nda upp den e-v\u00e4tska du k\u00f6pt.<\/li>\n<li>N\u00e4tspiral: Bibeh\u00e5ller en stabil smak och undviker k\u00e4nslan av \"smaksneds\u00e4ttning\".<\/li>\n<li>Enkel inandning: Inga knappar, inga inst\u00e4llningar, njut direkt.<\/li>\n<\/ul>\n<h2 data-v-md-heading=\"why-choose-to-collaborate-with-agoravape\" data-v-md-line=\"51\">Varf\u00f6r v\u00e4lja att samarbeta med AgoraVape?<\/h2>\n<p data-v-md-line=\"53\">AgoraVape fokuserar p\u00e5 de verkligt viktiga aspekterna: genuin produktgaranti, tydliga specifikationer och p\u00e5litliga logistiktj\u00e4nster i hela Europa. Om du \u00e4r en f\u00f6retagsk\u00f6pare erbjuder vi p\u00e5litliga grossistl\u00f6sningar, snabb teknisk support och snabba leveranser av Bang Blaze 60k 60000 (DSK051) h\u00f6gpresterande vapes \u2013 den h\u00e4r produkten \u00e4r l\u00e4tt att s\u00e4lja eftersom den l\u00f6ser ett enkelt problem: h\u00e5llbarhet.<\/p>\n<p><script src=\"chrome-extension:\/\/fpelahbljekknahkcaegamhcndkfpfnc\/iFrame.js\" type=\"text\/javascript\"><\/script><\/p>\n<p><script src=\"chrome-extension:\/\/fpelahbljekknahkcaegamhcndkfpfnc\/iFrame.js\" type=\"text\/javascript\"><\/script><\/p>","protected":false},"excerpt":{"rendered":"<p>&nbsp;<\/p>\n<p><script src=\"chrome-extension:\/\/fpelahbljekknahkcaegamhcndkfpfnc\/iFrame.js\" type=\"text\/javascript\"><\/script><\/p>\n<p><script src=\"chrome-extension:\/\/fpelahbljekknahkcaegamhcndkfpfnc\/iFrame.js\" type=\"text\/javascript\"><\/script><\/p>","protected":false},"featured_media":23942,"comment_status":"open","ping_status":"closed","template":"","meta":[],"product_brand":[197],"product_cat":[124,187,188,189,1642,123,174,193,191,179,173,186,180,190,192],"product_tag":[],"class_list":{"0":"post-23919","1":"product","2":"type-product","3":"status-publish","4":"has-post-thumbnail","6":"product_brand-bang","7":"product_cat-vape-by-brand","8":"product_cat-0mg-nicotine-free-vapes","9":"product_cat-10mg-low-nicotine-vapes","10":"product_cat-20mg-standard-nicotine-vapes","11":"product_cat-60000-puffs","12":"product_cat-bang","13":"product_cat-fruit-flavors","14":"product_cat-mesh-coil","15":"product_cat-rechargeable-disposables","16":"product_cat-unique-blends","17":"product_cat-vape-by-flavor-profile","18":"product_cat-vape-by-nicotine-strength","19":"product_cat-vape-by-puff-count","20":"product_cat-vape-by-feature-or-type","21":"product_cat-vapes-with-screens","23":"first","24":"instock","25":"shipping-taxable","26":"purchasable","27":"product-type-variable","28":"has-default-attributes"},"tiered_pricing_type":"percentage","tiered_pricing_fixed_rules":[],"tiered_pricing_product_settings":{"layout":"default","base_unit_name":{"singular":null,"plural":null},"default_variation":null},"tiered_pricing_minimum_quantity":10,"tiered_pricing_roles_data":[],"tiered_pricing_percentage_rules":{"30":"11","50":"18","100":"25","200":"30","500":"34","1000":"44"},"tiered_pricing_maximum_quantity":null,"tiered_pricing_quantity_step":"10","_links":{"self":[{"href":"https:\/\/agoravape.com\/sv\/wp-json\/wp\/v2\/product\/23919","targetHints":{"allow":["GET"]}}],"collection":[{"href":"https:\/\/agoravape.com\/sv\/wp-json\/wp\/v2\/product"}],"about":[{"href":"https:\/\/agoravape.com\/sv\/wp-json\/wp\/v2\/types\/product"}],"replies":[{"embeddable":true,"href":"https:\/\/agoravape.com\/sv\/wp-json\/wp\/v2\/comments?post=23919"}],"version-history":[{"count":0,"href":"https:\/\/agoravape.com\/sv\/wp-json\/wp\/v2\/product\/23919\/revisions"}],"wp:featuredmedia":[{"embeddable":true,"href":"https:\/\/agoravape.com\/sv\/wp-json\/wp\/v2\/media\/23942"}],"wp:attachment":[{"href":"https:\/\/agoravape.com\/sv\/wp-json\/wp\/v2\/media?parent=23919"}],"wp:term":[{"taxonomy":"product_brand","embeddable":true,"href":"https:\/\/agoravape.com\/sv\/wp-json\/wp\/v2\/product_brand?post=23919"},{"taxonomy":"product_cat","embeddable":true,"href":"https:\/\/agoravape.com\/sv\/wp-json\/wp\/v2\/product_cat?post=23919"},{"taxonomy":"product_tag","embeddable":true,"href":"https:\/\/agoravape.com\/sv\/wp-json\/wp\/v2\/product_tag?post=23919"}],"curies":[{"name":"wp","href":"https:\/\/api.w.org\/{rel}","templated":true}]}}