{"id":23979,"date":"2026-01-25T23:10:29","date_gmt":"2026-01-25T15:10:29","guid":{"rendered":"https:\/\/agoravape.com\/?post_type=product&#038;p=23979"},"modified":"2026-03-30T09:17:48","modified_gmt":"2026-03-30T07:17:48","slug":"aaok-h127-ak110k-110000-vattenpipshuvud-for-engangsbruk","status":"publish","type":"product","link":"https:\/\/agoravape.com\/sv\/product\/aaok-h127-ak110k-110000-disposable-hookah-head\/","title":{"rendered":"AAOK H127-AK110K 110000 Eng\u00e5ngsvattenpipahuvud Justerbart luftfl\u00f6de"},"content":{"rendered":"<p data-v-md-line=\"1\"><img loading=\"lazy\" decoding=\"async\" class=\"aligncenter size-full wp-image-24007\" src=\"https:\/\/agoravape.com\/wp-content\/uploads\/2026\/01\/AAOK-H127-AK110K-110000-Disposable-Hookah-Head-Adjustable-airflow_Agora.webp\" alt=\"\" width=\"1280\" height=\"1654\" srcset=\"https:\/\/agoravape.com\/wp-content\/uploads\/2026\/01\/AAOK-H127-AK110K-110000-Disposable-Hookah-Head-Adjustable-airflow_Agora.webp 1280w, https:\/\/agoravape.com\/wp-content\/uploads\/2026\/01\/AAOK-H127-AK110K-110000-Disposable-Hookah-Head-Adjustable-airflow_Agora-1200x1551.webp 1200w, https:\/\/agoravape.com\/wp-content\/uploads\/2026\/01\/AAOK-H127-AK110K-110000-Disposable-Hookah-Head-Adjustable-airflow_Agora-232x300.webp 232w, https:\/\/agoravape.com\/wp-content\/uploads\/2026\/01\/AAOK-H127-AK110K-110000-Disposable-Hookah-Head-Adjustable-airflow_Agora-792x1024.webp 792w, https:\/\/agoravape.com\/wp-content\/uploads\/2026\/01\/AAOK-H127-AK110K-110000-Disposable-Hookah-Head-Adjustable-airflow_Agora-768x992.webp 768w, https:\/\/agoravape.com\/wp-content\/uploads\/2026\/01\/AAOK-H127-AK110K-110000-Disposable-Hookah-Head-Adjustable-airflow_Agora-1189x1536.webp 1189w, https:\/\/agoravape.com\/wp-content\/uploads\/2026\/01\/AAOK-H127-AK110K-110000-Disposable-Hookah-Head-Adjustable-airflow_Agora-9x12.webp 9w\" sizes=\"auto, (max-width: 1280px) 100vw, 1280px\" \/><\/p>\n<p data-v-md-line=\"1\">AAOK H127-AK110K omdefinierar e-vattenpipa-upplevelsen. Det \u00e4r inte bara en e-vaporizer, utan en perfekt uppgradering och ers\u00e4ttning f\u00f6r traditionell vattenpipa. Med otroliga 110 000 bloss och en innovativ roterande design med dubbla smaker, blandar den perfekt stor \u00e5ngproduktion (DTL) med en j\u00e4mn smakprofil (MTL), vilket ger o\u00f6vertr\u00e4ffad bekv\u00e4mlighet och njutning till vattenpipentusiaster.<\/p>\n<p><a href=\"https:\/\/agoravape.com\/wp-content\/uploads\/2026\/01\/264d8d62ab43c04676bcb73aa106c740.mp4\">Videointroduktion\u00a0<\/a><\/p>\n<p data-v-md-line=\"3\"><strong>Viktiga f\u00f6rs\u00e4ljningsargument:<\/strong><\/p>\n<ul data-v-md-line=\"5\">\n<li>\n<p data-v-md-line=\"5\"><strong>Dubbel tank, dubbla smaker, roterande brytare:<\/strong>\u00a0En unik design med dubbla tankar p\u00e5 25 ml + 25 ml, totalt 50 ml. Rotera bara enheten f\u00f6r att smidigt v\u00e4xla mellan tv\u00e5 smaker, vilket eliminerar smaktr\u00f6tthet.<\/p>\n<\/li>\n<li>\n<p data-v-md-line=\"7\"><strong>L\u00e5ng batteritid, ultimat upplevelse:<\/strong>\u00a0En nominell livsl\u00e4ngd p\u00e5 110 000 bloss, utrustad med ett h\u00f6gkapacitetsbatteri p\u00e5 1900 mAh och ett snabbladdningsgr\u00e4nssnitt av typ C, vilket s\u00e4kerst\u00e4ller en h\u00e5llbar och stabil effekt.<\/p>\n<\/li>\n<li>\n<p data-v-md-line=\"9\"><strong>Professionellt n\u00e4tfilter, kraftfull \u00e5nggenerering:<\/strong>\u00a0Anv\u00e4nder ett 0,3\u03a9 l\u00e5gresistansn\u00e4tfilter, i kombination med en h\u00f6g effekt p\u00e5 45 W, vilket omedelbart producerar rik och t\u00e4t \u00e5nga f\u00f6r den mest autentiska Shisha DTL (Direct Lung Ton)-upplevelsen. Den st\u00f6der \u00e4ven MTL (Mouth Ton)-l\u00e4ge.<\/p>\n<\/li>\n<li>\n<p data-v-md-line=\"11\"><strong>Perfekt kompatibilitet, plug and play:<\/strong>\u00a0Det nedre gr\u00e4nssnittet \u00e4r speciellt utformat f\u00f6r att ers\u00e4tta traditionella vattenpipahuvuden och kan installeras direkt p\u00e5 vattenpipan, vilket eliminerar behovet av besv\u00e4rlig kolf\u00f6rberedelse och s\u00e4kerst\u00e4ller renlighet och hygien.<\/p>\n<\/li>\n<li>\n<p data-v-md-line=\"13\"><strong>Smart digital sk\u00e4rm:<\/strong>\u00a0Inbyggd HD-sk\u00e4rm m\u00f6jligg\u00f6r realtids\u00f6vervakning av batteriniv\u00e5 och enhetsstatus.<\/p>\n<\/li>\n<\/ul>\n<p data-v-md-line=\"15\"><strong>Tekniska specifikationer:<\/strong><\/p>\n<ul data-v-md-line=\"17\">\n<li>\n<p data-v-md-line=\"17\"><strong>M\u00e5tt:<\/strong>\u00a0124 x 62,5 x 62,5 mm<\/p>\n<\/li>\n<li>\n<p data-v-md-line=\"19\"><strong>Material:<\/strong>\u00a0Aluminiumlegering + PCTG (h\u00e5llbar och h\u00f6gkvalitativ)<\/p>\n<\/li>\n<li>\n<p data-v-md-line=\"21\"><strong>E-v\u00e4tskekapacitet:<\/strong>\u00a050 ml (25 ml + 25 ml)<\/p>\n<\/li>\n<li>\n<p data-v-md-line=\"23\"><strong>Motst\u00e5nd\/Kraft:<\/strong>\u00a00,3\u03a9 \/ 45W<\/p>\n<\/li>\n<li>\n<p data-v-md-line=\"25\"><strong>Vikt:<\/strong>\u00a0261 g<\/p>\n<\/li>\n<\/ul>\n<p data-v-md-line=\"27\"><strong>Smaklista:<\/strong><\/p>\n<ul data-v-md-line=\"29\">\n<li>\n<p data-v-md-line=\"29\"><strong>M\u00e5tt:<\/strong>\u00a0124 x 62,5 x 62,5 mm<\/p>\n<\/li>\n<li>\n<p data-v-md-line=\"31\">Miami Mint+Vattenmelon<\/p>\n<\/li>\n<li>\n<p data-v-md-line=\"32\">Miami Mint+Bl\u00e5 Razz<\/p>\n<\/li>\n<li>\n<p data-v-md-line=\"33\">Tv\u00e5 Apple+Bl\u00e5 Razz<\/p>\n<\/li>\n<li>\n<p data-v-md-line=\"34\">Tv\u00e5 \u00e4pplen + k\u00e4rlek 66<\/p>\n<\/li>\n<li>\n<p data-v-md-line=\"35\">CheryCola+Love 66<\/p>\n<\/li>\n<li>\n<p data-v-md-line=\"36\">Lady Killer+Jordgubbskiwi<\/p>\n<\/li>\n<li>\n<p data-v-md-line=\"37\">Bl\u00e5b\u00e4rsvattenmelon + Cool Mint<\/p>\n<\/li>\n<li>\n<p data-v-md-line=\"38\">K\u00f6rsb\u00e4rscitron+Tropisk regnb\u00e5gsexplosion<\/p>\n<\/li>\n<li>\n<p data-v-md-line=\"39\">Jordgubbs-Mango+Mighty Mint<\/p>\n<\/li>\n<li>\n<p data-v-md-line=\"40\">Grape Blow Pop+Vattenmelonglasyr<\/p>\n<\/li>\n<\/ul>\n<p>&nbsp;<\/p>\n<p><script src=\"chrome-extension:\/\/fpelahbljekknahkcaegamhcndkfpfnc\/iFrame.js\" type=\"text\/javascript\"><\/script><\/p>\n<p><script src=\"chrome-extension:\/\/fpelahbljekknahkcaegamhcndkfpfnc\/iFrame.js\" type=\"text\/javascript\"><\/script><\/p>\n<p><script src=\"chrome-extension:\/\/fpelahbljekknahkcaegamhcndkfpfnc\/iFrame.js\" type=\"text\/javascript\"><\/script><\/p>\n<p><script src=\"chrome-extension:\/\/fpelahbljekknahkcaegamhcndkfpfnc\/iFrame.js\" type=\"text\/javascript\"><\/script><\/p>\n<p><script src=\"chrome-extension:\/\/fpelahbljekknahkcaegamhcndkfpfnc\/iFrame.js\" type=\"text\/javascript\"><\/script><\/p>\n<p><script src=\"chrome-extension:\/\/fpelahbljekknahkcaegamhcndkfpfnc\/iFrame.js\" type=\"text\/javascript\"><\/script><\/p>\n<p><script src=\"chrome-extension:\/\/fpelahbljekknahkcaegamhcndkfpfnc\/iFrame.js\" type=\"text\/javascript\"><\/script><\/p>","protected":false},"excerpt":{"rendered":"<p>&nbsp;<\/p>\n<p><script src=\"chrome-extension:\/\/fpelahbljekknahkcaegamhcndkfpfnc\/iFrame.js\" type=\"text\/javascript\"><\/script><\/p>\n<p><script src=\"chrome-extension:\/\/fpelahbljekknahkcaegamhcndkfpfnc\/iFrame.js\" type=\"text\/javascript\"><\/script><\/p>\n<p><script src=\"chrome-extension:\/\/fpelahbljekknahkcaegamhcndkfpfnc\/iFrame.js\" type=\"text\/javascript\"><\/script><\/p>\n<p><script src=\"chrome-extension:\/\/fpelahbljekknahkcaegamhcndkfpfnc\/iFrame.js\" type=\"text\/javascript\"><\/script><\/p>\n<p><script src=\"chrome-extension:\/\/fpelahbljekknahkcaegamhcndkfpfnc\/iFrame.js\" type=\"text\/javascript\"><\/script><\/p>\n<p><script src=\"chrome-extension:\/\/fpelahbljekknahkcaegamhcndkfpfnc\/iFrame.js\" type=\"text\/javascript\"><\/script><\/p>\n<p><script src=\"chrome-extension:\/\/fpelahbljekknahkcaegamhcndkfpfnc\/iFrame.js\" type=\"text\/javascript\"><\/script><\/p>","protected":false},"featured_media":24000,"comment_status":"open","ping_status":"closed","template":"","meta":[],"product_brand":[243],"product_cat":[124,187,185,188,189,170,194,1674,174,193,191,179,173,186,180,190,192],"product_tag":[],"class_list":{"0":"post-23979","1":"product","2":"type-product","3":"status-publish","4":"has-post-thumbnail","6":"product_brand-aaok","7":"product_cat-vape-by-brand","8":"product_cat-0mg-nicotine-free-vapes","9":"product_cat-10000-puffs-high-capacity","10":"product_cat-10mg-low-nicotine-vapes","11":"product_cat-20mg-standard-nicotine-vapes","12":"product_cat-aaok","13":"product_cat-adjustable-airflow","14":"product_cat-eu-warehouse","15":"product_cat-fruit-flavors","16":"product_cat-mesh-coil","17":"product_cat-rechargeable-disposables","18":"product_cat-unique-blends","19":"product_cat-vape-by-flavor-profile","20":"product_cat-vape-by-nicotine-strength","21":"product_cat-vape-by-puff-count","22":"product_cat-vape-by-feature-or-type","23":"product_cat-vapes-with-screens","25":"first","26":"instock","27":"shipping-taxable","28":"purchasable","29":"product-type-variable","30":"has-default-attributes"},"tiered_pricing_type":"percentage","tiered_pricing_fixed_rules":[],"tiered_pricing_product_settings":{"layout":"default","base_unit_name":{"singular":null,"plural":null},"default_variation":null},"tiered_pricing_minimum_quantity":10,"tiered_pricing_roles_data":[],"tiered_pricing_percentage_rules":{"30":"29","50":"35","100":"40","200":"44","500":"47","1000":"49"},"tiered_pricing_maximum_quantity":null,"tiered_pricing_quantity_step":"10","_links":{"self":[{"href":"https:\/\/agoravape.com\/sv\/wp-json\/wp\/v2\/product\/23979","targetHints":{"allow":["GET"]}}],"collection":[{"href":"https:\/\/agoravape.com\/sv\/wp-json\/wp\/v2\/product"}],"about":[{"href":"https:\/\/agoravape.com\/sv\/wp-json\/wp\/v2\/types\/product"}],"replies":[{"embeddable":true,"href":"https:\/\/agoravape.com\/sv\/wp-json\/wp\/v2\/comments?post=23979"}],"version-history":[{"count":0,"href":"https:\/\/agoravape.com\/sv\/wp-json\/wp\/v2\/product\/23979\/revisions"}],"wp:featuredmedia":[{"embeddable":true,"href":"https:\/\/agoravape.com\/sv\/wp-json\/wp\/v2\/media\/24000"}],"wp:attachment":[{"href":"https:\/\/agoravape.com\/sv\/wp-json\/wp\/v2\/media?parent=23979"}],"wp:term":[{"taxonomy":"product_brand","embeddable":true,"href":"https:\/\/agoravape.com\/sv\/wp-json\/wp\/v2\/product_brand?post=23979"},{"taxonomy":"product_cat","embeddable":true,"href":"https:\/\/agoravape.com\/sv\/wp-json\/wp\/v2\/product_cat?post=23979"},{"taxonomy":"product_tag","embeddable":true,"href":"https:\/\/agoravape.com\/sv\/wp-json\/wp\/v2\/product_tag?post=23979"}],"curies":[{"name":"wp","href":"https:\/\/api.w.org\/{rel}","templated":true}]}}