{"id":24125,"date":"2026-01-26T15:50:06","date_gmt":"2026-01-26T07:50:06","guid":{"rendered":"https:\/\/agoravape.com\/?post_type=product&#038;p=24125"},"modified":"2026-02-22T15:14:21","modified_gmt":"2026-02-22T14:14:21","slug":"bang-ledare-20k-20000-puffar","status":"publish","type":"product","link":"https:\/\/agoravape.com\/sv\/product\/bang-leader-20k-20000-puffs\/","title":{"rendered":"Bang Leader 20000 Puffs Eng\u00e5ngsvape Dubbeln\u00e4t"},"content":{"rendered":"<p data-v-md-line=\"4\"><img loading=\"lazy\" decoding=\"async\" class=\"aligncenter size-full wp-image-24144\" src=\"https:\/\/agoravape.com\/wp-content\/uploads\/2026\/01\/Bang-Leader-20000-Puffs-Disposable-Vape-Dual-Mesh_Agora_vape-6.webp\" alt=\"\" width=\"1920\" height=\"1279\" srcset=\"https:\/\/agoravape.com\/wp-content\/uploads\/2026\/01\/Bang-Leader-20000-Puffs-Disposable-Vape-Dual-Mesh_Agora_vape-6.webp 1920w, https:\/\/agoravape.com\/wp-content\/uploads\/2026\/01\/Bang-Leader-20000-Puffs-Disposable-Vape-Dual-Mesh_Agora_vape-6-1200x799.webp 1200w, https:\/\/agoravape.com\/wp-content\/uploads\/2026\/01\/Bang-Leader-20000-Puffs-Disposable-Vape-Dual-Mesh_Agora_vape-6-300x200.webp 300w, https:\/\/agoravape.com\/wp-content\/uploads\/2026\/01\/Bang-Leader-20000-Puffs-Disposable-Vape-Dual-Mesh_Agora_vape-6-1024x682.webp 1024w, https:\/\/agoravape.com\/wp-content\/uploads\/2026\/01\/Bang-Leader-20000-Puffs-Disposable-Vape-Dual-Mesh_Agora_vape-6-768x512.webp 768w, https:\/\/agoravape.com\/wp-content\/uploads\/2026\/01\/Bang-Leader-20000-Puffs-Disposable-Vape-Dual-Mesh_Agora_vape-6-1536x1023.webp 1536w, https:\/\/agoravape.com\/wp-content\/uploads\/2026\/01\/Bang-Leader-20000-Puffs-Disposable-Vape-Dual-Mesh_Agora_vape-6-18x12.webp 18w\" sizes=\"auto, (max-width: 1920px) 100vw, 1920px\" \/> <img loading=\"lazy\" decoding=\"async\" class=\"aligncenter size-full wp-image-24142\" src=\"https:\/\/agoravape.com\/wp-content\/uploads\/2026\/01\/Bang-Leader-20000-Puffs-Disposable-Vape-Dual-Mesh_Agora_vape-4.webp\" alt=\"\" width=\"1200\" height=\"674\" srcset=\"https:\/\/agoravape.com\/wp-content\/uploads\/2026\/01\/Bang-Leader-20000-Puffs-Disposable-Vape-Dual-Mesh_Agora_vape-4.webp 1200w, https:\/\/agoravape.com\/wp-content\/uploads\/2026\/01\/Bang-Leader-20000-Puffs-Disposable-Vape-Dual-Mesh_Agora_vape-4-300x169.webp 300w, https:\/\/agoravape.com\/wp-content\/uploads\/2026\/01\/Bang-Leader-20000-Puffs-Disposable-Vape-Dual-Mesh_Agora_vape-4-1024x575.webp 1024w, https:\/\/agoravape.com\/wp-content\/uploads\/2026\/01\/Bang-Leader-20000-Puffs-Disposable-Vape-Dual-Mesh_Agora_vape-4-768x431.webp 768w, https:\/\/agoravape.com\/wp-content\/uploads\/2026\/01\/Bang-Leader-20000-Puffs-Disposable-Vape-Dual-Mesh_Agora_vape-4-18x10.webp 18w\" sizes=\"auto, (max-width: 1200px) 100vw, 1200px\" \/> <img loading=\"lazy\" decoding=\"async\" class=\"aligncenter size-full wp-image-24141\" src=\"https:\/\/agoravape.com\/wp-content\/uploads\/2026\/01\/Bang-Leader-20000-Puffs-Disposable-Vape-Dual-Mesh_Agora_vape-3.webp\" alt=\"\" width=\"2275\" height=\"1279\" srcset=\"https:\/\/agoravape.com\/wp-content\/uploads\/2026\/01\/Bang-Leader-20000-Puffs-Disposable-Vape-Dual-Mesh_Agora_vape-3.webp 2275w, https:\/\/agoravape.com\/wp-content\/uploads\/2026\/01\/Bang-Leader-20000-Puffs-Disposable-Vape-Dual-Mesh_Agora_vape-3-1200x675.webp 1200w, https:\/\/agoravape.com\/wp-content\/uploads\/2026\/01\/Bang-Leader-20000-Puffs-Disposable-Vape-Dual-Mesh_Agora_vape-3-300x169.webp 300w, https:\/\/agoravape.com\/wp-content\/uploads\/2026\/01\/Bang-Leader-20000-Puffs-Disposable-Vape-Dual-Mesh_Agora_vape-3-1024x576.webp 1024w, https:\/\/agoravape.com\/wp-content\/uploads\/2026\/01\/Bang-Leader-20000-Puffs-Disposable-Vape-Dual-Mesh_Agora_vape-3-768x432.webp 768w, https:\/\/agoravape.com\/wp-content\/uploads\/2026\/01\/Bang-Leader-20000-Puffs-Disposable-Vape-Dual-Mesh_Agora_vape-3-1536x864.webp 1536w, https:\/\/agoravape.com\/wp-content\/uploads\/2026\/01\/Bang-Leader-20000-Puffs-Disposable-Vape-Dual-Mesh_Agora_vape-3-2048x1151.webp 2048w, https:\/\/agoravape.com\/wp-content\/uploads\/2026\/01\/Bang-Leader-20000-Puffs-Disposable-Vape-Dual-Mesh_Agora_vape-3-18x10.webp 18w\" sizes=\"auto, (max-width: 2275px) 100vw, 2275px\" \/> <img loading=\"lazy\" decoding=\"async\" class=\"aligncenter size-full wp-image-24140\" src=\"https:\/\/agoravape.com\/wp-content\/uploads\/2026\/01\/Bang-Leader-20000-Puffs-Disposable-Vape-Dual-Mesh_Agora_vape-2.webp\" alt=\"\" width=\"1920\" height=\"1080\" srcset=\"https:\/\/agoravape.com\/wp-content\/uploads\/2026\/01\/Bang-Leader-20000-Puffs-Disposable-Vape-Dual-Mesh_Agora_vape-2.webp 1920w, https:\/\/agoravape.com\/wp-content\/uploads\/2026\/01\/Bang-Leader-20000-Puffs-Disposable-Vape-Dual-Mesh_Agora_vape-2-1200x675.webp 1200w, https:\/\/agoravape.com\/wp-content\/uploads\/2026\/01\/Bang-Leader-20000-Puffs-Disposable-Vape-Dual-Mesh_Agora_vape-2-300x169.webp 300w, https:\/\/agoravape.com\/wp-content\/uploads\/2026\/01\/Bang-Leader-20000-Puffs-Disposable-Vape-Dual-Mesh_Agora_vape-2-1024x576.webp 1024w, https:\/\/agoravape.com\/wp-content\/uploads\/2026\/01\/Bang-Leader-20000-Puffs-Disposable-Vape-Dual-Mesh_Agora_vape-2-768x432.webp 768w, https:\/\/agoravape.com\/wp-content\/uploads\/2026\/01\/Bang-Leader-20000-Puffs-Disposable-Vape-Dual-Mesh_Agora_vape-2-1536x864.webp 1536w, https:\/\/agoravape.com\/wp-content\/uploads\/2026\/01\/Bang-Leader-20000-Puffs-Disposable-Vape-Dual-Mesh_Agora_vape-2-18x10.webp 18w\" sizes=\"auto, (max-width: 1920px) 100vw, 1920px\" \/> <img loading=\"lazy\" decoding=\"async\" class=\"aligncenter size-full wp-image-24139\" src=\"https:\/\/agoravape.com\/wp-content\/uploads\/2026\/01\/Bang-Leader-20000-Puffs-Disposable-Vape-Dual-Mesh_Agora_vape-1.webp\" alt=\"\" width=\"1920\" height=\"1080\" srcset=\"https:\/\/agoravape.com\/wp-content\/uploads\/2026\/01\/Bang-Leader-20000-Puffs-Disposable-Vape-Dual-Mesh_Agora_vape-1.webp 1920w, https:\/\/agoravape.com\/wp-content\/uploads\/2026\/01\/Bang-Leader-20000-Puffs-Disposable-Vape-Dual-Mesh_Agora_vape-1-1200x675.webp 1200w, https:\/\/agoravape.com\/wp-content\/uploads\/2026\/01\/Bang-Leader-20000-Puffs-Disposable-Vape-Dual-Mesh_Agora_vape-1-300x169.webp 300w, https:\/\/agoravape.com\/wp-content\/uploads\/2026\/01\/Bang-Leader-20000-Puffs-Disposable-Vape-Dual-Mesh_Agora_vape-1-1024x576.webp 1024w, https:\/\/agoravape.com\/wp-content\/uploads\/2026\/01\/Bang-Leader-20000-Puffs-Disposable-Vape-Dual-Mesh_Agora_vape-1-768x432.webp 768w, https:\/\/agoravape.com\/wp-content\/uploads\/2026\/01\/Bang-Leader-20000-Puffs-Disposable-Vape-Dual-Mesh_Agora_vape-1-1536x864.webp 1536w, https:\/\/agoravape.com\/wp-content\/uploads\/2026\/01\/Bang-Leader-20000-Puffs-Disposable-Vape-Dual-Mesh_Agora_vape-1-18x10.webp 18w\" sizes=\"auto, (max-width: 1920px) 100vw, 1920px\" \/><\/p>\n<p data-v-md-line=\"4\">Bang Leader 20000 eng\u00e5ngsvape, tungviktsm\u00e4stare, exklusivt sl\u00e4ppt av AgoraVape, som hj\u00e4lper dig att f\u00f6rb\u00e4ttra din vape-upplevelse. Denna enhet \u00e4r speciellt utformad f\u00f6r vape-anv\u00e4ndare som str\u00e4var efter h\u00e5llbarhet utan att offra smaken, och har ett 28 ml e-v\u00e4tskefack med stor kapacitet som kan ge ren tillfredsst\u00e4llelse i upp till 20000 bloss.<\/p>\n<p data-v-md-line=\"6\">Bang Leader anv\u00e4nder en sl\u00e5ende \"tigerm\u00f6nster\"-design och avancerad dubbel mesh-coilteknik f\u00f6r att s\u00e4kerst\u00e4lla att varje tugga \u00e4r lika fr\u00e4sch och fyllig som den f\u00f6rsta. Oavsett om du \u00e4r en \u00e5terf\u00f6rs\u00e4ljare som letar efter n\u00e4sta b\u00e4sts\u00e4ljande produkt eller en vape-entusiast som letar efter en h\u00e5llbar enhet, \u00e4r Bang Leader 20K ditt perfekta val.<\/p>\n<h2 data-v-md-heading=\"why-choose-bang-leader-20k\" data-v-md-line=\"8\">Varf\u00f6r v\u00e4lja Bang Leader 20K?<\/h2>\n<p data-v-md-line=\"10\">\ud83d\ude80 Ultral\u00e5ng batteritid<\/p>\n<p data-v-md-line=\"12\">S\u00e4g adj\u00f6 till irritationen med frekventa enhetsbyten. Denna vape har en superl\u00e5ng batteritid p\u00e5 20 000 bloss och ett e-v\u00e4tskefack med stor kapacitet p\u00e5 28 ml, med en batteritid p\u00e5 flera veckor ist\u00e4llet f\u00f6r dagar.<\/p>\n<p data-v-md-line=\"14\">\ud83d\udd25 Dubbelmaskig spolteknik<\/p>\n<p data-v-md-line=\"16\">Bang Leader \u00e4r utrustad med precisionsdesignade 1.0 \u03a9 dubbla mesh-spolar, som kan producera rik och j\u00e4mn r\u00f6k och helt frig\u00f6ra den rika och autentiska smaken hos varje fruktsmak.<\/p>\n<p data-v-md-line=\"18\">\u26a1 L\u00e5ng batteritid<\/p>\n<p data-v-md-line=\"20\">Inbyggt kraftfullt batteri p\u00e5 13400\/650mAh och laddningsgr\u00e4nssnitt av typ C, snabbladdning, s\u00e5 att du kan njuta tills sista droppen e-v\u00e4tska.<\/p>\n<p data-v-md-line=\"22\">\ud83d\udce6 Snabb leverans inom EU (3\u20134 arbetsdagar)<\/p>\n<p data-v-md-line=\"24\">Du beh\u00f6ver inte g\u00e5 igenom l\u00e5nga transporttider och komplicerade tullklareringsprocedurer f\u00f6r att skicka fr\u00e5n Kina. AgoraVape skickar direkt fr\u00e5n v\u00e5rt europeiska lager.<\/p>\n<ul data-v-md-line=\"25\">\n<li>\n<p data-v-md-line=\"25\">Inga tullproblem: Tullarna \u00e4r betalda i sin helhet och kan skickas n\u00e4r som helst.<\/p>\n<\/li>\n<li>\n<p data-v-md-line=\"27\">Hastighet: Inom Europa tar det bara 3\u20134 arbetsdagar att f\u00e5 din best\u00e4llning.<\/p>\n<\/li>\n<\/ul>\n<h2 data-v-md-heading=\"technical-specifications\" data-v-md-line=\"30\">Tekniska specifikationer<\/h2>\n<ul data-v-md-line=\"31\">\n<li>Antal munnar: Cirka 20000<\/li>\n<li>e-v\u00e4tska kapacitet: 28 ml<\/li>\n<li>Batterikapacitet: 650mAh (uppladdningsbar)<\/li>\n<li>Laddningsgr\u00e4nssnitt: Typ-C-gr\u00e4nssnitt<\/li>\n<li>Atomiseringsk\u00e4rna: 1,0 \u03a9 dubbelmaskig atomiseringsk\u00e4rna<\/li>\n<li>Vikt: 90 g per styck<\/li>\n<li>Utseendedesign: Snygg och kompakt f\u00f6rpackningsl\u00e5da med tigerm\u00f6nster<\/li>\n<\/ul>\n<h2 data-v-md-heading=\"optional-flavors\" data-v-md-line=\"40\">Valfria smaker<\/h2>\n<p data-v-md-line=\"42\">12 noggrant framtagna h\u00f6gkvalitativa smaker utformade f\u00f6r att stimulera dina smakl\u00f6kar:<\/p>\n<p data-v-md-line=\"44\">en \ud83c\udf53\ud83e\udd5d Jordgubbskiwi \u2013 balanserad s\u00f6t och sur, perfekt blandad.<\/p>\n<p data-v-md-line=\"46\">tv\u00e5 \ud83c\udf49\ud83e\uddca Vattenmelon-is \u2013 Uppfriskande och behaglig sommaratmosf\u00e4r.<\/p>\n<p data-v-md-line=\"48\">tre \ud83c\udf53\ud83e\uddca Jordgubbsglass \u2013 Krispig och klassisk jordgubbss\u00f6tma.<\/p>\n<p data-v-md-line=\"50\">fyra \ud83e\udd6d\ud83c\udf51 Mango Persika \u2013 Den rika smaken av tropiska frukter \u00e4r \u00f6verraskande.<\/p>\n<p data-v-md-line=\"52\">fem \ud83e\uded0\ud83c\udf47 Bl\u00e5b\u00e4r och hallon \u2013 en rik blandning av b\u00e4r- och fruktsmaker.<\/p>\n<p data-v-md-line=\"54\">sex \ud83e\uded0\ud83c\udf43 Bl\u00e5b\u00e4rsmynta \u2013 S\u00f6ta b\u00e4r med en uppfriskande eftersmak av mynta.<\/p>\n<p data-v-md-line=\"56\">sju \ud83e\udd57\ud83c\udf47 Blandade Frukter \u2013 En perfekt blandning av olika frukter som du \u00e4lskar.<\/p>\n<p data-v-md-line=\"58\">\u00e5tta \ud83c\udf53\ud83c\udf49 Jordgubbsvattenmelon \u2013 en klassisk smak som alla \u00e4lskar.<\/p>\n<p data-v-md-line=\"60\">nio \ud83c\udf47\ud83e\uddca Druvsmoothie \u2013 Rik druvsmak ger en uppfriskande smak.<\/p>\n<p data-v-md-line=\"62\">tio \ud83c\udf6c\ud83c\udf49 Vattenmelonbubbelgum \u2013 Ett nostalgiskt godis med s\u00f6t smak.<\/p>\n<p data-v-md-line=\"64\">eleven \ud83e\uded0\ud83e\uddca Bl\u00e5b\u00e4rsis \u2013 Rik bl\u00e5b\u00e4rssmak ger en uppfriskande smak.<\/p>\n<p data-v-md-line=\"66\">tolv \ud83c\udf51\ud83e\uddca Peach Ice \u2013 en saftig persika som ger en uppfriskande k\u00e4nsla.<\/p>\n<h2 data-v-md-heading=\"wholesale-and-bulk-orders\" data-v-md-line=\"70\">Grossist- och bulkbest\u00e4llningar<\/h2>\n<p data-v-md-line=\"72\">AgoraVape \u00e4r din betrodda partner f\u00f6r eng\u00e5ngsvapor i Europa.<\/p>\n<ul data-v-md-line=\"73\">\n<li>\n<p data-v-md-line=\"73\">F\u00f6rpackningsspecifikationer: 200 stycken\/kartong<\/p>\n<\/li>\n<li>\n<p data-v-md-line=\"75\">Vikt: 18 kilogram<\/p>\n<\/li>\n<\/ul>\n<p><script src=\"chrome-extension:\/\/fpelahbljekknahkcaegamhcndkfpfnc\/iFrame.js\" type=\"text\/javascript\"><\/script><\/p>\n<p><script src=\"chrome-extension:\/\/fpelahbljekknahkcaegamhcndkfpfnc\/iFrame.js\" type=\"text\/javascript\"><\/script><\/p>","protected":false},"excerpt":{"rendered":"<p>&nbsp;<\/p>\n<p><script src=\"chrome-extension:\/\/fpelahbljekknahkcaegamhcndkfpfnc\/iFrame.js\" type=\"text\/javascript\"><\/script><\/p>\n<p><script src=\"chrome-extension:\/\/fpelahbljekknahkcaegamhcndkfpfnc\/iFrame.js\" type=\"text\/javascript\"><\/script><\/p>\n<p><script src=\"chrome-extension:\/\/fpelahbljekknahkcaegamhcndkfpfnc\/iFrame.js\" type=\"text\/javascript\"><\/script><\/p>","protected":false},"featured_media":24143,"comment_status":"open","ping_status":"closed","template":"","meta":[],"product_brand":[197],"product_cat":[124,187,188,1636,189,123,1674,174,175,193,191,179,173,186,180,190],"product_tag":[],"class_list":{"0":"post-24125","1":"product","2":"type-product","3":"status-publish","4":"has-post-thumbnail","6":"product_brand-bang","7":"product_cat-vape-by-brand","8":"product_cat-0mg-nicotine-free-vapes","9":"product_cat-10mg-low-nicotine-vapes","10":"product_cat-20000-puffs","11":"product_cat-20mg-standard-nicotine-vapes","12":"product_cat-bang","13":"product_cat-eu-warehouse","14":"product_cat-fruit-flavors","15":"product_cat-icy-mint","16":"product_cat-mesh-coil","17":"product_cat-rechargeable-disposables","18":"product_cat-unique-blends","19":"product_cat-vape-by-flavor-profile","20":"product_cat-vape-by-nicotine-strength","21":"product_cat-vape-by-puff-count","22":"product_cat-vape-by-feature-or-type","24":"first","25":"instock","26":"shipping-taxable","27":"purchasable","28":"product-type-variable","29":"has-default-attributes"},"tiered_pricing_type":"percentage","tiered_pricing_fixed_rules":[],"tiered_pricing_product_settings":{"layout":"default","base_unit_name":{"singular":null,"plural":null},"default_variation":null},"tiered_pricing_minimum_quantity":10,"tiered_pricing_roles_data":[],"tiered_pricing_percentage_rules":{"30":"11","50":"18","100":"26","200":"30","500":"35","1000":"44"},"tiered_pricing_maximum_quantity":null,"tiered_pricing_quantity_step":"10","_links":{"self":[{"href":"https:\/\/agoravape.com\/sv\/wp-json\/wp\/v2\/product\/24125","targetHints":{"allow":["GET"]}}],"collection":[{"href":"https:\/\/agoravape.com\/sv\/wp-json\/wp\/v2\/product"}],"about":[{"href":"https:\/\/agoravape.com\/sv\/wp-json\/wp\/v2\/types\/product"}],"replies":[{"embeddable":true,"href":"https:\/\/agoravape.com\/sv\/wp-json\/wp\/v2\/comments?post=24125"}],"version-history":[{"count":0,"href":"https:\/\/agoravape.com\/sv\/wp-json\/wp\/v2\/product\/24125\/revisions"}],"wp:featuredmedia":[{"embeddable":true,"href":"https:\/\/agoravape.com\/sv\/wp-json\/wp\/v2\/media\/24143"}],"wp:attachment":[{"href":"https:\/\/agoravape.com\/sv\/wp-json\/wp\/v2\/media?parent=24125"}],"wp:term":[{"taxonomy":"product_brand","embeddable":true,"href":"https:\/\/agoravape.com\/sv\/wp-json\/wp\/v2\/product_brand?post=24125"},{"taxonomy":"product_cat","embeddable":true,"href":"https:\/\/agoravape.com\/sv\/wp-json\/wp\/v2\/product_cat?post=24125"},{"taxonomy":"product_tag","embeddable":true,"href":"https:\/\/agoravape.com\/sv\/wp-json\/wp\/v2\/product_tag?post=24125"}],"curies":[{"name":"wp","href":"https:\/\/api.w.org\/{rel}","templated":true}]}}