{"id":24148,"date":"2026-01-26T16:15:32","date_gmt":"2026-01-26T08:15:32","guid":{"rendered":"https:\/\/agoravape.com\/?post_type=product&#038;p=24148"},"modified":"2026-03-31T04:20:21","modified_gmt":"2026-03-31T02:20:21","slug":"bang-leader-30k-2in1-30000-puffar","status":"publish","type":"product","link":"https:\/\/agoravape.com\/sv\/product\/bang-leader-30k-2in1-30000-puffs\/","title":{"rendered":"Bang Leader 30k 30000 Puffs Dubbelsmaksvape | Tv\u00e5 smaker, en enhet, mindre kr\u00e5ngel"},"content":{"rendered":"<h2 data-v-md-heading=\"what-s-special-about-bang-leader-30k-30000-dual-flavored-vapes\" data-v-md-line=\"3\"><img loading=\"lazy\" decoding=\"async\" class=\"aligncenter size-full wp-image-24170\" src=\"https:\/\/agoravape.com\/wp-content\/uploads\/2026\/01\/Bang-Leader-30k-30000-Puffs-Dual-Flavor-Vape-Two-Flavours-One-Device-Less-Hassle_Agora_vape-9-scaled.webp\" alt=\"\" width=\"2560\" height=\"1444\" srcset=\"https:\/\/agoravape.com\/wp-content\/uploads\/2026\/01\/Bang-Leader-30k-30000-Puffs-Dual-Flavor-Vape-Two-Flavours-One-Device-Less-Hassle_Agora_vape-9-scaled.webp 2560w, https:\/\/agoravape.com\/wp-content\/uploads\/2026\/01\/Bang-Leader-30k-30000-Puffs-Dual-Flavor-Vape-Two-Flavours-One-Device-Less-Hassle_Agora_vape-9-scaled-1200x677.webp 1200w, https:\/\/agoravape.com\/wp-content\/uploads\/2026\/01\/Bang-Leader-30k-30000-Puffs-Dual-Flavor-Vape-Two-Flavours-One-Device-Less-Hassle_Agora_vape-9-300x169.webp 300w, https:\/\/agoravape.com\/wp-content\/uploads\/2026\/01\/Bang-Leader-30k-30000-Puffs-Dual-Flavor-Vape-Two-Flavours-One-Device-Less-Hassle_Agora_vape-9-1024x577.webp 1024w, https:\/\/agoravape.com\/wp-content\/uploads\/2026\/01\/Bang-Leader-30k-30000-Puffs-Dual-Flavor-Vape-Two-Flavours-One-Device-Less-Hassle_Agora_vape-9-768x433.webp 768w, https:\/\/agoravape.com\/wp-content\/uploads\/2026\/01\/Bang-Leader-30k-30000-Puffs-Dual-Flavor-Vape-Two-Flavours-One-Device-Less-Hassle_Agora_vape-9-1536x866.webp 1536w, https:\/\/agoravape.com\/wp-content\/uploads\/2026\/01\/Bang-Leader-30k-30000-Puffs-Dual-Flavor-Vape-Two-Flavours-One-Device-Less-Hassle_Agora_vape-9-2048x1155.webp 2048w, https:\/\/agoravape.com\/wp-content\/uploads\/2026\/01\/Bang-Leader-30k-30000-Puffs-Dual-Flavor-Vape-Two-Flavours-One-Device-Less-Hassle_Agora_vape-9-18x10.webp 18w\" sizes=\"auto, (max-width: 2560px) 100vw, 2560px\" \/> <img loading=\"lazy\" decoding=\"async\" class=\"aligncenter size-full wp-image-24163\" src=\"https:\/\/agoravape.com\/wp-content\/uploads\/2026\/01\/Bang-Leader-30k-30000-Puffs-Dual-Flavor-Vape-Two-Flavours-One-Device-Less-Hassle_Agora_vape-2.webp\" alt=\"\" width=\"1920\" height=\"899\" srcset=\"https:\/\/agoravape.com\/wp-content\/uploads\/2026\/01\/Bang-Leader-30k-30000-Puffs-Dual-Flavor-Vape-Two-Flavours-One-Device-Less-Hassle_Agora_vape-2.webp 1920w, https:\/\/agoravape.com\/wp-content\/uploads\/2026\/01\/Bang-Leader-30k-30000-Puffs-Dual-Flavor-Vape-Two-Flavours-One-Device-Less-Hassle_Agora_vape-2-1200x562.webp 1200w, https:\/\/agoravape.com\/wp-content\/uploads\/2026\/01\/Bang-Leader-30k-30000-Puffs-Dual-Flavor-Vape-Two-Flavours-One-Device-Less-Hassle_Agora_vape-2-300x140.webp 300w, https:\/\/agoravape.com\/wp-content\/uploads\/2026\/01\/Bang-Leader-30k-30000-Puffs-Dual-Flavor-Vape-Two-Flavours-One-Device-Less-Hassle_Agora_vape-2-1024x479.webp 1024w, https:\/\/agoravape.com\/wp-content\/uploads\/2026\/01\/Bang-Leader-30k-30000-Puffs-Dual-Flavor-Vape-Two-Flavours-One-Device-Less-Hassle_Agora_vape-2-768x360.webp 768w, https:\/\/agoravape.com\/wp-content\/uploads\/2026\/01\/Bang-Leader-30k-30000-Puffs-Dual-Flavor-Vape-Two-Flavours-One-Device-Less-Hassle_Agora_vape-2-1536x719.webp 1536w, https:\/\/agoravape.com\/wp-content\/uploads\/2026\/01\/Bang-Leader-30k-30000-Puffs-Dual-Flavor-Vape-Two-Flavours-One-Device-Less-Hassle_Agora_vape-2-18x8.webp 18w\" sizes=\"auto, (max-width: 1920px) 100vw, 1920px\" \/><\/h2>\n<h2 data-v-md-heading=\"what-s-special-about-bang-leader-30k-30000-dual-flavored-vapes\" data-v-md-line=\"3\">Vad \u00e4r speciellt med Bang Leader 30K 30000 vapes med dubbla smaker?<\/h2>\n<p data-v-md-line=\"5\">Om du \u00e4r tr\u00f6tt p\u00e5 eng\u00e5ngsvapor som bara h\u00e5ller i en dag och sedan f\u00f6rlorar sin fr\u00e4sch\u00f6r (eller helt enkelt inte h\u00e5ller), d\u00e5 \u00e4r Bang Leader 30K ditt perfekta val. Den har en batteritid p\u00e5 upp till 30 000 portar och kan ge tv\u00e5 smaker p\u00e5 samma enhet. Om du gillar att byta smak men inte vill ha med dig en reservenhet, d\u00e5 \u00e4r det definitivt ett klokt val.<\/p>\n<p data-v-md-line=\"7\">Du kanske k\u00e4nner att det skulle vara lika tungt som en tegelsten att ha en vape med s\u00e5 stor kapacitet i fickan. Men f\u00f6r en eng\u00e5ngsvape med stor kapacitet \u00e4r dess vikt f\u00f6rv\u00e5nansv\u00e4rt l\u00e4tt, och den dubbla smakdesignen kan h\u00e5lla dina smakl\u00f6kar fr\u00e4scha under upplevelsen.<\/p>\n<h2 data-v-md-heading=\"excellent-performance-and-easy-operation\" data-v-md-line=\"9\">Utm\u00e4rkt prestanda och enkel anv\u00e4ndning<\/h2>\n<p data-v-md-line=\"11\">Bangs designkoncept \u00e4r enkelt: en spole med 1,0 \u03a9 mesh hj\u00e4lper till att bibeh\u00e5lla en stabil smak och undvika f\u00f6r tidigt s\u00f6nderfall. N\u00e4r batteriet \u00e4r l\u00e5gt kan det laddas via Type-C-gr\u00e4nssnittet. Det \u00e4r den kabel du kan anv\u00e4nda varje dag. Allt \u00e4r under kontroll.<\/p>\n<h2 data-v-md-heading=\"quick-specifications\" data-v-md-line=\"13\">Snabba specifikationer<\/h2>\n<ul data-v-md-line=\"14\">\n<li>R\u00f6kfrekvens: upp till 30 000 bloss<\/li>\n<li>Nikotininneh\u00e5ll: Inte tydligt angivet i produktdata (v\u00e4nligen kontakta oss f\u00f6r aktuella alternativ inom EU)<\/li>\n<li>Anv\u00e4ndning: Andas bara in f\u00f6r att aktivera<\/li>\n<li>Laddningsmetod: USB-gr\u00e4nssnitt av typ C<\/li>\n<li>Batterikapacitet: 650mAh<\/li>\n<li>Atomiseringsk\u00e4rna: 1,0 \u03a9 mesh-atomiseringsk\u00e4rna<\/li>\n<li>Produktvikt: 118 gram<\/li>\n<li>Produktstatus: Klar att anv\u00e4nda vid uppackning<\/li>\n<\/ul>\n<h2 data-v-md-heading=\"complete-flavor-lineup\" data-v-md-line=\"23\">Komplett smakutbud<\/h2>\n<ul data-v-md-line=\"1\">\n<li>Vattenmelonis, bl\u00e5b\u00e4rsmynta<\/li>\n<li>Vattenmelonis, jordgubb och mango<\/li>\n<li>Jordgubb och vattenmelon, kiwi och passionsfrukt, guava<\/li>\n<li>Jordgubb och vattenmelon, druvglass<\/li>\n<li>Bl\u00e5b\u00e4r, hallon, persika, mango, vattenmelon<\/li>\n<li>Bl\u00e5b\u00e4r och hallon, blandad m\u00f6glig frukt<\/li>\n<li>Bl\u00e5b\u00e4rsis, Svart drakeis<\/li>\n<li>Bl\u00e5b\u00e4rsglass, jordgubb och banan<\/li>\n<li>Red Bull, Bl\u00e5b\u00e4rsvattenmelon<\/li>\n<li>Red Bull, Vattenmelonbubblagodis<\/li>\n<li>Jordgubb, Kiwi, Persikois<\/li>\n<li>Jordgubb, kiwi, surt \u00e4pple, hallon<\/li>\n<\/ul>\n<h2 data-v-md-heading=\"tailored-for-you-and-your-business\" data-v-md-line=\"37\">Skr\u00e4ddarsytt f\u00f6r dig och ditt f\u00f6retag<\/h2>\n<p data-v-md-line=\"39\">Du kan k\u00f6pa Bang Leader 30K f\u00f6r individuellt bruk. Om du driver en butik eller k\u00f6per in f\u00f6r ett team erbjuder vi \u00e4ven grossistf\u00f6rpackningar f\u00f6r 200 enheter\/l\u00e5da (f\u00f6rpackningsstorlek: 65 \u00d7 31 \u00d7 26 cm, cirka 23 kg).<\/p>\n<p data-v-md-line=\"41\">N\u00e4r det g\u00e4ller logistik fokuserar vi p\u00e5 smidig leverans inom EU och samarbetar med p\u00e5litliga logistikpartners som UPS, DPD och DHL f\u00f6r att s\u00e4kerst\u00e4lla att du inte st\u00f6ter p\u00e5 n\u00e5gra ov\u00e4ntade situationer i tullen. Om du beh\u00f6ver en transportmetod med moms betald\/DDP, v\u00e4nligen kontakta oss s\u00e5 rekommenderar vi r\u00e4tt rutt som passar ditt land\/din region.<\/p>\n<h2 data-v-md-heading=\"the-reason-why-you-will-like-it\" data-v-md-line=\"43\">Anledningen till att du kommer att gilla det<\/h2>\n<ul data-v-md-line=\"44\">\n<li>H\u00e5llbar och l\u00e5ngvarig: Med en l\u00e4ngre livsl\u00e4ngd finns det inget behov av frekventa byten.<\/li>\n<li>Dubbel smakinst\u00e4llning: Du kan byta smak utan att \u00f6ppna en ny enhet.<\/li>\n<li>Uppladdningsbar: Hj\u00e4lper dig att utnyttja enheten fullt ut och undvika f\u00f6rtida kassering.<\/li>\n<li>N\u00e4tspiral: S\u00e4kerst\u00e4ll en j\u00e4mn smak fr\u00e5n b\u00f6rjan till slut.<\/li>\n<\/ul>\n<h2 data-v-md-heading=\"why-choose-agoravape\" data-v-md-line=\"49\">Varf\u00f6r v\u00e4lja AgoraVape?<\/h2>\n<p data-v-md-line=\"51\">Vi kommer aldrig att s\u00e4lja varor av ok\u00e4nt ursprung. AgoraVape erbjuder autentiska produkter, p\u00e5litlig service, r\u00e4ttvisa priser och snabb leverans exklusivt inom EU f\u00f6r vanliga konsumenter och stora grossister. Vill du k\u00f6pa Bang Leader 30k 30000 vapes med dubbla smaker? V\u00e4nligen l\u00e4mna ett meddelande s\u00e5 filtrerar vi fram den l\u00f6sning som passar b\u00e4st f\u00f6r din marknad.<\/p>","protected":false},"excerpt":{"rendered":"<p>&nbsp;<\/p>","protected":false},"featured_media":24175,"comment_status":"open","ping_status":"closed","template":"","meta":[],"product_brand":[197],"product_cat":[124,187,188,189,1637,123,195,174,175,193,191,179,173,186,180,190,192],"product_tag":[],"class_list":{"0":"post-24148","1":"product","2":"type-product","3":"status-publish","4":"has-post-thumbnail","6":"product_brand-bang","7":"product_cat-vape-by-brand","8":"product_cat-0mg-nicotine-free-vapes","9":"product_cat-10mg-low-nicotine-vapes","10":"product_cat-20mg-standard-nicotine-vapes","11":"product_cat-30000-puffs","12":"product_cat-bang","13":"product_cat-dual-flavor-switch","14":"product_cat-fruit-flavors","15":"product_cat-icy-mint","16":"product_cat-mesh-coil","17":"product_cat-rechargeable-disposables","18":"product_cat-unique-blends","19":"product_cat-vape-by-flavor-profile","20":"product_cat-vape-by-nicotine-strength","21":"product_cat-vape-by-puff-count","22":"product_cat-vape-by-feature-or-type","23":"product_cat-vapes-with-screens","25":"first","26":"onbackorder","27":"shipping-taxable","28":"purchasable","29":"product-type-variable","30":"has-default-attributes"},"tiered_pricing_type":"percentage","tiered_pricing_fixed_rules":[],"tiered_pricing_product_settings":{"layout":"default","base_unit_name":{"singular":null,"plural":null},"default_variation":null},"tiered_pricing_minimum_quantity":10,"tiered_pricing_roles_data":[],"tiered_pricing_percentage_rules":{"30":"10","50":"15","100":"19","200":"26","500":"33","1000":"40"},"tiered_pricing_maximum_quantity":null,"tiered_pricing_quantity_step":"10","_links":{"self":[{"href":"https:\/\/agoravape.com\/sv\/wp-json\/wp\/v2\/product\/24148","targetHints":{"allow":["GET"]}}],"collection":[{"href":"https:\/\/agoravape.com\/sv\/wp-json\/wp\/v2\/product"}],"about":[{"href":"https:\/\/agoravape.com\/sv\/wp-json\/wp\/v2\/types\/product"}],"replies":[{"embeddable":true,"href":"https:\/\/agoravape.com\/sv\/wp-json\/wp\/v2\/comments?post=24148"}],"version-history":[{"count":1,"href":"https:\/\/agoravape.com\/sv\/wp-json\/wp\/v2\/product\/24148\/revisions"}],"predecessor-version":[{"id":29803,"href":"https:\/\/agoravape.com\/sv\/wp-json\/wp\/v2\/product\/24148\/revisions\/29803"}],"wp:featuredmedia":[{"embeddable":true,"href":"https:\/\/agoravape.com\/sv\/wp-json\/wp\/v2\/media\/24175"}],"wp:attachment":[{"href":"https:\/\/agoravape.com\/sv\/wp-json\/wp\/v2\/media?parent=24148"}],"wp:term":[{"taxonomy":"product_brand","embeddable":true,"href":"https:\/\/agoravape.com\/sv\/wp-json\/wp\/v2\/product_brand?post=24148"},{"taxonomy":"product_cat","embeddable":true,"href":"https:\/\/agoravape.com\/sv\/wp-json\/wp\/v2\/product_cat?post=24148"},{"taxonomy":"product_tag","embeddable":true,"href":"https:\/\/agoravape.com\/sv\/wp-json\/wp\/v2\/product_tag?post=24148"}],"curies":[{"name":"wp","href":"https:\/\/api.w.org\/{rel}","templated":true}]}}