{"id":24178,"date":"2026-01-26T16:31:01","date_gmt":"2026-01-26T08:31:01","guid":{"rendered":"https:\/\/agoravape.com\/?post_type=product&#038;p=24178"},"modified":"2026-02-22T15:13:45","modified_gmt":"2026-02-22T14:13:45","slug":"bang-leader-32k-32000-puffar","status":"publish","type":"product","link":"https:\/\/agoravape.com\/sv\/product\/bang-leader-32k-32000-puffs\/","title":{"rendered":"Bang Leader 32k 32000 Puffs Dual Mesh Vape | Stort antal puffar, enkel vardagsanv\u00e4ndning"},"content":{"rendered":"<h2 data-v-md-heading=\"what-is-the-special-feature-of-bang-leader-32k-32000-dual-network-atomizer\" data-v-md-line=\"3\"><img loading=\"lazy\" decoding=\"async\" class=\"aligncenter size-full wp-image-24201\" src=\"https:\/\/agoravape.com\/wp-content\/uploads\/2026\/01\/Bang-Leader-32k-32000-Puffs-Dual-Mesh-Vape-Big-Puff-Count-Simple-Everyday-Use_Agora_vape-10.webp\" alt=\"\" width=\"2275\" height=\"1279\" srcset=\"https:\/\/agoravape.com\/wp-content\/uploads\/2026\/01\/Bang-Leader-32k-32000-Puffs-Dual-Mesh-Vape-Big-Puff-Count-Simple-Everyday-Use_Agora_vape-10.webp 2275w, https:\/\/agoravape.com\/wp-content\/uploads\/2026\/01\/Bang-Leader-32k-32000-Puffs-Dual-Mesh-Vape-Big-Puff-Count-Simple-Everyday-Use_Agora_vape-10-1200x675.webp 1200w, https:\/\/agoravape.com\/wp-content\/uploads\/2026\/01\/Bang-Leader-32k-32000-Puffs-Dual-Mesh-Vape-Big-Puff-Count-Simple-Everyday-Use_Agora_vape-10-300x169.webp 300w, https:\/\/agoravape.com\/wp-content\/uploads\/2026\/01\/Bang-Leader-32k-32000-Puffs-Dual-Mesh-Vape-Big-Puff-Count-Simple-Everyday-Use_Agora_vape-10-1024x576.webp 1024w, https:\/\/agoravape.com\/wp-content\/uploads\/2026\/01\/Bang-Leader-32k-32000-Puffs-Dual-Mesh-Vape-Big-Puff-Count-Simple-Everyday-Use_Agora_vape-10-768x432.webp 768w, https:\/\/agoravape.com\/wp-content\/uploads\/2026\/01\/Bang-Leader-32k-32000-Puffs-Dual-Mesh-Vape-Big-Puff-Count-Simple-Everyday-Use_Agora_vape-10-1536x864.webp 1536w, https:\/\/agoravape.com\/wp-content\/uploads\/2026\/01\/Bang-Leader-32k-32000-Puffs-Dual-Mesh-Vape-Big-Puff-Count-Simple-Everyday-Use_Agora_vape-10-2048x1151.webp 2048w, https:\/\/agoravape.com\/wp-content\/uploads\/2026\/01\/Bang-Leader-32k-32000-Puffs-Dual-Mesh-Vape-Big-Puff-Count-Simple-Everyday-Use_Agora_vape-10-18x10.webp 18w\" sizes=\"auto, (max-width: 2275px) 100vw, 2275px\" \/> <img loading=\"lazy\" decoding=\"async\" class=\"aligncenter size-full wp-image-24192\" src=\"https:\/\/agoravape.com\/wp-content\/uploads\/2026\/01\/Bang-Leader-32k-32000-Puffs-Dual-Mesh-Vape-Big-Puff-Count-Simple-Everyday-Use_Agora_vape-1.webp\" alt=\"\" width=\"1280\" height=\"1706\" srcset=\"https:\/\/agoravape.com\/wp-content\/uploads\/2026\/01\/Bang-Leader-32k-32000-Puffs-Dual-Mesh-Vape-Big-Puff-Count-Simple-Everyday-Use_Agora_vape-1.webp 1280w, https:\/\/agoravape.com\/wp-content\/uploads\/2026\/01\/Bang-Leader-32k-32000-Puffs-Dual-Mesh-Vape-Big-Puff-Count-Simple-Everyday-Use_Agora_vape-1-1200x1599.webp 1200w, https:\/\/agoravape.com\/wp-content\/uploads\/2026\/01\/Bang-Leader-32k-32000-Puffs-Dual-Mesh-Vape-Big-Puff-Count-Simple-Everyday-Use_Agora_vape-1-225x300.webp 225w, https:\/\/agoravape.com\/wp-content\/uploads\/2026\/01\/Bang-Leader-32k-32000-Puffs-Dual-Mesh-Vape-Big-Puff-Count-Simple-Everyday-Use_Agora_vape-1-768x1024.webp 768w, https:\/\/agoravape.com\/wp-content\/uploads\/2026\/01\/Bang-Leader-32k-32000-Puffs-Dual-Mesh-Vape-Big-Puff-Count-Simple-Everyday-Use_Agora_vape-1-1152x1536.webp 1152w, https:\/\/agoravape.com\/wp-content\/uploads\/2026\/01\/Bang-Leader-32k-32000-Puffs-Dual-Mesh-Vape-Big-Puff-Count-Simple-Everyday-Use_Agora_vape-1-9x12.webp 9w\" sizes=\"auto, (max-width: 1280px) 100vw, 1280px\" \/><\/h2>\n<h2 data-v-md-heading=\"what-is-the-special-feature-of-bang-leader-32k-32000-dual-network-atomizer\" data-v-md-line=\"3\">Vad \u00e4r det speciella med Bang Leader 32k 32000 dubbeln\u00e4tverksf\u00f6r\u00e5ngare?<\/h2>\n<p data-v-md-line=\"5\">Om du \u00e4r tr\u00f6tt p\u00e5 de d\u00e4r vap-prylarna som f\u00e5r slut p\u00e5 batteri n\u00e4r du b\u00f6rjar njuta av uts\u00f6kt mat, d\u00e5 \u00e4r Bang Leader 32k definitivt det perfekta valet f\u00f6r dig. Den \u00e4r designad f\u00f6r l\u00e5ngvarig anv\u00e4ndning (upp till 32 000 portar) och \u00e4r extremt enkel att anv\u00e4nda. V\u00e4lj en kombination av tv\u00e5 smaker, ta en klunk och b\u00f6rja njuta.<\/p>\n<p data-v-md-line=\"7\">Du kanske tror att en vape med s\u00e5 l\u00e5ng batteritid skulle vara tung som en tegelsten, men i verkligheten \u00e4r den v\u00e4ldigt l\u00e4tt att h\u00e5lla i handen. Vikten \u00e4r cirka 94 gram, med en solid k\u00e4nsla, men det kommer inte att f\u00e5 dig att k\u00e4nna att fickan \u00e4r f\u00f6r tung.<\/p>\n<h2 data-v-md-heading=\"excellent-performance-and-easy-operation\" data-v-md-line=\"9\">Utm\u00e4rkt prestanda och enkel anv\u00e4ndning<\/h2>\n<p data-v-md-line=\"11\">Bang Leader anv\u00e4nder en 1,0 \u03a9 mesh-f\u00f6rstoftningsk\u00e4rna f\u00f6r att s\u00e4kerst\u00e4lla en j\u00e4mn smak, till skillnad fr\u00e5n vissa andra. <a class=\"wpil_keyword_link\" href=\"https:\/\/agoravape.com\/sv\/vape-efter-antal-puffar\/10000-puffar-hog-kapacitet\/\" target=\"_blank\" rel=\"noopener\" title=\"10 000+ bloss (h\u00f6g kapacitet)\" data-wpil-keyword-link=\"linked\" data-wpil-monitor-id=\"7149\">eng\u00e5ngsf\u00f6rpackning med h\u00f6g kapacitet<\/a> vapes d\u00e4r smaken sjunker kraftigt efter n\u00e5gra dagar. N\u00e4r batteriet \u00e4r l\u00e5gt kan det laddas via Type-C-gr\u00e4nssnittet, vilket inneb\u00e4r att du kan anv\u00e4nda samma datakabel som eventuellt redan har laddat din telefon. Allt \u00e4r under kontroll.<\/p>\n<h2 data-v-md-heading=\"quick-specifications\" data-v-md-line=\"13\">Snabba specifikationer<\/h2>\n<ul data-v-md-line=\"14\">\n<li>R\u00f6kfrekvens: upp till 32000 bloss<\/li>\n<li>Batterikapacitet: 650mAh (uppladdningsbar)<\/li>\n<li>Atomiseringsk\u00e4rna: 1,0 \u03a9 mesh-atomiseringsk\u00e4rna<\/li>\n<li>Anv\u00e4ndning: Andas in f\u00f6r att aktivera<\/li>\n<li>Laddningsgr\u00e4nssnitt: Typ-C-gr\u00e4nssnitt<\/li>\n<li>Smakval: Varje enhet har dubbla smaker<\/li>\n<li>Status: Klar att anv\u00e4nda direkt ur l\u00e5dan<\/li>\n<\/ul>\n<h2 data-v-md-heading=\"complete-taste-list\" data-v-md-line=\"22\">Komplett smaklista<\/h2>\n<ul data-v-md-line=\"23\">\n<li>Vattenmelonis, bl\u00e5b\u00e4rsmynta<\/li>\n<li>Vattenmelonis, jordgubb och mango<\/li>\n<li>Jordgubb och vattenmelon, kiwi, passionsfrukt, guava<\/li>\n<li>Jordgubb och vattenmelon, druvglass<\/li>\n<li>Bl\u00e5b\u00e4r Hallon, Persika Mango Vattenmelon<\/li>\n<li>Bl\u00e5b\u00e4rsvattenmelon, jordgubbsmango<\/li>\n<li>Bl\u00e5b\u00e4rsglass, Black Dragon-glass<\/li>\n<li>Bl\u00e5b\u00e4rsglass, jordgubb och banan<\/li>\n<li>Red Bull, Bl\u00e5b\u00e4rsvattenmelon<\/li>\n<li>Red Bull, vattenmelonbubblagodis<\/li>\n<li>Jordgubbs-kiwi, persikoklas<\/li>\n<li>Jordgubb, kiwi, surt \u00e4pple, hallon<\/li>\n<li>Bananis, bl\u00e5b\u00e4r och k\u00f6rsb\u00e4r<\/li>\n<li>Avokadois, citronlime<\/li>\n<li>Cola-is, k\u00f6rsb\u00e4r och tranb\u00e4r<\/li>\n<li>Ananasis, trippel mango<\/li>\n<li>Litchi-is, mango, persika, ananas<\/li>\n<li>Honungsmelon, Vattenmelon och Hallon<\/li>\n<\/ul>\n<h2 data-v-md-heading=\"suitable-for-you-and-your-business\" data-v-md-line=\"42\">L\u00e4mplig f\u00f6r dig och ditt f\u00f6retag<\/h2>\n<p data-v-md-line=\"44\">Du kan anv\u00e4nda Bang Leader 32k som en enkel, l\u00e4ttanv\u00e4nd och h\u00e5llbar eng\u00e5ngsvape f\u00f6r personligt bruk. Om du driver en butik eller k\u00f6per f\u00f6r onlinef\u00f6rs\u00e4ljning \u00e4r det ocks\u00e5 ett rent grossistval eftersom kunderna f\u00f6redrar stora r\u00f6kenheter som inte kr\u00e4ver n\u00e5gon f\u00f6rklaring.<\/p>\n<p data-v-md-line=\"46\">Vi skickar i grossistf\u00f6rpackningar om 200 enheter\/kartong (vi tillhandah\u00e5ller \u00e4ven vikt- och kartongstorleksuppgifter f\u00f6r din logistikplanering). Om du k\u00f6per fr\u00e5n EU-regionen, v\u00e4nligen kontakta v\u00e5ra bekv\u00e4maste fraktv\u00e4gar och transportalternativ f\u00f6r att s\u00e4kerst\u00e4lla p\u00e5litlig leverans av dina varor och undvika ov\u00e4ntade situationer.<\/p>\n<h2 data-v-md-heading=\"reasons-why-you-will-like-it\" data-v-md-line=\"48\">Anledningar till varf\u00f6r du kommer att gilla det<\/h2>\n<ul data-v-md-line=\"49\">\n<li>Ultral\u00e5ng batteritid: Mer h\u00e5llbar och l\u00e5ngvarig, utan behov av frekvent p\u00e5fyllning.<\/li>\n<li>Dubbla smaker: Du beh\u00f6ver inte b\u00e4ra med dig tv\u00e5 vapes f\u00f6r att byta smak.<\/li>\n<li>Uppladdningsbar: Hj\u00e4lper dig att utnyttja enheten fullt ut och undvika f\u00f6r tidig kassering.<\/li>\n<li>N\u00e4tspiral: bibeh\u00e5ller en stabil smak och ger en bekv\u00e4m sugupplevelse.<\/li>\n<\/ul>\n<h2 data-v-md-heading=\"why-choose-agoravape\" data-v-md-line=\"54\">Varf\u00f6r v\u00e4lja AgoraVape?<\/h2>\n<p data-v-md-line=\"56\">AgoraVape str\u00e4var efter att tillhandah\u00e5lla bekv\u00e4ma och effektiva tj\u00e4nster med en 100 % \u00e4kta garanti. Om du \u00e4r en f\u00f6retagskunder kommer vi att f\u00f6rse dig med p\u00e5litliga varuk\u00e4llor, mycket konkurrenskraftiga grossistl\u00f6sningar och kontinuerlig eftermarknadssupport efter utcheckningen. Vill du k\u00f6pa Bang Leader 32k 32000 dual network atomizer? Kontakta oss s\u00e5 hj\u00e4lper vi dig att v\u00e4lja r\u00e4tt smak och kvantitet.<\/p>","protected":false},"excerpt":{"rendered":"<p>&nbsp;<\/p>","protected":false},"featured_media":24203,"comment_status":"open","ping_status":"closed","template":"","meta":[],"product_brand":[197],"product_cat":[124,187,185,188,189,123,195,1674,174,175,193,191,179,173,186,180,190],"product_tag":[],"class_list":{"0":"post-24178","1":"product","2":"type-product","3":"status-publish","4":"has-post-thumbnail","6":"product_brand-bang","7":"product_cat-vape-by-brand","8":"product_cat-0mg-nicotine-free-vapes","9":"product_cat-10000-puffs-high-capacity","10":"product_cat-10mg-low-nicotine-vapes","11":"product_cat-20mg-standard-nicotine-vapes","12":"product_cat-bang","13":"product_cat-dual-flavor-switch","14":"product_cat-eu-warehouse","15":"product_cat-fruit-flavors","16":"product_cat-icy-mint","17":"product_cat-mesh-coil","18":"product_cat-rechargeable-disposables","19":"product_cat-unique-blends","20":"product_cat-vape-by-flavor-profile","21":"product_cat-vape-by-nicotine-strength","22":"product_cat-vape-by-puff-count","23":"product_cat-vape-by-feature-or-type","25":"first","26":"instock","27":"shipping-taxable","28":"purchasable","29":"product-type-variable","30":"has-default-attributes"},"tiered_pricing_type":"percentage","tiered_pricing_fixed_rules":[],"tiered_pricing_product_settings":{"layout":"default","base_unit_name":{"singular":null,"plural":null},"default_variation":null},"tiered_pricing_minimum_quantity":10,"tiered_pricing_roles_data":[],"tiered_pricing_percentage_rules":{"30":"10","50":"18","100":"25","200":"30","500":"35","1000":"40"},"tiered_pricing_maximum_quantity":null,"tiered_pricing_quantity_step":"10","_links":{"self":[{"href":"https:\/\/agoravape.com\/sv\/wp-json\/wp\/v2\/product\/24178","targetHints":{"allow":["GET"]}}],"collection":[{"href":"https:\/\/agoravape.com\/sv\/wp-json\/wp\/v2\/product"}],"about":[{"href":"https:\/\/agoravape.com\/sv\/wp-json\/wp\/v2\/types\/product"}],"replies":[{"embeddable":true,"href":"https:\/\/agoravape.com\/sv\/wp-json\/wp\/v2\/comments?post=24178"}],"version-history":[{"count":1,"href":"https:\/\/agoravape.com\/sv\/wp-json\/wp\/v2\/product\/24178\/revisions"}],"predecessor-version":[{"id":29802,"href":"https:\/\/agoravape.com\/sv\/wp-json\/wp\/v2\/product\/24178\/revisions\/29802"}],"wp:featuredmedia":[{"embeddable":true,"href":"https:\/\/agoravape.com\/sv\/wp-json\/wp\/v2\/media\/24203"}],"wp:attachment":[{"href":"https:\/\/agoravape.com\/sv\/wp-json\/wp\/v2\/media?parent=24178"}],"wp:term":[{"taxonomy":"product_brand","embeddable":true,"href":"https:\/\/agoravape.com\/sv\/wp-json\/wp\/v2\/product_brand?post=24178"},{"taxonomy":"product_cat","embeddable":true,"href":"https:\/\/agoravape.com\/sv\/wp-json\/wp\/v2\/product_cat?post=24178"},{"taxonomy":"product_tag","embeddable":true,"href":"https:\/\/agoravape.com\/sv\/wp-json\/wp\/v2\/product_tag?post=24178"}],"curies":[{"name":"wp","href":"https:\/\/api.w.org\/{rel}","templated":true}]}}