{"id":24211,"date":"2026-01-26T16:47:12","date_gmt":"2026-01-26T08:47:12","guid":{"rendered":"https:\/\/agoravape.com\/?post_type=product&#038;p=24211"},"modified":"2026-02-22T15:14:23","modified_gmt":"2026-02-22T14:14:23","slug":"bang-ledare-45k-45000-puffar","status":"publish","type":"product","link":"https:\/\/agoravape.com\/sv\/product\/bang-leader-45k-45000-puffs\/","title":{"rendered":"Bang Leader 45k 45000 Puffs Byt Smak Vape | Tv\u00e5 Smaker, Ett Enkelt Byte"},"content":{"rendered":"<h2 data-v-md-heading=\"what-is-special-about-bang-leader-45k-45000-switchable-flavor-vapes\" data-v-md-line=\"3\"><img loading=\"lazy\" decoding=\"async\" class=\"aligncenter size-full wp-image-24238\" src=\"https:\/\/agoravape.com\/wp-content\/uploads\/2026\/01\/Bang-Leader-45k-45000-Puffs-Switch-Flavor-Vape-Two-Flavours-One-Simple-Switch_Agora_vape-8.webp\" alt=\"\" width=\"1920\" height=\"1072\" srcset=\"https:\/\/agoravape.com\/wp-content\/uploads\/2026\/01\/Bang-Leader-45k-45000-Puffs-Switch-Flavor-Vape-Two-Flavours-One-Simple-Switch_Agora_vape-8.webp 1920w, https:\/\/agoravape.com\/wp-content\/uploads\/2026\/01\/Bang-Leader-45k-45000-Puffs-Switch-Flavor-Vape-Two-Flavours-One-Simple-Switch_Agora_vape-8-1200x670.webp 1200w, https:\/\/agoravape.com\/wp-content\/uploads\/2026\/01\/Bang-Leader-45k-45000-Puffs-Switch-Flavor-Vape-Two-Flavours-One-Simple-Switch_Agora_vape-8-300x168.webp 300w, https:\/\/agoravape.com\/wp-content\/uploads\/2026\/01\/Bang-Leader-45k-45000-Puffs-Switch-Flavor-Vape-Two-Flavours-One-Simple-Switch_Agora_vape-8-1024x572.webp 1024w, https:\/\/agoravape.com\/wp-content\/uploads\/2026\/01\/Bang-Leader-45k-45000-Puffs-Switch-Flavor-Vape-Two-Flavours-One-Simple-Switch_Agora_vape-8-768x429.webp 768w, https:\/\/agoravape.com\/wp-content\/uploads\/2026\/01\/Bang-Leader-45k-45000-Puffs-Switch-Flavor-Vape-Two-Flavours-One-Simple-Switch_Agora_vape-8-1536x858.webp 1536w, https:\/\/agoravape.com\/wp-content\/uploads\/2026\/01\/Bang-Leader-45k-45000-Puffs-Switch-Flavor-Vape-Two-Flavours-One-Simple-Switch_Agora_vape-8-18x10.webp 18w\" sizes=\"auto, (max-width: 1920px) 100vw, 1920px\" \/> <img loading=\"lazy\" decoding=\"async\" class=\"aligncenter size-full wp-image-24237\" src=\"https:\/\/agoravape.com\/wp-content\/uploads\/2026\/01\/Bang-Leader-45k-45000-Puffs-Switch-Flavor-Vape-Two-Flavours-One-Simple-Switch_Agora_vape-7.webp\" alt=\"\" width=\"1920\" height=\"1018\" srcset=\"https:\/\/agoravape.com\/wp-content\/uploads\/2026\/01\/Bang-Leader-45k-45000-Puffs-Switch-Flavor-Vape-Two-Flavours-One-Simple-Switch_Agora_vape-7.webp 1920w, https:\/\/agoravape.com\/wp-content\/uploads\/2026\/01\/Bang-Leader-45k-45000-Puffs-Switch-Flavor-Vape-Two-Flavours-One-Simple-Switch_Agora_vape-7-1200x636.webp 1200w, https:\/\/agoravape.com\/wp-content\/uploads\/2026\/01\/Bang-Leader-45k-45000-Puffs-Switch-Flavor-Vape-Two-Flavours-One-Simple-Switch_Agora_vape-7-300x159.webp 300w, https:\/\/agoravape.com\/wp-content\/uploads\/2026\/01\/Bang-Leader-45k-45000-Puffs-Switch-Flavor-Vape-Two-Flavours-One-Simple-Switch_Agora_vape-7-1024x543.webp 1024w, https:\/\/agoravape.com\/wp-content\/uploads\/2026\/01\/Bang-Leader-45k-45000-Puffs-Switch-Flavor-Vape-Two-Flavours-One-Simple-Switch_Agora_vape-7-768x407.webp 768w, https:\/\/agoravape.com\/wp-content\/uploads\/2026\/01\/Bang-Leader-45k-45000-Puffs-Switch-Flavor-Vape-Two-Flavours-One-Simple-Switch_Agora_vape-7-1536x814.webp 1536w, https:\/\/agoravape.com\/wp-content\/uploads\/2026\/01\/Bang-Leader-45k-45000-Puffs-Switch-Flavor-Vape-Two-Flavours-One-Simple-Switch_Agora_vape-7-18x10.webp 18w\" sizes=\"auto, (max-width: 1920px) 100vw, 1920px\" \/><\/h2>\n<h2 data-v-md-heading=\"what-is-special-about-bang-leader-45k-45000-switchable-flavor-vapes\" data-v-md-line=\"3\">Vad \u00e4r speciellt med Bang Leader 45k 45000 omkopplingsbara smaksvapes?<\/h2>\n<p data-v-md-line=\"5\">Om du \u00e4r tr\u00f6tt p\u00e5 att bara beh\u00f6va v\u00e4lja en smak och k\u00e4nner dig uttr\u00e5kad halvv\u00e4gs, kan den h\u00e4r vapentypen g\u00f6ra det enkelt f\u00f6r dig att byta. Bang Leader 45K anv\u00e4nder en design med ett klick, vilket g\u00f6r att du kan byta n\u00e4r som helst och var som helst.<\/p>\n<p data-v-md-line=\"7\">Du kanske tycker att det \u00e4r lika tungt som en tegelsten att h\u00e5lla i en vape som p\u00e5st\u00e5r sig klara 45 000 bloss, men i verkligheten k\u00e4nns den bekv\u00e4m att h\u00e5lla i. Med en vikt p\u00e5 99 gram \u00e4r den b\u00e5de robust och h\u00e5llbar, och kommer inte att belasta din ficka.<\/p>\n<h2 data-v-md-heading=\"excellent-performance-and-easy-operation\" data-v-md-line=\"9\">Utm\u00e4rkt prestanda och enkel anv\u00e4ndning<\/h2>\n<p data-v-md-line=\"11\">Bangs design \u00e4r koncis och tydlig. En 1,0 \u03a9 mesh-spole hj\u00e4lper till att bibeh\u00e5lla en konsistens i smaken och undviker en initial fyllighet som blir matt efter n\u00e5gra dagar. N\u00e4r batteriet \u00e4r l\u00e5gt kan du anv\u00e4nda en typ-C-datakabel f\u00f6r att ladda ett 650 mAh-batteri, vilket liknar gr\u00e4nssnittet du anv\u00e4nder f\u00f6r att ladda din telefon. Anslut str\u00f6mmen, ladda helt och forts\u00e4tt anv\u00e4nda.<\/p>\n<h2 data-v-md-heading=\"quick-specifications\" data-v-md-line=\"13\">Snabba specifikationer<\/h2>\n<ul data-v-md-line=\"14\">\n<li>R\u00f6kfrekvens: upp till 45000<\/li>\n<li>Nikotinhalt: ospecificerad (v\u00e4nligen se v\u00e5rt lager p\u00e5 din marknad)<\/li>\n<li>Working principle: Inhalation activation<\/li>\n<li>Atomiseringsk\u00e4rna: 1,0 \u03a9 mesh-atomiseringsk\u00e4rna<\/li>\n<li>Battery: 650mAh (rechargeable)<\/li>\n<li>Laddningsgr\u00e4nssnitt: Typ-C<\/li>\n<li>Vikt: 99 gram per enhet<\/li>\n<li>Status: Klar att anv\u00e4nda vid uppackning<\/li>\n<\/ul>\n<h2 data-v-md-heading=\"complete-flavor-lineup\" data-v-md-line=\"23\">Komplett smakutbud<\/h2>\n<p data-v-md-line=\"25\">Varje enhet levereras med tv\u00e5 smakkombinationer:<\/p>\n<ul data-v-md-line=\"26\">\n<li>Vattenmelonis, jordgubb och mango<\/li>\n<li>Jordgubb och vattenmelon, kiwi, passionsfrukt, guava<\/li>\n<li>Jordgubb och vattenmelon, druvglass<\/li>\n<li>Bl\u00e5b\u00e4r, hallon, persika, mango, vattenmelon<\/li>\n<li>Bl\u00e5b\u00e4rsvattenmelon, jordgubbsmango<\/li>\n<li>Bl\u00e5b\u00e4rsglass, Svart drake-is<\/li>\n<li>Bl\u00e5b\u00e4rsglass, jordgubb och banan<\/li>\n<li>Red Bull, Bl\u00e5b\u00e4rsvattenmelon<\/li>\n<li>Red Bull, Vattenmelonbubblagodis<\/li>\n<li>Jordgubb, Kiwi, Persikoglass<\/li>\n<li>Cola-is, k\u00f6rsb\u00e4r och tranb\u00e4r<\/li>\n<li>Ananasis, Trippel Mango<\/li>\n<li>Jordgubbsglass, rosa citronglass<\/li>\n<li>K\u00f6rsb\u00e4rscola, Vattenmelon<\/li>\n<li>K\u00f6rsb\u00e4rsglass, jordgubb, tranb\u00e4r och k\u00f6rsb\u00e4rsglass<\/li>\n<li>Citron och lime, Bl\u00e5 Razzle<\/li>\n<li>Hallonmojito, persikokas, \u00e4pple, p\u00e4ron<\/li>\n<li>Litchi-is, melonsylt<\/li>\n<\/ul>\n<h2 data-v-md-heading=\"for-you-and-your-business\" data-v-md-line=\"45\">For you and your business<\/h2>\n<p data-v-md-line=\"47\">Du kan enkelt f\u00e5 tag p\u00e5 Bang Leader 45K f\u00f6r personligt bruk. Om du k\u00f6per fr\u00e5n en fysisk butik eller onlinebutik \u00e4r den h\u00e4r produkten ocks\u00e5 ett klokt val f\u00f6r \"k\u00f6p och s\u00e4lj\" eftersom kunderna f\u00f6redrar v\u00e4xlande smaker och l\u00e5nga r\u00f6ktider.<\/p>\n<p data-v-md-line=\"49\">Det b\u00f6r noteras att produktinformationen inte tydligt anger kvantiteten per l\u00e5da. Om du k\u00f6per i grossistledet, v\u00e4nligen kontakta oss s\u00e5 bekr\u00e4ftar vi kvantiteten per l\u00e5da, den b\u00e4sta prisplanen och den l\u00e4mpligaste fraktmetoden f\u00f6r ditt land\/din region.<\/p>\n<h2 data-v-md-heading=\"the-reason-why-you-will-like-it\" data-v-md-line=\"51\">Anledningen till att du kommer att gilla det<\/h2>\n<ul data-v-md-line=\"52\">\n<li>R\u00f6kning oftare: Mer h\u00e5llbar och l\u00e5ngvarig, utan behov av frekvent byte av apparat.<\/li>\n<li>Bytbara smaker: En vape inneh\u00e5ller tv\u00e5 smaker, vilket g\u00f6r att du kan uppleva fr\u00e4sch\u00f6r.<\/li>\n<li>Uppladdningsbar: Maximerar verkligen resursanv\u00e4ndningen utan behov av tidig kassering.<\/li>\n<li>N\u00e4tf\u00f6rstoftande k\u00e4rna: s\u00e4kerst\u00e4ller stabil och ren smak under hela utrustningens livsl\u00e4ngd.<\/li>\n<\/ul>\n<h2 data-v-md-heading=\"why-choose-to-collaborate-with-agoravape\" data-v-md-line=\"57\">Varf\u00f6r v\u00e4lja att samarbeta med AgoraVape?<\/h2>\n<p data-v-md-line=\"59\">Vi kommer inte att godtyckligt f\u00f6rdela lager. AgoraVape fokuserar p\u00e5 att tillhandah\u00e5lla autentiska produkter, direkta svar och p\u00e5litliga leveransgarantier f\u00f6r europeiska kunder och \u00e5terf\u00f6rs\u00e4ljare. Om du vill k\u00f6pa Bang Leader 45k 45000 v\u00e4xlingsbara smaksvapes, v\u00e4nligen kontakta oss s\u00e5 ordnar vi l\u00e4mpliga smaker, tillr\u00e4ckliga m\u00e4ngder och en omfattande leveransplan \u00e5t dig, vilket g\u00f6r det enkelt och bekymmersfritt.<\/p>\n<p><script src=\"chrome-extension:\/\/fpelahbljekknahkcaegamhcndkfpfnc\/iFrame.js\" type=\"text\/javascript\"><\/script><\/p>\n<p><script src=\"chrome-extension:\/\/fpelahbljekknahkcaegamhcndkfpfnc\/iFrame.js\" type=\"text\/javascript\"><\/script><\/p>","protected":false},"excerpt":{"rendered":"<p>&nbsp;<\/p>\n<p><script src=\"chrome-extension:\/\/fpelahbljekknahkcaegamhcndkfpfnc\/iFrame.js\" type=\"text\/javascript\"><\/script><\/p>\n<p><script src=\"chrome-extension:\/\/fpelahbljekknahkcaegamhcndkfpfnc\/iFrame.js\" type=\"text\/javascript\"><\/script><\/p>\n<p><script src=\"chrome-extension:\/\/fpelahbljekknahkcaegamhcndkfpfnc\/iFrame.js\" type=\"text\/javascript\"><\/script><\/p>\n<p><script src=\"chrome-extension:\/\/fpelahbljekknahkcaegamhcndkfpfnc\/iFrame.js\" type=\"text\/javascript\"><\/script><\/p>\n<p><script src=\"chrome-extension:\/\/fpelahbljekknahkcaegamhcndkfpfnc\/iFrame.js\" type=\"text\/javascript\"><\/script><\/p>","protected":false},"featured_media":24251,"comment_status":"open","ping_status":"closed","template":"","meta":[],"product_brand":[197],"product_cat":[124,187,188,189,1640,123,195,1674,174,175,193,191,179,173,186,180,190,192],"product_tag":[],"class_list":{"0":"post-24211","1":"product","2":"type-product","3":"status-publish","4":"has-post-thumbnail","6":"product_brand-bang","7":"product_cat-vape-by-brand","8":"product_cat-0mg-nicotine-free-vapes","9":"product_cat-10mg-low-nicotine-vapes","10":"product_cat-20mg-standard-nicotine-vapes","11":"product_cat-45000-puffs","12":"product_cat-bang","13":"product_cat-dual-flavor-switch","14":"product_cat-eu-warehouse","15":"product_cat-fruit-flavors","16":"product_cat-icy-mint","17":"product_cat-mesh-coil","18":"product_cat-rechargeable-disposables","19":"product_cat-unique-blends","20":"product_cat-vape-by-flavor-profile","21":"product_cat-vape-by-nicotine-strength","22":"product_cat-vape-by-puff-count","23":"product_cat-vape-by-feature-or-type","24":"product_cat-vapes-with-screens","26":"first","27":"instock","28":"shipping-taxable","29":"purchasable","30":"product-type-variable","31":"has-default-attributes"},"tiered_pricing_type":"percentage","tiered_pricing_fixed_rules":[],"tiered_pricing_product_settings":{"layout":"default","base_unit_name":{"singular":null,"plural":null},"default_variation":null},"tiered_pricing_minimum_quantity":10,"tiered_pricing_roles_data":[],"tiered_pricing_percentage_rules":{"30":"10","50":"15","100":"18","200":"25","500":"28","1000":"35"},"tiered_pricing_maximum_quantity":null,"tiered_pricing_quantity_step":"10","_links":{"self":[{"href":"https:\/\/agoravape.com\/sv\/wp-json\/wp\/v2\/product\/24211","targetHints":{"allow":["GET"]}}],"collection":[{"href":"https:\/\/agoravape.com\/sv\/wp-json\/wp\/v2\/product"}],"about":[{"href":"https:\/\/agoravape.com\/sv\/wp-json\/wp\/v2\/types\/product"}],"replies":[{"embeddable":true,"href":"https:\/\/agoravape.com\/sv\/wp-json\/wp\/v2\/comments?post=24211"}],"version-history":[{"count":0,"href":"https:\/\/agoravape.com\/sv\/wp-json\/wp\/v2\/product\/24211\/revisions"}],"wp:featuredmedia":[{"embeddable":true,"href":"https:\/\/agoravape.com\/sv\/wp-json\/wp\/v2\/media\/24251"}],"wp:attachment":[{"href":"https:\/\/agoravape.com\/sv\/wp-json\/wp\/v2\/media?parent=24211"}],"wp:term":[{"taxonomy":"product_brand","embeddable":true,"href":"https:\/\/agoravape.com\/sv\/wp-json\/wp\/v2\/product_brand?post=24211"},{"taxonomy":"product_cat","embeddable":true,"href":"https:\/\/agoravape.com\/sv\/wp-json\/wp\/v2\/product_cat?post=24211"},{"taxonomy":"product_tag","embeddable":true,"href":"https:\/\/agoravape.com\/sv\/wp-json\/wp\/v2\/product_tag?post=24211"}],"curies":[{"name":"wp","href":"https:\/\/api.w.org\/{rel}","templated":true}]}}