{"id":24265,"date":"2026-01-26T19:56:40","date_gmt":"2026-01-26T11:56:40","guid":{"rendered":"https:\/\/agoravape.com\/?post_type=product&#038;p=24265"},"modified":"2026-02-22T15:13:12","modified_gmt":"2026-02-22T14:13:12","slug":"bang-ledare-50k-50000-puffar","status":"publish","type":"product","link":"https:\/\/agoravape.com\/sv\/product\/bang-leader-50k-50000-puffs\/","title":{"rendered":"Bang Leader 50k 50000 Puffs Dubbeltankad Vape | Tv\u00e5 Smaker, En Enhet, Mindre Krav"},"content":{"rendered":"<h2 data-v-md-heading=\"what-is-special-about-bang-leader-s-50k-50000-pack-dual-compartment-vape\" data-v-md-line=\"3\"><img loading=\"lazy\" decoding=\"async\" class=\"aligncenter size-full wp-image-24294\" src=\"https:\/\/agoravape.com\/wp-content\/uploads\/2026\/01\/Bang-Leader-50k-50000-Puffs-Dual-Tank-Vape-Two-Flavours-One-Device-Less-Hassle_Agora_vape-7-scaled.webp\" alt=\"\" width=\"2560\" height=\"1434\" srcset=\"https:\/\/agoravape.com\/wp-content\/uploads\/2026\/01\/Bang-Leader-50k-50000-Puffs-Dual-Tank-Vape-Two-Flavours-One-Device-Less-Hassle_Agora_vape-7-scaled.webp 2560w, https:\/\/agoravape.com\/wp-content\/uploads\/2026\/01\/Bang-Leader-50k-50000-Puffs-Dual-Tank-Vape-Two-Flavours-One-Device-Less-Hassle_Agora_vape-7-scaled-1200x672.webp 1200w, https:\/\/agoravape.com\/wp-content\/uploads\/2026\/01\/Bang-Leader-50k-50000-Puffs-Dual-Tank-Vape-Two-Flavours-One-Device-Less-Hassle_Agora_vape-7-300x168.webp 300w, https:\/\/agoravape.com\/wp-content\/uploads\/2026\/01\/Bang-Leader-50k-50000-Puffs-Dual-Tank-Vape-Two-Flavours-One-Device-Less-Hassle_Agora_vape-7-1024x573.webp 1024w, https:\/\/agoravape.com\/wp-content\/uploads\/2026\/01\/Bang-Leader-50k-50000-Puffs-Dual-Tank-Vape-Two-Flavours-One-Device-Less-Hassle_Agora_vape-7-768x430.webp 768w, https:\/\/agoravape.com\/wp-content\/uploads\/2026\/01\/Bang-Leader-50k-50000-Puffs-Dual-Tank-Vape-Two-Flavours-One-Device-Less-Hassle_Agora_vape-7-1536x860.webp 1536w, https:\/\/agoravape.com\/wp-content\/uploads\/2026\/01\/Bang-Leader-50k-50000-Puffs-Dual-Tank-Vape-Two-Flavours-One-Device-Less-Hassle_Agora_vape-7-2048x1147.webp 2048w, https:\/\/agoravape.com\/wp-content\/uploads\/2026\/01\/Bang-Leader-50k-50000-Puffs-Dual-Tank-Vape-Two-Flavours-One-Device-Less-Hassle_Agora_vape-7-18x10.webp 18w\" sizes=\"auto, (max-width: 2560px) 100vw, 2560px\" \/> <img loading=\"lazy\" decoding=\"async\" class=\"aligncenter size-full wp-image-24296\" src=\"https:\/\/agoravape.com\/wp-content\/uploads\/2026\/01\/Bang-Leader-50k-50000-Puffs-Dual-Tank-Vape-Two-Flavours-One-Device-Less-Hassle_Agora_vape-9-scaled.webp\" alt=\"\" width=\"2560\" height=\"1167\" srcset=\"https:\/\/agoravape.com\/wp-content\/uploads\/2026\/01\/Bang-Leader-50k-50000-Puffs-Dual-Tank-Vape-Two-Flavours-One-Device-Less-Hassle_Agora_vape-9-scaled.webp 2560w, https:\/\/agoravape.com\/wp-content\/uploads\/2026\/01\/Bang-Leader-50k-50000-Puffs-Dual-Tank-Vape-Two-Flavours-One-Device-Less-Hassle_Agora_vape-9-scaled-1200x547.webp 1200w, https:\/\/agoravape.com\/wp-content\/uploads\/2026\/01\/Bang-Leader-50k-50000-Puffs-Dual-Tank-Vape-Two-Flavours-One-Device-Less-Hassle_Agora_vape-9-300x137.webp 300w, https:\/\/agoravape.com\/wp-content\/uploads\/2026\/01\/Bang-Leader-50k-50000-Puffs-Dual-Tank-Vape-Two-Flavours-One-Device-Less-Hassle_Agora_vape-9-1024x467.webp 1024w, https:\/\/agoravape.com\/wp-content\/uploads\/2026\/01\/Bang-Leader-50k-50000-Puffs-Dual-Tank-Vape-Two-Flavours-One-Device-Less-Hassle_Agora_vape-9-768x350.webp 768w, https:\/\/agoravape.com\/wp-content\/uploads\/2026\/01\/Bang-Leader-50k-50000-Puffs-Dual-Tank-Vape-Two-Flavours-One-Device-Less-Hassle_Agora_vape-9-1536x700.webp 1536w, https:\/\/agoravape.com\/wp-content\/uploads\/2026\/01\/Bang-Leader-50k-50000-Puffs-Dual-Tank-Vape-Two-Flavours-One-Device-Less-Hassle_Agora_vape-9-2048x934.webp 2048w, https:\/\/agoravape.com\/wp-content\/uploads\/2026\/01\/Bang-Leader-50k-50000-Puffs-Dual-Tank-Vape-Two-Flavours-One-Device-Less-Hassle_Agora_vape-9-18x8.webp 18w\" sizes=\"auto, (max-width: 2560px) 100vw, 2560px\" \/><\/h2>\n<h2 data-v-md-heading=\"what-is-special-about-bang-leader-s-50k-50000-pack-dual-compartment-vape\" data-v-md-line=\"3\"><img loading=\"lazy\" decoding=\"async\" class=\"size-full wp-image-24302 alignright\" src=\"https:\/\/agoravape.com\/wp-content\/uploads\/2026\/01\/Bang-Leader-50k-50000-Puffs-Dual-Tank-Vape-Two-Flavours-One-Device-Less-Hassle_Agora_vape-15-scaled.webp\" alt=\"\" width=\"1440\" height=\"2560\" srcset=\"https:\/\/agoravape.com\/wp-content\/uploads\/2026\/01\/Bang-Leader-50k-50000-Puffs-Dual-Tank-Vape-Two-Flavours-One-Device-Less-Hassle_Agora_vape-15-scaled.webp 1440w, https:\/\/agoravape.com\/wp-content\/uploads\/2026\/01\/Bang-Leader-50k-50000-Puffs-Dual-Tank-Vape-Two-Flavours-One-Device-Less-Hassle_Agora_vape-15-scaled-1200x2133.webp 1200w, https:\/\/agoravape.com\/wp-content\/uploads\/2026\/01\/Bang-Leader-50k-50000-Puffs-Dual-Tank-Vape-Two-Flavours-One-Device-Less-Hassle_Agora_vape-15-169x300.webp 169w, https:\/\/agoravape.com\/wp-content\/uploads\/2026\/01\/Bang-Leader-50k-50000-Puffs-Dual-Tank-Vape-Two-Flavours-One-Device-Less-Hassle_Agora_vape-15-576x1024.webp 576w, https:\/\/agoravape.com\/wp-content\/uploads\/2026\/01\/Bang-Leader-50k-50000-Puffs-Dual-Tank-Vape-Two-Flavours-One-Device-Less-Hassle_Agora_vape-15-768x1365.webp 768w, https:\/\/agoravape.com\/wp-content\/uploads\/2026\/01\/Bang-Leader-50k-50000-Puffs-Dual-Tank-Vape-Two-Flavours-One-Device-Less-Hassle_Agora_vape-15-864x1536.webp 864w, https:\/\/agoravape.com\/wp-content\/uploads\/2026\/01\/Bang-Leader-50k-50000-Puffs-Dual-Tank-Vape-Two-Flavours-One-Device-Less-Hassle_Agora_vape-15-1152x2048.webp 1152w, https:\/\/agoravape.com\/wp-content\/uploads\/2026\/01\/Bang-Leader-50k-50000-Puffs-Dual-Tank-Vape-Two-Flavours-One-Device-Less-Hassle_Agora_vape-15-7x12.webp 7w\" sizes=\"auto, (max-width: 1440px) 100vw, 1440px\" \/><\/h2>\n<h2 data-v-md-heading=\"what-is-special-about-bang-leader-s-50k-50000-pack-dual-compartment-vape\" data-v-md-line=\"3\">Vad \u00e4r speciellt med Bang Leaders 50k 50000-pack med dubbla fack?<\/h2>\n<p data-v-md-line=\"5\">Om du \u00e4r tr\u00f6tt p\u00e5 eng\u00e5ngsvapor som bara h\u00e5ller i en dag och snabbt f\u00f6rlorar sin doft efter\u00e5t, d\u00e5 \u00e4r den h\u00e4r produkten v\u00e4rd din uppm\u00e4rksamhet. Bang Leader 50k \u00e4r designad f\u00f6r l\u00e5ngvarig anv\u00e4ndning. Den har en laddningsbar design, vilket m\u00f6jligg\u00f6r upp till 50 000 bloss av r\u00f6kupplevelse med bara en laddning, utan att enheten beh\u00f6ver bytas ut ofta.<\/p>\n<p data-v-md-line=\"7\">N\u00e4sta steg \u00e4r vad som verkligen attraherar m\u00e4nniskor. Den anv\u00e4nder en dubbel fackdel (<a class=\"wpil_keyword_link\" href=\"https:\/\/agoravape.com\/sv\/vape-efter-funktion-eller-typ\/dubbel-smakomkopplare\/\" target=\"_blank\" rel=\"noopener\" title=\"Dubbel smakbrytare\" data-wpil-keyword-link=\"linked\" data-wpil-monitor-id=\"7186\">dubbel smak<\/a>)-system, vilket g\u00f6r att du kan njuta av tv\u00e5 smaker samtidigt. Du kanske tror att en apparat med en r\u00f6kupplevelse p\u00e5 50 000 cigaretter skulle vara lika tung som en liten tegelsten, men i verkligheten \u00e4r dess vikt och volym f\u00f6rv\u00e5nansv\u00e4rt l\u00e4tt och enkel att b\u00e4ra.<\/p>\n<h2 data-v-md-heading=\"excellent-performance-and-easy-operation\" data-v-md-line=\"9\">Utm\u00e4rkt prestanda och enkel anv\u00e4ndning<\/h2>\n<p data-v-md-line=\"11\">Bang str\u00e4var efter enkelhet inom viktiga omr\u00e5den. 1,0 \u03a9 mesh-spolen hj\u00e4lper till att bibeh\u00e5lla en j\u00e4mn smak, s\u00e5 att du inte k\u00e4nner dig inst\u00e4ngd eller \u00e5ngerfull n\u00e4r du n\u00e5r slutet. N\u00e4r batteriet \u00e4r l\u00e5gt kan du ladda det via Type-C-gr\u00e4nssnittet, vilket inneb\u00e4r att din vanliga telefonladdningskabel ocks\u00e5 klarar det.<\/p>\n<h2 data-v-md-heading=\"quick-specifications\" data-v-md-line=\"13\">Snabba specifikationer<\/h2>\n<ul data-v-md-line=\"14\">\n<li>R\u00f6kfrekvens: upp till 50 000 bloss<\/li>\n<li>Batterikapacitet: 650mAh (uppladdningsbar)<\/li>\n<li>Spole\/motst\u00e5nd: 1,0 \u03a9 n\u00e4tspole<\/li>\n<li>Anv\u00e4ndning: Andas in f\u00f6r att aktivera<\/li>\n<li>Laddningsgr\u00e4nssnitt: Typ-C<\/li>\n<li>Vikt: 100 g per enhet<\/li>\n<li>Status: Klar att anv\u00e4nda direkt ur l\u00e5dan<\/li>\n<\/ul>\n<h2 data-v-md-heading=\"complete-flavor-lineup\" data-v-md-line=\"22\">Komplett smakutbud<\/h2>\n<p data-v-md-line=\"24\">Varje enhet \u00e4r utrustad med en dubbel smakkombination:<\/p>\n<ul data-v-md-line=\"25\">\n<li>Jordgubb Hallon K\u00f6rsb\u00e4rsglass \/ K\u00f6rsb\u00e4r<\/li>\n<li>Vattenmelon Jordgubb \/ Vattenmelon<\/li>\n<li>Svart druva \/ Gr\u00f6n druva<\/li>\n<li>\u00c4pple\/P\u00e4ron\/Kiwi\/Passionsfrukt\/Guava<\/li>\n<li>Sur ananaslemonad \/ Citronlime<\/li>\n<li>Bananis \/ Mango<\/li>\n<li>Bl\u00e5b\u00e4r Sur Hallon \/ Bl\u00e5b\u00e4r<\/li>\n<li>K\u00f6rsb\u00e4rscola \/ Rosa lemonad<\/li>\n<li>Bl\u00e5b\u00e4rs- och hallonlemonad \/ Jordgubbs- och hallonk\u00f6rsb\u00e4rsglass<\/li>\n<li>Jordgubbskiwi \/ Jordgubbsglass<\/li>\n<li>Ananaspassionsfrukt \/ Ananasis<\/li>\n<li>Hallonmojito \/ K\u00f6rsb\u00e4rs- och hallonlime<\/li>\n<\/ul>\n<h2 data-v-md-heading=\"suitable-for-you-and-your-business\" data-v-md-line=\"38\">L\u00e4mplig f\u00f6r dig och ditt f\u00f6retag<\/h2>\n<p data-v-md-line=\"40\">Du kan k\u00f6pa Bang Leader 50k f\u00f6r personligt bruk, men den \u00e4r ocks\u00e5 v\u00e4ldigt praktisk f\u00f6r butiksreklam. Folk gillar \"2-i-1\"-designen eftersom den eliminerar besv\u00e4ret med att k\u00f6pa tv\u00e5 vapes f\u00f6r att f\u00e5 en smakombyte.<\/p>\n<p data-v-md-line=\"42\">N\u00e4r det g\u00e4ller grossistleverans levereras produkterna i form av 200 stycken\/l\u00e5da. Kartongens storlek \u00e4r 65 31 26 centimeter och vikten \u00e4r 21,3 kilogram, vilket g\u00f6r lagrings- och distributionsplanering enklare.<\/p>\n<h2 data-v-md-heading=\"reasons-why-you-will-like-it\" data-v-md-line=\"44\">Anledningar till varf\u00f6r du kommer att gilla det<\/h2>\n<ul data-v-md-line=\"45\">\n<li>L\u00e5ng batteritid: H\u00e5llbar och l\u00e5ngvarig, inget behov av att k\u00f6pa nya patroner ofta.<\/li>\n<li>Dubbel smakinst\u00e4llning: Dubbel anv\u00e4ndning f\u00f6r en maskin, vilket uppfyller dina olika smakbehov.<\/li>\n<li>Uppladdningsbar: Anv\u00e4nder r\u00f6kpatroner effektivt f\u00f6r att undvika avfall.<\/li>\n<li>N\u00e4tf\u00f6rstoftande k\u00e4rna: H\u00e5llbar och stabil, ger en tillfredsst\u00e4llande smak.<\/li>\n<\/ul>\n<h2 data-v-md-heading=\"why-choose-to-collaborate-with-agoravape\" data-v-md-line=\"50\">Varf\u00f6r v\u00e4lja att samarbeta med AgoraVape?<\/h2>\n<p data-v-md-line=\"52\">AgoraVape fokuserar p\u00e5 det du verkligen bryr dig om: genuin produktgaranti, transparent grossistlogistik och kontinuerlig eftermarknadssupport. Om du vill distribuera Bang Leader 50k 50000 dubbelf\u00f6r\u00e5ngare, v\u00e4nligen kontakta oss s\u00e5 hj\u00e4lper vi dig att v\u00e4lja r\u00e4tt smakkombination och snabbt behandla din best\u00e4llning.<\/p>","protected":false},"excerpt":{"rendered":"<p>&nbsp;<\/p>","protected":false},"featured_media":24303,"comment_status":"open","ping_status":"closed","template":"","meta":[],"product_brand":[197],"product_cat":[124,187,188,189,1641,194,123,195,1674,174,175,193,191,179,173,186,180,190,192],"product_tag":[],"class_list":{"0":"post-24265","1":"product","2":"type-product","3":"status-publish","4":"has-post-thumbnail","6":"product_brand-bang","7":"product_cat-vape-by-brand","8":"product_cat-0mg-nicotine-free-vapes","9":"product_cat-10mg-low-nicotine-vapes","10":"product_cat-20mg-standard-nicotine-vapes","11":"product_cat-50000-puffs","12":"product_cat-adjustable-airflow","13":"product_cat-bang","14":"product_cat-dual-flavor-switch","15":"product_cat-eu-warehouse","16":"product_cat-fruit-flavors","17":"product_cat-icy-mint","18":"product_cat-mesh-coil","19":"product_cat-rechargeable-disposables","20":"product_cat-unique-blends","21":"product_cat-vape-by-flavor-profile","22":"product_cat-vape-by-nicotine-strength","23":"product_cat-vape-by-puff-count","24":"product_cat-vape-by-feature-or-type","25":"product_cat-vapes-with-screens","27":"first","28":"instock","29":"shipping-taxable","30":"purchasable","31":"product-type-variable","32":"has-default-attributes"},"tiered_pricing_type":"percentage","tiered_pricing_fixed_rules":[],"tiered_pricing_product_settings":{"layout":"default","base_unit_name":{"singular":null,"plural":null},"default_variation":null},"tiered_pricing_minimum_quantity":10,"tiered_pricing_roles_data":[],"tiered_pricing_percentage_rules":{"30":"9","50":"18","100":"26","200":"30","500":"32","1000":"38"},"tiered_pricing_maximum_quantity":null,"tiered_pricing_quantity_step":"10","_links":{"self":[{"href":"https:\/\/agoravape.com\/sv\/wp-json\/wp\/v2\/product\/24265","targetHints":{"allow":["GET"]}}],"collection":[{"href":"https:\/\/agoravape.com\/sv\/wp-json\/wp\/v2\/product"}],"about":[{"href":"https:\/\/agoravape.com\/sv\/wp-json\/wp\/v2\/types\/product"}],"replies":[{"embeddable":true,"href":"https:\/\/agoravape.com\/sv\/wp-json\/wp\/v2\/comments?post=24265"}],"version-history":[{"count":2,"href":"https:\/\/agoravape.com\/sv\/wp-json\/wp\/v2\/product\/24265\/revisions"}],"predecessor-version":[{"id":29879,"href":"https:\/\/agoravape.com\/sv\/wp-json\/wp\/v2\/product\/24265\/revisions\/29879"}],"wp:featuredmedia":[{"embeddable":true,"href":"https:\/\/agoravape.com\/sv\/wp-json\/wp\/v2\/media\/24303"}],"wp:attachment":[{"href":"https:\/\/agoravape.com\/sv\/wp-json\/wp\/v2\/media?parent=24265"}],"wp:term":[{"taxonomy":"product_brand","embeddable":true,"href":"https:\/\/agoravape.com\/sv\/wp-json\/wp\/v2\/product_brand?post=24265"},{"taxonomy":"product_cat","embeddable":true,"href":"https:\/\/agoravape.com\/sv\/wp-json\/wp\/v2\/product_cat?post=24265"},{"taxonomy":"product_tag","embeddable":true,"href":"https:\/\/agoravape.com\/sv\/wp-json\/wp\/v2\/product_tag?post=24265"}],"curies":[{"name":"wp","href":"https:\/\/api.w.org\/{rel}","templated":true}]}}