{"id":24308,"date":"2026-01-26T22:58:54","date_gmt":"2026-01-26T14:58:54","guid":{"rendered":"https:\/\/agoravape.com\/?post_type=product&#038;p=24308"},"modified":"2026-02-22T15:14:09","modified_gmt":"2026-02-22T14:14:09","slug":"bang-ledare-80k-80000-puffar","status":"publish","type":"product","link":"https:\/\/agoravape.com\/sv\/product\/bang-leader-80k-80000-puffs\/","title":{"rendered":"Bang Leader 80k 80000 Puffs 3-i-1 Smak Vape | Tre Smaker, Ett Enkelt Byte"},"content":{"rendered":"<h2 data-v-md-heading=\"what-is-the-special-feature-of-bang-leader-80k-80000-three-in-one-flavor-vape\" data-v-md-line=\"3\"><img loading=\"lazy\" decoding=\"async\" class=\"aligncenter size-full wp-image-24323\" src=\"https:\/\/agoravape.com\/wp-content\/uploads\/2026\/01\/Bang-Leader-80k-80000-Puffs-3in1-Flavor-Vape-Three-Flavours-One-Simple-Switch_Agora_vape-1.webp\" alt=\"\" width=\"2056\" height=\"1089\" srcset=\"https:\/\/agoravape.com\/wp-content\/uploads\/2026\/01\/Bang-Leader-80k-80000-Puffs-3in1-Flavor-Vape-Three-Flavours-One-Simple-Switch_Agora_vape-1.webp 2056w, https:\/\/agoravape.com\/wp-content\/uploads\/2026\/01\/Bang-Leader-80k-80000-Puffs-3in1-Flavor-Vape-Three-Flavours-One-Simple-Switch_Agora_vape-1-1200x636.webp 1200w, https:\/\/agoravape.com\/wp-content\/uploads\/2026\/01\/Bang-Leader-80k-80000-Puffs-3in1-Flavor-Vape-Three-Flavours-One-Simple-Switch_Agora_vape-1-300x159.webp 300w, https:\/\/agoravape.com\/wp-content\/uploads\/2026\/01\/Bang-Leader-80k-80000-Puffs-3in1-Flavor-Vape-Three-Flavours-One-Simple-Switch_Agora_vape-1-1024x542.webp 1024w, https:\/\/agoravape.com\/wp-content\/uploads\/2026\/01\/Bang-Leader-80k-80000-Puffs-3in1-Flavor-Vape-Three-Flavours-One-Simple-Switch_Agora_vape-1-768x407.webp 768w, https:\/\/agoravape.com\/wp-content\/uploads\/2026\/01\/Bang-Leader-80k-80000-Puffs-3in1-Flavor-Vape-Three-Flavours-One-Simple-Switch_Agora_vape-1-1536x814.webp 1536w, https:\/\/agoravape.com\/wp-content\/uploads\/2026\/01\/Bang-Leader-80k-80000-Puffs-3in1-Flavor-Vape-Three-Flavours-One-Simple-Switch_Agora_vape-1-2048x1085.webp 2048w, https:\/\/agoravape.com\/wp-content\/uploads\/2026\/01\/Bang-Leader-80k-80000-Puffs-3in1-Flavor-Vape-Three-Flavours-One-Simple-Switch_Agora_vape-1-18x10.webp 18w\" sizes=\"auto, (max-width: 2056px) 100vw, 2056px\" \/> <img loading=\"lazy\" decoding=\"async\" class=\"aligncenter size-full wp-image-24331\" src=\"https:\/\/agoravape.com\/wp-content\/uploads\/2026\/01\/Bang-Leader-80k-80000-Puffs-3in1-Flavor-Vape-Three-Flavours-One-Simple-Switch_Agora_vape-9-scaled.webp\" alt=\"\" width=\"1437\" height=\"2560\" srcset=\"https:\/\/agoravape.com\/wp-content\/uploads\/2026\/01\/Bang-Leader-80k-80000-Puffs-3in1-Flavor-Vape-Three-Flavours-One-Simple-Switch_Agora_vape-9-scaled.webp 1437w, https:\/\/agoravape.com\/wp-content\/uploads\/2026\/01\/Bang-Leader-80k-80000-Puffs-3in1-Flavor-Vape-Three-Flavours-One-Simple-Switch_Agora_vape-9-scaled-1200x2138.webp 1200w, https:\/\/agoravape.com\/wp-content\/uploads\/2026\/01\/Bang-Leader-80k-80000-Puffs-3in1-Flavor-Vape-Three-Flavours-One-Simple-Switch_Agora_vape-9-168x300.webp 168w, https:\/\/agoravape.com\/wp-content\/uploads\/2026\/01\/Bang-Leader-80k-80000-Puffs-3in1-Flavor-Vape-Three-Flavours-One-Simple-Switch_Agora_vape-9-575x1024.webp 575w, https:\/\/agoravape.com\/wp-content\/uploads\/2026\/01\/Bang-Leader-80k-80000-Puffs-3in1-Flavor-Vape-Three-Flavours-One-Simple-Switch_Agora_vape-9-768x1368.webp 768w, https:\/\/agoravape.com\/wp-content\/uploads\/2026\/01\/Bang-Leader-80k-80000-Puffs-3in1-Flavor-Vape-Three-Flavours-One-Simple-Switch_Agora_vape-9-862x1536.webp 862w, https:\/\/agoravape.com\/wp-content\/uploads\/2026\/01\/Bang-Leader-80k-80000-Puffs-3in1-Flavor-Vape-Three-Flavours-One-Simple-Switch_Agora_vape-9-1150x2048.webp 1150w, https:\/\/agoravape.com\/wp-content\/uploads\/2026\/01\/Bang-Leader-80k-80000-Puffs-3in1-Flavor-Vape-Three-Flavours-One-Simple-Switch_Agora_vape-9-7x12.webp 7w\" sizes=\"auto, (max-width: 1437px) 100vw, 1437px\" \/><\/h2>\n<h2 data-v-md-heading=\"what-is-the-special-feature-of-bang-leader-80k-80000-three-in-one-flavor-vape\" data-v-md-line=\"3\">Vad \u00e4r det speciella med Bang Leader 80k 80000 tre-i-ett-smaksvapen?<\/h2>\n<p data-v-md-line=\"5\">Om du \u00e4r tr\u00f6tt p\u00e5 vapes som bara kan vara uts\u00f6kta i en dag och sedan blir tr\u00e5kiga, d\u00e5 \u00e4r Bang Leader 80K utan tvekan ett b\u00e4ttre val. Den \u00e4r designad f\u00f6r l\u00e5ngvarig anv\u00e4ndning, och dess st\u00f6rsta h\u00f6jdpunkt \u00e4r att en enhet kan ha tre smaker, vilket g\u00f6r att du enkelt kan byta n\u00e4r dina smakl\u00f6kar \u00e4r tr\u00f6tta.<\/p>\n<p data-v-md-line=\"7\">Du kanske tycker att en enhet med en kapacitet p\u00e5 80 000 portar skulle vara tung som en tegelsten i fickan, men den \u00e4r v\u00e4ldigt l\u00e4tt att h\u00e5lla i handen. F\u00f6r anv\u00e4ndare som vill minska problem (minska antalet byten, minska antalet bes\u00f6k i butiker) och ha fler smakalternativ, men inte vill b\u00e4ra med sig flera enheter, \u00e4r denna vape det perfekta valet.<\/p>\n<h2 data-v-md-heading=\"excellent-performance-easy-and-convenient\" data-v-md-line=\"9\">Utm\u00e4rkt prestanda, enkelt och bekv\u00e4mt<\/h2>\n<p data-v-md-line=\"11\">Bang vapes \u00e4r perfekt kombinerade med en 1.0 \u03a9 mesh-f\u00f6rstoftningsk\u00e4rna och ett uppladdningsbart batteri f\u00f6r att s\u00e4kerst\u00e4lla en j\u00e4mn smak och f\u00f6rhindra oavsiktlig ant\u00e4ndning som andra vapes. N\u00e4r batteriet \u00e4r l\u00e5gt laddar du det helt enkelt via Type-C-gr\u00e4nssnittet \u2013 samma datakabel som du vanligtvis anv\u00e4nder f\u00f6r att ladda din telefon. Enkelt och bekv\u00e4mt, utan n\u00e5gra tr\u00e5kiga operationer.<\/p>\n<h2 data-v-md-heading=\"quick-specifications\" data-v-md-line=\"13\">Snabba specifikationer<\/h2>\n<ul data-v-md-line=\"14\">\n<li>Smoking frequency: up to 80000 puffs<\/li>\n<li>Nikotinhalt: Nikotinhalten i denna modell anges inte i produktdata.<\/li>\n<li>Working principle: Inhalation activation<\/li>\n<li>Atomiseringsk\u00e4rna: 1,0 \u03a9 mesh-atomiseringsk\u00e4rna<\/li>\n<li>Batteri: 850mAh (17350)<\/li>\n<li>Laddningsgr\u00e4nssnitt: Typ-C<\/li>\n<li>Status: Klar att anv\u00e4nda vid uppackning<\/li>\n<\/ul>\n<h2 data-v-md-heading=\"complete-flavor-lineup\" data-v-md-line=\"22\">Komplett smakutbud<\/h2>\n<p data-v-md-line=\"24\">Varje enhet levereras med 3 smaker (kombinationsset). Valfria kombinationer inkluderar:<\/p>\n<ul data-v-md-line=\"25\">\n<li>Vattenmelonis\/Jordgubbsmango\/Banan<\/li>\n<li>Hallonmojito Persikokas\/Jordgubb Vattenmelon\/Kiwi Passionsfrukt Guava<\/li>\n<li>Jordgubbsvattenmelon\/Druvglass\/Regnb\u00e5gsgodis<\/li>\n<li>Coca-Cola-is\/Bl\u00e5b\u00e4r\/Hallon\/Persika\/Mango\/Vattenmelon<\/li>\n<li>Bl\u00e5b\u00e4r, vattenmeloner, jordgubbar, mango, svarta vinb\u00e4r<\/li>\n<li>Bl\u00e5b\u00e4rsglass\/Black Dragon-glass\/Mango-persika<\/li>\n<li>Bl\u00e5b\u00e4rsglass\/Jordgubb\/Banan\/Blandade b\u00e4r<\/li>\n<li>Red Bull\/Bl\u00e5b\u00e4r Vattenmelon\/\u00c4pple P\u00e4ron<\/li>\n<li>Red Bull\/Vattenmelon Bubble Gum\/Jordgubbsglass<\/li>\n<li>Jordgubbs-kiwi\/persikglass\/k\u00f6rsb\u00e4rscola<\/li>\n<li>Kiwi, Guava\/Litchi-is\/Mango, Persika, Ananas<\/li>\n<li>Avokadoglass\/Citronlime\/Vattenmelon och hallon<\/li>\n<\/ul>\n<h2 data-v-md-heading=\"for-you-and-your-business\" data-v-md-line=\"38\">For you and your business<\/h2>\n<p data-v-md-line=\"40\">Du kan k\u00f6pa Bang Leader. Om du bara vill prova n\u00e5gra f\u00e5 smakkombinationer f\u00f6rst, kommer det frist\u00e5ende 80K-setet att uppfylla dina behov. Om du driver en butik \u00e4r det ocks\u00e5 ett idealiskt val f\u00f6r \"h\u00f6g sugmotst\u00e5nd och flera smaker\", vilket g\u00f6r det bekv\u00e4mt f\u00f6r kunder som inte vill prova bara en smak i flera veckor i rad.<\/p>\n<p data-v-md-line=\"42\">N\u00e4r det g\u00e4ller grossistf\u00f6rs\u00e4ljning erbjuder vi bulkfrakt och st\u00f6der stora best\u00e4llningar \u2013 200 stycken packade i kartonger (65 x 31 x 26 cm, 24 kg). Vi arbetar tillsammans med p\u00e5litliga logistikpartners inom EU, s\u00e5 du beh\u00f6ver inte oroa dig f\u00f6r tullf\u00f6rfaranden eller ov\u00e4ntade avgifter.<\/p>\n<h2 data-v-md-heading=\"reasons-why-you-will-like-it\" data-v-md-line=\"44\">Anledningar till varf\u00f6r du kommer att gilla det<\/h2>\n<ul data-v-md-line=\"45\">\n<li>Ultral\u00e5ng sugmotst\u00e5nd: minskar antalet byten, vilket sparar tid och anstr\u00e4ngning.<\/li>\n<li>3-i-1-smakkombination: N\u00e4r en smak blir tr\u00f6ttsam kan den \u00e4ndras n\u00e4r som helst.<\/li>\n<li>Laddningsbar (typ C): l\u00e5ter dig utnyttja enheten fullt ut och undvika f\u00f6r tidig kassering. N\u00e4tspiral: s\u00e4kerst\u00e4ller en j\u00e4mn smakrenhet under en l\u00e4ngre livsl\u00e4ngd.<\/li>\n<\/ul>\n<h2 data-v-md-heading=\"why-choose-to-collaborate-with-agoravape\" data-v-md-line=\"49\">Varf\u00f6r v\u00e4lja att samarbeta med AgoraVape?<\/h2>\n<p data-v-md-line=\"51\">AgoraVape fokuserar p\u00e5 100 % autentik \u2013 vi s\u00e4ljer aldrig s\u00e4mre imitationer och l\u00e5ter dig aldrig gissa ur tomma intet. Om du \u00e4r en f\u00f6retagskunder f\u00f6rser vi dig med p\u00e5litliga varuk\u00e4llor, bekv\u00e4m eftermarknadssupport och skr\u00e4ddarsydda leveranstj\u00e4nster f\u00f6r de faktiska ink\u00f6psbehoven hos EU-kunder. Vill du k\u00f6pa Bang Leader 80k 3-i-1-f\u00f6r\u00e5ngare i bulk och f\u00e5 ett rabatterat pris? Kontakta oss, vi hj\u00e4lper dig g\u00e4rna.<\/p>\n<p><script src=\"chrome-extension:\/\/fpelahbljekknahkcaegamhcndkfpfnc\/iFrame.js\" type=\"text\/javascript\"><\/script><\/p>","protected":false},"excerpt":{"rendered":"<p>&nbsp;<\/p>\n<p><script src=\"chrome-extension:\/\/fpelahbljekknahkcaegamhcndkfpfnc\/iFrame.js\" type=\"text\/javascript\"><\/script><\/p>\n<p><script src=\"chrome-extension:\/\/fpelahbljekknahkcaegamhcndkfpfnc\/iFrame.js\" type=\"text\/javascript\"><\/script><\/p>\n<p><script src=\"chrome-extension:\/\/fpelahbljekknahkcaegamhcndkfpfnc\/iFrame.js\" type=\"text\/javascript\"><\/script><\/p>","protected":false},"featured_media":24336,"comment_status":"open","ping_status":"closed","template":"","meta":[],"product_brand":[197],"product_cat":[124,187,185,188,189,123,1674,174,175,193,191,179,173,186,180,190],"product_tag":[],"class_list":{"0":"post-24308","1":"product","2":"type-product","3":"status-publish","4":"has-post-thumbnail","6":"product_brand-bang","7":"product_cat-vape-by-brand","8":"product_cat-0mg-nicotine-free-vapes","9":"product_cat-10000-puffs-high-capacity","10":"product_cat-10mg-low-nicotine-vapes","11":"product_cat-20mg-standard-nicotine-vapes","12":"product_cat-bang","13":"product_cat-eu-warehouse","14":"product_cat-fruit-flavors","15":"product_cat-icy-mint","16":"product_cat-mesh-coil","17":"product_cat-rechargeable-disposables","18":"product_cat-unique-blends","19":"product_cat-vape-by-flavor-profile","20":"product_cat-vape-by-nicotine-strength","21":"product_cat-vape-by-puff-count","22":"product_cat-vape-by-feature-or-type","24":"first","25":"instock","26":"shipping-taxable","27":"purchasable","28":"product-type-variable","29":"has-default-attributes"},"tiered_pricing_type":"percentage","tiered_pricing_fixed_rules":[],"tiered_pricing_product_settings":{"layout":"default","base_unit_name":{"singular":null,"plural":null},"default_variation":null},"tiered_pricing_minimum_quantity":10,"tiered_pricing_roles_data":[],"tiered_pricing_percentage_rules":{"30":"10","50":"18","100":"24","200":"28","500":"35","1000":"44"},"tiered_pricing_maximum_quantity":null,"tiered_pricing_quantity_step":"10","_links":{"self":[{"href":"https:\/\/agoravape.com\/sv\/wp-json\/wp\/v2\/product\/24308","targetHints":{"allow":["GET"]}}],"collection":[{"href":"https:\/\/agoravape.com\/sv\/wp-json\/wp\/v2\/product"}],"about":[{"href":"https:\/\/agoravape.com\/sv\/wp-json\/wp\/v2\/types\/product"}],"replies":[{"embeddable":true,"href":"https:\/\/agoravape.com\/sv\/wp-json\/wp\/v2\/comments?post=24308"}],"version-history":[{"count":0,"href":"https:\/\/agoravape.com\/sv\/wp-json\/wp\/v2\/product\/24308\/revisions"}],"wp:featuredmedia":[{"embeddable":true,"href":"https:\/\/agoravape.com\/sv\/wp-json\/wp\/v2\/media\/24336"}],"wp:attachment":[{"href":"https:\/\/agoravape.com\/sv\/wp-json\/wp\/v2\/media?parent=24308"}],"wp:term":[{"taxonomy":"product_brand","embeddable":true,"href":"https:\/\/agoravape.com\/sv\/wp-json\/wp\/v2\/product_brand?post=24308"},{"taxonomy":"product_cat","embeddable":true,"href":"https:\/\/agoravape.com\/sv\/wp-json\/wp\/v2\/product_cat?post=24308"},{"taxonomy":"product_tag","embeddable":true,"href":"https:\/\/agoravape.com\/sv\/wp-json\/wp\/v2\/product_tag?post=24308"}],"curies":[{"name":"wp","href":"https:\/\/api.w.org\/{rel}","templated":true}]}}