{"id":24338,"date":"2026-01-26T23:10:46","date_gmt":"2026-01-26T15:10:46","guid":{"rendered":"https:\/\/agoravape.com\/?post_type=product&#038;p=24338"},"modified":"2026-02-22T15:14:05","modified_gmt":"2026-02-22T14:14:05","slug":"bang-leader-85k-3in1-85000-puffar","status":"publish","type":"product","link":"https:\/\/agoravape.com\/sv\/product\/bang-leader-85k-3in1-85000-puffs\/","title":{"rendered":"Bang Leader 85k 85000 Puffs Trippel Smak Vape | Tre Smaker, En Enhet, Mindre Krav"},"content":{"rendered":"<h2 data-v-md-heading=\"what-is-the-special-feature-of-bang-leader-85k-85000-three-flavored-vapes\" data-v-md-line=\"3\"><img loading=\"lazy\" decoding=\"async\" class=\"aligncenter size-full wp-image-24356\" src=\"https:\/\/agoravape.com\/wp-content\/uploads\/2026\/01\/Bang-Leader-85k-85000-Puffs-Triple-Flavor-Vape-Three-Flavours-One-Device-Less-Hassle_Agora_vape-5.webp\" alt=\"\" width=\"2277\" height=\"1280\" srcset=\"https:\/\/agoravape.com\/wp-content\/uploads\/2026\/01\/Bang-Leader-85k-85000-Puffs-Triple-Flavor-Vape-Three-Flavours-One-Device-Less-Hassle_Agora_vape-5.webp 2277w, https:\/\/agoravape.com\/wp-content\/uploads\/2026\/01\/Bang-Leader-85k-85000-Puffs-Triple-Flavor-Vape-Three-Flavours-One-Device-Less-Hassle_Agora_vape-5-1200x675.webp 1200w, https:\/\/agoravape.com\/wp-content\/uploads\/2026\/01\/Bang-Leader-85k-85000-Puffs-Triple-Flavor-Vape-Three-Flavours-One-Device-Less-Hassle_Agora_vape-5-300x169.webp 300w, https:\/\/agoravape.com\/wp-content\/uploads\/2026\/01\/Bang-Leader-85k-85000-Puffs-Triple-Flavor-Vape-Three-Flavours-One-Device-Less-Hassle_Agora_vape-5-1024x576.webp 1024w, https:\/\/agoravape.com\/wp-content\/uploads\/2026\/01\/Bang-Leader-85k-85000-Puffs-Triple-Flavor-Vape-Three-Flavours-One-Device-Less-Hassle_Agora_vape-5-768x432.webp 768w, https:\/\/agoravape.com\/wp-content\/uploads\/2026\/01\/Bang-Leader-85k-85000-Puffs-Triple-Flavor-Vape-Three-Flavours-One-Device-Less-Hassle_Agora_vape-5-1536x863.webp 1536w, https:\/\/agoravape.com\/wp-content\/uploads\/2026\/01\/Bang-Leader-85k-85000-Puffs-Triple-Flavor-Vape-Three-Flavours-One-Device-Less-Hassle_Agora_vape-5-2048x1151.webp 2048w, https:\/\/agoravape.com\/wp-content\/uploads\/2026\/01\/Bang-Leader-85k-85000-Puffs-Triple-Flavor-Vape-Three-Flavours-One-Device-Less-Hassle_Agora_vape-5-18x10.webp 18w\" sizes=\"auto, (max-width: 2277px) 100vw, 2277px\" \/><\/h2>\n<h2 data-v-md-heading=\"what-is-the-special-feature-of-bang-leader-85k-85000-three-flavored-vapes\" data-v-md-line=\"3\"><img loading=\"lazy\" decoding=\"async\" class=\"size-full wp-image-24367 aligncenter\" src=\"https:\/\/agoravape.com\/wp-content\/uploads\/2026\/01\/Bang-Leader-85k-85000-Puffs-Triple-Flavor-Vape-Three-Flavours-One-Device-Less-Hassle_Agora_vape-16.webp\" alt=\"\" width=\"1280\" height=\"2491\" srcset=\"https:\/\/agoravape.com\/wp-content\/uploads\/2026\/01\/Bang-Leader-85k-85000-Puffs-Triple-Flavor-Vape-Three-Flavours-One-Device-Less-Hassle_Agora_vape-16.webp 1280w, https:\/\/agoravape.com\/wp-content\/uploads\/2026\/01\/Bang-Leader-85k-85000-Puffs-Triple-Flavor-Vape-Three-Flavours-One-Device-Less-Hassle_Agora_vape-16-1200x2335.webp 1200w, https:\/\/agoravape.com\/wp-content\/uploads\/2026\/01\/Bang-Leader-85k-85000-Puffs-Triple-Flavor-Vape-Three-Flavours-One-Device-Less-Hassle_Agora_vape-16-154x300.webp 154w, https:\/\/agoravape.com\/wp-content\/uploads\/2026\/01\/Bang-Leader-85k-85000-Puffs-Triple-Flavor-Vape-Three-Flavours-One-Device-Less-Hassle_Agora_vape-16-526x1024.webp 526w, https:\/\/agoravape.com\/wp-content\/uploads\/2026\/01\/Bang-Leader-85k-85000-Puffs-Triple-Flavor-Vape-Three-Flavours-One-Device-Less-Hassle_Agora_vape-16-768x1495.webp 768w, https:\/\/agoravape.com\/wp-content\/uploads\/2026\/01\/Bang-Leader-85k-85000-Puffs-Triple-Flavor-Vape-Three-Flavours-One-Device-Less-Hassle_Agora_vape-16-789x1536.webp 789w, https:\/\/agoravape.com\/wp-content\/uploads\/2026\/01\/Bang-Leader-85k-85000-Puffs-Triple-Flavor-Vape-Three-Flavours-One-Device-Less-Hassle_Agora_vape-16-1052x2048.webp 1052w, https:\/\/agoravape.com\/wp-content\/uploads\/2026\/01\/Bang-Leader-85k-85000-Puffs-Triple-Flavor-Vape-Three-Flavours-One-Device-Less-Hassle_Agora_vape-16-6x12.webp 6w\" sizes=\"auto, (max-width: 1280px) 100vw, 1280px\" \/><\/h2>\n<h2 data-v-md-heading=\"what-is-the-special-feature-of-bang-leader-85k-85000-three-flavored-vapes\" data-v-md-line=\"3\">Vad \u00e4r det speciella med Bang Leader 85k 85000 vape med tre smaker?<\/h2>\n<p data-v-md-line=\"5\">Om du \u00e4r tr\u00f6tt p\u00e5 att k\u00f6pa en ny eng\u00e5ngsvape med n\u00e5gra dagars mellanrum, d\u00e5 \u00e4r Bang Leader 85k f\u00f6dd f\u00f6r ditt t\u00e5lamod. Detta \u00e4r en eng\u00e5ngsvape med h\u00f6gt muntal designad f\u00f6r att vara h\u00e5llbar och l\u00e5ngvarig, medan en enhet inneh\u00e5ller tre smaker, vilket g\u00f6r att du kan uppleva mer n\u00f6je.<\/p>\n<p data-v-md-line=\"7\">Det h\u00e4r \u00e4r vad folk verkligen bryr sig om. Du beh\u00f6ver inte h\u00e5lla dig till att bara anv\u00e4nda en smak tills du \u00e4r klar. Vill du ha lite fruktsmak nu och lite bubbelsmak senare? Du kan byta n\u00e4r som helst utan att beh\u00f6va b\u00e4ra med dig tre vapes. Du kanske tycker att en 85k-enhet skulle vara tung som en tegelsten i fickan, men med tanke p\u00e5 dess kapacitet \u00e4r viktkontrollen ganska rimlig.<\/p>\n<h2 data-v-md-heading=\"excellent-performance-and-easy-operation\" data-v-md-line=\"9\">Utm\u00e4rkt prestanda och enkel anv\u00e4ndning<\/h2>\n<p data-v-md-line=\"11\">Bangs designfilosofi \u00e4r enkelhet: kan aktiveras genom inhalation, utan behov av knappar eller kr\u00e5ngliga menyfunktioner. Inbyggd 1,0 \u03a9 mesh-f\u00f6rstoftningsk\u00e4rna, vilket inneb\u00e4r att smaken \u00e4r mer stabil och inte kommer att sjunka kraftigt efter en eller tv\u00e5 dagar som andra produkter.<\/p>\n<p data-v-md-line=\"13\">Med tanke p\u00e5 att enheter av stor kaliber kr\u00e4ver laddning \u00e4r den utrustad med ett laddningsgr\u00e4nssnitt av typ C. N\u00e4r batteriet \u00e4r l\u00e5gt anv\u00e4nder du helt enkelt samma datakabel som du vanligtvis laddar din telefon med. L\u00e4tt att hantera.<\/p>\n<h2 data-v-md-heading=\"quick-specifications\" data-v-md-line=\"15\">Snabba specifikationer<\/h2>\n<ul data-v-md-line=\"16\">\n<li>R\u00f6kfrekvens: upp till 85000 bloss<\/li>\n<li>Batterikapacitet: 850mAh (17350 batteri)<\/li>\n<li>Atomiseringsk\u00e4rna: 1,0 \u03a9 mesh-atomiseringsk\u00e4rna<\/li>\n<li>Anv\u00e4ndning: Andas in f\u00f6r att aktivera<\/li>\n<li>Laddningsgr\u00e4nssnitt: Typ-C<\/li>\n<li>Status: Klar att anv\u00e4nda direkt ur l\u00e5dan<\/li>\n<li>\u00d6vrigt: St\u00f6der OEM\/ODM-anpassning (g\u00e4ller stora grossister)<\/li>\n<\/ul>\n<h2 data-v-md-heading=\"complete-flavor-lineup\" data-v-md-line=\"24\">Komplett smakutbud<\/h2>\n<p data-v-md-line=\"26\">Var och en av f\u00f6ljande smaker \u00e4r en tre-i-ett-smakkombination (en enhet inneh\u00e5ller tre smaker):<\/p>\n<ul data-v-md-line=\"27\">\n<li>Druvglass \/ Jordgubb\/Kiwi \/ Passionsfrukt\/Guava<\/li>\n<li>Jordgubbsglass \/ Citronapelsin \/ Vattenmelonbubbelgum<\/li>\n<li>Vattenmelonis \/ Mango och persika \/ Apelsinl\u00e4sk<\/li>\n<li>Ananasis \/ Jordgubbs-Red Bull \/ Blandade b\u00e4r<\/li>\n<li>Red Bull \/ Bl\u00e5b\u00e4rsvattenmelon \/ Jordgubbsglass<\/li>\n<li>Coca-Cola Ice \/ \u00c4pple Persika \/ Rosa Lemonad<\/li>\n<li>Bananis \/ Jordgubbsvattenmelon \/ Bj\u00f6rngummi<\/li>\n<li>Bl\u00e5b\u00e4rsis \/ Bl\u00e5 Raz \/ Doftande p\u00e4ron<\/li>\n<li>Blandad frukt \/ Mojito Persika \/ Bl\u00e5b\u00e4r Hallon<\/li>\n<li>Svart drakis \/ Marshmallow \/ Sommardr\u00f6m<\/li>\n<li>Jordgubb\/hallon\/svarta vinb\u00e4r\/jordgubb\/banan<\/li>\n<li>Jordgubbsvattenmelon \/ K\u00f6rsb\u00e4rscola \/ Jordgubbsgr\u00e4dde<\/li>\n<li>R\u00f6d \u00e4ppleis \/ Hallonvattenmelon \/ Aloe Vera<\/li>\n<li>K\u00f6rsb\u00e4r Tranb\u00e4r \/ Persika Mango \/ Ananas<\/li>\n<li>K\u00e4rlek 666 \/ Bl\u00e5b\u00e4r Hallon \/ Vimto<\/li>\n<\/ul>\n<h2 data-v-md-heading=\"for-you-and-your-business\" data-v-md-line=\"43\">For you and your business<\/h2>\n<p data-v-md-line=\"45\">Du kan k\u00f6pa Bang Leader 85k f\u00f6r personligt bruk, men det \u00e4r ocks\u00e5 en mycket praktisk produkt med h\u00f6g oms\u00e4ttning f\u00f6r butiker. Kunderna f\u00f6redrar en m\u00e4ngd olika alternativ, och \"Triple Flavor\" \u00e4r mycket popul\u00e4r vid disken eftersom den l\u00f6ser ett praktiskt problem: det \u00e4r l\u00e4tt att bli uttr\u00e5kad under anv\u00e4ndning.<\/p>\n<p data-v-md-line=\"47\">N\u00e4r det g\u00e4ller grossistf\u00f6rs\u00e4ljning \u00e4r dessa produkter f\u00f6rpackade i form av 200 enheter\/l\u00e5da (kartongstorlek: 51,5 * 51,5 * 30,5 cm, totalvikt: 29 kg). Om du beh\u00f6ver s\u00e4lja i bulk kan denna f\u00f6rpackningsinformation hj\u00e4lpa dig att enkelt planera lagerh\u00e5llning och transport.<\/p>\n<h2 data-v-md-heading=\"the-reason-why-you-will-like-it\" data-v-md-line=\"49\">Anledningen till att du kommer att gilla det<\/h2>\n<ul data-v-md-line=\"50\">\n<li>Ultral\u00e5ng batteritid: L\u00e4ngre livsl\u00e4ngd, inget behov av frekvent byte<\/li>\n<li>Trippel smakkombination: Inget extra k\u00f6p kr\u00e4vs f\u00f6r att bibeh\u00e5lla f\u00e4rskheten<\/li>\n<li>Laddningsbar (typ C): F\u00e5 ut det mesta av dina resurser<\/li>\n<li>K\u00e4rna av n\u00e4tf\u00f6r\u00e5ngare: bibeh\u00e5ller en stabil smak och d\u00e4mpas inte l\u00e4tt<\/li>\n<\/ul>\n<h2 data-v-md-heading=\"why-choose-to-collaborate-with-agoravape\" data-v-md-line=\"55\">Varf\u00f6r v\u00e4lja att samarbeta med AgoraVape?<\/h2>\n<p data-v-md-line=\"57\">P\u00e5 AgoraVape f\u00f6ljer vi principen att endast s\u00e4lja \u00e4kta produkter och aldrig tillgripa bedr\u00e4gerier. Om du handlar fr\u00e5n din butik ger vi dig direkta svar, mycket konkurrenskraftiga grossistpriser och p\u00e5litliga leveranstj\u00e4nster, inklusive Bang Leader 85k 85000 trippelsmaksatta vapes.<\/p>\n<p><script src=\"chrome-extension:\/\/fpelahbljekknahkcaegamhcndkfpfnc\/iFrame.js\" type=\"text\/javascript\"><\/script><\/p>","protected":false},"excerpt":{"rendered":"<p>&nbsp;<\/p>\n<p><script src=\"chrome-extension:\/\/fpelahbljekknahkcaegamhcndkfpfnc\/iFrame.js\" type=\"text\/javascript\"><\/script><\/p>\n<p><script src=\"chrome-extension:\/\/fpelahbljekknahkcaegamhcndkfpfnc\/iFrame.js\" type=\"text\/javascript\"><\/script><\/p>\n<p><script src=\"chrome-extension:\/\/fpelahbljekknahkcaegamhcndkfpfnc\/iFrame.js\" type=\"text\/javascript\"><\/script><\/p>\n<p><script src=\"chrome-extension:\/\/fpelahbljekknahkcaegamhcndkfpfnc\/iFrame.js\" type=\"text\/javascript\"><\/script><\/p>","protected":false},"featured_media":24368,"comment_status":"open","ping_status":"closed","template":"","meta":[],"product_brand":[197],"product_cat":[124,187,185,188,189,123,174,175,193,191,179,173,186,180,190,192],"product_tag":[],"class_list":{"0":"post-24338","1":"product","2":"type-product","3":"status-publish","4":"has-post-thumbnail","6":"product_brand-bang","7":"product_cat-vape-by-brand","8":"product_cat-0mg-nicotine-free-vapes","9":"product_cat-10000-puffs-high-capacity","10":"product_cat-10mg-low-nicotine-vapes","11":"product_cat-20mg-standard-nicotine-vapes","12":"product_cat-bang","13":"product_cat-fruit-flavors","14":"product_cat-icy-mint","15":"product_cat-mesh-coil","16":"product_cat-rechargeable-disposables","17":"product_cat-unique-blends","18":"product_cat-vape-by-flavor-profile","19":"product_cat-vape-by-nicotine-strength","20":"product_cat-vape-by-puff-count","21":"product_cat-vape-by-feature-or-type","22":"product_cat-vapes-with-screens","24":"first","25":"instock","26":"shipping-taxable","27":"purchasable","28":"product-type-variable","29":"has-default-attributes"},"tiered_pricing_type":"percentage","tiered_pricing_fixed_rules":[],"tiered_pricing_product_settings":{"layout":"default","base_unit_name":{"singular":null,"plural":null},"default_variation":null},"tiered_pricing_minimum_quantity":10,"tiered_pricing_roles_data":[],"tiered_pricing_percentage_rules":{"30":"9","50":"17","100":"23","200":"26","500":"29","1000":"38"},"tiered_pricing_maximum_quantity":null,"tiered_pricing_quantity_step":"10","_links":{"self":[{"href":"https:\/\/agoravape.com\/sv\/wp-json\/wp\/v2\/product\/24338","targetHints":{"allow":["GET"]}}],"collection":[{"href":"https:\/\/agoravape.com\/sv\/wp-json\/wp\/v2\/product"}],"about":[{"href":"https:\/\/agoravape.com\/sv\/wp-json\/wp\/v2\/types\/product"}],"replies":[{"embeddable":true,"href":"https:\/\/agoravape.com\/sv\/wp-json\/wp\/v2\/comments?post=24338"}],"version-history":[{"count":0,"href":"https:\/\/agoravape.com\/sv\/wp-json\/wp\/v2\/product\/24338\/revisions"}],"wp:featuredmedia":[{"embeddable":true,"href":"https:\/\/agoravape.com\/sv\/wp-json\/wp\/v2\/media\/24368"}],"wp:attachment":[{"href":"https:\/\/agoravape.com\/sv\/wp-json\/wp\/v2\/media?parent=24338"}],"wp:term":[{"taxonomy":"product_brand","embeddable":true,"href":"https:\/\/agoravape.com\/sv\/wp-json\/wp\/v2\/product_brand?post=24338"},{"taxonomy":"product_cat","embeddable":true,"href":"https:\/\/agoravape.com\/sv\/wp-json\/wp\/v2\/product_cat?post=24338"},{"taxonomy":"product_tag","embeddable":true,"href":"https:\/\/agoravape.com\/sv\/wp-json\/wp\/v2\/product_tag?post=24338"}],"curies":[{"name":"wp","href":"https:\/\/api.w.org\/{rel}","templated":true}]}}