{"id":24403,"date":"2026-01-26T23:35:02","date_gmt":"2026-01-26T15:35:02","guid":{"rendered":"https:\/\/agoravape.com\/?post_type=product&#038;p=24403"},"modified":"2026-03-14T16:22:20","modified_gmt":"2026-03-14T15:22:20","slug":"bang-ledare-110k-110000-puffar","status":"publish","type":"product","link":"https:\/\/agoravape.com\/sv\/product\/bang-leader-110k-110000-puffs\/","title":{"rendered":"Bang Leader 110k 110000 Puffs H\u00f6gkapacitets Vape | L\u00e5ngvarig Smak, F\u00e4rre Ers\u00e4ttningar"},"content":{"rendered":"<h2 data-v-md-heading=\"what-is-the-special-feature-of-bang-leader-s-110k-110000-large-capacity-vape\" data-v-md-line=\"3\"><img loading=\"lazy\" decoding=\"async\" class=\"aligncenter size-full wp-image-24418\" src=\"https:\/\/agoravape.com\/wp-content\/uploads\/2026\/01\/Bang-Leader-110k-110000-Puffs-High-Capacity-Vape-Long-Run-Flavour-Fewer-Replacements_Agora_vape-4-scaled.webp\" alt=\"\" width=\"1223\" height=\"2560\" srcset=\"https:\/\/agoravape.com\/wp-content\/uploads\/2026\/01\/Bang-Leader-110k-110000-Puffs-High-Capacity-Vape-Long-Run-Flavour-Fewer-Replacements_Agora_vape-4-scaled.webp 1223w, https:\/\/agoravape.com\/wp-content\/uploads\/2026\/01\/Bang-Leader-110k-110000-Puffs-High-Capacity-Vape-Long-Run-Flavour-Fewer-Replacements_Agora_vape-4-scaled-1200x2512.webp 1200w, https:\/\/agoravape.com\/wp-content\/uploads\/2026\/01\/Bang-Leader-110k-110000-Puffs-High-Capacity-Vape-Long-Run-Flavour-Fewer-Replacements_Agora_vape-4-143x300.webp 143w, https:\/\/agoravape.com\/wp-content\/uploads\/2026\/01\/Bang-Leader-110k-110000-Puffs-High-Capacity-Vape-Long-Run-Flavour-Fewer-Replacements_Agora_vape-4-489x1024.webp 489w, https:\/\/agoravape.com\/wp-content\/uploads\/2026\/01\/Bang-Leader-110k-110000-Puffs-High-Capacity-Vape-Long-Run-Flavour-Fewer-Replacements_Agora_vape-4-768x1607.webp 768w, https:\/\/agoravape.com\/wp-content\/uploads\/2026\/01\/Bang-Leader-110k-110000-Puffs-High-Capacity-Vape-Long-Run-Flavour-Fewer-Replacements_Agora_vape-4-734x1536.webp 734w, https:\/\/agoravape.com\/wp-content\/uploads\/2026\/01\/Bang-Leader-110k-110000-Puffs-High-Capacity-Vape-Long-Run-Flavour-Fewer-Replacements_Agora_vape-4-979x2048.webp 979w, https:\/\/agoravape.com\/wp-content\/uploads\/2026\/01\/Bang-Leader-110k-110000-Puffs-High-Capacity-Vape-Long-Run-Flavour-Fewer-Replacements_Agora_vape-4-6x12.webp 6w\" sizes=\"auto, (max-width: 1223px) 100vw, 1223px\" \/><\/h2>\n<h2 data-v-md-heading=\"what-is-the-special-feature-of-bang-leader-s-110k-110000-large-capacity-vape\" data-v-md-line=\"3\">Vad \u00e4r det speciella med Bang Leaders 110k 110000 vape med stor kapacitet?<\/h2>\n<p data-v-md-line=\"5\">Om du \u00e4r tr\u00f6tt p\u00e5 de d\u00e4r vap-piporna som inte ryker direkt efter att du smakat dem, d\u00e5 \u00e4r Bang Leader 110K definitivt ditt perfekta val. Den \u00e4r speciellt utformad f\u00f6r anv\u00e4ndare som vill ha en h\u00f6gkapacitets, bekymmersfri vape som kan anv\u00e4ndas kontinuerligt utan frekventa byten.<\/p>\n<p data-v-md-line=\"7\">Och det mest ov\u00e4ntade \u00e4r att du kanske k\u00e4nner att det skulle k\u00e4nnas lika tungt som att h\u00e5lla en s\u00e5 h\u00f6gkapacitetsvape i handen. Men den \u00e4r f\u00f6rv\u00e5nansv\u00e4rt l\u00e4tt att h\u00e5lla i handen, med en solid och stadig k\u00e4nsla (cirka 140 gram), helt utan k\u00e4nslan av en \"billig eng\u00e5ngsvape\".<\/p>\n<h2 data-v-md-heading=\"excellent-performance-and-easy-operation\" data-v-md-line=\"9\">Utm\u00e4rkt prestanda och enkel anv\u00e4ndning<\/h2>\n<p data-v-md-line=\"11\">Bangs design \u00e4r koncis och tydlig. Den har en inbyggd 1,0 \u03a9 mesh-spole, vilket inneb\u00e4r att smaken \u00e4r mer stabil och inte blir matt och smakl\u00f6s efter en kort tids anv\u00e4ndning som andra produkter. N\u00e4r batteriet \u00e4r l\u00e5gt beh\u00f6ver man inte anv\u00e4nda specialkablar. Den anv\u00e4nder typ-C-laddning, s\u00e5 du kan anv\u00e4nda samma laddningskabel f\u00f6r daglig anv\u00e4ndning.<\/p>\n<h2 data-v-md-heading=\"quick-specifications\" data-v-md-line=\"13\">Snabba specifikationer<\/h2>\n<ul data-v-md-line=\"14\">\n<li>R\u00f6kfrekvens: upp till 110 000 cigaretter<\/li>\n<li>Batteri: 850mAh (17350 batteri)<\/li>\n<li>Atomiseringsk\u00e4rna: 1,0 \u03a9 mesh-atomiseringsk\u00e4rna<\/li>\n<li>Anv\u00e4ndning: Andas in f\u00f6r att aktivera<\/li>\n<li>Laddningsgr\u00e4nssnitt: Typ-C-gr\u00e4nssnitt<\/li>\n<li>Status: Klar att anv\u00e4nda direkt ur l\u00e5dan<\/li>\n<li>Vikt per enhet: 140 gram<\/li>\n<\/ul>\n<h2 data-v-md-heading=\"rich-flavor-options\" data-v-md-line=\"22\">Rika smakalternativ<\/h2>\n<p data-v-md-line=\"24\">Bang Leader 110K erbjuder tre smakkombinationer i ett (en enhet inneh\u00e5ller tre smaker). F\u00f6ljande smaker \u00e4r valfria:<\/p>\n<ul data-v-md-line=\"25\">\n<li>Vattenmelonis \/ Jordgubbsmamba \/ Jordgubbsvattenmelon<\/li>\n<li>Fuji-is \/ \u00c4pple- och druvmust \/ K\u00f6rsb\u00e4rsgranat\u00e4pple<\/li>\n<li>Bl\u00e5b\u00e4rsglass \/ Halloncitron \/ Vattenmelonbubblegum<\/li>\n<li>Bl\u00e5b\u00e4r Hallon \/ Sura Ananas Apelsiner \/ Hallon Vattenmeloner<\/li>\n<li>Druvglass \/ Mango Persika \/ Bl\u00e5b\u00e4r Vattenmelon<\/li>\n<li>Jordgubbsglass \/ Persika Citron \/ Kiwi Passionsfrukt Guava<\/li>\n<li>Ananas Kokos \/ Bl\u00e5b\u00e4r Red Bull \/ Vattenmelon Is<\/li>\n<li>Jordgubb\/Kiwi \/ Bl\u00e5b\u00e4r\/Kokos \/ Blandade b\u00e4r<\/li>\n<li>Citronromans \/ Bl\u00e5b\u00e4r Hallon \/ Persika Mentol<\/li>\n<li>Persikoglass \/ Svartvinb\u00e4rs- och ananasglass \/ Gr\u00f6nt \u00e4pple\/Kiwi<\/li>\n<\/ul>\n<h2 data-v-md-heading=\"suitable-for-you-and-your-business\" data-v-md-line=\"36\">L\u00e4mplig f\u00f6r dig och ditt f\u00f6retag<\/h2>\n<p data-v-md-line=\"38\">Du kan enkelt k\u00f6pa Bang Leader 110K f\u00f6r personligt bruk. Om du \u00e4r \u00e5terf\u00f6rs\u00e4ljare eller distribut\u00f6r erbjuder vi \u00e4ven bulkf\u00f6rpackningar: 200 stycken per l\u00e5da (kartongstorlek: 51,5 \u00d7 51,5 \u00d7 30,5 cm, total kartongvikt: 28 kg).<\/p>\n<p data-v-md-line=\"40\">AgoraVape str\u00e4var efter att erbjuda smidiga leveranstj\u00e4nster inom Europa. Detta inneb\u00e4r p\u00e5litliga DDP-leveransalternativ efter momsbetalning, och vi arbetar med mogna logistikpartners som DHL, DPD och UPS, s\u00e5 du beh\u00f6ver inte oroa dig f\u00f6r ytterligare tullavgifter.<\/p>\n<h2 data-v-md-heading=\"the-reason-why-you-will-like-it\" data-v-md-line=\"42\">Anledningen till att du kommer att gilla det<\/h2>\n<ul data-v-md-line=\"43\">\n<li>H\u00e5llbar och l\u00e5ngvarig: Minska frekvensen av enhetsbyten, vilket g\u00f6r livet enklare.<\/li>\n<li>Typ-C-laddning: N\u00e4r batteriet \u00e4r l\u00e5gt kan du forts\u00e4tta anv\u00e4nda det f\u00f6r att undvika att sl\u00f6sa bort den \u00e5terst\u00e5ende str\u00f6mmen.<\/li>\n<li>Stabilitet i n\u00e4tspiralen: J\u00e4mn smak.<\/li>\n<li>Tre smakkombinationer: Njut av flera smaker utan att beh\u00f6va b\u00e4ra med dig flera vapes.<\/li>\n<\/ul>\n<h2 data-v-md-heading=\"why-choose-to-collaborate-with-agoravape\" data-v-md-line=\"48\">Varf\u00f6r v\u00e4lja att samarbeta med AgoraVape?<\/h2>\n<p data-v-md-line=\"50\">Vi riskerar aldrig \u00e4kthet. AgoraVape erbjuder 100 % \u00e4kta produkter och har p\u00e5litliga k\u00e4llor och support p\u00e5 \u00e5terf\u00f6rs\u00e4ljarniv\u00e5. Om du \u00e4r en f\u00f6retagsk\u00f6pare f\u00e5r du mycket konkurrenskraftiga grossistpriser, p\u00e5litlig lagerhantering och transportl\u00f6sningar speciellt utformade f\u00f6r Europa. Vill du k\u00f6pa Bang Leader 110k 110000 h\u00f6gkapacitets-vapes? Kontakta oss s\u00e5 best\u00e4mmer vi kvantitet, leveranstid och den l\u00e4mpligaste leveransv\u00e4gen f\u00f6r ditt land\/region baserat p\u00e5 dina behov.<\/p>\n<p><script src=\"chrome-extension:\/\/fpelahbljekknahkcaegamhcndkfpfnc\/iFrame.js\" type=\"text\/javascript\"><\/script><\/p>","protected":false},"excerpt":{"rendered":"<p>&nbsp;<\/p>\n<p><script src=\"chrome-extension:\/\/fpelahbljekknahkcaegamhcndkfpfnc\/iFrame.js\" type=\"text\/javascript\"><\/script><\/p>\n<p><script src=\"chrome-extension:\/\/fpelahbljekknahkcaegamhcndkfpfnc\/iFrame.js\" type=\"text\/javascript\"><\/script><\/p>\n<p><script src=\"chrome-extension:\/\/fpelahbljekknahkcaegamhcndkfpfnc\/iFrame.js\" type=\"text\/javascript\"><\/script><\/p>\n<p><script src=\"chrome-extension:\/\/fpelahbljekknahkcaegamhcndkfpfnc\/iFrame.js\" type=\"text\/javascript\"><\/script><\/p>\n<p><script src=\"chrome-extension:\/\/fpelahbljekknahkcaegamhcndkfpfnc\/iFrame.js\" type=\"text\/javascript\"><\/script><\/p>\n<p><script src=\"chrome-extension:\/\/fpelahbljekknahkcaegamhcndkfpfnc\/iFrame.js\" type=\"text\/javascript\"><\/script><\/p>","protected":false},"featured_media":24427,"comment_status":"open","ping_status":"closed","template":"","meta":[],"product_brand":[197],"product_cat":[124,187,185,188,189,123,1674,174,175,193,191,179,173,186,180,190,192],"product_tag":[],"class_list":{"0":"post-24403","1":"product","2":"type-product","3":"status-publish","4":"has-post-thumbnail","6":"product_brand-bang","7":"product_cat-vape-by-brand","8":"product_cat-0mg-nicotine-free-vapes","9":"product_cat-10000-puffs-high-capacity","10":"product_cat-10mg-low-nicotine-vapes","11":"product_cat-20mg-standard-nicotine-vapes","12":"product_cat-bang","13":"product_cat-eu-warehouse","14":"product_cat-fruit-flavors","15":"product_cat-icy-mint","16":"product_cat-mesh-coil","17":"product_cat-rechargeable-disposables","18":"product_cat-unique-blends","19":"product_cat-vape-by-flavor-profile","20":"product_cat-vape-by-nicotine-strength","21":"product_cat-vape-by-puff-count","22":"product_cat-vape-by-feature-or-type","23":"product_cat-vapes-with-screens","25":"first","26":"instock","27":"shipping-taxable","28":"purchasable","29":"product-type-variable","30":"has-default-attributes"},"tiered_pricing_type":"percentage","tiered_pricing_fixed_rules":[],"tiered_pricing_product_settings":{"layout":"default","base_unit_name":{"singular":null,"plural":null},"default_variation":null},"tiered_pricing_minimum_quantity":10,"tiered_pricing_roles_data":[],"tiered_pricing_percentage_rules":{"30":"9","50":"17","100":"23","200":"25","500":"28","1000":"32"},"tiered_pricing_maximum_quantity":null,"tiered_pricing_quantity_step":"10","_links":{"self":[{"href":"https:\/\/agoravape.com\/sv\/wp-json\/wp\/v2\/product\/24403","targetHints":{"allow":["GET"]}}],"collection":[{"href":"https:\/\/agoravape.com\/sv\/wp-json\/wp\/v2\/product"}],"about":[{"href":"https:\/\/agoravape.com\/sv\/wp-json\/wp\/v2\/types\/product"}],"replies":[{"embeddable":true,"href":"https:\/\/agoravape.com\/sv\/wp-json\/wp\/v2\/comments?post=24403"}],"version-history":[{"count":0,"href":"https:\/\/agoravape.com\/sv\/wp-json\/wp\/v2\/product\/24403\/revisions"}],"wp:featuredmedia":[{"embeddable":true,"href":"https:\/\/agoravape.com\/sv\/wp-json\/wp\/v2\/media\/24427"}],"wp:attachment":[{"href":"https:\/\/agoravape.com\/sv\/wp-json\/wp\/v2\/media?parent=24403"}],"wp:term":[{"taxonomy":"product_brand","embeddable":true,"href":"https:\/\/agoravape.com\/sv\/wp-json\/wp\/v2\/product_brand?post=24403"},{"taxonomy":"product_cat","embeddable":true,"href":"https:\/\/agoravape.com\/sv\/wp-json\/wp\/v2\/product_cat?post=24403"},{"taxonomy":"product_tag","embeddable":true,"href":"https:\/\/agoravape.com\/sv\/wp-json\/wp\/v2\/product_tag?post=24403"}],"curies":[{"name":"wp","href":"https:\/\/api.w.org\/{rel}","templated":true}]}}