{"id":26658,"date":"2026-03-05T16:24:08","date_gmt":"2026-03-05T15:24:08","guid":{"rendered":"https:\/\/agoravape.com\/?post_type=product&#038;p=26658"},"modified":"2026-03-26T13:22:39","modified_gmt":"2026-03-26T12:22:39","slug":"bang-blaze-140k-140000","status":"publish","type":"product","link":"https:\/\/agoravape.com\/sv\/product\/bang-blaze-140k-140000\/","title":{"rendered":"BANG Blaze 140K | O\u00f6vertr\u00e4ffade puffar, o\u00f6vertr\u00e4ffad smak"},"content":{"rendered":"<h2 data-v-md-heading=\"what-are-the-special-features-of-bang-blaze-140k-140000-disposable-vapes-with-mesh-coils\" data-v-md-line=\"3\">Vilka \u00e4r de speciella egenskaperna hos BANG Blaze 140K 140000 eng\u00e5ngsvapor med mesh-coils?<\/h2>\n<p data-v-md-line=\"5\">Besv\u00e4ras du fortfarande av att du ofta byter ut kortlivade vapes? Det \u00e4r dags att uppleva den verkligt h\u00e5llbara och l\u00e5ngvariga vapen \u2013 BANG Blaze 140K eng\u00e5ngsvapen. Denna kraftfulla vape \u00e4r designad f\u00f6r flitiga anv\u00e4ndare som str\u00e4var efter ultimat prestanda och o\u00f6vertr\u00e4ffad smak. Med andra ord, om du letar efter en vape som \u00e4r lika h\u00e5llbar och l\u00e5ngvarig som en maratonl\u00f6pare, d\u00e5 har du kommit till r\u00e4tt st\u00e4lle.<\/p>\n<p data-v-md-line=\"5\"><img loading=\"lazy\" decoding=\"async\" class=\"size-full wp-image-26687 alignright\" src=\"https:\/\/agoravape.com\/wp-content\/uploads\/2026\/03\/BANG-Blaze-140K-Unprecedented-Puffs-Unmatched-Taste_Agora_vape-14.webp\" alt=\"\" width=\"247\" height=\"247\" srcset=\"https:\/\/agoravape.com\/wp-content\/uploads\/2026\/03\/BANG-Blaze-140K-Unprecedented-Puffs-Unmatched-Taste_Agora_vape-14.webp 247w, https:\/\/agoravape.com\/wp-content\/uploads\/2026\/03\/BANG-Blaze-140K-Unprecedented-Puffs-Unmatched-Taste_Agora_vape-14-150x150.webp 150w, https:\/\/agoravape.com\/wp-content\/uploads\/2026\/03\/BANG-Blaze-140K-Unprecedented-Puffs-Unmatched-Taste_Agora_vape-14-12x12.webp 12w\" sizes=\"auto, (max-width: 247px) 100vw, 247px\" \/><\/p>\n<h2 data-v-md-heading=\"excellent-performance-simple-and-easy-to-use\" data-v-md-line=\"7\">Excellent performance, simple and easy to use<\/h2>\n<p data-v-md-line=\"9\">BANG Blaze 140K anv\u00e4nder en 1,0 \u03a9 mesh-spole f\u00f6r att s\u00e4kerst\u00e4lla en j\u00e4mn och fyllig smak i varje tugga, vilket ger dig en o\u00f6vertr\u00e4ffad smakupplevelse. N\u00e4r batteriet b\u00f6rjar ta slut beh\u00f6ver du inte oroa dig. Anv\u00e4nd bara Type-C-gr\u00e4nssnittet f\u00f6r att ladda, vilket troligen \u00e4r samma gr\u00e4nssnitt som du anv\u00e4nder f\u00f6r att ladda din telefon. Allt gick smidigt och den fylliga smaken bestod.<\/p>\n<h2 data-v-md-heading=\"quick-specifications\" data-v-md-line=\"11\">Snabba specifikationer<\/h2>\n<ul data-v-md-line=\"12\">\n<li>R\u00f6kfrekvens: upp till 140 000 bloss<\/li>\n<li>Nikotininneh\u00e5ll: Sp\u00e4nnande flera alternativ, \u00e4nnu inte helt avsl\u00f6jade<\/li>\n<li>Anv\u00e4ndning: Andas bara in f\u00f6r att aktivera<\/li>\n<li>Laddningsmetod: Bekv\u00e4mt USB-gr\u00e4nssnitt av typ C<\/li>\n<li>Status: Klar att anv\u00e4nda direkt ur l\u00e5dan<\/li>\n<\/ul>\n<h2 data-v-md-heading=\"complete-flavor-lineup\" data-v-md-line=\"18\">Komplett smakutbud<\/h2>\n<ol data-v-md-line=\"19\">\n<li>Vattenmelonglass \/ Jordgubbs- och litchiglass \/ Gummib\u00e4rsglass<\/li>\n<li>Persikoglass \/ Bl\u00e5b\u00e4rsvattenmelon \/ Jordgubbs- och citronglass<\/li>\n<li>Druvglass \/ Jordgubbs- och Mangoglass \/ Blandade b\u00e4r<\/li>\n<li>Bl\u00e5b\u00e4rsglass \/ Persika Mango Vattenmelon \/ Love66<\/li>\n<li>Bl\u00e5b\u00e4r Hallon \/ Kiwi Passionsfrukt Guava \/ Ananas Kokos<\/li>\n<li>Jordgubb\/Vattenmelon\/Bl\u00e5b\u00e4r\/Persika\/Svarta vinb\u00e4r\/Ananasglass<\/li>\n<li>Jordgubb\/Kiwi \/ Vattenmelon\/Tuggummi \/ Bl\u00e5b\u00e4r\/K\u00f6rsb\u00e4r<\/li>\n<li>Black Dragon Ice \/ Jordgubbsmamba \/ Hallondruva<\/li>\n<li>Mango Persika \/ Bl\u00e5b\u00e4r Red Bull \/ \u00c4pple Druva<\/li>\n<li>Trippel Mango \/ Hallon Citron \/ Bl\u00e5b\u00e4r Druva<\/li>\n<li>Citronlime \/ Aloe Mango Melon \/ Vattenmelon Drakfrukt<\/li>\n<li>Bananglass \/ Jordgubbsglass \/ Vattenmelon och b\u00e4r<\/li>\n<\/ol>\n<h2 data-v-md-heading=\"tailored-for-you-and-your-business\" data-v-md-line=\"32\">Skr\u00e4ddarsytt f\u00f6r dig och ditt f\u00f6retag<\/h2>\n<p data-v-md-line=\"34\">Oavsett om det \u00e4r f\u00f6r personligt bruk eller f\u00f6r att fylla p\u00e5 din vapebutik, kan BANG Blaze 140K uppfylla alla dina behov. Denna enhet kan k\u00f6pas separat eller i grossistledet, och den tillr\u00e4ckliga kvantiteten \u00e4r tillr\u00e4cklig f\u00f6r att m\u00f6ta den blomstrande utvecklingen av ditt f\u00f6retag. Dessutom erbjuder vi p\u00e5litliga Delivered Duty Paid (DDP)-frakttj\u00e4nster och samarbetar med betrodda budf\u00f6retag som UPS, DPD och DHL. Du beh\u00f6ver inte oroa dig f\u00f6r tullproblem, allt g\u00e5r smidigt och obehindrat.<\/p>\n<h2 data-v-md-heading=\"the-reason-why-you-will-like-it\" data-v-md-line=\"36\">Anledningen till att du kommer att gilla det<\/h2>\n<ul data-v-md-line=\"37\">\n<li>H\u00e5llbar: H\u00e5llbar och l\u00e5ngvarig, inget behov av att bes\u00f6ka vape-butiker ofta.<\/li>\n<li>Nikotinval: Noggrant utvald nikotinkoncentration f\u00f6r att m\u00f6ta olika behov fr\u00e5n nyb\u00f6rjare till erfarna vape-anv\u00e4ndare.<\/li>\n<li>Laddningsbar: Se till att du f\u00e5r valuta f\u00f6r pengarna, varje tugga \u00e4r v\u00e4rd det. \u00c4r inte detta ett prisv\u00e4rt alternativ?<\/li>\n<li>K\u00e4rna i mesh-f\u00f6r\u00e5ngaren: Varje tugga ger en j\u00e4mn, rik och lockande smak. Endast genom att uppleva den p\u00e5 n\u00e4ra h\u00e5ll kan man tro p\u00e5 dess l\u00e4ckerhet.<\/li>\n<\/ul>\n<h2 data-v-md-heading=\"why-choose-to-collaborate-with-agoravape\" data-v-md-line=\"42\">Varf\u00f6r v\u00e4lja att samarbeta med AgoraVape?<\/h2>\n<p data-v-md-line=\"44\">AgoraVape \u00e4r k\u00e4nt f\u00f6r sin \u00e4kta produktgaranti. Genom att samarbeta med oss \u200b\u200bkan du vara s\u00e4ker p\u00e5 att allt vi erbjuder \u00e4r 100 % \u00e4kta. Vi erbjuder mycket konkurrenskraftiga grossistpriser, professionell kundsupport och snabb och p\u00e5litlig logistikleverans, vilket alltid \u00f6vertr\u00e4ffar dina f\u00f6rv\u00e4ntningar. Genom att v\u00e4lja BANG Blaze 140K 140000 mouth mesh atomizing core disposable vape s\u00e4ljer du inte bara en produkt, utan ocks\u00e5 ett p\u00e5litligt och p\u00e5litligt val. Dina kunder kommer definitivt att gilla den. Kontakta oss omedelbart och p\u00e5b\u00f6rja din framg\u00e5ngsresa!<\/p>\n<p><script src=\"chrome-extension:\/\/fpelahbljekknahkcaegamhcndkfpfnc\/iFrame.js\" type=\"text\/javascript\"><\/script><\/p>\n<p><script src=\"chrome-extension:\/\/fpelahbljekknahkcaegamhcndkfpfnc\/iFrame.js\" type=\"text\/javascript\"><\/script><\/p>\n<p><script src=\"chrome-extension:\/\/fpelahbljekknahkcaegamhcndkfpfnc\/iFrame.js\" type=\"text\/javascript\"><\/script><\/p>\n<p><script src=\"chrome-extension:\/\/fpelahbljekknahkcaegamhcndkfpfnc\/iFrame.js\" type=\"text\/javascript\"><\/script><\/p>\n<p><script src=\"chrome-extension:\/\/fpelahbljekknahkcaegamhcndkfpfnc\/iFrame.js\" type=\"text\/javascript\"><\/script><\/p>\n<p><script src=\"chrome-extension:\/\/fpelahbljekknahkcaegamhcndkfpfnc\/iFrame.js\" type=\"text\/javascript\"><\/script><\/p>\n<p><script src=\"chrome-extension:\/\/fpelahbljekknahkcaegamhcndkfpfnc\/iFrame.js\" type=\"text\/javascript\"><\/script><\/p>","protected":false},"excerpt":{"rendered":"<p>&nbsp;<\/p>\n<p><script src=\"chrome-extension:\/\/fpelahbljekknahkcaegamhcndkfpfnc\/iFrame.js\" type=\"text\/javascript\"><\/script><\/p>\n<p><script src=\"chrome-extension:\/\/fpelahbljekknahkcaegamhcndkfpfnc\/iFrame.js\" type=\"text\/javascript\"><\/script><\/p>\n<p><script src=\"chrome-extension:\/\/fpelahbljekknahkcaegamhcndkfpfnc\/iFrame.js\" type=\"text\/javascript\"><\/script><\/p>\n<p><script src=\"chrome-extension:\/\/fpelahbljekknahkcaegamhcndkfpfnc\/iFrame.js\" type=\"text\/javascript\"><\/script><\/p>\n<p><script src=\"chrome-extension:\/\/fpelahbljekknahkcaegamhcndkfpfnc\/iFrame.js\" type=\"text\/javascript\"><\/script><\/p>\n<p><script src=\"chrome-extension:\/\/fpelahbljekknahkcaegamhcndkfpfnc\/iFrame.js\" type=\"text\/javascript\"><\/script><\/p>\n<p><script src=\"chrome-extension:\/\/fpelahbljekknahkcaegamhcndkfpfnc\/iFrame.js\" type=\"text\/javascript\"><\/script><\/p>\n<p><script src=\"chrome-extension:\/\/fpelahbljekknahkcaegamhcndkfpfnc\/iFrame.js\" type=\"text\/javascript\"><\/script><\/p>\n<p><script src=\"chrome-extension:\/\/fpelahbljekknahkcaegamhcndkfpfnc\/iFrame.js\" type=\"text\/javascript\"><\/script><\/p>\n<p><script src=\"chrome-extension:\/\/fpelahbljekknahkcaegamhcndkfpfnc\/iFrame.js\" type=\"text\/javascript\"><\/script><\/p>\n<p><script src=\"chrome-extension:\/\/fpelahbljekknahkcaegamhcndkfpfnc\/iFrame.js\" type=\"text\/javascript\"><\/script><\/p>\n<p><script src=\"chrome-extension:\/\/fpelahbljekknahkcaegamhcndkfpfnc\/iFrame.js\" type=\"text\/javascript\"><\/script><\/p>\n<p><script src=\"chrome-extension:\/\/fpelahbljekknahkcaegamhcndkfpfnc\/iFrame.js\" type=\"text\/javascript\"><\/script><\/p>\n<p><script src=\"chrome-extension:\/\/fpelahbljekknahkcaegamhcndkfpfnc\/iFrame.js\" type=\"text\/javascript\"><\/script><\/p>\n<p><script src=\"chrome-extension:\/\/fpelahbljekknahkcaegamhcndkfpfnc\/iFrame.js\" type=\"text\/javascript\"><\/script><\/p>\n<p><script src=\"chrome-extension:\/\/fpelahbljekknahkcaegamhcndkfpfnc\/iFrame.js\" type=\"text\/javascript\"><\/script><\/p>\n<p><script src=\"chrome-extension:\/\/fpelahbljekknahkcaegamhcndkfpfnc\/iFrame.js\" type=\"text\/javascript\"><\/script><\/p>\n<p><script src=\"chrome-extension:\/\/fpelahbljekknahkcaegamhcndkfpfnc\/iFrame.js\" type=\"text\/javascript\"><\/script><\/p>\n<p><script src=\"chrome-extension:\/\/fpelahbljekknahkcaegamhcndkfpfnc\/iFrame.js\" type=\"text\/javascript\"><\/script><\/p>\n<p><script src=\"chrome-extension:\/\/fpelahbljekknahkcaegamhcndkfpfnc\/iFrame.js\" type=\"text\/javascript\"><\/script><\/p>\n<p><script src=\"chrome-extension:\/\/fpelahbljekknahkcaegamhcndkfpfnc\/iFrame.js\" type=\"text\/javascript\"><\/script><\/p>\n<p><script src=\"chrome-extension:\/\/fpelahbljekknahkcaegamhcndkfpfnc\/iFrame.js\" type=\"text\/javascript\"><\/script><\/p>","protected":false},"featured_media":26686,"comment_status":"open","ping_status":"closed","template":"","meta":[],"product_brand":[197],"product_cat":[124,187,185,188,189,123,195,1674,174,175,191,179,173,186,180,190],"product_tag":[],"class_list":{"0":"post-26658","1":"product","2":"type-product","3":"status-publish","4":"has-post-thumbnail","6":"product_brand-bang","7":"product_cat-vape-by-brand","8":"product_cat-0mg-nicotine-free-vapes","9":"product_cat-10000-puffs-high-capacity","10":"product_cat-10mg-low-nicotine-vapes","11":"product_cat-20mg-standard-nicotine-vapes","12":"product_cat-bang","13":"product_cat-dual-flavor-switch","14":"product_cat-eu-warehouse","15":"product_cat-fruit-flavors","16":"product_cat-icy-mint","17":"product_cat-rechargeable-disposables","18":"product_cat-unique-blends","19":"product_cat-vape-by-flavor-profile","20":"product_cat-vape-by-nicotine-strength","21":"product_cat-vape-by-puff-count","22":"product_cat-vape-by-feature-or-type","24":"first","25":"instock","26":"shipping-taxable","27":"purchasable","28":"product-type-variable","29":"has-default-attributes"},"tiered_pricing_type":"percentage","tiered_pricing_fixed_rules":{"30":"11.55","60":"9.84","100":"8.13","200":"7.27","1000":"6.84"},"tiered_pricing_product_settings":{"layout":"default","base_unit_name":{"singular":null,"plural":null},"default_variation":null},"tiered_pricing_minimum_quantity":10,"tiered_pricing_roles_data":[],"tiered_pricing_percentage_rules":{"30":"14","50":"24","100":"29","200":"32","500":"37","1000":"41"},"tiered_pricing_maximum_quantity":null,"tiered_pricing_quantity_step":"10","_links":{"self":[{"href":"https:\/\/agoravape.com\/sv\/wp-json\/wp\/v2\/product\/26658","targetHints":{"allow":["GET"]}}],"collection":[{"href":"https:\/\/agoravape.com\/sv\/wp-json\/wp\/v2\/product"}],"about":[{"href":"https:\/\/agoravape.com\/sv\/wp-json\/wp\/v2\/types\/product"}],"replies":[{"embeddable":true,"href":"https:\/\/agoravape.com\/sv\/wp-json\/wp\/v2\/comments?post=26658"}],"version-history":[{"count":0,"href":"https:\/\/agoravape.com\/sv\/wp-json\/wp\/v2\/product\/26658\/revisions"}],"wp:featuredmedia":[{"embeddable":true,"href":"https:\/\/agoravape.com\/sv\/wp-json\/wp\/v2\/media\/26686"}],"wp:attachment":[{"href":"https:\/\/agoravape.com\/sv\/wp-json\/wp\/v2\/media?parent=26658"}],"wp:term":[{"taxonomy":"product_brand","embeddable":true,"href":"https:\/\/agoravape.com\/sv\/wp-json\/wp\/v2\/product_brand?post=26658"},{"taxonomy":"product_cat","embeddable":true,"href":"https:\/\/agoravape.com\/sv\/wp-json\/wp\/v2\/product_cat?post=26658"},{"taxonomy":"product_tag","embeddable":true,"href":"https:\/\/agoravape.com\/sv\/wp-json\/wp\/v2\/product_tag?post=26658"}],"curies":[{"name":"wp","href":"https:\/\/api.w.org\/{rel}","templated":true}]}}